{"id":5765,"date":"2021-07-13T12:56:51","date_gmt":"2021-07-13T09:56:51","guid":{"rendered":"https:\/\/portaltest.atauni.edu.tr\/bilgisayar-muhendisligi\/?page_id=5765"},"modified":"2024-12-24T10:11:38","modified_gmt":"2024-12-24T07:11:38","slug":"anabilim-dallari","status":"publish","type":"page","link":"https:\/\/atauni.edu.tr\/cevre-muhendisligi\/anabilim-dallari\/","title":{"rendered":"Anabilim Dallar\u0131"},"content":{"rendered":"\t\t<div data-elementor-type=\"wp-page\" data-elementor-id=\"5765\" class=\"elementor elementor-5765\" data-elementor-post-type=\"page\">\n\t\t\t\t\t\t<section class=\"elementor-section elementor-top-section elementor-element elementor-element-9be811a elementor-section-boxed elementor-section-height-default elementor-section-height-default\" data-id=\"9be811a\" data-element_type=\"section\">\n\t\t\t\t\t\t<div class=\"elementor-container elementor-column-gap-default\">\n\t\t\t\t\t<div class=\"elementor-column elementor-col-100 elementor-top-column elementor-element elementor-element-1ed847b7\" data-id=\"1ed847b7\" data-element_type=\"column\">\n\t\t\t<div class=\"elementor-widget-wrap elementor-element-populated\">\n\t\t\t\t\t\t<div class=\"elementor-element elementor-element-4ce0d07f elementor-widget elementor-widget-heading\" data-id=\"4ce0d07f\" data-element_type=\"widget\" data-widget_type=\"heading.default\">\n\t\t\t\t<div class=\"elementor-widget-container\">\n\t\t\t\t\t<h2 class=\"elementor-heading-title elementor-size-default\">Anabilim Dallar\u0131<\/h2>\t\t\t\t<\/div>\n\t\t\t\t<\/div>\n\t\t\t\t<div class=\"elementor-element elementor-element-63260862 elementor-widget-divider--view-line elementor-widget elementor-widget-divider\" data-id=\"63260862\" data-element_type=\"widget\" data-widget_type=\"divider.default\">\n\t\t\t\t<div class=\"elementor-widget-container\">\n\t\t\t\t\t\t\t<div class=\"elementor-divider\">\n\t\t\t<span class=\"elementor-divider-separator\">\n\t\t\t\t\t\t<\/span>\n\t\t<\/div>\n\t\t\t\t\t\t<\/div>\n\t\t\t\t<\/div>\n\t\t\t\t\t<\/div>\n\t\t<\/div>\n\t\t\t\t\t<\/div>\n\t\t<\/section>\n\t\t\t\t<section class=\"elementor-section elementor-top-section elementor-element elementor-element-745505a elementor-section-boxed elementor-section-height-default elementor-section-height-default\" data-id=\"745505a\" data-element_type=\"section\">\n\t\t\t\t\t\t<div class=\"elementor-container elementor-column-gap-default\">\n\t\t\t\t\t<div class=\"elementor-column elementor-col-100 elementor-top-column elementor-element elementor-element-70d8375\" data-id=\"70d8375\" data-element_type=\"column\">\n\t\t\t<div class=\"elementor-widget-wrap elementor-element-populated\">\n\t\t\t\t\t\t\t<\/div>\n\t\t<\/div>\n\t\t\t\t\t<\/div>\n\t\t<\/section>\n\t\t\t\t<section class=\"elementor-section elementor-top-section elementor-element elementor-element-3a6a414 elementor-section-boxed elementor-section-height-default elementor-section-height-default\" data-id=\"3a6a414\" data-element_type=\"section\">\n\t\t\t\t\t\t<div class=\"elementor-container elementor-column-gap-default\">\n\t\t\t\t\t<div class=\"elementor-column elementor-col-100 elementor-top-column elementor-element elementor-element-1e87c9d\" data-id=\"1e87c9d\" data-element_type=\"column\">\n\t\t\t<div class=\"elementor-widget-wrap elementor-element-populated\">\n\t\t\t\t\t\t<div class=\"elementor-element elementor-element-8f1ef1f elementor-widget elementor-widget-accordion\" data-id=\"8f1ef1f\" data-element_type=\"widget\" data-widget_type=\"accordion.default\">\n\t\t\t\t<div class=\"elementor-widget-container\">\n\t\t\t\t\t\t\t<div class=\"elementor-accordion\">\n\t\t\t\t\t\t\t<div class=\"elementor-accordion-item\">\n\t\t\t\t\t<div id=\"elementor-tab-title-1501\" class=\"elementor-tab-title\" data-tab=\"1\" role=\"button\" aria-controls=\"elementor-tab-content-1501\" aria-expanded=\"false\">\n\t\t\t\t\t\t\t\t\t\t\t\t\t<span class=\"elementor-accordion-icon elementor-accordion-icon-left\" aria-hidden=\"true\">\n\t\t\t\t\t\t\t\t\t\t\t\t\t\t\t<span class=\"elementor-accordion-icon-closed\"><i class=\"fas fa-plus\"><\/i><\/span>\n\t\t\t\t\t\t\t\t<span class=\"elementor-accordion-icon-opened\"><i class=\"fas fa-minus\"><\/i><\/span>\n\t\t\t\t\t\t\t\t\t\t\t\t\t\t<\/span>\n\t\t\t\t\t\t\t\t\t\t\t\t<a class=\"elementor-accordion-title\" tabindex=\"0\">\u00c7evre Teknolojileri<\/a>\n\t\t\t\t\t<\/div>\n\t\t\t\t\t<div id=\"elementor-tab-content-1501\" class=\"elementor-tab-content elementor-clearfix\" data-tab=\"1\" role=\"region\" aria-labelledby=\"elementor-tab-title-1501\"><ul><li><a href=\"https:\/\/avesis.atauni.edu.tr\/aerdemy\">Prof. Dr. Alper Erdem YILMAZ<\/a><\/li><li><a href=\"https:\/\/avesis.atauni.edu.tr\/anuhoglu\">Prof. Dr. Alper NUHO\u011eLU<\/a><\/li><li><a href=\"https:\/\/avesis.atauni.edu.tr\/eoguz\">Prof. Dr. Ensar O\u011eUZ<\/a><\/li><li><a href=\"https:\/\/avesis.atauni.edu.tr\/kocadagistan\">Prof. Dr. Erdem KOCADA\u011eISTAN<\/a><\/li><li><a href=\"https:\/\/avesis.atauni.edu.tr\/eyildiz\">Prof. Dr. Erg\u00fcn YILDIZ<\/a><\/li><li><a href=\"https:\/\/avesis.atauni.edu.tr\/facar\">Prof. Dr. Filiz Nuran ACAR<\/a><\/li><li><a href=\"https:\/\/avesis.atauni.edu.tr\/mtyilmaz\">Prof. Dr. Murat Tolga YILMAZ<\/a><\/li><li><a href=\"https:\/\/avesis.atauni.edu.tr\/okan.komesli\">Prof. Dr. Okan Tar\u0131k KOMESL\u0130<\/a><\/li><li><a href=\"https:\/\/avesis.atauni.edu.tr\/zeren\">Prof. Dr. Zeynep EREN<\/a><\/li><li><a href=\"https:\/\/avesis.atauni.edu.tr\/sbayar\">Do\u00e7. Dr. Serkan BAYAR<\/a><\/li><li>Do\u00e7.\u00a0<a href=\"https:\/\/avesis.atauni.edu.tr\/fyapar\">Dr. Fatma EKMEKYAPAR TORUN<\/a><\/li><li><a href=\"https:\/\/avesis.atauni.edu.tr\/ilker.acar\">Dr. \u00d6\u011fr. \u00dcyesi \u0130lker ACAR<\/a><\/li><li><a style=\"color: #0056b3;border: none;background-color: #ffffff !important\" href=\"https:\/\/avesis.atauni.edu.tr\/ilker.acar\">Dr. \u00d6\u011fr. \u00dcyesi\u00a0<\/a><a href=\"https:\/\/avesis.atauni.edu.tr\/kzeynep\">Zeynep KARCIO\u011eLU KARAKA\u015e<\/a><\/li><\/ul><\/div>\n\t\t\t\t<\/div>\n\t\t\t\t\t\t\t<div class=\"elementor-accordion-item\">\n\t\t\t\t\t<div id=\"elementor-tab-title-1502\" class=\"elementor-tab-title\" data-tab=\"2\" role=\"button\" aria-controls=\"elementor-tab-content-1502\" aria-expanded=\"false\">\n\t\t\t\t\t\t\t\t\t\t\t\t\t<span class=\"elementor-accordion-icon elementor-accordion-icon-left\" aria-hidden=\"true\">\n\t\t\t\t\t\t\t\t\t\t\t\t\t\t\t<span class=\"elementor-accordion-icon-closed\"><i class=\"fas fa-plus\"><\/i><\/span>\n\t\t\t\t\t\t\t\t<span class=\"elementor-accordion-icon-opened\"><i class=\"fas fa-minus\"><\/i><\/span>\n\t\t\t\t\t\t\t\t\t\t\t\t\t\t<\/span>\n\t\t\t\t\t\t\t\t\t\t\t\t<a class=\"elementor-accordion-title\" tabindex=\"0\">\u00c7evre Bilimleri<\/a>\n\t\t\t\t\t<\/div>\n\t\t\t\t\t<div id=\"elementor-tab-content-1502\" class=\"elementor-tab-content elementor-clearfix\" data-tab=\"2\" role=\"region\" aria-labelledby=\"elementor-tab-title-1502\"><ul>\n<li><a href=\"https:\/\/avesis.atauni.edu.tr\/hanefib\">Prof.Dr. Hanefi BAYRAKTAR<\/a><\/li>\n<li><a href=\"https:\/\/avesis.atauni.edu.tr\/ybayhan\">Prof. Dr. Yal\u00e7\u0131n Kemal BAYHAN<\/a><\/li>\n<li><a href=\"https:\/\/avesis.atauni.edu.tr\/zceylan\">Prof. Dr. Zeynep CEYLAN<\/a><\/li>\n<li><a href=\"https:\/\/avesis.atauni.edu.tr\/beyhank\">Prof. Dr. Beyhan KOCADA\u011eISTAN<\/a><\/li>\n<li><a href=\"https:\/\/avesis.atauni.edu.tr\/sirdemez\">Do\u00e7. Dr. \u015eahset \u0130RDEMEZ<\/a><\/li>\n<li><a href=\"https:\/\/avesis.atauni.edu.tr\/tugbabilici\">Ar\u015f. G\u00f6r. Dr. Tu\u011fba B\u0130L\u0130C\u0130<\/a><\/li>\n<li><a href=\"https:\/\/avesis.atauni.edu.tr\/tugbabilici\">Ar\u015f. G\u00f6r. Dr. Atila <\/a><a href=\"https:\/\/avesis.atauni.edu.tr\/tugbabilici\">TA\u015eDEM\u0130R<\/a><\/li>\n<\/ul><\/div>\n\t\t\t\t<\/div>\n\t\t\t\t\t\t\t\t<\/div>\n\t\t\t\t\t\t<\/div>\n\t\t\t\t<\/div>\n\t\t\t\t\t<\/div>\n\t\t<\/div>\n\t\t\t\t\t<\/div>\n\t\t<\/section>\n\t\t\t\t<\/div>\n\t\t","protected":false},"excerpt":{"rendered":"<p>Anabilim Dallar\u0131 \u00c7evre Teknolojileri Prof. Dr. Alper Erdem YILMAZ Prof. Dr. Alper NUHO\u011eLU Prof. Dr. Ensar O\u011eUZ Prof. Dr. Erdem KOCADA\u011eISTAN Prof. Dr. Erg\u00fcn YILDIZ Prof. Dr. Filiz Nuran ACAR Prof. Dr. Murat Tolga YILMAZ Prof. Dr. Okan Tar\u0131k KOMESL\u0130 Prof. Dr. Zeynep EREN Do\u00e7. Dr. Serkan BAYAR Do\u00e7.\u00a0Dr. Fatma EKMEKYAPAR TORUN Dr. \u00d6\u011fr. \u00dcyesi [&hellip;]<\/p>\n","protected":false},"author":1,"featured_media":0,"parent":0,"menu_order":0,"comment_status":"closed","ping_status":"closed","template":"elementor_header_footer","meta":{"footnotes":""},"class_list":["post-5765","page","type-page","status-publish","hentry"],"_links":{"self":[{"href":"https:\/\/atauni.edu.tr\/cevre-muhendisligi\/wp-json\/wp\/v2\/pages\/5765","targetHints":{"allow":["GET"]}}],"collection":[{"href":"https:\/\/atauni.edu.tr\/cevre-muhendisligi\/wp-json\/wp\/v2\/pages"}],"about":[{"href":"https:\/\/atauni.edu.tr\/cevre-muhendisligi\/wp-json\/wp\/v2\/types\/page"}],"author":[{"embeddable":true,"href":"https:\/\/atauni.edu.tr\/cevre-muhendisligi\/wp-json\/wp\/v2\/users\/1"}],"replies":[{"embeddable":true,"href":"https:\/\/atauni.edu.tr\/cevre-muhendisligi\/wp-json\/wp\/v2\/comments?post=5765"}],"version-history":[{"count":35,"href":"https:\/\/atauni.edu.tr\/cevre-muhendisligi\/wp-json\/wp\/v2\/pages\/5765\/revisions"}],"predecessor-version":[{"id":7357,"href":"https:\/\/atauni.edu.tr\/cevre-muhendisligi\/wp-json\/wp\/v2\/pages\/5765\/revisions\/7357"}],"wp:attachment":[{"href":"https:\/\/atauni.edu.tr\/cevre-muhendisligi\/wp-json\/wp\/v2\/media?parent=5765"}],"curies":[{"name":"wp","href":"https:\/\/api.w.org\/{rel}","templated":true}]}}