{"id":6558,"date":"2021-12-16T19:02:07","date_gmt":"2021-12-16T16:02:07","guid":{"rendered":"https:\/\/birimler.atauni.edu.tr\/cevre-muhendisligi\/?page_id=6558"},"modified":"2021-12-16T22:38:24","modified_gmt":"2021-12-16T19:38:24","slug":"cevre-kulubu","status":"publish","type":"page","link":"https:\/\/atauni.edu.tr\/cevre-muhendisligi\/bolum-tanitimi\/cevre-kulubu\/","title":{"rendered":"\u00c7evre Kul\u00fcb\u00fc"},"content":{"rendered":"\t\t<div data-elementor-type=\"wp-page\" data-elementor-id=\"6558\" class=\"elementor elementor-6558\" data-elementor-post-type=\"page\">\n\t\t\t\t\t\t<section class=\"elementor-section elementor-top-section elementor-element elementor-element-730d320 elementor-section-boxed elementor-section-height-default elementor-section-height-default\" data-id=\"730d320\" data-element_type=\"section\">\n\t\t\t\t\t\t<div class=\"elementor-container elementor-column-gap-default\">\n\t\t\t\t\t<div class=\"elementor-column elementor-col-100 elementor-top-column elementor-element elementor-element-753d0860\" data-id=\"753d0860\" data-element_type=\"column\">\n\t\t\t<div class=\"elementor-widget-wrap\">\n\t\t\t\t\t\t\t<\/div>\n\t\t<\/div>\n\t\t\t\t\t<\/div>\n\t\t<\/section>\n\t\t\t\t<section class=\"elementor-section elementor-top-section elementor-element elementor-element-9be811a elementor-section-boxed elementor-section-height-default elementor-section-height-default\" data-id=\"9be811a\" data-element_type=\"section\">\n\t\t\t\t\t\t<div class=\"elementor-container elementor-column-gap-default\">\n\t\t\t\t\t<div class=\"elementor-column elementor-col-100 elementor-top-column elementor-element elementor-element-1ed847b7\" data-id=\"1ed847b7\" data-element_type=\"column\">\n\t\t\t<div class=\"elementor-widget-wrap elementor-element-populated\">\n\t\t\t\t\t\t<div class=\"elementor-element elementor-element-4ce0d07f elementor-widget elementor-widget-heading\" data-id=\"4ce0d07f\" data-element_type=\"widget\" data-widget_type=\"heading.default\">\n\t\t\t\t<div class=\"elementor-widget-container\">\n\t\t\t\t\t<h2 class=\"elementor-heading-title elementor-size-default\">\u00c7evre Kul\u00fcb\u00fc<\/h2>\t\t\t\t<\/div>\n\t\t\t\t<\/div>\n\t\t\t\t<div class=\"elementor-element elementor-element-63260862 elementor-widget-divider--view-line elementor-widget elementor-widget-divider\" data-id=\"63260862\" data-element_type=\"widget\" data-widget_type=\"divider.default\">\n\t\t\t\t<div class=\"elementor-widget-container\">\n\t\t\t\t\t\t\t<div class=\"elementor-divider\">\n\t\t\t<span class=\"elementor-divider-separator\">\n\t\t\t\t\t\t<\/span>\n\t\t<\/div>\n\t\t\t\t\t\t<\/div>\n\t\t\t\t<\/div>\n\t\t\t\t\t<\/div>\n\t\t<\/div>\n\t\t\t\t\t<\/div>\n\t\t<\/section>\n\t\t\t\t<section class=\"elementor-section elementor-top-section elementor-element elementor-element-fb5823c elementor-section-boxed elementor-section-height-default elementor-section-height-default\" data-id=\"fb5823c\" data-element_type=\"section\">\n\t\t\t\t\t\t<div class=\"elementor-container elementor-column-gap-default\">\n\t\t\t\t\t<div class=\"elementor-column elementor-col-100 elementor-top-column elementor-element elementor-element-7291bb7\" data-id=\"7291bb7\" data-element_type=\"column\">\n\t\t\t<div class=\"elementor-widget-wrap elementor-element-populated\">\n\t\t\t\t\t\t<div class=\"elementor-element elementor-element-751145f elementor-widget elementor-widget-text-editor\" data-id=\"751145f\" data-element_type=\"widget\" data-widget_type=\"text-editor.default\">\n\t\t\t\t<div class=\"elementor-widget-container\">\n\t\t\t\t\t\t\t\t\t<p>\u00c7evre Kul\u00fcb\u00fcm\u00fcz\u00fcn de destekleriyle teknik gezi &#8211; toplum bilin\u00e7lendirme &#8211; fidan dikimi gibi \u00e7e\u015fitli faaliyetler ger\u00e7ekle\u015ftirilmi\u015ftir.\u00a0<\/p>\t\t\t\t\t\t\t\t<\/div>\n\t\t\t\t<\/div>\n\t\t\t\t\t<\/div>\n\t\t<\/div>\n\t\t\t\t\t<\/div>\n\t\t<\/section>\n\t\t\t\t<section class=\"elementor-section elementor-top-section elementor-element elementor-element-274a700 elementor-section-boxed elementor-section-height-default elementor-section-height-default\" data-id=\"274a700\" data-element_type=\"section\">\n\t\t\t\t\t\t<div class=\"elementor-container elementor-column-gap-default\">\n\t\t\t\t\t<div class=\"elementor-column elementor-col-100 elementor-top-column elementor-element elementor-element-ad97599\" data-id=\"ad97599\" data-element_type=\"column\">\n\t\t\t<div class=\"elementor-widget-wrap elementor-element-populated\">\n\t\t\t\t\t\t<div class=\"elementor-element elementor-element-f0ecaef elementor-widget elementor-widget-image\" data-id=\"f0ecaef\" data-element_type=\"widget\" data-widget_type=\"image.default\">\n\t\t\t\t<div class=\"elementor-widget-container\">\n\t\t\t\t\t\t\t\t\t\t\t\t\t\t\t<img fetchpriority=\"high\" decoding=\"async\" width=\"1007\" height=\"1024\" src=\"https:\/\/atauni.edu.tr\/cevre-muhendisligi\/wp-content\/uploads\/sites\/97\/2021\/12\/IMG_5899-1007x1024.jpeg\" class=\"attachment-large size-large wp-image-6683\" alt=\"\" srcset=\"https:\/\/atauni.edu.tr\/cevre-muhendisligi\/wp-content\/uploads\/sites\/97\/2021\/12\/IMG_5899-1007x1024.jpeg 1007w, https:\/\/atauni.edu.tr\/cevre-muhendisligi\/wp-content\/uploads\/sites\/97\/2021\/12\/IMG_5899-295x300.jpeg 295w, https:\/\/atauni.edu.tr\/cevre-muhendisligi\/wp-content\/uploads\/sites\/97\/2021\/12\/IMG_5899-768x781.jpeg 768w, https:\/\/atauni.edu.tr\/cevre-muhendisligi\/wp-content\/uploads\/sites\/97\/2021\/12\/IMG_5899-590x600.jpeg 590w, https:\/\/atauni.edu.tr\/cevre-muhendisligi\/wp-content\/uploads\/sites\/97\/2021\/12\/IMG_5899-551x560.jpeg 551w, https:\/\/atauni.edu.tr\/cevre-muhendisligi\/wp-content\/uploads\/sites\/97\/2021\/12\/IMG_5899.jpeg 1216w\" sizes=\"(max-width: 1007px) 100vw, 1007px\" \/>\t\t\t\t\t\t\t\t\t\t\t\t\t\t\t<\/div>\n\t\t\t\t<\/div>\n\t\t\t\t\t<\/div>\n\t\t<\/div>\n\t\t\t\t\t<\/div>\n\t\t<\/section>\n\t\t\t\t<\/div>\n\t\t","protected":false},"excerpt":{"rendered":"<p>\u00c7evre Kul\u00fcb\u00fc \u00c7evre Kul\u00fcb\u00fcm\u00fcz\u00fcn de destekleriyle teknik gezi &#8211; toplum bilin\u00e7lendirme &#8211; fidan dikimi gibi \u00e7e\u015fitli faaliyetler ger\u00e7ekle\u015ftirilmi\u015ftir.\u00a0<\/p>\n","protected":false},"author":86,"featured_media":0,"parent":5728,"menu_order":0,"comment_status":"closed","ping_status":"closed","template":"elementor_header_footer","meta":{"footnotes":""},"class_list":["post-6558","page","type-page","status-publish","hentry"],"_links":{"self":[{"href":"https:\/\/atauni.edu.tr\/cevre-muhendisligi\/wp-json\/wp\/v2\/pages\/6558","targetHints":{"allow":["GET"]}}],"collection":[{"href":"https:\/\/atauni.edu.tr\/cevre-muhendisligi\/wp-json\/wp\/v2\/pages"}],"about":[{"href":"https:\/\/atauni.edu.tr\/cevre-muhendisligi\/wp-json\/wp\/v2\/types\/page"}],"author":[{"embeddable":true,"href":"https:\/\/atauni.edu.tr\/cevre-muhendisligi\/wp-json\/wp\/v2\/users\/86"}],"replies":[{"embeddable":true,"href":"https:\/\/atauni.edu.tr\/cevre-muhendisligi\/wp-json\/wp\/v2\/comments?post=6558"}],"version-history":[{"count":13,"href":"https:\/\/atauni.edu.tr\/cevre-muhendisligi\/wp-json\/wp\/v2\/pages\/6558\/revisions"}],"predecessor-version":[{"id":6695,"href":"https:\/\/atauni.edu.tr\/cevre-muhendisligi\/wp-json\/wp\/v2\/pages\/6558\/revisions\/6695"}],"up":[{"embeddable":true,"href":"https:\/\/atauni.edu.tr\/cevre-muhendisligi\/wp-json\/wp\/v2\/pages\/5728"}],"wp:attachment":[{"href":"https:\/\/atauni.edu.tr\/cevre-muhendisligi\/wp-json\/wp\/v2\/media?parent=6558"}],"curies":[{"name":"wp","href":"https:\/\/api.w.org\/{rel}","templated":true}]}}