{"id":6560,"date":"2021-12-16T19:02:32","date_gmt":"2021-12-16T16:02:32","guid":{"rendered":"https:\/\/birimler.atauni.edu.tr\/cevre-muhendisligi\/?page_id=6560"},"modified":"2021-12-16T21:03:29","modified_gmt":"2021-12-16T18:03:29","slug":"diger-ogrenci-kulupleri","status":"publish","type":"page","link":"https:\/\/atauni.edu.tr\/cevre-muhendisligi\/bolum-tanitimi\/diger-ogrenci-kulupleri\/","title":{"rendered":"Di\u011fer \u00d6\u011frenci Kul\u00fcpleri"},"content":{"rendered":"\t\t<div data-elementor-type=\"wp-page\" data-elementor-id=\"6560\" class=\"elementor elementor-6560\" data-elementor-post-type=\"page\">\n\t\t\t\t\t\t<section class=\"elementor-section elementor-top-section elementor-element elementor-element-730d320 elementor-section-boxed elementor-section-height-default elementor-section-height-default\" data-id=\"730d320\" data-element_type=\"section\">\n\t\t\t\t\t\t<div class=\"elementor-container elementor-column-gap-default\">\n\t\t\t\t\t<div class=\"elementor-column elementor-col-100 elementor-top-column elementor-element elementor-element-753d0860\" data-id=\"753d0860\" data-element_type=\"column\">\n\t\t\t<div class=\"elementor-widget-wrap\">\n\t\t\t\t\t\t\t<\/div>\n\t\t<\/div>\n\t\t\t\t\t<\/div>\n\t\t<\/section>\n\t\t\t\t<section class=\"elementor-section elementor-top-section elementor-element elementor-element-9be811a elementor-section-boxed elementor-section-height-default elementor-section-height-default\" data-id=\"9be811a\" data-element_type=\"section\">\n\t\t\t\t\t\t<div class=\"elementor-container elementor-column-gap-default\">\n\t\t\t\t\t<div class=\"elementor-column elementor-col-100 elementor-top-column elementor-element elementor-element-1ed847b7\" data-id=\"1ed847b7\" data-element_type=\"column\">\n\t\t\t<div class=\"elementor-widget-wrap elementor-element-populated\">\n\t\t\t\t\t\t<div class=\"elementor-element elementor-element-4ce0d07f elementor-widget elementor-widget-heading\" data-id=\"4ce0d07f\" data-element_type=\"widget\" data-widget_type=\"heading.default\">\n\t\t\t\t<div class=\"elementor-widget-container\">\n\t\t\t\t\t<h2 class=\"elementor-heading-title elementor-size-default\">Di\u011fer \u00d6\u011frenci Kul\u00fcpleri<\/h2>\t\t\t\t<\/div>\n\t\t\t\t<\/div>\n\t\t\t\t<div class=\"elementor-element elementor-element-63260862 elementor-widget-divider--view-line elementor-widget elementor-widget-divider\" data-id=\"63260862\" data-element_type=\"widget\" data-widget_type=\"divider.default\">\n\t\t\t\t<div class=\"elementor-widget-container\">\n\t\t\t\t\t\t\t<div class=\"elementor-divider\">\n\t\t\t<span class=\"elementor-divider-separator\">\n\t\t\t\t\t\t<\/span>\n\t\t<\/div>\n\t\t\t\t\t\t<\/div>\n\t\t\t\t<\/div>\n\t\t\t\t\t<\/div>\n\t\t<\/div>\n\t\t\t\t\t<\/div>\n\t\t<\/section>\n\t\t\t\t<section class=\"elementor-section elementor-top-section elementor-element elementor-element-8dfe8e5 elementor-section-boxed elementor-section-height-default elementor-section-height-default\" data-id=\"8dfe8e5\" data-element_type=\"section\">\n\t\t\t\t\t\t<div class=\"elementor-container elementor-column-gap-default\">\n\t\t\t\t\t<div class=\"elementor-column elementor-col-100 elementor-top-column elementor-element elementor-element-a7ad1c1\" data-id=\"a7ad1c1\" data-element_type=\"column\">\n\t\t\t<div class=\"elementor-widget-wrap elementor-element-populated\">\n\t\t\t\t\t\t<div class=\"elementor-element elementor-element-9aa7416 elementor-widget elementor-widget-heading\" data-id=\"9aa7416\" data-element_type=\"widget\" data-widget_type=\"heading.default\">\n\t\t\t\t<div class=\"elementor-widget-container\">\n\t\t\t\t\t<h2 class=\"elementor-heading-title elementor-size-small\"><a href=\"http:\/\/kulupler.atauni.edu.tr\/index.php\/kulupler\">\u00dcniversitemizde kurulan di\u011fer \u00f6\u011frenci kul\u00fcpleri i\u00e7in t\u0131klay\u0131n\u0131z.<\/a><\/h2>\t\t\t\t<\/div>\n\t\t\t\t<\/div>\n\t\t\t\t\t<\/div>\n\t\t<\/div>\n\t\t\t\t\t<\/div>\n\t\t<\/section>\n\t\t\t\t<\/div>\n\t\t","protected":false},"excerpt":{"rendered":"<p>Di\u011fer \u00d6\u011frenci Kul\u00fcpleri \u00dcniversitemizde kurulan di\u011fer \u00f6\u011frenci kul\u00fcpleri i\u00e7in t\u0131klay\u0131n\u0131z.<\/p>\n","protected":false},"author":86,"featured_media":0,"parent":5728,"menu_order":0,"comment_status":"closed","ping_status":"closed","template":"elementor_header_footer","meta":{"footnotes":""},"class_list":["post-6560","page","type-page","status-publish","hentry"],"_links":{"self":[{"href":"https:\/\/atauni.edu.tr\/cevre-muhendisligi\/wp-json\/wp\/v2\/pages\/6560","targetHints":{"allow":["GET"]}}],"collection":[{"href":"https:\/\/atauni.edu.tr\/cevre-muhendisligi\/wp-json\/wp\/v2\/pages"}],"about":[{"href":"https:\/\/atauni.edu.tr\/cevre-muhendisligi\/wp-json\/wp\/v2\/types\/page"}],"author":[{"embeddable":true,"href":"https:\/\/atauni.edu.tr\/cevre-muhendisligi\/wp-json\/wp\/v2\/users\/86"}],"replies":[{"embeddable":true,"href":"https:\/\/atauni.edu.tr\/cevre-muhendisligi\/wp-json\/wp\/v2\/comments?post=6560"}],"version-history":[{"count":10,"href":"https:\/\/atauni.edu.tr\/cevre-muhendisligi\/wp-json\/wp\/v2\/pages\/6560\/revisions"}],"predecessor-version":[{"id":6578,"href":"https:\/\/atauni.edu.tr\/cevre-muhendisligi\/wp-json\/wp\/v2\/pages\/6560\/revisions\/6578"}],"up":[{"embeddable":true,"href":"https:\/\/atauni.edu.tr\/cevre-muhendisligi\/wp-json\/wp\/v2\/pages\/5728"}],"wp:attachment":[{"href":"https:\/\/atauni.edu.tr\/cevre-muhendisligi\/wp-json\/wp\/v2\/media?parent=6560"}],"curies":[{"name":"wp","href":"https:\/\/api.w.org\/{rel}","templated":true}]}}