{"id":6696,"date":"2021-12-17T12:45:30","date_gmt":"2021-12-17T09:45:30","guid":{"rendered":"https:\/\/birimler.atauni.edu.tr\/cevre-muhendisligi\/?page_id=6696"},"modified":"2021-12-17T13:38:54","modified_gmt":"2021-12-17T10:38:54","slug":"atik-ilaclar","status":"publish","type":"page","link":"https:\/\/atauni.edu.tr\/cevre-muhendisligi\/bolum-tanitimi\/atik-ilaclar\/","title":{"rendered":"At\u0131k \u0130la\u00e7lar"},"content":{"rendered":"\t\t<div data-elementor-type=\"wp-page\" data-elementor-id=\"6696\" class=\"elementor elementor-6696\" data-elementor-post-type=\"page\">\n\t\t\t\t\t\t<section class=\"elementor-section elementor-top-section elementor-element elementor-element-730d320 elementor-section-boxed elementor-section-height-default elementor-section-height-default\" data-id=\"730d320\" data-element_type=\"section\">\n\t\t\t\t\t\t<div class=\"elementor-container elementor-column-gap-default\">\n\t\t\t\t\t<div class=\"elementor-column elementor-col-100 elementor-top-column elementor-element elementor-element-753d0860\" data-id=\"753d0860\" data-element_type=\"column\">\n\t\t\t<div class=\"elementor-widget-wrap\">\n\t\t\t\t\t\t\t<\/div>\n\t\t<\/div>\n\t\t\t\t\t<\/div>\n\t\t<\/section>\n\t\t\t\t<section class=\"elementor-section elementor-top-section elementor-element elementor-element-9be811a elementor-section-boxed elementor-section-height-default elementor-section-height-default\" data-id=\"9be811a\" data-element_type=\"section\">\n\t\t\t\t\t\t<div class=\"elementor-container elementor-column-gap-default\">\n\t\t\t\t\t<div class=\"elementor-column elementor-col-100 elementor-top-column elementor-element elementor-element-1ed847b7\" data-id=\"1ed847b7\" data-element_type=\"column\">\n\t\t\t<div class=\"elementor-widget-wrap elementor-element-populated\">\n\t\t\t\t\t\t<div class=\"elementor-element elementor-element-4ce0d07f elementor-widget elementor-widget-heading\" data-id=\"4ce0d07f\" data-element_type=\"widget\" data-widget_type=\"heading.default\">\n\t\t\t\t<div class=\"elementor-widget-container\">\n\t\t\t\t\t<h2 class=\"elementor-heading-title elementor-size-default\">At\u0131k \u0130la\u00e7lar\u0131n toplanmas\u0131<\/h2>\t\t\t\t<\/div>\n\t\t\t\t<\/div>\n\t\t\t\t<div class=\"elementor-element elementor-element-63260862 elementor-widget-divider--view-line elementor-widget elementor-widget-divider\" data-id=\"63260862\" data-element_type=\"widget\" data-widget_type=\"divider.default\">\n\t\t\t\t<div class=\"elementor-widget-container\">\n\t\t\t\t\t\t\t<div class=\"elementor-divider\">\n\t\t\t<span class=\"elementor-divider-separator\">\n\t\t\t\t\t\t<\/span>\n\t\t<\/div>\n\t\t\t\t\t\t<\/div>\n\t\t\t\t<\/div>\n\t\t\t\t\t<\/div>\n\t\t<\/div>\n\t\t\t\t\t<\/div>\n\t\t<\/section>\n\t\t\t\t<section class=\"elementor-section elementor-top-section elementor-element elementor-element-7a1dbc6 elementor-section-boxed elementor-section-height-default elementor-section-height-default\" data-id=\"7a1dbc6\" data-element_type=\"section\">\n\t\t\t\t\t\t<div class=\"elementor-container elementor-column-gap-default\">\n\t\t\t\t\t<div class=\"elementor-column elementor-col-100 elementor-top-column elementor-element elementor-element-8156ebf\" data-id=\"8156ebf\" data-element_type=\"column\">\n\t\t\t<div class=\"elementor-widget-wrap elementor-element-populated\">\n\t\t\t\t\t\t<div class=\"elementor-element elementor-element-61d9813 elementor-widget elementor-widget-text-editor\" data-id=\"61d9813\" data-element_type=\"widget\" data-widget_type=\"text-editor.default\">\n\t\t\t\t<div class=\"elementor-widget-container\">\n\t\t\t\t\t\t\t\t\t<p>B\u00f6l\u00fcm\u00fcm\u00fcz \u00d6\u011fretim \u00fcyelerinden Prof. Dr. Zeynep CEYLAN taraf\u0131ndan haz\u0131rlanan &#8220;At\u0131k \u0130la\u00e7lar\u0131n Toplanmas\u0131&#8221; projesi yap\u0131lm\u0131\u015ft\u0131r.<\/p>\t\t\t\t\t\t\t\t<\/div>\n\t\t\t\t<\/div>\n\t\t\t\t\t<\/div>\n\t\t<\/div>\n\t\t\t\t\t<\/div>\n\t\t<\/section>\n\t\t\t\t<section class=\"elementor-section elementor-top-section elementor-element elementor-element-5e849cc elementor-section-boxed elementor-section-height-default elementor-section-height-default\" data-id=\"5e849cc\" data-element_type=\"section\">\n\t\t\t\t\t\t<div class=\"elementor-container elementor-column-gap-default\">\n\t\t\t\t\t<div class=\"elementor-column elementor-col-33 elementor-top-column elementor-element elementor-element-3400f89\" data-id=\"3400f89\" data-element_type=\"column\">\n\t\t\t<div class=\"elementor-widget-wrap elementor-element-populated\">\n\t\t\t\t\t\t<div class=\"elementor-element elementor-element-9a1bb7e elementor-widget elementor-widget-image\" data-id=\"9a1bb7e\" data-element_type=\"widget\" data-widget_type=\"image.default\">\n\t\t\t\t<div class=\"elementor-widget-container\">\n\t\t\t\t\t\t\t\t\t\t\t\t\t\t\t<img fetchpriority=\"high\" decoding=\"async\" width=\"723\" height=\"1024\" src=\"https:\/\/atauni.edu.tr\/cevre-muhendisligi\/wp-content\/uploads\/sites\/97\/2021\/12\/Kati-Atik--723x1024.jpg\" class=\"attachment-large size-large wp-image-6705\" alt=\"\" srcset=\"https:\/\/atauni.edu.tr\/cevre-muhendisligi\/wp-content\/uploads\/sites\/97\/2021\/12\/Kati-Atik--723x1024.jpg 723w, https:\/\/atauni.edu.tr\/cevre-muhendisligi\/wp-content\/uploads\/sites\/97\/2021\/12\/Kati-Atik--212x300.jpg 212w, https:\/\/atauni.edu.tr\/cevre-muhendisligi\/wp-content\/uploads\/sites\/97\/2021\/12\/Kati-Atik--768x1088.jpg 768w, https:\/\/atauni.edu.tr\/cevre-muhendisligi\/wp-content\/uploads\/sites\/97\/2021\/12\/Kati-Atik--1084x1536.jpg 1084w, https:\/\/atauni.edu.tr\/cevre-muhendisligi\/wp-content\/uploads\/sites\/97\/2021\/12\/Kati-Atik--1446x2048.jpg 1446w, https:\/\/atauni.edu.tr\/cevre-muhendisligi\/wp-content\/uploads\/sites\/97\/2021\/12\/Kati-Atik--424x600.jpg 424w, https:\/\/atauni.edu.tr\/cevre-muhendisligi\/wp-content\/uploads\/sites\/97\/2021\/12\/Kati-Atik--395x560.jpg 395w, https:\/\/atauni.edu.tr\/cevre-muhendisligi\/wp-content\/uploads\/sites\/97\/2021\/12\/Kati-Atik--scaled.jpg 1807w\" sizes=\"(max-width: 723px) 100vw, 723px\" \/>\t\t\t\t\t\t\t\t\t\t\t\t\t\t\t<\/div>\n\t\t\t\t<\/div>\n\t\t\t\t\t<\/div>\n\t\t<\/div>\n\t\t\t\t<div class=\"elementor-column elementor-col-33 elementor-top-column elementor-element elementor-element-14f4d6f\" data-id=\"14f4d6f\" data-element_type=\"column\">\n\t\t\t<div class=\"elementor-widget-wrap elementor-element-populated\">\n\t\t\t\t\t\t<div class=\"elementor-element elementor-element-67af98b elementor-widget elementor-widget-image\" data-id=\"67af98b\" data-element_type=\"widget\" data-widget_type=\"image.default\">\n\t\t\t\t<div class=\"elementor-widget-container\">\n\t\t\t\t\t\t\t\t\t\t\t\t\t\t\t<img decoding=\"async\" width=\"1024\" height=\"732\" src=\"https:\/\/atauni.edu.tr\/cevre-muhendisligi\/wp-content\/uploads\/sites\/97\/2021\/12\/Kati-Atik-2-1024x732.jpg\" class=\"attachment-large size-large wp-image-6706\" alt=\"\" srcset=\"https:\/\/atauni.edu.tr\/cevre-muhendisligi\/wp-content\/uploads\/sites\/97\/2021\/12\/Kati-Atik-2-1024x732.jpg 1024w, https:\/\/atauni.edu.tr\/cevre-muhendisligi\/wp-content\/uploads\/sites\/97\/2021\/12\/Kati-Atik-2-300x214.jpg 300w, https:\/\/atauni.edu.tr\/cevre-muhendisligi\/wp-content\/uploads\/sites\/97\/2021\/12\/Kati-Atik-2-768x549.jpg 768w, https:\/\/atauni.edu.tr\/cevre-muhendisligi\/wp-content\/uploads\/sites\/97\/2021\/12\/Kati-Atik-2-1536x1097.jpg 1536w, https:\/\/atauni.edu.tr\/cevre-muhendisligi\/wp-content\/uploads\/sites\/97\/2021\/12\/Kati-Atik-2-2048x1463.jpg 2048w, https:\/\/atauni.edu.tr\/cevre-muhendisligi\/wp-content\/uploads\/sites\/97\/2021\/12\/Kati-Atik-2-600x429.jpg 600w, https:\/\/atauni.edu.tr\/cevre-muhendisligi\/wp-content\/uploads\/sites\/97\/2021\/12\/Kati-Atik-2-560x400.jpg 560w\" sizes=\"(max-width: 1024px) 100vw, 1024px\" \/>\t\t\t\t\t\t\t\t\t\t\t\t\t\t\t<\/div>\n\t\t\t\t<\/div>\n\t\t\t\t\t<\/div>\n\t\t<\/div>\n\t\t\t\t<div class=\"elementor-column elementor-col-33 elementor-top-column elementor-element elementor-element-aadc6f1\" data-id=\"aadc6f1\" data-element_type=\"column\">\n\t\t\t<div class=\"elementor-widget-wrap elementor-element-populated\">\n\t\t\t\t\t\t<div class=\"elementor-element elementor-element-40448e0 elementor-widget elementor-widget-image\" data-id=\"40448e0\" data-element_type=\"widget\" data-widget_type=\"image.default\">\n\t\t\t\t<div class=\"elementor-widget-container\">\n\t\t\t\t\t\t\t\t\t\t\t\t\t\t\t<img decoding=\"async\" width=\"683\" height=\"1024\" src=\"https:\/\/atauni.edu.tr\/cevre-muhendisligi\/wp-content\/uploads\/sites\/97\/2021\/12\/Kati-Atik-1-683x1024.jpg\" class=\"attachment-large size-large wp-image-6707\" alt=\"\" srcset=\"https:\/\/atauni.edu.tr\/cevre-muhendisligi\/wp-content\/uploads\/sites\/97\/2021\/12\/Kati-Atik-1-683x1024.jpg 683w, https:\/\/atauni.edu.tr\/cevre-muhendisligi\/wp-content\/uploads\/sites\/97\/2021\/12\/Kati-Atik-1-200x300.jpg 200w, https:\/\/atauni.edu.tr\/cevre-muhendisligi\/wp-content\/uploads\/sites\/97\/2021\/12\/Kati-Atik-1-768x1152.jpg 768w, https:\/\/atauni.edu.tr\/cevre-muhendisligi\/wp-content\/uploads\/sites\/97\/2021\/12\/Kati-Atik-1-1024x1536.jpg 1024w, https:\/\/atauni.edu.tr\/cevre-muhendisligi\/wp-content\/uploads\/sites\/97\/2021\/12\/Kati-Atik-1-1365x2048.jpg 1365w, https:\/\/atauni.edu.tr\/cevre-muhendisligi\/wp-content\/uploads\/sites\/97\/2021\/12\/Kati-Atik-1-400x600.jpg 400w, https:\/\/atauni.edu.tr\/cevre-muhendisligi\/wp-content\/uploads\/sites\/97\/2021\/12\/Kati-Atik-1-373x560.jpg 373w, https:\/\/atauni.edu.tr\/cevre-muhendisligi\/wp-content\/uploads\/sites\/97\/2021\/12\/Kati-Atik-1-scaled.jpg 1707w\" sizes=\"(max-width: 683px) 100vw, 683px\" \/>\t\t\t\t\t\t\t\t\t\t\t\t\t\t\t<\/div>\n\t\t\t\t<\/div>\n\t\t\t\t\t<\/div>\n\t\t<\/div>\n\t\t\t\t\t<\/div>\n\t\t<\/section>\n\t\t\t\t<\/div>\n\t\t","protected":false},"excerpt":{"rendered":"<p>At\u0131k \u0130la\u00e7lar\u0131n toplanmas\u0131 B\u00f6l\u00fcm\u00fcm\u00fcz \u00d6\u011fretim \u00fcyelerinden Prof. Dr. Zeynep CEYLAN taraf\u0131ndan haz\u0131rlanan &#8220;At\u0131k \u0130la\u00e7lar\u0131n Toplanmas\u0131&#8221; projesi yap\u0131lm\u0131\u015ft\u0131r.<\/p>\n","protected":false},"author":86,"featured_media":0,"parent":5728,"menu_order":0,"comment_status":"closed","ping_status":"closed","template":"elementor_header_footer","meta":{"footnotes":""},"class_list":["post-6696","page","type-page","status-publish","hentry"],"_links":{"self":[{"href":"https:\/\/atauni.edu.tr\/cevre-muhendisligi\/wp-json\/wp\/v2\/pages\/6696","targetHints":{"allow":["GET"]}}],"collection":[{"href":"https:\/\/atauni.edu.tr\/cevre-muhendisligi\/wp-json\/wp\/v2\/pages"}],"about":[{"href":"https:\/\/atauni.edu.tr\/cevre-muhendisligi\/wp-json\/wp\/v2\/types\/page"}],"author":[{"embeddable":true,"href":"https:\/\/atauni.edu.tr\/cevre-muhendisligi\/wp-json\/wp\/v2\/users\/86"}],"replies":[{"embeddable":true,"href":"https:\/\/atauni.edu.tr\/cevre-muhendisligi\/wp-json\/wp\/v2\/comments?post=6696"}],"version-history":[{"count":10,"href":"https:\/\/atauni.edu.tr\/cevre-muhendisligi\/wp-json\/wp\/v2\/pages\/6696\/revisions"}],"predecessor-version":[{"id":6710,"href":"https:\/\/atauni.edu.tr\/cevre-muhendisligi\/wp-json\/wp\/v2\/pages\/6696\/revisions\/6710"}],"up":[{"embeddable":true,"href":"https:\/\/atauni.edu.tr\/cevre-muhendisligi\/wp-json\/wp\/v2\/pages\/5728"}],"wp:attachment":[{"href":"https:\/\/atauni.edu.tr\/cevre-muhendisligi\/wp-json\/wp\/v2\/media?parent=6696"}],"curies":[{"name":"wp","href":"https:\/\/api.w.org\/{rel}","templated":true}]}}