{"id":6719,"date":"2021-12-17T16:00:40","date_gmt":"2021-12-17T13:00:40","guid":{"rendered":"https:\/\/birimler.atauni.edu.tr\/cevre-muhendisligi\/?page_id=6719"},"modified":"2021-12-17T16:05:54","modified_gmt":"2021-12-17T13:05:54","slug":"sifir-atik-sunumu","status":"publish","type":"page","link":"https:\/\/atauni.edu.tr\/cevre-muhendisligi\/bolum-tanitimi\/sifir-atik-sunumu\/","title":{"rendered":"S\u0131f\u0131r At\u0131k sunumu"},"content":{"rendered":"\t\t<div data-elementor-type=\"wp-page\" data-elementor-id=\"6719\" class=\"elementor elementor-6719\" data-elementor-post-type=\"page\">\n\t\t\t\t\t\t<section class=\"elementor-section elementor-top-section elementor-element elementor-element-730d320 elementor-section-boxed elementor-section-height-default elementor-section-height-default\" data-id=\"730d320\" data-element_type=\"section\">\n\t\t\t\t\t\t<div class=\"elementor-container elementor-column-gap-default\">\n\t\t\t\t\t<div class=\"elementor-column elementor-col-100 elementor-top-column elementor-element elementor-element-753d0860\" data-id=\"753d0860\" data-element_type=\"column\">\n\t\t\t<div class=\"elementor-widget-wrap\">\n\t\t\t\t\t\t\t<\/div>\n\t\t<\/div>\n\t\t\t\t\t<\/div>\n\t\t<\/section>\n\t\t\t\t<section class=\"elementor-section elementor-top-section elementor-element elementor-element-9be811a elementor-section-boxed elementor-section-height-default elementor-section-height-default\" data-id=\"9be811a\" data-element_type=\"section\">\n\t\t\t\t\t\t<div class=\"elementor-container elementor-column-gap-default\">\n\t\t\t\t\t<div class=\"elementor-column elementor-col-100 elementor-top-column elementor-element elementor-element-1ed847b7\" data-id=\"1ed847b7\" data-element_type=\"column\">\n\t\t\t<div class=\"elementor-widget-wrap elementor-element-populated\">\n\t\t\t\t\t\t<div class=\"elementor-element elementor-element-4ce0d07f elementor-widget elementor-widget-heading\" data-id=\"4ce0d07f\" data-element_type=\"widget\" data-widget_type=\"heading.default\">\n\t\t\t\t<div class=\"elementor-widget-container\">\n\t\t\t\t\t<h2 class=\"elementor-heading-title elementor-size-default\">S\u0131f\u0131r At\u0131k sunumu<\/h2>\t\t\t\t<\/div>\n\t\t\t\t<\/div>\n\t\t\t\t<div class=\"elementor-element elementor-element-63260862 elementor-widget-divider--view-line elementor-widget elementor-widget-divider\" data-id=\"63260862\" data-element_type=\"widget\" data-widget_type=\"divider.default\">\n\t\t\t\t<div class=\"elementor-widget-container\">\n\t\t\t\t\t\t\t<div class=\"elementor-divider\">\n\t\t\t<span class=\"elementor-divider-separator\">\n\t\t\t\t\t\t<\/span>\n\t\t<\/div>\n\t\t\t\t\t\t<\/div>\n\t\t\t\t<\/div>\n\t\t\t\t\t<\/div>\n\t\t<\/div>\n\t\t\t\t\t<\/div>\n\t\t<\/section>\n\t\t\t\t<section class=\"elementor-section elementor-top-section elementor-element elementor-element-7a1dbc6 elementor-section-boxed elementor-section-height-default elementor-section-height-default\" data-id=\"7a1dbc6\" data-element_type=\"section\">\n\t\t\t\t\t\t<div class=\"elementor-container elementor-column-gap-default\">\n\t\t\t\t\t<div class=\"elementor-column elementor-col-100 elementor-top-column elementor-element elementor-element-8156ebf\" data-id=\"8156ebf\" data-element_type=\"column\">\n\t\t\t<div class=\"elementor-widget-wrap elementor-element-populated\">\n\t\t\t\t\t\t<div class=\"elementor-element elementor-element-61d9813 elementor-widget elementor-widget-text-editor\" data-id=\"61d9813\" data-element_type=\"widget\" data-widget_type=\"text-editor.default\">\n\t\t\t\t<div class=\"elementor-widget-container\">\n\t\t\t\t\t\t\t\t\t<p>B\u00f6l\u00fcm\u00fcm\u00fcz \u00d6\u011fretim \u00fcyelerimiz ve \u00f6\u011frencileri M\u00fchendislik fak\u00fcltesinde &#8220;SIFIR ATIK&#8221; bilgilendirmesi yapm\u0131\u015ft\u0131r.<\/p>\t\t\t\t\t\t\t\t<\/div>\n\t\t\t\t<\/div>\n\t\t\t\t\t<\/div>\n\t\t<\/div>\n\t\t\t\t\t<\/div>\n\t\t<\/section>\n\t\t\t\t<section class=\"elementor-section elementor-top-section elementor-element elementor-element-5e849cc elementor-section-boxed elementor-section-height-default elementor-section-height-default\" data-id=\"5e849cc\" data-element_type=\"section\">\n\t\t\t\t\t\t<div class=\"elementor-container elementor-column-gap-default\">\n\t\t\t\t\t<div class=\"elementor-column elementor-col-33 elementor-top-column elementor-element elementor-element-3400f89\" data-id=\"3400f89\" data-element_type=\"column\">\n\t\t\t<div class=\"elementor-widget-wrap elementor-element-populated\">\n\t\t\t\t\t\t<div class=\"elementor-element elementor-element-9a1bb7e elementor-widget elementor-widget-image\" data-id=\"9a1bb7e\" data-element_type=\"widget\" data-widget_type=\"image.default\">\n\t\t\t\t<div class=\"elementor-widget-container\">\n\t\t\t\t\t\t\t\t\t\t\t\t\t\t\t<img fetchpriority=\"high\" decoding=\"async\" width=\"1024\" height=\"768\" src=\"https:\/\/atauni.edu.tr\/cevre-muhendisligi\/wp-content\/uploads\/sites\/97\/2021\/12\/55957734_516033455594623_8217998223827009536_n-1024x768.jpg\" class=\"attachment-large size-large wp-image-6722\" alt=\"\" srcset=\"https:\/\/atauni.edu.tr\/cevre-muhendisligi\/wp-content\/uploads\/sites\/97\/2021\/12\/55957734_516033455594623_8217998223827009536_n-1024x768.jpg 1024w, https:\/\/atauni.edu.tr\/cevre-muhendisligi\/wp-content\/uploads\/sites\/97\/2021\/12\/55957734_516033455594623_8217998223827009536_n-300x225.jpg 300w, https:\/\/atauni.edu.tr\/cevre-muhendisligi\/wp-content\/uploads\/sites\/97\/2021\/12\/55957734_516033455594623_8217998223827009536_n-768x576.jpg 768w, https:\/\/atauni.edu.tr\/cevre-muhendisligi\/wp-content\/uploads\/sites\/97\/2021\/12\/55957734_516033455594623_8217998223827009536_n-1536x1152.jpg 1536w, https:\/\/atauni.edu.tr\/cevre-muhendisligi\/wp-content\/uploads\/sites\/97\/2021\/12\/55957734_516033455594623_8217998223827009536_n-600x450.jpg 600w, https:\/\/atauni.edu.tr\/cevre-muhendisligi\/wp-content\/uploads\/sites\/97\/2021\/12\/55957734_516033455594623_8217998223827009536_n-560x420.jpg 560w, https:\/\/atauni.edu.tr\/cevre-muhendisligi\/wp-content\/uploads\/sites\/97\/2021\/12\/55957734_516033455594623_8217998223827009536_n.jpg 1600w\" sizes=\"(max-width: 1024px) 100vw, 1024px\" \/>\t\t\t\t\t\t\t\t\t\t\t\t\t\t\t<\/div>\n\t\t\t\t<\/div>\n\t\t\t\t\t<\/div>\n\t\t<\/div>\n\t\t\t\t<div class=\"elementor-column elementor-col-33 elementor-top-column elementor-element elementor-element-14f4d6f\" data-id=\"14f4d6f\" data-element_type=\"column\">\n\t\t\t<div class=\"elementor-widget-wrap elementor-element-populated\">\n\t\t\t\t\t\t<div class=\"elementor-element elementor-element-67af98b elementor-widget elementor-widget-image\" data-id=\"67af98b\" data-element_type=\"widget\" data-widget_type=\"image.default\">\n\t\t\t\t<div class=\"elementor-widget-container\">\n\t\t\t\t\t\t\t\t\t\t\t\t\t\t\t<img decoding=\"async\" width=\"1024\" height=\"768\" src=\"https:\/\/atauni.edu.tr\/cevre-muhendisligi\/wp-content\/uploads\/sites\/97\/2021\/12\/56119396_516033318927970_8021361504186007552_n-1024x768.jpg\" class=\"attachment-large size-large wp-image-6723\" alt=\"\" srcset=\"https:\/\/atauni.edu.tr\/cevre-muhendisligi\/wp-content\/uploads\/sites\/97\/2021\/12\/56119396_516033318927970_8021361504186007552_n-1024x768.jpg 1024w, https:\/\/atauni.edu.tr\/cevre-muhendisligi\/wp-content\/uploads\/sites\/97\/2021\/12\/56119396_516033318927970_8021361504186007552_n-300x225.jpg 300w, https:\/\/atauni.edu.tr\/cevre-muhendisligi\/wp-content\/uploads\/sites\/97\/2021\/12\/56119396_516033318927970_8021361504186007552_n-768x576.jpg 768w, https:\/\/atauni.edu.tr\/cevre-muhendisligi\/wp-content\/uploads\/sites\/97\/2021\/12\/56119396_516033318927970_8021361504186007552_n-1536x1152.jpg 1536w, https:\/\/atauni.edu.tr\/cevre-muhendisligi\/wp-content\/uploads\/sites\/97\/2021\/12\/56119396_516033318927970_8021361504186007552_n-600x450.jpg 600w, https:\/\/atauni.edu.tr\/cevre-muhendisligi\/wp-content\/uploads\/sites\/97\/2021\/12\/56119396_516033318927970_8021361504186007552_n-560x420.jpg 560w, https:\/\/atauni.edu.tr\/cevre-muhendisligi\/wp-content\/uploads\/sites\/97\/2021\/12\/56119396_516033318927970_8021361504186007552_n.jpg 1600w\" sizes=\"(max-width: 1024px) 100vw, 1024px\" \/>\t\t\t\t\t\t\t\t\t\t\t\t\t\t\t<\/div>\n\t\t\t\t<\/div>\n\t\t\t\t\t<\/div>\n\t\t<\/div>\n\t\t\t\t<div class=\"elementor-column elementor-col-33 elementor-top-column elementor-element elementor-element-aadc6f1\" data-id=\"aadc6f1\" data-element_type=\"column\">\n\t\t\t<div class=\"elementor-widget-wrap elementor-element-populated\">\n\t\t\t\t\t\t<div class=\"elementor-element elementor-element-40448e0 elementor-widget elementor-widget-image\" data-id=\"40448e0\" data-element_type=\"widget\" data-widget_type=\"image.default\">\n\t\t\t\t<div class=\"elementor-widget-container\">\n\t\t\t\t\t\t\t\t\t\t\t\t\t\t\t<img decoding=\"async\" width=\"1024\" height=\"768\" src=\"https:\/\/atauni.edu.tr\/cevre-muhendisligi\/wp-content\/uploads\/sites\/97\/2021\/12\/56163468_516033385594630_4047494828047466496_n-1024x768.jpg\" class=\"attachment-large size-large wp-image-6724\" alt=\"\" srcset=\"https:\/\/atauni.edu.tr\/cevre-muhendisligi\/wp-content\/uploads\/sites\/97\/2021\/12\/56163468_516033385594630_4047494828047466496_n-1024x768.jpg 1024w, https:\/\/atauni.edu.tr\/cevre-muhendisligi\/wp-content\/uploads\/sites\/97\/2021\/12\/56163468_516033385594630_4047494828047466496_n-300x225.jpg 300w, https:\/\/atauni.edu.tr\/cevre-muhendisligi\/wp-content\/uploads\/sites\/97\/2021\/12\/56163468_516033385594630_4047494828047466496_n-768x576.jpg 768w, https:\/\/atauni.edu.tr\/cevre-muhendisligi\/wp-content\/uploads\/sites\/97\/2021\/12\/56163468_516033385594630_4047494828047466496_n-1536x1152.jpg 1536w, https:\/\/atauni.edu.tr\/cevre-muhendisligi\/wp-content\/uploads\/sites\/97\/2021\/12\/56163468_516033385594630_4047494828047466496_n-600x450.jpg 600w, https:\/\/atauni.edu.tr\/cevre-muhendisligi\/wp-content\/uploads\/sites\/97\/2021\/12\/56163468_516033385594630_4047494828047466496_n-560x420.jpg 560w, https:\/\/atauni.edu.tr\/cevre-muhendisligi\/wp-content\/uploads\/sites\/97\/2021\/12\/56163468_516033385594630_4047494828047466496_n.jpg 1600w\" sizes=\"(max-width: 1024px) 100vw, 1024px\" \/>\t\t\t\t\t\t\t\t\t\t\t\t\t\t\t<\/div>\n\t\t\t\t<\/div>\n\t\t\t\t\t<\/div>\n\t\t<\/div>\n\t\t\t\t\t<\/div>\n\t\t<\/section>\n\t\t\t\t<section class=\"elementor-section elementor-top-section elementor-element elementor-element-3a744ce elementor-section-boxed elementor-section-height-default elementor-section-height-default\" data-id=\"3a744ce\" data-element_type=\"section\">\n\t\t\t\t\t\t<div class=\"elementor-container elementor-column-gap-default\">\n\t\t\t\t\t<div class=\"elementor-column elementor-col-33 elementor-top-column elementor-element elementor-element-6e4473f\" data-id=\"6e4473f\" data-element_type=\"column\">\n\t\t\t<div class=\"elementor-widget-wrap elementor-element-populated\">\n\t\t\t\t\t\t<div class=\"elementor-element elementor-element-b494640 elementor-widget elementor-widget-image\" data-id=\"b494640\" data-element_type=\"widget\" data-widget_type=\"image.default\">\n\t\t\t\t<div class=\"elementor-widget-container\">\n\t\t\t\t\t\t\t\t\t\t\t\t\t\t\t<img loading=\"lazy\" decoding=\"async\" width=\"1024\" height=\"768\" src=\"https:\/\/atauni.edu.tr\/cevre-muhendisligi\/wp-content\/uploads\/sites\/97\/2021\/12\/56596514_516033358927966_3432125662066900992_n-1024x768.jpg\" class=\"attachment-large size-large wp-image-6725\" alt=\"\" srcset=\"https:\/\/atauni.edu.tr\/cevre-muhendisligi\/wp-content\/uploads\/sites\/97\/2021\/12\/56596514_516033358927966_3432125662066900992_n-1024x768.jpg 1024w, https:\/\/atauni.edu.tr\/cevre-muhendisligi\/wp-content\/uploads\/sites\/97\/2021\/12\/56596514_516033358927966_3432125662066900992_n-300x225.jpg 300w, https:\/\/atauni.edu.tr\/cevre-muhendisligi\/wp-content\/uploads\/sites\/97\/2021\/12\/56596514_516033358927966_3432125662066900992_n-768x576.jpg 768w, https:\/\/atauni.edu.tr\/cevre-muhendisligi\/wp-content\/uploads\/sites\/97\/2021\/12\/56596514_516033358927966_3432125662066900992_n-1536x1152.jpg 1536w, https:\/\/atauni.edu.tr\/cevre-muhendisligi\/wp-content\/uploads\/sites\/97\/2021\/12\/56596514_516033358927966_3432125662066900992_n-600x450.jpg 600w, https:\/\/atauni.edu.tr\/cevre-muhendisligi\/wp-content\/uploads\/sites\/97\/2021\/12\/56596514_516033358927966_3432125662066900992_n-560x420.jpg 560w, https:\/\/atauni.edu.tr\/cevre-muhendisligi\/wp-content\/uploads\/sites\/97\/2021\/12\/56596514_516033358927966_3432125662066900992_n.jpg 1600w\" sizes=\"(max-width: 1024px) 100vw, 1024px\" \/>\t\t\t\t\t\t\t\t\t\t\t\t\t\t\t<\/div>\n\t\t\t\t<\/div>\n\t\t\t\t\t<\/div>\n\t\t<\/div>\n\t\t\t\t<div class=\"elementor-column elementor-col-33 elementor-top-column elementor-element elementor-element-3c8284d\" data-id=\"3c8284d\" data-element_type=\"column\">\n\t\t\t<div class=\"elementor-widget-wrap elementor-element-populated\">\n\t\t\t\t\t\t<div class=\"elementor-element elementor-element-52b67ed elementor-widget elementor-widget-image\" data-id=\"52b67ed\" data-element_type=\"widget\" data-widget_type=\"image.default\">\n\t\t\t\t<div class=\"elementor-widget-container\">\n\t\t\t\t\t\t\t\t\t\t\t\t\t\t\t<img loading=\"lazy\" decoding=\"async\" width=\"1024\" height=\"768\" src=\"https:\/\/atauni.edu.tr\/cevre-muhendisligi\/wp-content\/uploads\/sites\/97\/2021\/12\/56757333_516033325594636_2719950106487947264_n-1024x768.jpg\" class=\"attachment-large size-large wp-image-6727\" alt=\"\" srcset=\"https:\/\/atauni.edu.tr\/cevre-muhendisligi\/wp-content\/uploads\/sites\/97\/2021\/12\/56757333_516033325594636_2719950106487947264_n-1024x768.jpg 1024w, https:\/\/atauni.edu.tr\/cevre-muhendisligi\/wp-content\/uploads\/sites\/97\/2021\/12\/56757333_516033325594636_2719950106487947264_n-300x225.jpg 300w, https:\/\/atauni.edu.tr\/cevre-muhendisligi\/wp-content\/uploads\/sites\/97\/2021\/12\/56757333_516033325594636_2719950106487947264_n-768x576.jpg 768w, https:\/\/atauni.edu.tr\/cevre-muhendisligi\/wp-content\/uploads\/sites\/97\/2021\/12\/56757333_516033325594636_2719950106487947264_n-1536x1152.jpg 1536w, https:\/\/atauni.edu.tr\/cevre-muhendisligi\/wp-content\/uploads\/sites\/97\/2021\/12\/56757333_516033325594636_2719950106487947264_n-600x450.jpg 600w, https:\/\/atauni.edu.tr\/cevre-muhendisligi\/wp-content\/uploads\/sites\/97\/2021\/12\/56757333_516033325594636_2719950106487947264_n-560x420.jpg 560w, https:\/\/atauni.edu.tr\/cevre-muhendisligi\/wp-content\/uploads\/sites\/97\/2021\/12\/56757333_516033325594636_2719950106487947264_n.jpg 1600w\" sizes=\"(max-width: 1024px) 100vw, 1024px\" \/>\t\t\t\t\t\t\t\t\t\t\t\t\t\t\t<\/div>\n\t\t\t\t<\/div>\n\t\t\t\t\t<\/div>\n\t\t<\/div>\n\t\t\t\t<div class=\"elementor-column elementor-col-33 elementor-top-column elementor-element elementor-element-8f1ebbb\" data-id=\"8f1ebbb\" data-element_type=\"column\">\n\t\t\t<div class=\"elementor-widget-wrap elementor-element-populated\">\n\t\t\t\t\t\t<div class=\"elementor-element elementor-element-daaa6e7 elementor-widget elementor-widget-image\" data-id=\"daaa6e7\" data-element_type=\"widget\" data-widget_type=\"image.default\">\n\t\t\t\t<div class=\"elementor-widget-container\">\n\t\t\t\t\t\t\t\t\t\t\t\t\t\t\t<img loading=\"lazy\" decoding=\"async\" width=\"768\" height=\"1024\" src=\"https:\/\/atauni.edu.tr\/cevre-muhendisligi\/wp-content\/uploads\/sites\/97\/2021\/12\/56184375_516033312261304_237671618871033856_n-768x1024.jpg\" class=\"attachment-large size-large wp-image-6728\" alt=\"\" srcset=\"https:\/\/atauni.edu.tr\/cevre-muhendisligi\/wp-content\/uploads\/sites\/97\/2021\/12\/56184375_516033312261304_237671618871033856_n-768x1024.jpg 768w, https:\/\/atauni.edu.tr\/cevre-muhendisligi\/wp-content\/uploads\/sites\/97\/2021\/12\/56184375_516033312261304_237671618871033856_n-225x300.jpg 225w, https:\/\/atauni.edu.tr\/cevre-muhendisligi\/wp-content\/uploads\/sites\/97\/2021\/12\/56184375_516033312261304_237671618871033856_n-1152x1536.jpg 1152w, https:\/\/atauni.edu.tr\/cevre-muhendisligi\/wp-content\/uploads\/sites\/97\/2021\/12\/56184375_516033312261304_237671618871033856_n-450x600.jpg 450w, https:\/\/atauni.edu.tr\/cevre-muhendisligi\/wp-content\/uploads\/sites\/97\/2021\/12\/56184375_516033312261304_237671618871033856_n-420x560.jpg 420w, https:\/\/atauni.edu.tr\/cevre-muhendisligi\/wp-content\/uploads\/sites\/97\/2021\/12\/56184375_516033312261304_237671618871033856_n.jpg 1200w\" sizes=\"(max-width: 768px) 100vw, 768px\" \/>\t\t\t\t\t\t\t\t\t\t\t\t\t\t\t<\/div>\n\t\t\t\t<\/div>\n\t\t\t\t\t<\/div>\n\t\t<\/div>\n\t\t\t\t\t<\/div>\n\t\t<\/section>\n\t\t\t\t<\/div>\n\t\t","protected":false},"excerpt":{"rendered":"<p>S\u0131f\u0131r At\u0131k sunumu B\u00f6l\u00fcm\u00fcm\u00fcz \u00d6\u011fretim \u00fcyelerimiz ve \u00f6\u011frencileri M\u00fchendislik fak\u00fcltesinde &#8220;SIFIR ATIK&#8221; bilgilendirmesi yapm\u0131\u015ft\u0131r.<\/p>\n","protected":false},"author":86,"featured_media":0,"parent":5728,"menu_order":0,"comment_status":"closed","ping_status":"closed","template":"elementor_header_footer","meta":{"footnotes":""},"class_list":["post-6719","page","type-page","status-publish","hentry"],"_links":{"self":[{"href":"https:\/\/atauni.edu.tr\/cevre-muhendisligi\/wp-json\/wp\/v2\/pages\/6719","targetHints":{"allow":["GET"]}}],"collection":[{"href":"https:\/\/atauni.edu.tr\/cevre-muhendisligi\/wp-json\/wp\/v2\/pages"}],"about":[{"href":"https:\/\/atauni.edu.tr\/cevre-muhendisligi\/wp-json\/wp\/v2\/types\/page"}],"author":[{"embeddable":true,"href":"https:\/\/atauni.edu.tr\/cevre-muhendisligi\/wp-json\/wp\/v2\/users\/86"}],"replies":[{"embeddable":true,"href":"https:\/\/atauni.edu.tr\/cevre-muhendisligi\/wp-json\/wp\/v2\/comments?post=6719"}],"version-history":[{"count":4,"href":"https:\/\/atauni.edu.tr\/cevre-muhendisligi\/wp-json\/wp\/v2\/pages\/6719\/revisions"}],"predecessor-version":[{"id":6731,"href":"https:\/\/atauni.edu.tr\/cevre-muhendisligi\/wp-json\/wp\/v2\/pages\/6719\/revisions\/6731"}],"up":[{"embeddable":true,"href":"https:\/\/atauni.edu.tr\/cevre-muhendisligi\/wp-json\/wp\/v2\/pages\/5728"}],"wp:attachment":[{"href":"https:\/\/atauni.edu.tr\/cevre-muhendisligi\/wp-json\/wp\/v2\/media?parent=6719"}],"curies":[{"name":"wp","href":"https:\/\/api.w.org\/{rel}","templated":true}]}}