{"id":7549,"date":"2025-02-25T12:33:09","date_gmt":"2025-02-25T09:33:09","guid":{"rendered":"https:\/\/birimler.atauni.edu.tr\/cevre-muhendisligi\/?page_id=7549"},"modified":"2025-11-05T14:15:06","modified_gmt":"2025-11-05T11:15:06","slug":"lisans-ders-programi","status":"publish","type":"page","link":"https:\/\/atauni.edu.tr\/cevre-muhendisligi\/lisans-ders-programi\/","title":{"rendered":"Lisans Ders Program\u0131"},"content":{"rendered":"\t\t<div data-elementor-type=\"wp-page\" data-elementor-id=\"7549\" class=\"elementor elementor-7549\" data-elementor-post-type=\"page\">\n\t\t\t\t\t\t<section class=\"elementor-section elementor-top-section elementor-element elementor-element-730d320 elementor-section-boxed elementor-section-height-default elementor-section-height-default\" data-id=\"730d320\" data-element_type=\"section\">\n\t\t\t\t\t\t<div class=\"elementor-container elementor-column-gap-default\">\n\t\t\t\t\t<div class=\"elementor-column elementor-col-100 elementor-top-column elementor-element elementor-element-753d0860\" data-id=\"753d0860\" data-element_type=\"column\">\n\t\t\t<div class=\"elementor-widget-wrap\">\n\t\t\t\t\t\t\t<\/div>\n\t\t<\/div>\n\t\t\t\t\t<\/div>\n\t\t<\/section>\n\t\t\t\t<section class=\"elementor-section elementor-top-section elementor-element elementor-element-9be811a elementor-section-boxed elementor-section-height-default elementor-section-height-default\" data-id=\"9be811a\" data-element_type=\"section\">\n\t\t\t\t\t\t<div class=\"elementor-container elementor-column-gap-default\">\n\t\t\t\t\t<div class=\"elementor-column elementor-col-100 elementor-top-column elementor-element elementor-element-1ed847b7\" data-id=\"1ed847b7\" data-element_type=\"column\">\n\t\t\t<div class=\"elementor-widget-wrap elementor-element-populated\">\n\t\t\t\t\t\t<div class=\"elementor-element elementor-element-4ce0d07f elementor-widget elementor-widget-heading\" data-id=\"4ce0d07f\" data-element_type=\"widget\" data-widget_type=\"heading.default\">\n\t\t\t\t<div class=\"elementor-widget-container\">\n\t\t\t\t\t<h2 class=\"elementor-heading-title elementor-size-default\">Lisans Ders Program\u0131<\/h2>\t\t\t\t<\/div>\n\t\t\t\t<\/div>\n\t\t\t\t<div class=\"elementor-element elementor-element-63260862 elementor-widget-divider--view-line elementor-widget elementor-widget-divider\" data-id=\"63260862\" data-element_type=\"widget\" data-widget_type=\"divider.default\">\n\t\t\t\t<div class=\"elementor-widget-container\">\n\t\t\t\t\t\t\t<div class=\"elementor-divider\">\n\t\t\t<span class=\"elementor-divider-separator\">\n\t\t\t\t\t\t<\/span>\n\t\t<\/div>\n\t\t\t\t\t\t<\/div>\n\t\t\t\t<\/div>\n\t\t\t\t\t<\/div>\n\t\t<\/div>\n\t\t\t\t\t<\/div>\n\t\t<\/section>\n\t\t\t\t<section class=\"elementor-section elementor-top-section elementor-element elementor-element-834dbaa elementor-section-boxed elementor-section-height-default elementor-section-height-default\" data-id=\"834dbaa\" data-element_type=\"section\">\n\t\t\t\t\t\t<div class=\"elementor-container elementor-column-gap-default\">\n\t\t\t\t\t<div class=\"elementor-column elementor-col-100 elementor-top-column elementor-element elementor-element-1d4cba5\" data-id=\"1d4cba5\" data-element_type=\"column\">\n\t\t\t<div class=\"elementor-widget-wrap elementor-element-populated\">\n\t\t\t\t\t\t<div class=\"elementor-element elementor-element-d0df069 elementor-widget elementor-widget-heading\" data-id=\"d0df069\" data-element_type=\"widget\" data-widget_type=\"heading.default\">\n\t\t\t\t<div class=\"elementor-widget-container\">\n\t\t\t\t\t<h2 class=\"elementor-heading-title elementor-size-default\"><a href=\"http:\/\/birimler.atauni.edu.tr\/cevre-muhendisligi\/wp-content\/uploads\/sites\/97\/2025\/11\/2025-2026_GUZ_CEVRE_MUH_DERS_PROGRAMI_KESINLESMIS.pdf\">G\u00fcncel ders program\u0131n\u0131 indirmek t\u0131klay\u0131n\u0131z. 2025-26 Bahar Yy.<\/a><\/h2>\t\t\t\t<\/div>\n\t\t\t\t<\/div>\n\t\t\t\t\t<\/div>\n\t\t<\/div>\n\t\t\t\t\t<\/div>\n\t\t<\/section>\n\t\t\t\t<section class=\"elementor-section elementor-top-section elementor-element elementor-element-960c31f elementor-section-boxed elementor-section-height-default elementor-section-height-default\" data-id=\"960c31f\" data-element_type=\"section\">\n\t\t\t\t\t\t<div class=\"elementor-container elementor-column-gap-default\">\n\t\t\t\t\t<div class=\"elementor-column elementor-col-100 elementor-top-column elementor-element elementor-element-01542a5\" data-id=\"01542a5\" data-element_type=\"column\">\n\t\t\t<div class=\"elementor-widget-wrap elementor-element-populated\">\n\t\t\t\t\t\t<div class=\"elementor-element elementor-element-241f6c6 elementor-widget elementor-widget-image\" data-id=\"241f6c6\" data-element_type=\"widget\" data-widget_type=\"image.default\">\n\t\t\t\t<div class=\"elementor-widget-container\">\n\t\t\t\t\t\t\t\t\t\t\t\t\t\t\t<img fetchpriority=\"high\" decoding=\"async\" width=\"1024\" height=\"389\" src=\"https:\/\/atauni.edu.tr\/cevre-muhendisligi\/wp-content\/uploads\/sites\/97\/2025\/11\/25-26-guz-ders-programi-kesinlesmis-jpeg-1024x389.jpg\" class=\"attachment-large size-large wp-image-7973\" alt=\"\" srcset=\"https:\/\/atauni.edu.tr\/cevre-muhendisligi\/wp-content\/uploads\/sites\/97\/2025\/11\/25-26-guz-ders-programi-kesinlesmis-jpeg-1024x389.jpg 1024w, https:\/\/atauni.edu.tr\/cevre-muhendisligi\/wp-content\/uploads\/sites\/97\/2025\/11\/25-26-guz-ders-programi-kesinlesmis-jpeg-300x114.jpg 300w, https:\/\/atauni.edu.tr\/cevre-muhendisligi\/wp-content\/uploads\/sites\/97\/2025\/11\/25-26-guz-ders-programi-kesinlesmis-jpeg-768x292.jpg 768w, https:\/\/atauni.edu.tr\/cevre-muhendisligi\/wp-content\/uploads\/sites\/97\/2025\/11\/25-26-guz-ders-programi-kesinlesmis-jpeg-1536x583.jpg 1536w, https:\/\/atauni.edu.tr\/cevre-muhendisligi\/wp-content\/uploads\/sites\/97\/2025\/11\/25-26-guz-ders-programi-kesinlesmis-jpeg-2048x778.jpg 2048w, https:\/\/atauni.edu.tr\/cevre-muhendisligi\/wp-content\/uploads\/sites\/97\/2025\/11\/25-26-guz-ders-programi-kesinlesmis-jpeg-600x228.jpg 600w, https:\/\/atauni.edu.tr\/cevre-muhendisligi\/wp-content\/uploads\/sites\/97\/2025\/11\/25-26-guz-ders-programi-kesinlesmis-jpeg-560x213.jpg 560w\" sizes=\"(max-width: 1024px) 100vw, 1024px\" \/>\t\t\t\t\t\t\t\t\t\t\t\t\t\t\t<\/div>\n\t\t\t\t<\/div>\n\t\t\t\t\t<\/div>\n\t\t<\/div>\n\t\t\t\t\t<\/div>\n\t\t<\/section>\n\t\t\t\t<\/div>\n\t\t","protected":false},"excerpt":{"rendered":"<p>Lisans Ders Program\u0131 G\u00fcncel ders program\u0131n\u0131 indirmek t\u0131klay\u0131n\u0131z. 2025-26 Bahar Yy.<\/p>\n","protected":false},"author":86,"featured_media":0,"parent":0,"menu_order":0,"comment_status":"closed","ping_status":"closed","template":"elementor_header_footer","meta":{"footnotes":""},"class_list":["post-7549","page","type-page","status-publish","hentry"],"_links":{"self":[{"href":"https:\/\/atauni.edu.tr\/cevre-muhendisligi\/wp-json\/wp\/v2\/pages\/7549","targetHints":{"allow":["GET"]}}],"collection":[{"href":"https:\/\/atauni.edu.tr\/cevre-muhendisligi\/wp-json\/wp\/v2\/pages"}],"about":[{"href":"https:\/\/atauni.edu.tr\/cevre-muhendisligi\/wp-json\/wp\/v2\/types\/page"}],"author":[{"embeddable":true,"href":"https:\/\/atauni.edu.tr\/cevre-muhendisligi\/wp-json\/wp\/v2\/users\/86"}],"replies":[{"embeddable":true,"href":"https:\/\/atauni.edu.tr\/cevre-muhendisligi\/wp-json\/wp\/v2\/comments?post=7549"}],"version-history":[{"count":7,"href":"https:\/\/atauni.edu.tr\/cevre-muhendisligi\/wp-json\/wp\/v2\/pages\/7549\/revisions"}],"predecessor-version":[{"id":7976,"href":"https:\/\/atauni.edu.tr\/cevre-muhendisligi\/wp-json\/wp\/v2\/pages\/7549\/revisions\/7976"}],"wp:attachment":[{"href":"https:\/\/atauni.edu.tr\/cevre-muhendisligi\/wp-json\/wp\/v2\/media?parent=7549"}],"curies":[{"name":"wp","href":"https:\/\/api.w.org\/{rel}","templated":true}]}}