{"id":7780,"date":"2025-03-04T17:10:07","date_gmt":"2025-03-04T14:10:07","guid":{"rendered":"https:\/\/birimler.atauni.edu.tr\/cevre-muhendisligi\/?page_id=7780"},"modified":"2025-03-04T17:10:07","modified_gmt":"2025-03-04T14:10:07","slug":"program-ciktilari","status":"publish","type":"page","link":"https:\/\/atauni.edu.tr\/cevre-muhendisligi\/program-ciktilari\/","title":{"rendered":"Program \u00c7\u0131kt\u0131lar\u0131"},"content":{"rendered":"\n<ul class=\"wp-block-list\">\n<li><strong>P\u00c7.1.<\/strong> D\u00fcnyadaki do\u011fal kaynaklar\u0131 do\u011fru bir \u015fekilde kullanan, ekosisteme ait kaynaklar\u0131 geri vermeye \u00e7al\u0131\u015fan, insan sa\u011fl\u0131\u011f\u0131 ve ekosisteme uyumlu \u00e7evre ko\u015fullar\u0131n\u0131n olu\u015fturulmas\u0131 konusunda bilin\u00e7li ve gerekli donan\u0131ma sahip olma\u0131 becerisi<\/li>\n\n\n\n<li><strong>P\u00c7.2.<\/strong> Laboratuvar \u00e7al\u0131\u015fmalar\u0131nda tecr\u00fcbeli, deney tasarlayabilen, \u00e7evresel kirlenmenin boyutlar\u0131n\u0131n belirlenmesinde \u00e7e\u015fitli cihazlar\u0131 kullanabilen ve elde edilen sonu\u00e7lar\u0131 i\u015fleyip yorumlayabilme becerisi<\/li>\n\n\n\n<li><strong>P\u00c7.3.<\/strong> Lisans E\u011fitimi esnas\u0131nda farkl\u0131 disiplinlerden alm\u0131\u015f oldu\u011fu disiplinler aras\u0131 dersler ve tasar\u0131m dersleri ile tak\u0131m \u00e7al\u0131\u015fmas\u0131nda donan\u0131ml\u0131, uyumlu, rekabet\u00e7i ve \u00f6zg\u00fcveni olan<\/li>\n\n\n\n<li><strong>P\u00c7.4.<\/strong> \u00d6zel sekt\u00f6r ve Kamu kurumlar\u0131n\u0131n ihtiya\u00e7 duyduklar\u0131 alanlarda, teorik ve uygulama y\u00f6n\u00fcnden donan\u0131ml\u0131, \u00e7evre problemlerine \u00e7\u00f6z\u00fcm \u00fcretebilen niteliklere sahip<\/li>\n\n\n\n<li><strong>P\u00c7.5.<\/strong> \u00c7evre Mevzuat\u0131na (\u00c7.E.D) h\u00e2kim, \u0130\u015f sa\u011fl\u0131\u011f\u0131 ve \u0130\u015f g\u00fcvenli\u011fi konular\u0131nda bilgili ve etik anlay\u0131\u015f\u0131na sahip<\/li>\n\n\n\n<li><strong>P\u00c7.6.<\/strong> Su ve At\u0131ksu ar\u0131t\u0131m tesisleri ve kanalizasyon sistemlerinin tasar\u0131m\u0131, in\u015faat ve i\u015fletilmesi a\u015famalar\u0131nda g\u00f6rev al\u0131p projelendirme yapabilen<\/li>\n\n\n\n<li><strong>P\u00c7.7.<\/strong> Kat\u0131 at\u0131klar\u0131n \u00e7evreye en az zarar verecek \u015fekilde bertaraf edilmesi konusunda donan\u0131ml\u0131, at\u0131klar\u0131n geri kazan\u0131lmas\u0131 ve projelendirilmesi a\u015famalar\u0131nda g\u00f6rev alabilen<\/li>\n\n\n\n<li><strong>P\u00c7.8.<\/strong> Hava kirlenmesi ile ilgili \u00f6l\u00e7\u00fcm ve denetimleri yerine getirebilen<\/li>\n\n\n\n<li><strong>P\u00c7.9.<\/strong> \u00dclkemizde ve d\u00fcnyadaki lisans\u00fcst\u00fc e\u011fitim programlar\u0131na girebilecek gerekli donan\u0131ma sahip<\/li>\n<\/ul>\n","protected":false},"excerpt":{"rendered":"","protected":false},"author":86,"featured_media":0,"parent":0,"menu_order":0,"comment_status":"closed","ping_status":"closed","template":"","meta":{"footnotes":""},"class_list":["post-7780","page","type-page","status-publish","hentry"],"_links":{"self":[{"href":"https:\/\/atauni.edu.tr\/cevre-muhendisligi\/wp-json\/wp\/v2\/pages\/7780","targetHints":{"allow":["GET"]}}],"collection":[{"href":"https:\/\/atauni.edu.tr\/cevre-muhendisligi\/wp-json\/wp\/v2\/pages"}],"about":[{"href":"https:\/\/atauni.edu.tr\/cevre-muhendisligi\/wp-json\/wp\/v2\/types\/page"}],"author":[{"embeddable":true,"href":"https:\/\/atauni.edu.tr\/cevre-muhendisligi\/wp-json\/wp\/v2\/users\/86"}],"replies":[{"embeddable":true,"href":"https:\/\/atauni.edu.tr\/cevre-muhendisligi\/wp-json\/wp\/v2\/comments?post=7780"}],"version-history":[{"count":1,"href":"https:\/\/atauni.edu.tr\/cevre-muhendisligi\/wp-json\/wp\/v2\/pages\/7780\/revisions"}],"predecessor-version":[{"id":7781,"href":"https:\/\/atauni.edu.tr\/cevre-muhendisligi\/wp-json\/wp\/v2\/pages\/7780\/revisions\/7781"}],"wp:attachment":[{"href":"https:\/\/atauni.edu.tr\/cevre-muhendisligi\/wp-json\/wp\/v2\/media?parent=7780"}],"curies":[{"name":"wp","href":"https:\/\/api.w.org\/{rel}","templated":true}]}}