{"id":7928,"date":"2025-06-25T14:46:15","date_gmt":"2025-06-25T11:46:15","guid":{"rendered":"https:\/\/birimler.atauni.edu.tr\/cevre-muhendisligi\/?page_id=7928"},"modified":"2025-07-30T13:17:01","modified_gmt":"2025-07-30T10:17:01","slug":"haberler","status":"publish","type":"page","link":"https:\/\/atauni.edu.tr\/cevre-muhendisligi\/haberler\/","title":{"rendered":"Haberler"},"content":{"rendered":"<form method=\"get\" class=\"row g-3\" style=\"margin-bottom: 20px;\"><div class=\"col-md-3\"><input type=\"text\" name=\"haber_ara\" class=\"form-control\" placeholder=\"Haber ara...\" value=\"\"><\/div><div class=\"col-md-3\"><input type=\"date\" name=\"baslangic_tarihi\" class=\"form-control\" value=\"\"><\/div><div class=\"col-md-3\"><input type=\"date\" name=\"bitis_tarihi\" class=\"form-control\" value=\"\"><\/div><div class=\"col-md-3\"><button type=\"submit\" class=\"btn btn-secondary w-50\">Filtrele<\/button><\/div><\/form><ul class=\"kategori-yazilari-liste\"><li style=\"display: flex; margin-bottom: 10px; align-items: center;\"><div class=\"post-content\" style=\"flex-grow: 1;\"><span class=\"post-date habertarih\" style=\"display: block; font-weight: bold; margin-bottom: 5px;\">11 Eyl\u00fcl 2022<\/span><a class=\"haberbaslik\" href=\"https:\/\/atauni.edu.tr\/cevre-muhendisligi\/2022\/09\/11\/bolum-arastirma-laboratuvarlarimiz-yenilendi\/\">B\u00f6l\u00fcm ara\u015ft\u0131rma laboratuvarlar\u0131m\u0131z yenilendi<\/a><\/div><\/li><\/ul>\n","protected":false},"excerpt":{"rendered":"","protected":false},"author":8,"featured_media":0,"parent":0,"menu_order":0,"comment_status":"closed","ping_status":"closed","template":"","meta":{"footnotes":""},"class_list":["post-7928","page","type-page","status-publish","hentry"],"_links":{"self":[{"href":"https:\/\/atauni.edu.tr\/cevre-muhendisligi\/wp-json\/wp\/v2\/pages\/7928","targetHints":{"allow":["GET"]}}],"collection":[{"href":"https:\/\/atauni.edu.tr\/cevre-muhendisligi\/wp-json\/wp\/v2\/pages"}],"about":[{"href":"https:\/\/atauni.edu.tr\/cevre-muhendisligi\/wp-json\/wp\/v2\/types\/page"}],"author":[{"embeddable":true,"href":"https:\/\/atauni.edu.tr\/cevre-muhendisligi\/wp-json\/wp\/v2\/users\/8"}],"replies":[{"embeddable":true,"href":"https:\/\/atauni.edu.tr\/cevre-muhendisligi\/wp-json\/wp\/v2\/comments?post=7928"}],"version-history":[{"count":2,"href":"https:\/\/atauni.edu.tr\/cevre-muhendisligi\/wp-json\/wp\/v2\/pages\/7928\/revisions"}],"predecessor-version":[{"id":7955,"href":"https:\/\/atauni.edu.tr\/cevre-muhendisligi\/wp-json\/wp\/v2\/pages\/7928\/revisions\/7955"}],"wp:attachment":[{"href":"https:\/\/atauni.edu.tr\/cevre-muhendisligi\/wp-json\/wp\/v2\/media?parent=7928"}],"curies":[{"name":"wp","href":"https:\/\/api.w.org\/{rel}","templated":true}]}}