{"id":8023,"date":"2026-01-27T12:42:40","date_gmt":"2026-01-27T09:42:40","guid":{"rendered":"https:\/\/birimler.atauni.edu.tr\/cevre-muhendisligi\/?page_id=8023"},"modified":"2026-01-27T12:55:18","modified_gmt":"2026-01-27T09:55:18","slug":"danismanlik-islemleri","status":"publish","type":"page","link":"https:\/\/atauni.edu.tr\/cevre-muhendisligi\/danismanlik-islemleri\/","title":{"rendered":"Dan\u0131\u015fmanl\u0131k \u0130\u015flemleri"},"content":{"rendered":"\t\t<div data-elementor-type=\"wp-page\" data-elementor-id=\"8023\" class=\"elementor elementor-8023\" data-elementor-post-type=\"page\">\n\t\t\t\t\t\t<section class=\"elementor-section elementor-top-section elementor-element elementor-element-730d320 elementor-section-boxed elementor-section-height-default elementor-section-height-default\" data-id=\"730d320\" data-element_type=\"section\">\n\t\t\t\t\t\t<div class=\"elementor-container elementor-column-gap-default\">\n\t\t\t\t\t<div class=\"elementor-column elementor-col-100 elementor-top-column elementor-element elementor-element-753d0860\" data-id=\"753d0860\" data-element_type=\"column\">\n\t\t\t<div class=\"elementor-widget-wrap\">\n\t\t\t\t\t\t\t<\/div>\n\t\t<\/div>\n\t\t\t\t\t<\/div>\n\t\t<\/section>\n\t\t\t\t<section class=\"elementor-section elementor-top-section elementor-element elementor-element-9be811a elementor-section-boxed elementor-section-height-default elementor-section-height-default\" data-id=\"9be811a\" data-element_type=\"section\">\n\t\t\t\t\t\t<div class=\"elementor-container elementor-column-gap-default\">\n\t\t\t\t\t<div class=\"elementor-column elementor-col-100 elementor-top-column elementor-element elementor-element-1ed847b7\" data-id=\"1ed847b7\" data-element_type=\"column\">\n\t\t\t<div class=\"elementor-widget-wrap elementor-element-populated\">\n\t\t\t\t\t\t<div class=\"elementor-element elementor-element-4ce0d07f elementor-widget elementor-widget-heading\" data-id=\"4ce0d07f\" data-element_type=\"widget\" data-widget_type=\"heading.default\">\n\t\t\t\t<div class=\"elementor-widget-container\">\n\t\t\t\t\t<h2 class=\"elementor-heading-title elementor-size-default\">Dan\u0131\u015fmanl\u0131k \u0130\u015flemleri \u0130\u015f Ak\u0131\u015f\u0131<\/h2>\t\t\t\t<\/div>\n\t\t\t\t<\/div>\n\t\t\t\t<div class=\"elementor-element elementor-element-63260862 elementor-widget-divider--view-line elementor-widget elementor-widget-divider\" data-id=\"63260862\" data-element_type=\"widget\" data-widget_type=\"divider.default\">\n\t\t\t\t<div class=\"elementor-widget-container\">\n\t\t\t\t\t\t\t<div class=\"elementor-divider\">\n\t\t\t<span class=\"elementor-divider-separator\">\n\t\t\t\t\t\t<\/span>\n\t\t<\/div>\n\t\t\t\t\t\t<\/div>\n\t\t\t\t<\/div>\n\t\t\t\t\t<\/div>\n\t\t<\/div>\n\t\t\t\t\t<\/div>\n\t\t<\/section>\n\t\t\t\t<section class=\"elementor-section elementor-top-section elementor-element elementor-element-834dbaa elementor-section-boxed elementor-section-height-default elementor-section-height-default\" data-id=\"834dbaa\" data-element_type=\"section\">\n\t\t\t\t\t\t<div class=\"elementor-container elementor-column-gap-default\">\n\t\t\t\t\t<div class=\"elementor-column elementor-col-100 elementor-top-column elementor-element elementor-element-1d4cba5\" data-id=\"1d4cba5\" data-element_type=\"column\">\n\t\t\t<div class=\"elementor-widget-wrap elementor-element-populated\">\n\t\t\t\t\t\t<div class=\"elementor-element elementor-element-d0df069 elementor-widget elementor-widget-heading\" data-id=\"d0df069\" data-element_type=\"widget\" data-widget_type=\"heading.default\">\n\t\t\t\t<div class=\"elementor-widget-container\">\n\t\t\t\t\t<h2 class=\"elementor-heading-title elementor-size-default\"><a href=\"http:\/\/birimler.atauni.edu.tr\/cevre-muhendisligi\/wp-content\/uploads\/sites\/97\/2026\/01\/Danismanlik-islemleri-is-akisi.pdf\">Dan\u0131\u015fmanl\u0131k i\u015flemlerine ili\u015fkin i\u015f ak\u0131\u015f\u0131n\u0131 pdf indirmek i\u00e7in t\u0131klay\u0131n\u0131z.<\/a><\/h2>\t\t\t\t<\/div>\n\t\t\t\t<\/div>\n\t\t\t\t\t<\/div>\n\t\t<\/div>\n\t\t\t\t\t<\/div>\n\t\t<\/section>\n\t\t\t\t<section class=\"elementor-section elementor-top-section elementor-element elementor-element-6e48a58 elementor-section-boxed elementor-section-height-default elementor-section-height-default\" data-id=\"6e48a58\" data-element_type=\"section\">\n\t\t\t\t\t\t<div class=\"elementor-container elementor-column-gap-default\">\n\t\t\t\t\t<div class=\"elementor-column elementor-col-100 elementor-top-column elementor-element elementor-element-f2c6108\" data-id=\"f2c6108\" data-element_type=\"column\">\n\t\t\t<div class=\"elementor-widget-wrap elementor-element-populated\">\n\t\t\t\t\t\t<div class=\"elementor-element elementor-element-36bc625 elementor-widget elementor-widget-gallery\" data-id=\"36bc625\" data-element_type=\"widget\" data-settings=\"{&quot;lazyload&quot;:&quot;yes&quot;,&quot;gallery_layout&quot;:&quot;grid&quot;,&quot;columns&quot;:4,&quot;columns_tablet&quot;:2,&quot;columns_mobile&quot;:1,&quot;gap&quot;:{&quot;unit&quot;:&quot;px&quot;,&quot;size&quot;:10,&quot;sizes&quot;:[]},&quot;gap_tablet&quot;:{&quot;unit&quot;:&quot;px&quot;,&quot;size&quot;:10,&quot;sizes&quot;:[]},&quot;gap_mobile&quot;:{&quot;unit&quot;:&quot;px&quot;,&quot;size&quot;:10,&quot;sizes&quot;:[]},&quot;link_to&quot;:&quot;file&quot;,&quot;aspect_ratio&quot;:&quot;3:2&quot;,&quot;overlay_background&quot;:&quot;yes&quot;,&quot;content_hover_animation&quot;:&quot;fade-in&quot;}\" data-widget_type=\"gallery.default\">\n\t\t\t\t<div class=\"elementor-widget-container\">\n\t\t\t\t\t\t\t<div class=\"elementor-gallery__container\">\n\t\t\t\t\t\t\t<a class=\"e-gallery-item elementor-gallery-item elementor-animated-content\" href=\"https:\/\/atauni.edu.tr\/cevre-muhendisligi\/wp-content\/uploads\/sites\/97\/2026\/01\/Danismanlik-islemleri-is-akisi_1-scaled.png\" data-elementor-open-lightbox=\"yes\" data-elementor-lightbox-slideshow=\"36bc625\" data-elementor-lightbox-title=\"Dan\u0131\u015fmanl\u0131k i\u015flemleri i\u015f ak\u0131\u015f\u0131_1\" data-e-action-hash=\"#elementor-action%3Aaction%3Dlightbox%26settings%3DeyJpZCI6ODAyOSwidXJsIjoiaHR0cHM6XC9cL2F0YXVuaS5lZHUudHJcL2NldnJlLW11aGVuZGlzbGlnaVwvd3AtY29udGVudFwvdXBsb2Fkc1wvc2l0ZXNcLzk3XC8yMDI2XC8wMVwvRGFuaXNtYW5saWstaXNsZW1sZXJpLWlzLWFraXNpXzEtc2NhbGVkLnBuZyIsInNsaWRlc2hvdyI6IjM2YmM2MjUifQ%3D%3D\">\n\t\t\t\t\t<div class=\"e-gallery-image elementor-gallery-item__image\" data-thumbnail=\"https:\/\/atauni.edu.tr\/cevre-muhendisligi\/wp-content\/uploads\/sites\/97\/2026\/01\/Danismanlik-islemleri-is-akisi_1-212x300.png\" data-width=\"212\" data-height=\"300\" aria-label=\"\" role=\"img\" ><\/div>\n\t\t\t\t\t\t\t\t\t\t\t<div class=\"elementor-gallery-item__overlay\"><\/div>\n\t\t\t\t\t\t\t\t\t\t\t\t\t\t<\/a>\n\t\t\t\t\t\t\t<a class=\"e-gallery-item elementor-gallery-item elementor-animated-content\" href=\"https:\/\/atauni.edu.tr\/cevre-muhendisligi\/wp-content\/uploads\/sites\/97\/2026\/01\/danisman-atamasi.jpeg\" data-elementor-open-lightbox=\"yes\" data-elementor-lightbox-slideshow=\"36bc625\" data-elementor-lightbox-title=\"dan\u0131sman atamas\u0131\" data-e-action-hash=\"#elementor-action%3Aaction%3Dlightbox%26settings%3DeyJpZCI6ODAwNiwidXJsIjoiaHR0cHM6XC9cL2F0YXVuaS5lZHUudHJcL2NldnJlLW11aGVuZGlzbGlnaVwvd3AtY29udGVudFwvdXBsb2Fkc1wvc2l0ZXNcLzk3XC8yMDI2XC8wMVwvZGFuaXNtYW4tYXRhbWFzaS5qcGVnIiwic2xpZGVzaG93IjoiMzZiYzYyNSJ9\">\n\t\t\t\t\t<div class=\"e-gallery-image elementor-gallery-item__image\" data-thumbnail=\"https:\/\/atauni.edu.tr\/cevre-muhendisligi\/wp-content\/uploads\/sites\/97\/2026\/01\/danisman-atamasi-300x169.jpeg\" data-width=\"300\" data-height=\"169\" aria-label=\"\" role=\"img\" ><\/div>\n\t\t\t\t\t\t\t\t\t\t\t<div class=\"elementor-gallery-item__overlay\"><\/div>\n\t\t\t\t\t\t\t\t\t\t\t\t\t\t<\/a>\n\t\t\t\t\t\t\t<a class=\"e-gallery-item elementor-gallery-item elementor-animated-content\" href=\"https:\/\/atauni.edu.tr\/cevre-muhendisligi\/wp-content\/uploads\/sites\/97\/2026\/01\/ders-kayit.jpeg\" data-elementor-open-lightbox=\"yes\" data-elementor-lightbox-slideshow=\"36bc625\" data-elementor-lightbox-title=\"ders kay\u0131t\" data-e-action-hash=\"#elementor-action%3Aaction%3Dlightbox%26settings%3DeyJpZCI6ODAwOSwidXJsIjoiaHR0cHM6XC9cL2F0YXVuaS5lZHUudHJcL2NldnJlLW11aGVuZGlzbGlnaVwvd3AtY29udGVudFwvdXBsb2Fkc1wvc2l0ZXNcLzk3XC8yMDI2XC8wMVwvZGVycy1rYXlpdC5qcGVnIiwic2xpZGVzaG93IjoiMzZiYzYyNSJ9\">\n\t\t\t\t\t<div class=\"e-gallery-image elementor-gallery-item__image\" data-thumbnail=\"https:\/\/atauni.edu.tr\/cevre-muhendisligi\/wp-content\/uploads\/sites\/97\/2026\/01\/ders-kayit-300x169.jpeg\" data-width=\"300\" data-height=\"169\" aria-label=\"\" role=\"img\" ><\/div>\n\t\t\t\t\t\t\t\t\t\t\t<div class=\"elementor-gallery-item__overlay\"><\/div>\n\t\t\t\t\t\t\t\t\t\t\t\t\t\t<\/a>\n\t\t\t\t\t\t\t<a class=\"e-gallery-item elementor-gallery-item elementor-animated-content\" href=\"https:\/\/atauni.edu.tr\/cevre-muhendisligi\/wp-content\/uploads\/sites\/97\/2026\/01\/ders-onayi.jpeg\" data-elementor-open-lightbox=\"yes\" data-elementor-lightbox-slideshow=\"36bc625\" data-elementor-lightbox-title=\"ders onay\u0131\" data-e-action-hash=\"#elementor-action%3Aaction%3Dlightbox%26settings%3DeyJpZCI6ODAwNywidXJsIjoiaHR0cHM6XC9cL2F0YXVuaS5lZHUudHJcL2NldnJlLW11aGVuZGlzbGlnaVwvd3AtY29udGVudFwvdXBsb2Fkc1wvc2l0ZXNcLzk3XC8yMDI2XC8wMVwvZGVycy1vbmF5aS5qcGVnIiwic2xpZGVzaG93IjoiMzZiYzYyNSJ9\">\n\t\t\t\t\t<div class=\"e-gallery-image elementor-gallery-item__image\" data-thumbnail=\"https:\/\/atauni.edu.tr\/cevre-muhendisligi\/wp-content\/uploads\/sites\/97\/2026\/01\/ders-onayi-300x169.jpeg\" data-width=\"300\" data-height=\"169\" aria-label=\"\" role=\"img\" ><\/div>\n\t\t\t\t\t\t\t\t\t\t\t<div class=\"elementor-gallery-item__overlay\"><\/div>\n\t\t\t\t\t\t\t\t\t\t\t\t\t\t<\/a>\n\t\t\t\t\t\t\t<a class=\"e-gallery-item elementor-gallery-item elementor-animated-content\" href=\"https:\/\/atauni.edu.tr\/cevre-muhendisligi\/wp-content\/uploads\/sites\/97\/2026\/01\/mezuniyet-islemleri.jpeg\" data-elementor-open-lightbox=\"yes\" data-elementor-lightbox-slideshow=\"36bc625\" data-elementor-lightbox-title=\"mezuniyet islemleri\" data-e-action-hash=\"#elementor-action%3Aaction%3Dlightbox%26settings%3DeyJpZCI6ODAwOCwidXJsIjoiaHR0cHM6XC9cL2F0YXVuaS5lZHUudHJcL2NldnJlLW11aGVuZGlzbGlnaVwvd3AtY29udGVudFwvdXBsb2Fkc1wvc2l0ZXNcLzk3XC8yMDI2XC8wMVwvbWV6dW5peWV0LWlzbGVtbGVyaS5qcGVnIiwic2xpZGVzaG93IjoiMzZiYzYyNSJ9\">\n\t\t\t\t\t<div class=\"e-gallery-image elementor-gallery-item__image\" data-thumbnail=\"https:\/\/atauni.edu.tr\/cevre-muhendisligi\/wp-content\/uploads\/sites\/97\/2026\/01\/mezuniyet-islemleri-300x169.jpeg\" data-width=\"300\" data-height=\"169\" aria-label=\"\" role=\"img\" ><\/div>\n\t\t\t\t\t\t\t\t\t\t\t<div class=\"elementor-gallery-item__overlay\"><\/div>\n\t\t\t\t\t\t\t\t\t\t\t\t\t\t<\/a>\n\t\t\t\t\t<\/div>\n\t\t\t\t\t<\/div>\n\t\t\t\t<\/div>\n\t\t\t\t\t<\/div>\n\t\t<\/div>\n\t\t\t\t\t<\/div>\n\t\t<\/section>\n\t\t\t\t<\/div>\n\t\t","protected":false},"excerpt":{"rendered":"<p>Dan\u0131\u015fmanl\u0131k \u0130\u015flemleri \u0130\u015f Ak\u0131\u015f\u0131 Dan\u0131\u015fmanl\u0131k i\u015flemlerine ili\u015fkin i\u015f ak\u0131\u015f\u0131n\u0131 pdf indirmek i\u00e7in t\u0131klay\u0131n\u0131z.<\/p>\n","protected":false},"author":86,"featured_media":0,"parent":0,"menu_order":0,"comment_status":"closed","ping_status":"closed","template":"elementor_header_footer","meta":{"footnotes":""},"class_list":["post-8023","page","type-page","status-publish","hentry"],"_links":{"self":[{"href":"https:\/\/atauni.edu.tr\/cevre-muhendisligi\/wp-json\/wp\/v2\/pages\/8023","targetHints":{"allow":["GET"]}}],"collection":[{"href":"https:\/\/atauni.edu.tr\/cevre-muhendisligi\/wp-json\/wp\/v2\/pages"}],"about":[{"href":"https:\/\/atauni.edu.tr\/cevre-muhendisligi\/wp-json\/wp\/v2\/types\/page"}],"author":[{"embeddable":true,"href":"https:\/\/atauni.edu.tr\/cevre-muhendisligi\/wp-json\/wp\/v2\/users\/86"}],"replies":[{"embeddable":true,"href":"https:\/\/atauni.edu.tr\/cevre-muhendisligi\/wp-json\/wp\/v2\/comments?post=8023"}],"version-history":[{"count":13,"href":"https:\/\/atauni.edu.tr\/cevre-muhendisligi\/wp-json\/wp\/v2\/pages\/8023\/revisions"}],"predecessor-version":[{"id":8039,"href":"https:\/\/atauni.edu.tr\/cevre-muhendisligi\/wp-json\/wp\/v2\/pages\/8023\/revisions\/8039"}],"wp:attachment":[{"href":"https:\/\/atauni.edu.tr\/cevre-muhendisligi\/wp-json\/wp\/v2\/media?parent=8023"}],"curies":[{"name":"wp","href":"https:\/\/api.w.org\/{rel}","templated":true}]}}