{"id":5638,"date":"2021-07-13T09:49:25","date_gmt":"2021-07-13T06:49:25","guid":{"rendered":"https:\/\/portaltest.atauni.edu.tr\/bilgisayar-muhendisligi\/?page_id=5638"},"modified":"2022-02-02T12:49:59","modified_gmt":"2022-02-02T09:49:59","slug":"tarihce","status":"publish","type":"page","link":"https:\/\/atauni.edu.tr\/cevre-sorunlari-uygulama-ve-arastirma-merkezi\/tarihce\/","title":{"rendered":"Tarih\u00e7e"},"content":{"rendered":"\t\t<div data-elementor-type=\"wp-page\" data-elementor-id=\"5638\" class=\"elementor elementor-5638\" data-elementor-post-type=\"page\">\n\t\t\t\t\t\t<section class=\"elementor-section elementor-top-section elementor-element elementor-element-730d320 elementor-section-boxed elementor-section-height-default elementor-section-height-default\" data-id=\"730d320\" data-element_type=\"section\">\n\t\t\t\t\t\t<div class=\"elementor-container elementor-column-gap-default\">\n\t\t\t\t\t<div class=\"elementor-column elementor-col-100 elementor-top-column elementor-element elementor-element-753d0860\" data-id=\"753d0860\" data-element_type=\"column\">\n\t\t\t<div class=\"elementor-widget-wrap\">\n\t\t\t\t\t\t\t<\/div>\n\t\t<\/div>\n\t\t\t\t\t<\/div>\n\t\t<\/section>\n\t\t\t\t<section class=\"elementor-section elementor-top-section elementor-element elementor-element-9be811a elementor-section-boxed elementor-section-height-default elementor-section-height-default\" data-id=\"9be811a\" data-element_type=\"section\">\n\t\t\t\t\t\t<div class=\"elementor-container elementor-column-gap-default\">\n\t\t\t\t\t<div class=\"elementor-column elementor-col-100 elementor-top-column elementor-element elementor-element-1ed847b7\" data-id=\"1ed847b7\" data-element_type=\"column\">\n\t\t\t<div class=\"elementor-widget-wrap elementor-element-populated\">\n\t\t\t\t\t\t<div class=\"elementor-element elementor-element-4ce0d07f elementor-widget elementor-widget-heading\" data-id=\"4ce0d07f\" data-element_type=\"widget\" data-widget_type=\"heading.default\">\n\t\t\t\t<div class=\"elementor-widget-container\">\n\t\t\t\t\t<h2 class=\"elementor-heading-title elementor-size-default\">Tarih\u00e7e<\/h2>\t\t\t\t<\/div>\n\t\t\t\t<\/div>\n\t\t\t\t<div class=\"elementor-element elementor-element-63260862 elementor-widget-divider--view-line elementor-widget elementor-widget-divider\" data-id=\"63260862\" data-element_type=\"widget\" data-widget_type=\"divider.default\">\n\t\t\t\t<div class=\"elementor-widget-container\">\n\t\t\t\t\t\t\t<div class=\"elementor-divider\">\n\t\t\t<span class=\"elementor-divider-separator\">\n\t\t\t\t\t\t<\/span>\n\t\t<\/div>\n\t\t\t\t\t\t<\/div>\n\t\t\t\t<\/div>\n\t\t\t\t\t<\/div>\n\t\t<\/div>\n\t\t\t\t\t<\/div>\n\t\t<\/section>\n\t\t\t\t<section class=\"elementor-section elementor-top-section elementor-element elementor-element-681db8b elementor-section-boxed elementor-section-height-default elementor-section-height-default\" data-id=\"681db8b\" data-element_type=\"section\">\n\t\t\t\t\t\t<div class=\"elementor-container elementor-column-gap-default\">\n\t\t\t\t\t<div class=\"elementor-column elementor-col-100 elementor-top-column elementor-element elementor-element-ad4dac5\" data-id=\"ad4dac5\" data-element_type=\"column\">\n\t\t\t<div class=\"elementor-widget-wrap elementor-element-populated\">\n\t\t\t\t\t\t<div class=\"elementor-element elementor-element-2f96b3d elementor-drop-cap-yes elementor-drop-cap-view-default elementor-widget elementor-widget-text-editor\" data-id=\"2f96b3d\" data-element_type=\"widget\" data-settings=\"{&quot;drop_cap&quot;:&quot;yes&quot;}\" data-widget_type=\"text-editor.default\">\n\t\t\t\t<div class=\"elementor-widget-container\">\n\t\t\t\t\t\t\t\t\t<div class=\"row mt-4\" style=\"margin-right: -15px;margin-left: -15px;margin-top: 1.5rem !important;color: #212529;font-family: Ubuntu-ligth;font-size: 16px;font-style: normal;font-weight: 300;letter-spacing: normal;text-align: left;text-indent: 0px;text-transform: none;background-color: #fafafa\"><h6 class=\"col-10\" style=\"width: 756.25px;padding-right: 15px;padding-left: 15px;flex: 0 0 83.3333%;max-width: 83.3333%\"><span style=\"text-align: justify;font-family: Ubuntu;font-size: 13px\">Atat\u00fcrk \u00dcniversitesi \u00c7evre Sorunlar\u0131 Ara\u015ft\u0131rma Merkezi, 1750 say\u0131l\u0131 \u00dcniversiteler Kanunu ile 02. 11.1978 tarihinde \u00c7evre Sorunlar\u0131 Ara\u015ft\u0131rma Enstit\u00fcs\u00fc ad\u0131 alt\u0131nda kurulmu\u015ftur. Enstit\u00fc, 2547 say\u0131l\u0131 Y\u00fcksek \u00d6\u011frenim Kanunu ile 2809 say\u0131l\u0131 Kanun ve \u00dcniversitelerde Akademik Te\u015fkilat Y\u00f6netmeli\u011fi uyar\u0131nca \u00dcniversite Senatosunun 05.03.1982 tarih ve 3\/3-f karar\u0131 ile Rekt\u00f6rl\u00fc\u011fe ba\u011fl\u0131 \u00c7evre Sorunlar\u0131 Ara\u015ft\u0131rma Merkezi ad\u0131n\u0131 alm\u0131\u015ft\u0131r.<\/span><\/h6><\/div><div class=\"hakkinda\" style=\"padding-top: 15px;font-family: Ubuntu !important;font-size: 13px !important;color: #212529;font-style: normal;font-weight: 300;letter-spacing: normal;text-align: left;text-indent: 0px;text-transform: none;background-color: #fafafa\"><p style=\"margin-top: 0px;margin-bottom: 1rem;color: #868681;line-height: 26px;text-align: left;padding: 0px 12px;font-weight: normal;font-family: Ubuntu !important;font-size: 13px !important\">\u00a0<\/p><\/div>\t\t\t\t\t\t\t\t<\/div>\n\t\t\t\t<\/div>\n\t\t\t\t\t<\/div>\n\t\t<\/div>\n\t\t\t\t\t<\/div>\n\t\t<\/section>\n\t\t\t\t<\/div>\n\t\t","protected":false},"excerpt":{"rendered":"<p>Tarih\u00e7e Atat\u00fcrk \u00dcniversitesi \u00c7evre Sorunlar\u0131 Ara\u015ft\u0131rma Merkezi, 1750 say\u0131l\u0131 \u00dcniversiteler Kanunu ile 02. 11.1978 tarihinde \u00c7evre Sorunlar\u0131 Ara\u015ft\u0131rma Enstit\u00fcs\u00fc ad\u0131 alt\u0131nda kurulmu\u015ftur. Enstit\u00fc, 2547 say\u0131l\u0131 Y\u00fcksek \u00d6\u011frenim Kanunu ile 2809 say\u0131l\u0131 Kanun ve \u00dcniversitelerde Akademik Te\u015fkilat Y\u00f6netmeli\u011fi uyar\u0131nca \u00dcniversite Senatosunun 05.03.1982 tarih ve 3\/3-f karar\u0131 ile Rekt\u00f6rl\u00fc\u011fe ba\u011fl\u0131 \u00c7evre Sorunlar\u0131 Ara\u015ft\u0131rma Merkezi ad\u0131n\u0131 alm\u0131\u015ft\u0131r. \u00a0<\/p>\n","protected":false},"author":1,"featured_media":0,"parent":0,"menu_order":0,"comment_status":"closed","ping_status":"closed","template":"","meta":{"footnotes":""},"class_list":["post-5638","page","type-page","status-publish","hentry"],"_links":{"self":[{"href":"https:\/\/atauni.edu.tr\/cevre-sorunlari-uygulama-ve-arastirma-merkezi\/wp-json\/wp\/v2\/pages\/5638","targetHints":{"allow":["GET"]}}],"collection":[{"href":"https:\/\/atauni.edu.tr\/cevre-sorunlari-uygulama-ve-arastirma-merkezi\/wp-json\/wp\/v2\/pages"}],"about":[{"href":"https:\/\/atauni.edu.tr\/cevre-sorunlari-uygulama-ve-arastirma-merkezi\/wp-json\/wp\/v2\/types\/page"}],"author":[{"embeddable":true,"href":"https:\/\/atauni.edu.tr\/cevre-sorunlari-uygulama-ve-arastirma-merkezi\/wp-json\/wp\/v2\/users\/1"}],"replies":[{"embeddable":true,"href":"https:\/\/atauni.edu.tr\/cevre-sorunlari-uygulama-ve-arastirma-merkezi\/wp-json\/wp\/v2\/comments?post=5638"}],"version-history":[{"count":29,"href":"https:\/\/atauni.edu.tr\/cevre-sorunlari-uygulama-ve-arastirma-merkezi\/wp-json\/wp\/v2\/pages\/5638\/revisions"}],"predecessor-version":[{"id":7279,"href":"https:\/\/atauni.edu.tr\/cevre-sorunlari-uygulama-ve-arastirma-merkezi\/wp-json\/wp\/v2\/pages\/5638\/revisions\/7279"}],"wp:attachment":[{"href":"https:\/\/atauni.edu.tr\/cevre-sorunlari-uygulama-ve-arastirma-merkezi\/wp-json\/wp\/v2\/media?parent=5638"}],"curies":[{"name":"wp","href":"https:\/\/api.w.org\/{rel}","templated":true}]}}