{"id":5682,"date":"2021-07-13T10:10:01","date_gmt":"2021-07-13T07:10:01","guid":{"rendered":"https:\/\/portaltest.atauni.edu.tr\/bilgisayar-muhendisligi\/?page_id=5682"},"modified":"2022-12-07T15:49:53","modified_gmt":"2022-12-07T12:49:53","slug":"misyon-vizyon-ve-temel-degerler","status":"publish","type":"page","link":"https:\/\/atauni.edu.tr\/cevre-sorunlari-uygulama-ve-arastirma-merkezi\/misyon-vizyon-ve-temel-degerler\/","title":{"rendered":"Misyon, Vizyon ve Temel De\u011ferler"},"content":{"rendered":"\t\t<div data-elementor-type=\"wp-page\" data-elementor-id=\"5682\" class=\"elementor elementor-5682\" data-elementor-post-type=\"page\">\n\t\t\t\t\t\t<section class=\"elementor-section elementor-top-section elementor-element elementor-element-730d320 elementor-section-boxed elementor-section-height-default elementor-section-height-default\" data-id=\"730d320\" data-element_type=\"section\">\n\t\t\t\t\t\t<div class=\"elementor-container elementor-column-gap-default\">\n\t\t\t\t\t<div class=\"elementor-column elementor-col-100 elementor-top-column elementor-element elementor-element-753d0860\" data-id=\"753d0860\" data-element_type=\"column\">\n\t\t\t<div class=\"elementor-widget-wrap\">\n\t\t\t\t\t\t\t<\/div>\n\t\t<\/div>\n\t\t\t\t\t<\/div>\n\t\t<\/section>\n\t\t\t\t<section class=\"elementor-section elementor-top-section elementor-element elementor-element-9be811a elementor-section-boxed elementor-section-height-default elementor-section-height-default\" data-id=\"9be811a\" data-element_type=\"section\">\n\t\t\t\t\t\t<div class=\"elementor-container elementor-column-gap-default\">\n\t\t\t\t\t<div class=\"elementor-column elementor-col-100 elementor-top-column elementor-element elementor-element-1ed847b7\" data-id=\"1ed847b7\" data-element_type=\"column\">\n\t\t\t<div class=\"elementor-widget-wrap elementor-element-populated\">\n\t\t\t\t\t\t<div class=\"elementor-element elementor-element-4ce0d07f elementor-widget elementor-widget-heading\" data-id=\"4ce0d07f\" data-element_type=\"widget\" data-widget_type=\"heading.default\">\n\t\t\t\t<div class=\"elementor-widget-container\">\n\t\t\t\t\t<h2 class=\"elementor-heading-title elementor-size-default\">Misyon, Vizyon ve Temel De\u011ferler<\/h2>\t\t\t\t<\/div>\n\t\t\t\t<\/div>\n\t\t\t\t<div class=\"elementor-element elementor-element-63260862 elementor-widget-divider--view-line elementor-widget elementor-widget-divider\" data-id=\"63260862\" data-element_type=\"widget\" data-widget_type=\"divider.default\">\n\t\t\t\t<div class=\"elementor-widget-container\">\n\t\t\t\t\t\t\t<div class=\"elementor-divider\">\n\t\t\t<span class=\"elementor-divider-separator\">\n\t\t\t\t\t\t<\/span>\n\t\t<\/div>\n\t\t\t\t\t\t<\/div>\n\t\t\t\t<\/div>\n\t\t\t\t\t<\/div>\n\t\t<\/div>\n\t\t\t\t\t<\/div>\n\t\t<\/section>\n\t\t\t\t<section class=\"elementor-section elementor-top-section elementor-element elementor-element-681db8b elementor-section-boxed elementor-section-height-default elementor-section-height-default\" data-id=\"681db8b\" data-element_type=\"section\">\n\t\t\t\t\t\t<div class=\"elementor-container elementor-column-gap-default\">\n\t\t\t\t\t<div class=\"elementor-column elementor-col-100 elementor-top-column elementor-element elementor-element-ad4dac5\" data-id=\"ad4dac5\" data-element_type=\"column\">\n\t\t\t<div class=\"elementor-widget-wrap elementor-element-populated\">\n\t\t\t\t\t\t<div class=\"elementor-element elementor-element-e91ac33 elementor-widget elementor-widget-heading\" data-id=\"e91ac33\" data-element_type=\"widget\" data-widget_type=\"heading.default\">\n\t\t\t\t<div class=\"elementor-widget-container\">\n\t\t\t\t\t<h2 class=\"elementor-heading-title elementor-size-default\"><a href=\"https:\/\/birimler.atauni.edu.tr\/cevre-sorunlari-uygulama-ve-arastirma-merkezi\/wp-content\/uploads\/sites\/486\/2020\/07\/Yonetmelik.pdf\">Y\u00f6netmelik<\/a><\/h2>\t\t\t\t<\/div>\n\t\t\t\t<\/div>\n\t\t\t\t<div class=\"elementor-element elementor-element-2f96b3d elementor-drop-cap-yes elementor-drop-cap-view-default elementor-widget elementor-widget-text-editor\" data-id=\"2f96b3d\" data-element_type=\"widget\" data-settings=\"{&quot;drop_cap&quot;:&quot;yes&quot;}\" data-widget_type=\"text-editor.default\">\n\t\t\t\t<div class=\"elementor-widget-container\">\n\t\t\t\t\t\t\t\t\t<div><h2><span style=\"color: #7a7a7a;font-family: Roboto, sans-serif;font-size: 17px;font-weight: 400\">V\u0130ZYON<\/span><\/h2><h3><span style=\"letter-spacing: 0px;color: #7a7a7a;font-family: Roboto, sans-serif;font-size: 17px;font-weight: 400\">Merkezimiz \u00fclkemizde kurulan ilk \u00c7evre Sorunlar\u0131 Ara\u015ft\u0131rma Merkezlerinden biri olma \u00f6zelli\u011fine sahiptir. Merkezimiz 2021 y\u0131l\u0131 itibari ile 43. kurulu\u015f y\u0131l\u0131n\u0131 kutlamaktad\u0131r. Merkezimizin vizyonu, Atat\u00fcrk \u00dcniversitesi &#8220;Yeni Nesil \u00dcniversite&#8221; vizyonu \u00e7er\u00e7evesinde b\u00f6lgemizin sorunlar\u0131 \u00f6ncelikle olmak \u00fczere \u00e7evre sorunlar\u0131n\u0131n \u00e7\u00f6z\u00fcm\u00fcnde s\u00fcrd\u00fcr\u00fclebilir bilimsel \u00e7\u00f6z\u00fcmler sunan bir kurum olmakt\u0131r.<\/span><\/h3><div>\u00a0<\/div><div>M\u0130SYON<\/div><div>\u00a0<\/div><div>\u00c7evre Sorunlar\u0131 Ara\u015ft\u0131rma ve Uygulama Merkezi&#8217;nin kurulu\u015f amac\u0131; 2547 say\u0131l\u0131 Y\u00fcksek \u00d6\u011fretim Kanunu&#8217;nun 4. ve 5. maddelerinde belirtilen ama\u00e7 ve ana ilkeler, ayn\u0131 kanunun 12\/g maddesinde ve 37. maddesinde belirtiler esaslar do\u011frultusunda \u00c7evre Sorunlar\u0131 konusunda ara\u015ft\u0131rma, meslek i\u00e7i e\u011fitim ve yay\u0131m faaliyetlerinde bulunmakt\u0131r. Ayr\u0131ca merkezin g\u00f6revleri a\u015fa\u011f\u0131da s\u0131ralanmaktad\u0131r.<\/div><div>\u00a0<\/div><div>1-Yeni nesil \u00fcniversitenin \u00e7evresel sorunlara s\u0131f\u0131r at\u0131k yakla\u015f\u0131m\u0131 ile teorik ve uygulamal\u0131 \u00e7al\u0131\u015fmalarla bilgi \u00fcretmek ve toplumsal fark\u0131ndal\u0131k olu\u015fturmak.<\/div><div>2-\u00c7evre sorunlar\u0131n\u0131n \u00e7\u00f6z\u00fcm\u00fc ile ilgili olarak, gerekti\u011finde resmi ve \u00f6zel kurulu\u015flarla i\u015fbirli\u011fi yapmak.<\/div><div>3-Kamu ve \u00f6zel kurulu\u015flar taraf\u0131ndan ara\u015ft\u0131r\u0131lmas\u0131 istenen konularda onlara yard\u0131mc\u0131 olmak ve gerekli incelemeleri yapmak.<\/div><div>4-\u00c7evre sorunlar\u0131n\u0131n tan\u0131t\u0131lmas\u0131 ve \u00e7\u00f6z\u00fcm \u00f6nerilerinin ilgililere duyurulmas\u0131 amac\u0131yla seminer, konferans, a\u00e7\u0131k oturum, sempozyum, kurs, bilimsel ve teknik \u00f6zellikte ara\u015ft\u0131rma ve inceleme gezileri d\u00fczenlemek.<\/div><div>5-Yurti\u00e7i ve yurt d\u0131\u015f\u0131nda yap\u0131lan bilimsel kongre, sempozyum, konferans ve kurslara temsilci g\u00f6ndermek.<\/div><\/div>\t\t\t\t\t\t\t\t<\/div>\n\t\t\t\t<\/div>\n\t\t\t\t\t<\/div>\n\t\t<\/div>\n\t\t\t\t\t<\/div>\n\t\t<\/section>\n\t\t\t\t<\/div>\n\t\t","protected":false},"excerpt":{"rendered":"<p>Misyon, Vizyon ve Temel De\u011ferler Y\u00f6netmelik V\u0130ZYON Merkezimiz \u00fclkemizde kurulan ilk \u00c7evre Sorunlar\u0131 Ara\u015ft\u0131rma Merkezlerinden biri olma \u00f6zelli\u011fine sahiptir. Merkezimiz 2021 y\u0131l\u0131 itibari ile 43. kurulu\u015f y\u0131l\u0131n\u0131 kutlamaktad\u0131r. Merkezimizin vizyonu, Atat\u00fcrk \u00dcniversitesi &#8220;Yeni Nesil \u00dcniversite&#8221; vizyonu \u00e7er\u00e7evesinde b\u00f6lgemizin sorunlar\u0131 \u00f6ncelikle olmak \u00fczere \u00e7evre sorunlar\u0131n\u0131n \u00e7\u00f6z\u00fcm\u00fcnde s\u00fcrd\u00fcr\u00fclebilir bilimsel \u00e7\u00f6z\u00fcmler sunan bir kurum olmakt\u0131r. \u00a0M\u0130SYON\u00a0\u00c7evre Sorunlar\u0131 Ara\u015ft\u0131rma [&hellip;]<\/p>\n","protected":false},"author":1,"featured_media":0,"parent":0,"menu_order":0,"comment_status":"closed","ping_status":"closed","template":"elementor_header_footer","meta":{"footnotes":""},"class_list":["post-5682","page","type-page","status-publish","hentry"],"_links":{"self":[{"href":"https:\/\/atauni.edu.tr\/cevre-sorunlari-uygulama-ve-arastirma-merkezi\/wp-json\/wp\/v2\/pages\/5682","targetHints":{"allow":["GET"]}}],"collection":[{"href":"https:\/\/atauni.edu.tr\/cevre-sorunlari-uygulama-ve-arastirma-merkezi\/wp-json\/wp\/v2\/pages"}],"about":[{"href":"https:\/\/atauni.edu.tr\/cevre-sorunlari-uygulama-ve-arastirma-merkezi\/wp-json\/wp\/v2\/types\/page"}],"author":[{"embeddable":true,"href":"https:\/\/atauni.edu.tr\/cevre-sorunlari-uygulama-ve-arastirma-merkezi\/wp-json\/wp\/v2\/users\/1"}],"replies":[{"embeddable":true,"href":"https:\/\/atauni.edu.tr\/cevre-sorunlari-uygulama-ve-arastirma-merkezi\/wp-json\/wp\/v2\/comments?post=5682"}],"version-history":[{"count":29,"href":"https:\/\/atauni.edu.tr\/cevre-sorunlari-uygulama-ve-arastirma-merkezi\/wp-json\/wp\/v2\/pages\/5682\/revisions"}],"predecessor-version":[{"id":7278,"href":"https:\/\/atauni.edu.tr\/cevre-sorunlari-uygulama-ve-arastirma-merkezi\/wp-json\/wp\/v2\/pages\/5682\/revisions\/7278"}],"wp:attachment":[{"href":"https:\/\/atauni.edu.tr\/cevre-sorunlari-uygulama-ve-arastirma-merkezi\/wp-json\/wp\/v2\/media?parent=5682"}],"curies":[{"name":"wp","href":"https:\/\/api.w.org\/{rel}","templated":true}]}}