{"id":5700,"date":"2021-07-13T10:17:09","date_gmt":"2021-07-13T07:17:09","guid":{"rendered":"https:\/\/portaltest.atauni.edu.tr\/bilgisayar-muhendisligi\/?page_id=5700"},"modified":"2022-01-27T14:47:46","modified_gmt":"2022-01-27T11:47:46","slug":"personel","status":"publish","type":"page","link":"https:\/\/atauni.edu.tr\/cevre-sorunlari-uygulama-ve-arastirma-merkezi\/personel\/","title":{"rendered":"Personel"},"content":{"rendered":"\t\t<div data-elementor-type=\"wp-page\" data-elementor-id=\"5700\" class=\"elementor elementor-5700\" data-elementor-post-type=\"page\">\n\t\t\t\t\t\t<section class=\"elementor-section elementor-top-section elementor-element elementor-element-22b96024 elementor-section-boxed elementor-section-height-default elementor-section-height-default\" data-id=\"22b96024\" data-element_type=\"section\">\n\t\t\t\t\t\t<div class=\"elementor-container elementor-column-gap-default\">\n\t\t\t\t\t<div class=\"elementor-column elementor-col-100 elementor-top-column elementor-element elementor-element-5a1f7769\" data-id=\"5a1f7769\" data-element_type=\"column\">\n\t\t\t<div class=\"elementor-widget-wrap elementor-element-populated\">\n\t\t\t\t\t\t<div class=\"elementor-element elementor-element-3b3e2d4a elementor-widget elementor-widget-heading\" data-id=\"3b3e2d4a\" data-element_type=\"widget\" data-widget_type=\"heading.default\">\n\t\t\t\t<div class=\"elementor-widget-container\">\n\t\t\t\t\t<h2 class=\"elementor-heading-title elementor-size-default\">Akademik Personel<\/h2>\t\t\t\t<\/div>\n\t\t\t\t<\/div>\n\t\t\t\t<div class=\"elementor-element elementor-element-35223868 elementor-widget-divider--view-line elementor-widget elementor-widget-divider\" data-id=\"35223868\" data-element_type=\"widget\" data-widget_type=\"divider.default\">\n\t\t\t\t<div class=\"elementor-widget-container\">\n\t\t\t\t\t\t\t<div class=\"elementor-divider\">\n\t\t\t<span class=\"elementor-divider-separator\">\n\t\t\t\t\t\t<\/span>\n\t\t<\/div>\n\t\t\t\t\t\t<\/div>\n\t\t\t\t<\/div>\n\t\t\t\t\t<\/div>\n\t\t<\/div>\n\t\t\t\t\t<\/div>\n\t\t<\/section>\n\t\t\t\t<section class=\"elementor-section elementor-top-section elementor-element elementor-element-cb2ffd5 elementor-section-boxed elementor-section-height-default elementor-section-height-default\" data-id=\"cb2ffd5\" data-element_type=\"section\">\n\t\t\t\t\t\t<div class=\"elementor-container elementor-column-gap-default\">\n\t\t\t\t\t<div class=\"elementor-column elementor-col-100 elementor-top-column elementor-element elementor-element-57deaeb\" data-id=\"57deaeb\" data-element_type=\"column\">\n\t\t\t<div class=\"elementor-widget-wrap elementor-element-populated\">\n\t\t\t\t\t\t<div class=\"elementor-element elementor-element-c8aae0a elementor-widget elementor-widget-text-editor\" data-id=\"c8aae0a\" data-element_type=\"widget\" data-widget_type=\"text-editor.default\">\n\t\t\t\t<div class=\"elementor-widget-container\">\n\t\t\t\t\t\t\t\t\t<p><a href=\"https:\/\/avesis.atauni.edu.tr\/emrecomakli\">\u00d6\u011fr. G\u00f6r. Dr. Emre \u00c7OMAKLI<\/a><\/p>\t\t\t\t\t\t\t\t<\/div>\n\t\t\t\t<\/div>\n\t\t\t\t\t<\/div>\n\t\t<\/div>\n\t\t\t\t\t<\/div>\n\t\t<\/section>\n\t\t\t\t<\/div>\n\t\t","protected":false},"excerpt":{"rendered":"<p>Akademik Personel \u00d6\u011fr. G\u00f6r. Dr. Emre \u00c7OMAKLI<\/p>\n","protected":false},"author":1,"featured_media":0,"parent":0,"menu_order":0,"comment_status":"closed","ping_status":"closed","template":"elementor_header_footer","meta":{"footnotes":""},"class_list":["post-5700","page","type-page","status-publish","hentry"],"_links":{"self":[{"href":"https:\/\/atauni.edu.tr\/cevre-sorunlari-uygulama-ve-arastirma-merkezi\/wp-json\/wp\/v2\/pages\/5700","targetHints":{"allow":["GET"]}}],"collection":[{"href":"https:\/\/atauni.edu.tr\/cevre-sorunlari-uygulama-ve-arastirma-merkezi\/wp-json\/wp\/v2\/pages"}],"about":[{"href":"https:\/\/atauni.edu.tr\/cevre-sorunlari-uygulama-ve-arastirma-merkezi\/wp-json\/wp\/v2\/types\/page"}],"author":[{"embeddable":true,"href":"https:\/\/atauni.edu.tr\/cevre-sorunlari-uygulama-ve-arastirma-merkezi\/wp-json\/wp\/v2\/users\/1"}],"replies":[{"embeddable":true,"href":"https:\/\/atauni.edu.tr\/cevre-sorunlari-uygulama-ve-arastirma-merkezi\/wp-json\/wp\/v2\/comments?post=5700"}],"version-history":[{"count":28,"href":"https:\/\/atauni.edu.tr\/cevre-sorunlari-uygulama-ve-arastirma-merkezi\/wp-json\/wp\/v2\/pages\/5700\/revisions"}],"predecessor-version":[{"id":6192,"href":"https:\/\/atauni.edu.tr\/cevre-sorunlari-uygulama-ve-arastirma-merkezi\/wp-json\/wp\/v2\/pages\/5700\/revisions\/6192"}],"wp:attachment":[{"href":"https:\/\/atauni.edu.tr\/cevre-sorunlari-uygulama-ve-arastirma-merkezi\/wp-json\/wp\/v2\/media?parent=5700"}],"curies":[{"name":"wp","href":"https:\/\/api.w.org\/{rel}","templated":true}]}}