{"id":6698,"date":"2022-02-27T03:41:43","date_gmt":"2022-02-27T00:41:43","guid":{"rendered":"https:\/\/birimler.atauni.edu.tr\/cevre-sorunlari-uygulama-ve-arastirma-merkezi\/?page_id=6698"},"modified":"2022-04-29T17:08:07","modified_gmt":"2022-04-29T14:08:07","slug":"danisma-kurulu","status":"publish","type":"page","link":"https:\/\/atauni.edu.tr\/cevre-sorunlari-uygulama-ve-arastirma-merkezi\/danisma-kurulu\/","title":{"rendered":"Dan\u0131\u015fma Kurulu"},"content":{"rendered":"\t\t<div data-elementor-type=\"wp-page\" data-elementor-id=\"6698\" class=\"elementor elementor-6698\" data-elementor-post-type=\"page\">\n\t\t\t\t\t\t<section class=\"elementor-section elementor-top-section elementor-element elementor-element-85ee450 elementor-section-boxed elementor-section-height-default elementor-section-height-default\" data-id=\"85ee450\" data-element_type=\"section\">\n\t\t\t\t\t\t<div class=\"elementor-container elementor-column-gap-default\">\n\t\t\t\t\t<div class=\"elementor-column elementor-col-100 elementor-top-column elementor-element elementor-element-46d5d6e\" data-id=\"46d5d6e\" data-element_type=\"column\">\n\t\t\t<div class=\"elementor-widget-wrap elementor-element-populated\">\n\t\t\t\t\t\t<div class=\"elementor-element elementor-element-4e71b71 elementor-widget elementor-widget-text-editor\" data-id=\"4e71b71\" data-element_type=\"widget\" data-widget_type=\"text-editor.default\">\n\t\t\t\t<div class=\"elementor-widget-container\">\n\t\t\t\t\t\t\t\t\t<p><b><u>Dan\u0131\u015fma Kurulu \u00dcyeleri<\/u><\/b><\/p><ul><li>Prof. Dr. Erg\u00fcn YILDIZ<\/li><li>Prof. Dr. Ta\u015fk\u0131n \u00d6ZTA\u015e<\/li><li>Prof. Dr. M\u00fckerrem KAYA<\/li><li>Prof. Dr. \u00dcst\u00fcn \u015eAH\u0130N<\/li><li>Prof. Dr. Hasan SE\u00c7EN<\/li><li>Prof. Dr. Faris KARAHAN<\/li><li>Esra YILDIRIM ( \u00c7evre,\u015eehircilik ve \u0130klim De\u011fi\u015fikli\u011fi \u0130l M\u00fcd\u00fcrl\u00fc\u011f\u00fc)<\/li><li>Abdullah SUNAR ( EBB \u00c7evre Koruma ve Kontrol Dairesi Ba\u015fkanl\u0131\u011f\u0131)<\/li><\/ul>\t\t\t\t\t\t\t\t<\/div>\n\t\t\t\t<\/div>\n\t\t\t\t\t<\/div>\n\t\t<\/div>\n\t\t\t\t\t<\/div>\n\t\t<\/section>\n\t\t\t\t<\/div>\n\t\t","protected":false},"excerpt":{"rendered":"<p>Dan\u0131\u015fma Kurulu \u00dcyeleri Prof. Dr. Erg\u00fcn YILDIZ Prof. Dr. Ta\u015fk\u0131n \u00d6ZTA\u015e Prof. Dr. M\u00fckerrem KAYA Prof. Dr. \u00dcst\u00fcn \u015eAH\u0130N Prof. Dr. Hasan SE\u00c7EN Prof. Dr. Faris KARAHAN Esra YILDIRIM ( \u00c7evre,\u015eehircilik ve \u0130klim De\u011fi\u015fikli\u011fi \u0130l M\u00fcd\u00fcrl\u00fc\u011f\u00fc) Abdullah SUNAR ( EBB \u00c7evre Koruma ve Kontrol Dairesi Ba\u015fkanl\u0131\u011f\u0131)<\/p>\n","protected":false},"author":396,"featured_media":0,"parent":0,"menu_order":0,"comment_status":"closed","ping_status":"closed","template":"","meta":{"footnotes":""},"class_list":["post-6698","page","type-page","status-publish","hentry"],"_links":{"self":[{"href":"https:\/\/atauni.edu.tr\/cevre-sorunlari-uygulama-ve-arastirma-merkezi\/wp-json\/wp\/v2\/pages\/6698","targetHints":{"allow":["GET"]}}],"collection":[{"href":"https:\/\/atauni.edu.tr\/cevre-sorunlari-uygulama-ve-arastirma-merkezi\/wp-json\/wp\/v2\/pages"}],"about":[{"href":"https:\/\/atauni.edu.tr\/cevre-sorunlari-uygulama-ve-arastirma-merkezi\/wp-json\/wp\/v2\/types\/page"}],"author":[{"embeddable":true,"href":"https:\/\/atauni.edu.tr\/cevre-sorunlari-uygulama-ve-arastirma-merkezi\/wp-json\/wp\/v2\/users\/396"}],"replies":[{"embeddable":true,"href":"https:\/\/atauni.edu.tr\/cevre-sorunlari-uygulama-ve-arastirma-merkezi\/wp-json\/wp\/v2\/comments?post=6698"}],"version-history":[{"count":10,"href":"https:\/\/atauni.edu.tr\/cevre-sorunlari-uygulama-ve-arastirma-merkezi\/wp-json\/wp\/v2\/pages\/6698\/revisions"}],"predecessor-version":[{"id":7000,"href":"https:\/\/atauni.edu.tr\/cevre-sorunlari-uygulama-ve-arastirma-merkezi\/wp-json\/wp\/v2\/pages\/6698\/revisions\/7000"}],"wp:attachment":[{"href":"https:\/\/atauni.edu.tr\/cevre-sorunlari-uygulama-ve-arastirma-merkezi\/wp-json\/wp\/v2\/media?parent=6698"}],"curies":[{"name":"wp","href":"https:\/\/api.w.org\/{rel}","templated":true}]}}