{"id":6755,"date":"2022-02-28T12:41:33","date_gmt":"2022-02-28T09:41:33","guid":{"rendered":"https:\/\/birimler.atauni.edu.tr\/cevre-sorunlari-uygulama-ve-arastirma-merkezi\/?page_id=6755"},"modified":"2022-03-08T17:15:16","modified_gmt":"2022-03-08T14:15:16","slug":"staj-imkani","status":"publish","type":"page","link":"https:\/\/atauni.edu.tr\/cevre-sorunlari-uygulama-ve-arastirma-merkezi\/staj-imkani\/","title":{"rendered":"Staj \u0130mkan\u0131"},"content":{"rendered":"\t\t<div data-elementor-type=\"wp-page\" data-elementor-id=\"6755\" class=\"elementor elementor-6755\" data-elementor-post-type=\"page\">\n\t\t\t\t\t\t<section class=\"elementor-section elementor-top-section elementor-element elementor-element-9c66670 elementor-section-boxed elementor-section-height-default elementor-section-height-default\" data-id=\"9c66670\" data-element_type=\"section\">\n\t\t\t\t\t\t<div class=\"elementor-container elementor-column-gap-default\">\n\t\t\t\t\t<div class=\"elementor-column elementor-col-100 elementor-top-column elementor-element elementor-element-d7fc41b\" data-id=\"d7fc41b\" data-element_type=\"column\">\n\t\t\t<div class=\"elementor-widget-wrap elementor-element-populated\">\n\t\t\t\t\t\t<div class=\"elementor-element elementor-element-6d3a044 elementor-widget elementor-widget-text-editor\" data-id=\"6d3a044\" data-element_type=\"widget\" data-widget_type=\"text-editor.default\">\n\t\t\t\t<div class=\"elementor-widget-container\">\n\t\t\t\t\t\t\t\t\t<p>M\u00fcd\u00fcrl\u00fc\u011f\u00fcm\u00fcze, \u0130stanbul Teknik \u00dcniversitesi \u00c7evre M\u00fchendisli\u011fi B\u00f6l\u00fcm\u00fc&#8217;nden , Y\u0131ld\u0131z Teknik \u00dcniversitesi- \u0130n\u015faat Fak\u00fcltesi, \u00c7evre M\u00fchendisli\u011fi B\u00f6l\u00fcm\u00fc&#8217;nden iki \u00f6\u011frenci staj i\u00e7in ba\u015fvurup, &#8216;S\u0131f\u0131r At\u0131k, Kimyasal-Tehlikeli\/T\u0131bbi-Patolojik At\u0131klar\u0131n Y\u00f6netimi, K\u00fcresel \u0130klim De\u011fi\u015fikli\u011fi,&nbsp;<span style=\"letter-spacing: 0px\">\u00dcniversitelerin Ye\u015fil Kamp\u00fcs S\u0131ralamalar\u0131<\/span><span style=\"letter-spacing: 0px\">&nbsp;ve \u00c7evre M\u00fchendisli\u011fi Laboratuvar\u0131m\u0131zda da kirlilik parametreleri &#8216; konular\u0131nda stajlar\u0131n\u0131 tamamlam\u0131\u015flard\u0131r.<\/span><\/p>\n<p>Staj ba\u015fvurular\u0131n\u0131z i\u00e7in M\u00fcd\u00fcrl\u00fc\u011f\u00fcm\u00fczle ileti\u015fime ge\u00e7ebilirsiniz.<\/p>\t\t\t\t\t\t\t\t<\/div>\n\t\t\t\t<\/div>\n\t\t\t\t\t<\/div>\n\t\t<\/div>\n\t\t\t\t\t<\/div>\n\t\t<\/section>\n\t\t\t\t<section class=\"elementor-section elementor-top-section elementor-element elementor-element-cf6b859 elementor-section-boxed elementor-section-height-default elementor-section-height-default\" data-id=\"cf6b859\" data-element_type=\"section\">\n\t\t\t\t\t\t<div class=\"elementor-container elementor-column-gap-default\">\n\t\t\t\t\t<div class=\"elementor-column elementor-col-100 elementor-top-column elementor-element elementor-element-e66d400\" data-id=\"e66d400\" data-element_type=\"column\">\n\t\t\t<div class=\"elementor-widget-wrap elementor-element-populated\">\n\t\t\t\t\t\t<section class=\"elementor-section elementor-inner-section elementor-element elementor-element-dce431e elementor-section-boxed elementor-section-height-default elementor-section-height-default\" data-id=\"dce431e\" data-element_type=\"section\">\n\t\t\t\t\t\t<div class=\"elementor-container elementor-column-gap-default\">\n\t\t\t\t\t<div class=\"elementor-column elementor-col-50 elementor-inner-column elementor-element elementor-element-e92b8ba\" data-id=\"e92b8ba\" data-element_type=\"column\">\n\t\t\t<div class=\"elementor-widget-wrap elementor-element-populated\">\n\t\t\t\t\t\t<div class=\"elementor-element elementor-element-3c5647d elementor-widget elementor-widget-image\" data-id=\"3c5647d\" data-element_type=\"widget\" data-widget_type=\"image.default\">\n\t\t\t\t<div class=\"elementor-widget-container\">\n\t\t\t\t\t\t\t\t\t\t\t\t\t\t\t<img fetchpriority=\"high\" decoding=\"async\" width=\"461\" height=\"1024\" src=\"https:\/\/atauni.edu.tr\/cevre-sorunlari-uygulama-ve-arastirma-merkezi\/wp-content\/uploads\/sites\/486\/2022\/03\/1646746931941-461x1024.jpg\" class=\"attachment-large size-large wp-image-6824\" alt=\"\" srcset=\"https:\/\/atauni.edu.tr\/cevre-sorunlari-uygulama-ve-arastirma-merkezi\/wp-content\/uploads\/sites\/486\/2022\/03\/1646746931941-461x1024.jpg 461w, https:\/\/atauni.edu.tr\/cevre-sorunlari-uygulama-ve-arastirma-merkezi\/wp-content\/uploads\/sites\/486\/2022\/03\/1646746931941-135x300.jpg 135w, https:\/\/atauni.edu.tr\/cevre-sorunlari-uygulama-ve-arastirma-merkezi\/wp-content\/uploads\/sites\/486\/2022\/03\/1646746931941-768x1705.jpg 768w, https:\/\/atauni.edu.tr\/cevre-sorunlari-uygulama-ve-arastirma-merkezi\/wp-content\/uploads\/sites\/486\/2022\/03\/1646746931941-692x1536.jpg 692w, https:\/\/atauni.edu.tr\/cevre-sorunlari-uygulama-ve-arastirma-merkezi\/wp-content\/uploads\/sites\/486\/2022\/03\/1646746931941-270x600.jpg 270w, https:\/\/atauni.edu.tr\/cevre-sorunlari-uygulama-ve-arastirma-merkezi\/wp-content\/uploads\/sites\/486\/2022\/03\/1646746931941-252x560.jpg 252w, https:\/\/atauni.edu.tr\/cevre-sorunlari-uygulama-ve-arastirma-merkezi\/wp-content\/uploads\/sites\/486\/2022\/03\/1646746931941.jpg 908w\" sizes=\"(max-width: 461px) 100vw, 461px\" \/>\t\t\t\t\t\t\t\t\t\t\t\t\t\t\t<\/div>\n\t\t\t\t<\/div>\n\t\t\t\t\t<\/div>\n\t\t<\/div>\n\t\t\t\t<div class=\"elementor-column elementor-col-50 elementor-inner-column elementor-element elementor-element-1a88325\" data-id=\"1a88325\" data-element_type=\"column\">\n\t\t\t<div class=\"elementor-widget-wrap elementor-element-populated\">\n\t\t\t\t\t\t<div class=\"elementor-element elementor-element-4e86b0e elementor-widget elementor-widget-image\" data-id=\"4e86b0e\" data-element_type=\"widget\" data-widget_type=\"image.default\">\n\t\t\t\t<div class=\"elementor-widget-container\">\n\t\t\t\t\t\t\t\t\t\t\t\t\t\t\t<img decoding=\"async\" width=\"1024\" height=\"768\" src=\"https:\/\/atauni.edu.tr\/cevre-sorunlari-uygulama-ve-arastirma-merkezi\/wp-content\/uploads\/sites\/486\/2022\/03\/1646746931918-1024x768.jpg\" class=\"attachment-large size-large wp-image-6825\" alt=\"\" srcset=\"https:\/\/atauni.edu.tr\/cevre-sorunlari-uygulama-ve-arastirma-merkezi\/wp-content\/uploads\/sites\/486\/2022\/03\/1646746931918-1024x768.jpg 1024w, https:\/\/atauni.edu.tr\/cevre-sorunlari-uygulama-ve-arastirma-merkezi\/wp-content\/uploads\/sites\/486\/2022\/03\/1646746931918-300x225.jpg 300w, https:\/\/atauni.edu.tr\/cevre-sorunlari-uygulama-ve-arastirma-merkezi\/wp-content\/uploads\/sites\/486\/2022\/03\/1646746931918-768x576.jpg 768w, https:\/\/atauni.edu.tr\/cevre-sorunlari-uygulama-ve-arastirma-merkezi\/wp-content\/uploads\/sites\/486\/2022\/03\/1646746931918-1536x1152.jpg 1536w, https:\/\/atauni.edu.tr\/cevre-sorunlari-uygulama-ve-arastirma-merkezi\/wp-content\/uploads\/sites\/486\/2022\/03\/1646746931918-600x450.jpg 600w, https:\/\/atauni.edu.tr\/cevre-sorunlari-uygulama-ve-arastirma-merkezi\/wp-content\/uploads\/sites\/486\/2022\/03\/1646746931918-560x420.jpg 560w, https:\/\/atauni.edu.tr\/cevre-sorunlari-uygulama-ve-arastirma-merkezi\/wp-content\/uploads\/sites\/486\/2022\/03\/1646746931918.jpg 1600w\" sizes=\"(max-width: 1024px) 100vw, 1024px\" \/>\t\t\t\t\t\t\t\t\t\t\t\t\t\t\t<\/div>\n\t\t\t\t<\/div>\n\t\t\t\t\t<\/div>\n\t\t<\/div>\n\t\t\t\t\t<\/div>\n\t\t<\/section>\n\t\t\t\t\t<\/div>\n\t\t<\/div>\n\t\t\t\t\t<\/div>\n\t\t<\/section>\n\t\t\t\t<\/div>\n\t\t","protected":false},"excerpt":{"rendered":"<p>M\u00fcd\u00fcrl\u00fc\u011f\u00fcm\u00fcze, \u0130stanbul Teknik \u00dcniversitesi \u00c7evre M\u00fchendisli\u011fi B\u00f6l\u00fcm\u00fc&#8217;nden , Y\u0131ld\u0131z Teknik \u00dcniversitesi- \u0130n\u015faat Fak\u00fcltesi, \u00c7evre M\u00fchendisli\u011fi B\u00f6l\u00fcm\u00fc&#8217;nden iki \u00f6\u011frenci staj i\u00e7in ba\u015fvurup, &#8216;S\u0131f\u0131r At\u0131k, Kimyasal-Tehlikeli\/T\u0131bbi-Patolojik At\u0131klar\u0131n Y\u00f6netimi, K\u00fcresel \u0130klim De\u011fi\u015fikli\u011fi,&nbsp;\u00dcniversitelerin Ye\u015fil Kamp\u00fcs S\u0131ralamalar\u0131&nbsp;ve \u00c7evre M\u00fchendisli\u011fi Laboratuvar\u0131m\u0131zda da kirlilik parametreleri &#8216; konular\u0131nda stajlar\u0131n\u0131 tamamlam\u0131\u015flard\u0131r. Staj ba\u015fvurular\u0131n\u0131z i\u00e7in M\u00fcd\u00fcrl\u00fc\u011f\u00fcm\u00fczle ileti\u015fime ge\u00e7ebilirsiniz.<\/p>\n","protected":false},"author":396,"featured_media":0,"parent":0,"menu_order":0,"comment_status":"closed","ping_status":"closed","template":"","meta":{"footnotes":""},"class_list":["post-6755","page","type-page","status-publish","hentry"],"_links":{"self":[{"href":"https:\/\/atauni.edu.tr\/cevre-sorunlari-uygulama-ve-arastirma-merkezi\/wp-json\/wp\/v2\/pages\/6755","targetHints":{"allow":["GET"]}}],"collection":[{"href":"https:\/\/atauni.edu.tr\/cevre-sorunlari-uygulama-ve-arastirma-merkezi\/wp-json\/wp\/v2\/pages"}],"about":[{"href":"https:\/\/atauni.edu.tr\/cevre-sorunlari-uygulama-ve-arastirma-merkezi\/wp-json\/wp\/v2\/types\/page"}],"author":[{"embeddable":true,"href":"https:\/\/atauni.edu.tr\/cevre-sorunlari-uygulama-ve-arastirma-merkezi\/wp-json\/wp\/v2\/users\/396"}],"replies":[{"embeddable":true,"href":"https:\/\/atauni.edu.tr\/cevre-sorunlari-uygulama-ve-arastirma-merkezi\/wp-json\/wp\/v2\/comments?post=6755"}],"version-history":[{"count":13,"href":"https:\/\/atauni.edu.tr\/cevre-sorunlari-uygulama-ve-arastirma-merkezi\/wp-json\/wp\/v2\/pages\/6755\/revisions"}],"predecessor-version":[{"id":6835,"href":"https:\/\/atauni.edu.tr\/cevre-sorunlari-uygulama-ve-arastirma-merkezi\/wp-json\/wp\/v2\/pages\/6755\/revisions\/6835"}],"wp:attachment":[{"href":"https:\/\/atauni.edu.tr\/cevre-sorunlari-uygulama-ve-arastirma-merkezi\/wp-json\/wp\/v2\/media?parent=6755"}],"curies":[{"name":"wp","href":"https:\/\/api.w.org\/{rel}","templated":true}]}}