{"id":6934,"date":"2022-03-30T18:10:14","date_gmt":"2022-03-30T15:10:14","guid":{"rendered":"https:\/\/birimler.atauni.edu.tr\/cevre-sorunlari-uygulama-ve-arastirma-merkezi\/?page_id=6934"},"modified":"2022-04-29T17:16:47","modified_gmt":"2022-04-29T14:16:47","slug":"radyo-universite-akademik-bakis-programi","status":"publish","type":"page","link":"https:\/\/atauni.edu.tr\/cevre-sorunlari-uygulama-ve-arastirma-merkezi\/genel\/radyo-universite-akademik-bakis-programi\/","title":{"rendered":"Radyo \u00dcniversite Akademik Bak\u0131\u015f Program\u0131"},"content":{"rendered":"\t\t<div data-elementor-type=\"wp-page\" data-elementor-id=\"6934\" class=\"elementor elementor-6934\" data-elementor-post-type=\"page\">\n\t\t\t\t\t\t<section class=\"elementor-section elementor-top-section elementor-element elementor-element-63921ce elementor-section-boxed elementor-section-height-default elementor-section-height-default\" data-id=\"63921ce\" data-element_type=\"section\">\n\t\t\t\t\t\t<div class=\"elementor-container elementor-column-gap-default\">\n\t\t\t\t\t<div class=\"elementor-column elementor-col-50 elementor-top-column elementor-element elementor-element-f0e7cec\" data-id=\"f0e7cec\" data-element_type=\"column\">\n\t\t\t<div class=\"elementor-widget-wrap elementor-element-populated\">\n\t\t\t\t\t\t<div class=\"elementor-element elementor-element-3d4846b elementor-widget elementor-widget-image\" data-id=\"3d4846b\" data-element_type=\"widget\" data-widget_type=\"image.default\">\n\t\t\t\t<div class=\"elementor-widget-container\">\n\t\t\t\t\t\t\t\t\t\t\t\t\t\t\t<img fetchpriority=\"high\" decoding=\"async\" width=\"1024\" height=\"768\" src=\"https:\/\/atauni.edu.tr\/cevre-sorunlari-uygulama-ve-arastirma-merkezi\/wp-content\/uploads\/sites\/486\/2022\/03\/1648652964982.jpg\" class=\"attachment-large size-large wp-image-6937\" alt=\"\" srcset=\"https:\/\/atauni.edu.tr\/cevre-sorunlari-uygulama-ve-arastirma-merkezi\/wp-content\/uploads\/sites\/486\/2022\/03\/1648652964982.jpg 1024w, https:\/\/atauni.edu.tr\/cevre-sorunlari-uygulama-ve-arastirma-merkezi\/wp-content\/uploads\/sites\/486\/2022\/03\/1648652964982-300x225.jpg 300w, https:\/\/atauni.edu.tr\/cevre-sorunlari-uygulama-ve-arastirma-merkezi\/wp-content\/uploads\/sites\/486\/2022\/03\/1648652964982-768x576.jpg 768w, https:\/\/atauni.edu.tr\/cevre-sorunlari-uygulama-ve-arastirma-merkezi\/wp-content\/uploads\/sites\/486\/2022\/03\/1648652964982-600x450.jpg 600w, https:\/\/atauni.edu.tr\/cevre-sorunlari-uygulama-ve-arastirma-merkezi\/wp-content\/uploads\/sites\/486\/2022\/03\/1648652964982-560x420.jpg 560w\" sizes=\"(max-width: 1024px) 100vw, 1024px\" \/>\t\t\t\t\t\t\t\t\t\t\t\t\t\t\t<\/div>\n\t\t\t\t<\/div>\n\t\t\t\t\t<\/div>\n\t\t<\/div>\n\t\t\t\t<div class=\"elementor-column elementor-col-50 elementor-top-column elementor-element elementor-element-87f03c2\" data-id=\"87f03c2\" data-element_type=\"column\">\n\t\t\t<div class=\"elementor-widget-wrap elementor-element-populated\">\n\t\t\t\t\t\t<div class=\"elementor-element elementor-element-7b7cfd1 elementor-widget elementor-widget-image\" data-id=\"7b7cfd1\" data-element_type=\"widget\" data-widget_type=\"image.default\">\n\t\t\t\t<div class=\"elementor-widget-container\">\n\t\t\t\t\t\t\t\t\t\t\t\t\t\t\t<img decoding=\"async\" width=\"1024\" height=\"768\" src=\"https:\/\/atauni.edu.tr\/cevre-sorunlari-uygulama-ve-arastirma-merkezi\/wp-content\/uploads\/sites\/486\/2022\/03\/1648652965093.jpg\" class=\"attachment-large size-large wp-image-6938\" alt=\"\" srcset=\"https:\/\/atauni.edu.tr\/cevre-sorunlari-uygulama-ve-arastirma-merkezi\/wp-content\/uploads\/sites\/486\/2022\/03\/1648652965093.jpg 1024w, https:\/\/atauni.edu.tr\/cevre-sorunlari-uygulama-ve-arastirma-merkezi\/wp-content\/uploads\/sites\/486\/2022\/03\/1648652965093-300x225.jpg 300w, https:\/\/atauni.edu.tr\/cevre-sorunlari-uygulama-ve-arastirma-merkezi\/wp-content\/uploads\/sites\/486\/2022\/03\/1648652965093-768x576.jpg 768w, https:\/\/atauni.edu.tr\/cevre-sorunlari-uygulama-ve-arastirma-merkezi\/wp-content\/uploads\/sites\/486\/2022\/03\/1648652965093-600x450.jpg 600w, https:\/\/atauni.edu.tr\/cevre-sorunlari-uygulama-ve-arastirma-merkezi\/wp-content\/uploads\/sites\/486\/2022\/03\/1648652965093-560x420.jpg 560w\" sizes=\"(max-width: 1024px) 100vw, 1024px\" \/>\t\t\t\t\t\t\t\t\t\t\t\t\t\t\t<\/div>\n\t\t\t\t<\/div>\n\t\t\t\t\t<\/div>\n\t\t<\/div>\n\t\t\t\t\t<\/div>\n\t\t<\/section>\n\t\t\t\t<section class=\"elementor-section elementor-top-section elementor-element elementor-element-30d49ae elementor-section-boxed elementor-section-height-default elementor-section-height-default\" data-id=\"30d49ae\" data-element_type=\"section\">\n\t\t\t\t\t\t<div class=\"elementor-container elementor-column-gap-default\">\n\t\t\t\t\t<div class=\"elementor-column elementor-col-100 elementor-top-column elementor-element elementor-element-7bfc9a9\" data-id=\"7bfc9a9\" data-element_type=\"column\">\n\t\t\t<div class=\"elementor-widget-wrap elementor-element-populated\">\n\t\t\t\t\t\t<div class=\"elementor-element elementor-element-3479caf elementor-widget elementor-widget-video\" data-id=\"3479caf\" data-element_type=\"widget\" data-settings=\"{&quot;video_type&quot;:&quot;hosted&quot;,&quot;controls&quot;:&quot;yes&quot;}\" data-widget_type=\"video.default\">\n\t\t\t\t<div class=\"elementor-widget-container\">\n\t\t\t\t\t\t\t<div class=\"e-hosted-video elementor-wrapper elementor-open-inline\">\n\t\t\t\t\t<video class=\"elementor-video\" src=\"https:\/\/birimler.atauni.edu.tr\/cevre-sorunlari-uygulama-ve-arastirma-merkezi\/wp-content\/uploads\/sites\/486\/2022\/03\/25.03.22-14.59.05-Genel-Kayit-Prof.-Dr.-Zeynep-Ceylan-mpc-hcx64-1.mp3\" controls=\"\" preload=\"metadata\" controlsList=\"nodownload\"><\/video>\n\t\t\t\t<\/div>\n\t\t\t\t\t\t<\/div>\n\t\t\t\t<\/div>\n\t\t\t\t\t<\/div>\n\t\t<\/div>\n\t\t\t\t\t<\/div>\n\t\t<\/section>\n\t\t\t\t<section class=\"elementor-section elementor-top-section elementor-element elementor-element-8b78f6b elementor-section-boxed elementor-section-height-default elementor-section-height-default\" data-id=\"8b78f6b\" data-element_type=\"section\">\n\t\t\t\t\t\t<div class=\"elementor-container elementor-column-gap-default\">\n\t\t\t\t\t<div class=\"elementor-column elementor-col-100 elementor-top-column elementor-element elementor-element-7e46f6b\" data-id=\"7e46f6b\" data-element_type=\"column\">\n\t\t\t<div class=\"elementor-widget-wrap elementor-element-populated\">\n\t\t\t\t\t\t<div class=\"elementor-element elementor-element-d776744 elementor-widget-divider--view-line_icon elementor-view-default elementor-widget-divider--element-align-center elementor-widget elementor-widget-divider\" data-id=\"d776744\" data-element_type=\"widget\" data-widget_type=\"divider.default\">\n\t\t\t\t<div class=\"elementor-widget-container\">\n\t\t\t\t\t\t\t<div class=\"elementor-divider\">\n\t\t\t<span class=\"elementor-divider-separator\">\n\t\t\t\t\t\t\t<div class=\"elementor-icon elementor-divider__element\">\n\t\t\t\t\t<i aria-hidden=\"true\" class=\"fas fa-star\"><\/i><\/div>\n\t\t\t\t\t\t<\/span>\n\t\t<\/div>\n\t\t\t\t\t\t<\/div>\n\t\t\t\t<\/div>\n\t\t\t\t\t<\/div>\n\t\t<\/div>\n\t\t\t\t\t<\/div>\n\t\t<\/section>\n\t\t\t\t<section class=\"elementor-section elementor-top-section elementor-element elementor-element-25c0b64 elementor-section-boxed elementor-section-height-default elementor-section-height-default\" data-id=\"25c0b64\" data-element_type=\"section\">\n\t\t\t\t\t\t<div class=\"elementor-container elementor-column-gap-default\">\n\t\t\t\t\t<div class=\"elementor-column elementor-col-100 elementor-top-column elementor-element elementor-element-1dde34a\" data-id=\"1dde34a\" data-element_type=\"column\">\n\t\t\t<div class=\"elementor-widget-wrap elementor-element-populated\">\n\t\t\t\t\t\t<div class=\"elementor-element elementor-element-01ae0e7 elementor-widget elementor-widget-heading\" data-id=\"01ae0e7\" data-element_type=\"widget\" data-widget_type=\"heading.default\">\n\t\t\t\t<div class=\"elementor-widget-container\">\n\t\t\t\t\t<h2 class=\"elementor-heading-title elementor-size-default\">Radyo \u00dcniversite Akademik Bak\u0131\u015f Program\u0131- \u0130klim El\u00e7ili\u011fi Nedir?<\/h2>\t\t\t\t<\/div>\n\t\t\t\t<\/div>\n\t\t\t\t\t<\/div>\n\t\t<\/div>\n\t\t\t\t\t<\/div>\n\t\t<\/section>\n\t\t\t\t<section class=\"elementor-section elementor-top-section elementor-element elementor-element-abe557e elementor-section-boxed elementor-section-height-default elementor-section-height-default\" data-id=\"abe557e\" data-element_type=\"section\">\n\t\t\t\t\t\t<div class=\"elementor-container elementor-column-gap-default\">\n\t\t\t\t\t<div class=\"elementor-column elementor-col-100 elementor-top-column elementor-element elementor-element-9298c28\" data-id=\"9298c28\" data-element_type=\"column\">\n\t\t\t<div class=\"elementor-widget-wrap elementor-element-populated\">\n\t\t\t\t\t\t<div class=\"elementor-element elementor-element-224b423 elementor-widget elementor-widget-video\" data-id=\"224b423\" data-element_type=\"widget\" data-settings=\"{&quot;video_type&quot;:&quot;hosted&quot;,&quot;controls&quot;:&quot;yes&quot;}\" data-widget_type=\"video.default\">\n\t\t\t\t<div class=\"elementor-widget-container\">\n\t\t\t\t\t\t\t<div class=\"e-hosted-video elementor-wrapper elementor-open-inline\">\n\t\t\t\t\t<video class=\"elementor-video\" src=\"https:\/\/birimler.atauni.edu.tr\/cevre-sorunlari-uygulama-ve-arastirma-merkezi\/wp-content\/uploads\/sites\/486\/2022\/04\/15.04.22-15.00.07-Genel-Kayit.mp3\" controls=\"\" preload=\"metadata\" controlsList=\"nodownload\"><\/video>\n\t\t\t\t<\/div>\n\t\t\t\t\t\t<\/div>\n\t\t\t\t<\/div>\n\t\t\t\t\t<\/div>\n\t\t<\/div>\n\t\t\t\t\t<\/div>\n\t\t<\/section>\n\t\t\t\t<\/div>\n\t\t","protected":false},"excerpt":{"rendered":"<p>https:\/\/birimler.atauni.edu.tr\/cevre-sorunlari-uygulama-ve-arastirma-merkezi\/wp-content\/uploads\/sites\/486\/2022\/03\/25.03.22-14.59.05-Genel-Kayit-Prof.-Dr.-Zeynep-Ceylan-mpc-hcx64-1.mp3 Radyo \u00dcniversite Akademik Bak\u0131\u015f Program\u0131- \u0130klim El\u00e7ili\u011fi Nedir? https:\/\/birimler.atauni.edu.tr\/cevre-sorunlari-uygulama-ve-arastirma-merkezi\/wp-content\/uploads\/sites\/486\/2022\/04\/15.04.22-15.00.07-Genel-Kayit.mp3<\/p>\n","protected":false},"author":396,"featured_media":6935,"parent":6929,"menu_order":0,"comment_status":"closed","ping_status":"closed","template":"","meta":{"footnotes":""},"class_list":["post-6934","page","type-page","status-publish","has-post-thumbnail","hentry"],"_links":{"self":[{"href":"https:\/\/atauni.edu.tr\/cevre-sorunlari-uygulama-ve-arastirma-merkezi\/wp-json\/wp\/v2\/pages\/6934","targetHints":{"allow":["GET"]}}],"collection":[{"href":"https:\/\/atauni.edu.tr\/cevre-sorunlari-uygulama-ve-arastirma-merkezi\/wp-json\/wp\/v2\/pages"}],"about":[{"href":"https:\/\/atauni.edu.tr\/cevre-sorunlari-uygulama-ve-arastirma-merkezi\/wp-json\/wp\/v2\/types\/page"}],"author":[{"embeddable":true,"href":"https:\/\/atauni.edu.tr\/cevre-sorunlari-uygulama-ve-arastirma-merkezi\/wp-json\/wp\/v2\/users\/396"}],"replies":[{"embeddable":true,"href":"https:\/\/atauni.edu.tr\/cevre-sorunlari-uygulama-ve-arastirma-merkezi\/wp-json\/wp\/v2\/comments?post=6934"}],"version-history":[{"count":13,"href":"https:\/\/atauni.edu.tr\/cevre-sorunlari-uygulama-ve-arastirma-merkezi\/wp-json\/wp\/v2\/pages\/6934\/revisions"}],"predecessor-version":[{"id":7010,"href":"https:\/\/atauni.edu.tr\/cevre-sorunlari-uygulama-ve-arastirma-merkezi\/wp-json\/wp\/v2\/pages\/6934\/revisions\/7010"}],"up":[{"embeddable":true,"href":"https:\/\/atauni.edu.tr\/cevre-sorunlari-uygulama-ve-arastirma-merkezi\/wp-json\/wp\/v2\/pages\/6929"}],"wp:featuredmedia":[{"embeddable":true,"href":"https:\/\/atauni.edu.tr\/cevre-sorunlari-uygulama-ve-arastirma-merkezi\/wp-json\/wp\/v2\/media\/6935"}],"wp:attachment":[{"href":"https:\/\/atauni.edu.tr\/cevre-sorunlari-uygulama-ve-arastirma-merkezi\/wp-json\/wp\/v2\/media?parent=6934"}],"curies":[{"name":"wp","href":"https:\/\/api.w.org\/{rel}","templated":true}]}}