{"id":7107,"date":"2022-06-20T18:41:30","date_gmt":"2022-06-20T15:41:30","guid":{"rendered":"https:\/\/birimler.atauni.edu.tr\/cevre-sorunlari-uygulama-ve-arastirma-merkezi\/?page_id=7107"},"modified":"2022-06-20T19:32:36","modified_gmt":"2022-06-20T16:32:36","slug":"calistaylarimiz","status":"publish","type":"page","link":"https:\/\/atauni.edu.tr\/cevre-sorunlari-uygulama-ve-arastirma-merkezi\/genel\/calistaylarimiz\/","title":{"rendered":"\u00c7al\u0131\u015ftaylar\u0131m\u0131z"},"content":{"rendered":"\t\t<div data-elementor-type=\"wp-page\" data-elementor-id=\"7107\" class=\"elementor elementor-7107\" data-elementor-post-type=\"page\">\n\t\t\t\t\t\t<section class=\"elementor-section elementor-top-section elementor-element elementor-element-42e7f8c elementor-section-boxed elementor-section-height-default elementor-section-height-default\" data-id=\"42e7f8c\" data-element_type=\"section\">\n\t\t\t\t\t\t<div class=\"elementor-container elementor-column-gap-default\">\n\t\t\t\t\t<div class=\"elementor-column elementor-col-100 elementor-top-column elementor-element elementor-element-decb572\" data-id=\"decb572\" data-element_type=\"column\">\n\t\t\t<div class=\"elementor-widget-wrap elementor-element-populated\">\n\t\t\t\t\t\t<div class=\"elementor-element elementor-element-7a69fdc elementor-widget elementor-widget-image\" data-id=\"7a69fdc\" data-element_type=\"widget\" data-widget_type=\"image.default\">\n\t\t\t\t<div class=\"elementor-widget-container\">\n\t\t\t\t\t\t\t\t\t\t\t\t\t\t\t<img fetchpriority=\"high\" decoding=\"async\" width=\"768\" height=\"1076\" src=\"https:\/\/atauni.edu.tr\/cevre-sorunlari-uygulama-ve-arastirma-merkezi\/wp-content\/uploads\/sites\/486\/2022\/06\/IMG-20220524-WA0034-768x1076.jpg\" class=\"attachment-medium_large size-medium_large wp-image-7110\" alt=\"\" srcset=\"https:\/\/atauni.edu.tr\/cevre-sorunlari-uygulama-ve-arastirma-merkezi\/wp-content\/uploads\/sites\/486\/2022\/06\/IMG-20220524-WA0034-768x1076.jpg 768w, https:\/\/atauni.edu.tr\/cevre-sorunlari-uygulama-ve-arastirma-merkezi\/wp-content\/uploads\/sites\/486\/2022\/06\/IMG-20220524-WA0034-214x300.jpg 214w, https:\/\/atauni.edu.tr\/cevre-sorunlari-uygulama-ve-arastirma-merkezi\/wp-content\/uploads\/sites\/486\/2022\/06\/IMG-20220524-WA0034-731x1024.jpg 731w, https:\/\/atauni.edu.tr\/cevre-sorunlari-uygulama-ve-arastirma-merkezi\/wp-content\/uploads\/sites\/486\/2022\/06\/IMG-20220524-WA0034-1096x1536.jpg 1096w, https:\/\/atauni.edu.tr\/cevre-sorunlari-uygulama-ve-arastirma-merkezi\/wp-content\/uploads\/sites\/486\/2022\/06\/IMG-20220524-WA0034-428x600.jpg 428w, https:\/\/atauni.edu.tr\/cevre-sorunlari-uygulama-ve-arastirma-merkezi\/wp-content\/uploads\/sites\/486\/2022\/06\/IMG-20220524-WA0034-400x560.jpg 400w, https:\/\/atauni.edu.tr\/cevre-sorunlari-uygulama-ve-arastirma-merkezi\/wp-content\/uploads\/sites\/486\/2022\/06\/IMG-20220524-WA0034.jpg 1142w\" sizes=\"(max-width: 768px) 100vw, 768px\" \/>\t\t\t\t\t\t\t\t\t\t\t\t\t\t\t<\/div>\n\t\t\t\t<\/div>\n\t\t\t\t\t<\/div>\n\t\t<\/div>\n\t\t\t\t\t<\/div>\n\t\t<\/section>\n\t\t\t\t<section class=\"elementor-section elementor-top-section elementor-element elementor-element-9624501 elementor-section-boxed elementor-section-height-default elementor-section-height-default\" data-id=\"9624501\" data-element_type=\"section\">\n\t\t\t\t\t\t<div class=\"elementor-container elementor-column-gap-default\">\n\t\t\t\t\t<div class=\"elementor-column elementor-col-100 elementor-top-column elementor-element elementor-element-1c48f53\" data-id=\"1c48f53\" data-element_type=\"column\">\n\t\t\t<div class=\"elementor-widget-wrap elementor-element-populated\">\n\t\t\t\t\t\t<div class=\"elementor-element elementor-element-6b19b1c elementor-widget-divider--view-line_icon elementor-view-default elementor-widget-divider--element-align-center elementor-widget elementor-widget-divider\" data-id=\"6b19b1c\" data-element_type=\"widget\" data-widget_type=\"divider.default\">\n\t\t\t\t<div class=\"elementor-widget-container\">\n\t\t\t\t\t\t\t<div class=\"elementor-divider\">\n\t\t\t<span class=\"elementor-divider-separator\">\n\t\t\t\t\t\t\t<div class=\"elementor-icon elementor-divider__element\">\n\t\t\t\t\t<i aria-hidden=\"true\" class=\"fas fa-star\"><\/i><\/div>\n\t\t\t\t\t\t<\/span>\n\t\t<\/div>\n\t\t\t\t\t\t<\/div>\n\t\t\t\t<\/div>\n\t\t\t\t\t<\/div>\n\t\t<\/div>\n\t\t\t\t\t<\/div>\n\t\t<\/section>\n\t\t\t\t<section class=\"elementor-section elementor-top-section elementor-element elementor-element-859a420 elementor-section-boxed elementor-section-height-default elementor-section-height-default\" data-id=\"859a420\" data-element_type=\"section\">\n\t\t\t\t\t\t<div class=\"elementor-container elementor-column-gap-default\">\n\t\t\t\t\t<div class=\"elementor-column elementor-col-100 elementor-top-column elementor-element elementor-element-98d8a7e\" data-id=\"98d8a7e\" data-element_type=\"column\">\n\t\t\t<div class=\"elementor-widget-wrap elementor-element-populated\">\n\t\t\t\t\t\t<div class=\"elementor-element elementor-element-776146d elementor-widget elementor-widget-image\" data-id=\"776146d\" data-element_type=\"widget\" data-widget_type=\"image.default\">\n\t\t\t\t<div class=\"elementor-widget-container\">\n\t\t\t\t\t\t\t\t\t\t\t\t\t\t\t<img decoding=\"async\" width=\"731\" height=\"1024\" src=\"https:\/\/atauni.edu.tr\/cevre-sorunlari-uygulama-ve-arastirma-merkezi\/wp-content\/uploads\/sites\/486\/2022\/06\/d3b0988fcbb4d10e64a0c50003aa7bbd-731x1024.jpg\" class=\"attachment-large size-large wp-image-7111\" alt=\"\" srcset=\"https:\/\/atauni.edu.tr\/cevre-sorunlari-uygulama-ve-arastirma-merkezi\/wp-content\/uploads\/sites\/486\/2022\/06\/d3b0988fcbb4d10e64a0c50003aa7bbd-731x1024.jpg 731w, https:\/\/atauni.edu.tr\/cevre-sorunlari-uygulama-ve-arastirma-merkezi\/wp-content\/uploads\/sites\/486\/2022\/06\/d3b0988fcbb4d10e64a0c50003aa7bbd-214x300.jpg 214w, https:\/\/atauni.edu.tr\/cevre-sorunlari-uygulama-ve-arastirma-merkezi\/wp-content\/uploads\/sites\/486\/2022\/06\/d3b0988fcbb4d10e64a0c50003aa7bbd-768x1075.jpg 768w, https:\/\/atauni.edu.tr\/cevre-sorunlari-uygulama-ve-arastirma-merkezi\/wp-content\/uploads\/sites\/486\/2022\/06\/d3b0988fcbb4d10e64a0c50003aa7bbd-1097x1536.jpg 1097w, https:\/\/atauni.edu.tr\/cevre-sorunlari-uygulama-ve-arastirma-merkezi\/wp-content\/uploads\/sites\/486\/2022\/06\/d3b0988fcbb4d10e64a0c50003aa7bbd-1463x2048.jpg 1463w, https:\/\/atauni.edu.tr\/cevre-sorunlari-uygulama-ve-arastirma-merkezi\/wp-content\/uploads\/sites\/486\/2022\/06\/d3b0988fcbb4d10e64a0c50003aa7bbd-429x600.jpg 429w, https:\/\/atauni.edu.tr\/cevre-sorunlari-uygulama-ve-arastirma-merkezi\/wp-content\/uploads\/sites\/486\/2022\/06\/d3b0988fcbb4d10e64a0c50003aa7bbd-400x560.jpg 400w, https:\/\/atauni.edu.tr\/cevre-sorunlari-uygulama-ve-arastirma-merkezi\/wp-content\/uploads\/sites\/486\/2022\/06\/d3b0988fcbb4d10e64a0c50003aa7bbd-scaled.jpg 1829w\" sizes=\"(max-width: 731px) 100vw, 731px\" \/>\t\t\t\t\t\t\t\t\t\t\t\t\t\t\t<\/div>\n\t\t\t\t<\/div>\n\t\t\t\t\t<\/div>\n\t\t<\/div>\n\t\t\t\t\t<\/div>\n\t\t<\/section>\n\t\t\t\t<section class=\"elementor-section elementor-top-section elementor-element elementor-element-4846559 elementor-section-boxed elementor-section-height-default elementor-section-height-default\" data-id=\"4846559\" data-element_type=\"section\">\n\t\t\t\t\t\t<div class=\"elementor-container elementor-column-gap-default\">\n\t\t\t\t\t<div class=\"elementor-column elementor-col-100 elementor-top-column elementor-element elementor-element-35e08ad\" data-id=\"35e08ad\" data-element_type=\"column\">\n\t\t\t<div class=\"elementor-widget-wrap elementor-element-populated\">\n\t\t\t\t\t\t<div class=\"elementor-element elementor-element-798e8a0 elementor-widget elementor-widget-video\" data-id=\"798e8a0\" data-element_type=\"widget\" data-settings=\"{&quot;youtube_url&quot;:&quot;https:\\\/\\\/www.youtube.com\\\/watch?v=5t5VI-DD5VA&amp;t=12908s&quot;,&quot;video_type&quot;:&quot;youtube&quot;,&quot;controls&quot;:&quot;yes&quot;}\" data-widget_type=\"video.default\">\n\t\t\t\t<div class=\"elementor-widget-container\">\n\t\t\t\t\t\t\t<div class=\"elementor-wrapper elementor-open-inline\">\n\t\t\t<div class=\"elementor-video\"><\/div>\t\t<\/div>\n\t\t\t\t\t\t<\/div>\n\t\t\t\t<\/div>\n\t\t\t\t<div class=\"elementor-element elementor-element-9cc5c3e elementor-widget elementor-widget-gallery\" data-id=\"9cc5c3e\" data-element_type=\"widget\" data-settings=\"{&quot;lazyload&quot;:&quot;yes&quot;,&quot;gallery_layout&quot;:&quot;grid&quot;,&quot;columns&quot;:4,&quot;columns_tablet&quot;:2,&quot;columns_mobile&quot;:1,&quot;gap&quot;:{&quot;unit&quot;:&quot;px&quot;,&quot;size&quot;:10,&quot;sizes&quot;:[]},&quot;gap_tablet&quot;:{&quot;unit&quot;:&quot;px&quot;,&quot;size&quot;:10,&quot;sizes&quot;:[]},&quot;gap_mobile&quot;:{&quot;unit&quot;:&quot;px&quot;,&quot;size&quot;:10,&quot;sizes&quot;:[]},&quot;link_to&quot;:&quot;file&quot;,&quot;aspect_ratio&quot;:&quot;3:2&quot;,&quot;overlay_background&quot;:&quot;yes&quot;,&quot;content_hover_animation&quot;:&quot;fade-in&quot;}\" data-widget_type=\"gallery.default\">\n\t\t\t\t<div class=\"elementor-widget-container\">\n\t\t\t\t\t\t\t<div class=\"elementor-gallery__container\">\n\t\t\t\t\t\t\t<a class=\"e-gallery-item elementor-gallery-item elementor-animated-content\" href=\"https:\/\/atauni.edu.tr\/cevre-sorunlari-uygulama-ve-arastirma-merkezi\/wp-content\/uploads\/sites\/486\/2022\/06\/fbdvn.jpg\" data-elementor-open-lightbox=\"yes\" data-elementor-lightbox-slideshow=\"9cc5c3e\" data-elementor-lightbox-title=\"fbdvn\" data-e-action-hash=\"#elementor-action%3Aaction%3Dlightbox%26settings%3DeyJpZCI6NzEyMSwidXJsIjoiaHR0cHM6XC9cL2F0YXVuaS5lZHUudHJcL2NldnJlLXNvcnVubGFyaS11eWd1bGFtYS12ZS1hcmFzdGlybWEtbWVya2V6aVwvd3AtY29udGVudFwvdXBsb2Fkc1wvc2l0ZXNcLzQ4NlwvMjAyMlwvMDZcL2ZiZHZuLmpwZyIsInNsaWRlc2hvdyI6IjljYzVjM2UifQ%3D%3D\">\n\t\t\t\t\t<div class=\"e-gallery-image elementor-gallery-item__image\" data-thumbnail=\"https:\/\/atauni.edu.tr\/cevre-sorunlari-uygulama-ve-arastirma-merkezi\/wp-content\/uploads\/sites\/486\/2022\/06\/fbdvn-300x177.jpg\" data-width=\"300\" data-height=\"177\" aria-label=\"\" role=\"img\" ><\/div>\n\t\t\t\t\t\t\t\t\t\t\t<div class=\"elementor-gallery-item__overlay\"><\/div>\n\t\t\t\t\t\t\t\t\t\t\t\t\t\t<\/a>\n\t\t\t\t\t\t\t<a class=\"e-gallery-item elementor-gallery-item elementor-animated-content\" href=\"https:\/\/atauni.edu.tr\/cevre-sorunlari-uygulama-ve-arastirma-merkezi\/wp-content\/uploads\/sites\/486\/2022\/06\/mjhfjnhgm.jpg\" data-elementor-open-lightbox=\"yes\" data-elementor-lightbox-slideshow=\"9cc5c3e\" data-elementor-lightbox-title=\"mjhfjnhgm\" data-e-action-hash=\"#elementor-action%3Aaction%3Dlightbox%26settings%3DeyJpZCI6NzEyMiwidXJsIjoiaHR0cHM6XC9cL2F0YXVuaS5lZHUudHJcL2NldnJlLXNvcnVubGFyaS11eWd1bGFtYS12ZS1hcmFzdGlybWEtbWVya2V6aVwvd3AtY29udGVudFwvdXBsb2Fkc1wvc2l0ZXNcLzQ4NlwvMjAyMlwvMDZcL21qaGZqbmhnbS5qcGciLCJzbGlkZXNob3ciOiI5Y2M1YzNlIn0%3D\">\n\t\t\t\t\t<div class=\"e-gallery-image elementor-gallery-item__image\" data-thumbnail=\"https:\/\/atauni.edu.tr\/cevre-sorunlari-uygulama-ve-arastirma-merkezi\/wp-content\/uploads\/sites\/486\/2022\/06\/mjhfjnhgm-300x165.jpg\" data-width=\"300\" data-height=\"165\" aria-label=\"\" role=\"img\" ><\/div>\n\t\t\t\t\t\t\t\t\t\t\t<div class=\"elementor-gallery-item__overlay\"><\/div>\n\t\t\t\t\t\t\t\t\t\t\t\t\t\t<\/a>\n\t\t\t\t\t\t\t<a class=\"e-gallery-item elementor-gallery-item elementor-animated-content\" href=\"https:\/\/atauni.edu.tr\/cevre-sorunlari-uygulama-ve-arastirma-merkezi\/wp-content\/uploads\/sites\/486\/2022\/06\/Ekran-Alintisi.jpg\" data-elementor-open-lightbox=\"yes\" data-elementor-lightbox-slideshow=\"9cc5c3e\" data-elementor-lightbox-title=\"Ekran Al\u0131nt\u0131s\u0131\" data-e-action-hash=\"#elementor-action%3Aaction%3Dlightbox%26settings%3DeyJpZCI6NzExMiwidXJsIjoiaHR0cHM6XC9cL2F0YXVuaS5lZHUudHJcL2NldnJlLXNvcnVubGFyaS11eWd1bGFtYS12ZS1hcmFzdGlybWEtbWVya2V6aVwvd3AtY29udGVudFwvdXBsb2Fkc1wvc2l0ZXNcLzQ4NlwvMjAyMlwvMDZcL0VrcmFuLUFsaW50aXNpLmpwZyIsInNsaWRlc2hvdyI6IjljYzVjM2UifQ%3D%3D\">\n\t\t\t\t\t<div class=\"e-gallery-image elementor-gallery-item__image\" data-thumbnail=\"https:\/\/atauni.edu.tr\/cevre-sorunlari-uygulama-ve-arastirma-merkezi\/wp-content\/uploads\/sites\/486\/2022\/06\/Ekran-Alintisi-300x175.jpg\" data-width=\"300\" data-height=\"175\" aria-label=\"\" role=\"img\" ><\/div>\n\t\t\t\t\t\t\t\t\t\t\t<div class=\"elementor-gallery-item__overlay\"><\/div>\n\t\t\t\t\t\t\t\t\t\t\t\t\t\t<\/a>\n\t\t\t\t\t\t\t<a class=\"e-gallery-item elementor-gallery-item elementor-animated-content\" href=\"https:\/\/atauni.edu.tr\/cevre-sorunlari-uygulama-ve-arastirma-merkezi\/wp-content\/uploads\/sites\/486\/2022\/06\/Ekran-Alintisi1.jpg\" data-elementor-open-lightbox=\"yes\" data-elementor-lightbox-slideshow=\"9cc5c3e\" data-elementor-lightbox-title=\"Ekran Al\u0131nt\u0131s\u01311\" data-e-action-hash=\"#elementor-action%3Aaction%3Dlightbox%26settings%3DeyJpZCI6NzExMywidXJsIjoiaHR0cHM6XC9cL2F0YXVuaS5lZHUudHJcL2NldnJlLXNvcnVubGFyaS11eWd1bGFtYS12ZS1hcmFzdGlybWEtbWVya2V6aVwvd3AtY29udGVudFwvdXBsb2Fkc1wvc2l0ZXNcLzQ4NlwvMjAyMlwvMDZcL0VrcmFuLUFsaW50aXNpMS5qcGciLCJzbGlkZXNob3ciOiI5Y2M1YzNlIn0%3D\">\n\t\t\t\t\t<div class=\"e-gallery-image elementor-gallery-item__image\" data-thumbnail=\"https:\/\/atauni.edu.tr\/cevre-sorunlari-uygulama-ve-arastirma-merkezi\/wp-content\/uploads\/sites\/486\/2022\/06\/Ekran-Alintisi1-300x177.jpg\" data-width=\"300\" data-height=\"177\" aria-label=\"\" role=\"img\" ><\/div>\n\t\t\t\t\t\t\t\t\t\t\t<div class=\"elementor-gallery-item__overlay\"><\/div>\n\t\t\t\t\t\t\t\t\t\t\t\t\t\t<\/a>\n\t\t\t\t\t\t\t<a class=\"e-gallery-item elementor-gallery-item elementor-animated-content\" href=\"https:\/\/atauni.edu.tr\/cevre-sorunlari-uygulama-ve-arastirma-merkezi\/wp-content\/uploads\/sites\/486\/2022\/06\/Ekran-Alintisi3.jpg\" data-elementor-open-lightbox=\"yes\" data-elementor-lightbox-slideshow=\"9cc5c3e\" data-elementor-lightbox-title=\"Ekran Al\u0131nt\u0131s\u01313\" data-e-action-hash=\"#elementor-action%3Aaction%3Dlightbox%26settings%3DeyJpZCI6NzExNCwidXJsIjoiaHR0cHM6XC9cL2F0YXVuaS5lZHUudHJcL2NldnJlLXNvcnVubGFyaS11eWd1bGFtYS12ZS1hcmFzdGlybWEtbWVya2V6aVwvd3AtY29udGVudFwvdXBsb2Fkc1wvc2l0ZXNcLzQ4NlwvMjAyMlwvMDZcL0VrcmFuLUFsaW50aXNpMy5qcGciLCJzbGlkZXNob3ciOiI5Y2M1YzNlIn0%3D\">\n\t\t\t\t\t<div class=\"e-gallery-image elementor-gallery-item__image\" data-thumbnail=\"https:\/\/atauni.edu.tr\/cevre-sorunlari-uygulama-ve-arastirma-merkezi\/wp-content\/uploads\/sites\/486\/2022\/06\/Ekran-Alintisi3-300x162.jpg\" data-width=\"300\" data-height=\"162\" aria-label=\"\" role=\"img\" ><\/div>\n\t\t\t\t\t\t\t\t\t\t\t<div class=\"elementor-gallery-item__overlay\"><\/div>\n\t\t\t\t\t\t\t\t\t\t\t\t\t\t<\/a>\n\t\t\t\t\t\t\t<a class=\"e-gallery-item elementor-gallery-item elementor-animated-content\" href=\"https:\/\/atauni.edu.tr\/cevre-sorunlari-uygulama-ve-arastirma-merkezi\/wp-content\/uploads\/sites\/486\/2022\/06\/Ekran-Alintisi8.jpg\" data-elementor-open-lightbox=\"yes\" data-elementor-lightbox-slideshow=\"9cc5c3e\" data-elementor-lightbox-title=\"Ekran Al\u0131nt\u0131s\u01318\" data-e-action-hash=\"#elementor-action%3Aaction%3Dlightbox%26settings%3DeyJpZCI6NzEyMCwidXJsIjoiaHR0cHM6XC9cL2F0YXVuaS5lZHUudHJcL2NldnJlLXNvcnVubGFyaS11eWd1bGFtYS12ZS1hcmFzdGlybWEtbWVya2V6aVwvd3AtY29udGVudFwvdXBsb2Fkc1wvc2l0ZXNcLzQ4NlwvMjAyMlwvMDZcL0VrcmFuLUFsaW50aXNpOC5qcGciLCJzbGlkZXNob3ciOiI5Y2M1YzNlIn0%3D\">\n\t\t\t\t\t<div class=\"e-gallery-image elementor-gallery-item__image\" data-thumbnail=\"https:\/\/atauni.edu.tr\/cevre-sorunlari-uygulama-ve-arastirma-merkezi\/wp-content\/uploads\/sites\/486\/2022\/06\/Ekran-Alintisi8-300x169.jpg\" data-width=\"300\" data-height=\"169\" aria-label=\"\" role=\"img\" ><\/div>\n\t\t\t\t\t\t\t\t\t\t\t<div class=\"elementor-gallery-item__overlay\"><\/div>\n\t\t\t\t\t\t\t\t\t\t\t\t\t\t<\/a>\n\t\t\t\t\t\t\t<a class=\"e-gallery-item elementor-gallery-item elementor-animated-content\" href=\"https:\/\/atauni.edu.tr\/cevre-sorunlari-uygulama-ve-arastirma-merkezi\/wp-content\/uploads\/sites\/486\/2022\/06\/Ekran-Alintisi5.jpg\" data-elementor-open-lightbox=\"yes\" data-elementor-lightbox-slideshow=\"9cc5c3e\" data-elementor-lightbox-title=\"Ekran Al\u0131nt\u0131s\u01315\" data-e-action-hash=\"#elementor-action%3Aaction%3Dlightbox%26settings%3DeyJpZCI6NzExNiwidXJsIjoiaHR0cHM6XC9cL2F0YXVuaS5lZHUudHJcL2NldnJlLXNvcnVubGFyaS11eWd1bGFtYS12ZS1hcmFzdGlybWEtbWVya2V6aVwvd3AtY29udGVudFwvdXBsb2Fkc1wvc2l0ZXNcLzQ4NlwvMjAyMlwvMDZcL0VrcmFuLUFsaW50aXNpNS5qcGciLCJzbGlkZXNob3ciOiI5Y2M1YzNlIn0%3D\">\n\t\t\t\t\t<div class=\"e-gallery-image elementor-gallery-item__image\" data-thumbnail=\"https:\/\/atauni.edu.tr\/cevre-sorunlari-uygulama-ve-arastirma-merkezi\/wp-content\/uploads\/sites\/486\/2022\/06\/Ekran-Alintisi5-300x181.jpg\" data-width=\"300\" data-height=\"181\" aria-label=\"\" role=\"img\" ><\/div>\n\t\t\t\t\t\t\t\t\t\t\t<div class=\"elementor-gallery-item__overlay\"><\/div>\n\t\t\t\t\t\t\t\t\t\t\t\t\t\t<\/a>\n\t\t\t\t\t\t\t<a class=\"e-gallery-item elementor-gallery-item elementor-animated-content\" href=\"https:\/\/atauni.edu.tr\/cevre-sorunlari-uygulama-ve-arastirma-merkezi\/wp-content\/uploads\/sites\/486\/2022\/06\/Ekran-Alintisi6.jpg\" data-elementor-open-lightbox=\"yes\" data-elementor-lightbox-slideshow=\"9cc5c3e\" data-elementor-lightbox-title=\"Ekran Al\u0131nt\u0131s\u01316\" data-e-action-hash=\"#elementor-action%3Aaction%3Dlightbox%26settings%3DeyJpZCI6NzExNywidXJsIjoiaHR0cHM6XC9cL2F0YXVuaS5lZHUudHJcL2NldnJlLXNvcnVubGFyaS11eWd1bGFtYS12ZS1hcmFzdGlybWEtbWVya2V6aVwvd3AtY29udGVudFwvdXBsb2Fkc1wvc2l0ZXNcLzQ4NlwvMjAyMlwvMDZcL0VrcmFuLUFsaW50aXNpNi5qcGciLCJzbGlkZXNob3ciOiI5Y2M1YzNlIn0%3D\">\n\t\t\t\t\t<div class=\"e-gallery-image elementor-gallery-item__image\" data-thumbnail=\"https:\/\/atauni.edu.tr\/cevre-sorunlari-uygulama-ve-arastirma-merkezi\/wp-content\/uploads\/sites\/486\/2022\/06\/Ekran-Alintisi6-300x220.jpg\" data-width=\"300\" data-height=\"220\" aria-label=\"\" role=\"img\" ><\/div>\n\t\t\t\t\t\t\t\t\t\t\t<div class=\"elementor-gallery-item__overlay\"><\/div>\n\t\t\t\t\t\t\t\t\t\t\t\t\t\t<\/a>\n\t\t\t\t\t\t\t<a class=\"e-gallery-item elementor-gallery-item elementor-animated-content\" href=\"https:\/\/atauni.edu.tr\/cevre-sorunlari-uygulama-ve-arastirma-merkezi\/wp-content\/uploads\/sites\/486\/2022\/06\/Ekran-Alintisi4.jpg\" data-elementor-open-lightbox=\"yes\" data-elementor-lightbox-slideshow=\"9cc5c3e\" data-elementor-lightbox-title=\"Ekran Al\u0131nt\u0131s\u01314\" data-e-action-hash=\"#elementor-action%3Aaction%3Dlightbox%26settings%3DeyJpZCI6NzExNSwidXJsIjoiaHR0cHM6XC9cL2F0YXVuaS5lZHUudHJcL2NldnJlLXNvcnVubGFyaS11eWd1bGFtYS12ZS1hcmFzdGlybWEtbWVya2V6aVwvd3AtY29udGVudFwvdXBsb2Fkc1wvc2l0ZXNcLzQ4NlwvMjAyMlwvMDZcL0VrcmFuLUFsaW50aXNpNC5qcGciLCJzbGlkZXNob3ciOiI5Y2M1YzNlIn0%3D\">\n\t\t\t\t\t<div class=\"e-gallery-image elementor-gallery-item__image\" data-thumbnail=\"https:\/\/atauni.edu.tr\/cevre-sorunlari-uygulama-ve-arastirma-merkezi\/wp-content\/uploads\/sites\/486\/2022\/06\/Ekran-Alintisi4-300x185.jpg\" data-width=\"300\" data-height=\"185\" aria-label=\"\" role=\"img\" ><\/div>\n\t\t\t\t\t\t\t\t\t\t\t<div class=\"elementor-gallery-item__overlay\"><\/div>\n\t\t\t\t\t\t\t\t\t\t\t\t\t\t<\/a>\n\t\t\t\t\t\t\t<a class=\"e-gallery-item elementor-gallery-item elementor-animated-content\" href=\"https:\/\/atauni.edu.tr\/cevre-sorunlari-uygulama-ve-arastirma-merkezi\/wp-content\/uploads\/sites\/486\/2022\/06\/Ekran-Alintisi7.jpg\" data-elementor-open-lightbox=\"yes\" data-elementor-lightbox-slideshow=\"9cc5c3e\" data-elementor-lightbox-title=\"Ekran Al\u0131nt\u0131s\u01317\" data-e-action-hash=\"#elementor-action%3Aaction%3Dlightbox%26settings%3DeyJpZCI6NzExOCwidXJsIjoiaHR0cHM6XC9cL2F0YXVuaS5lZHUudHJcL2NldnJlLXNvcnVubGFyaS11eWd1bGFtYS12ZS1hcmFzdGlybWEtbWVya2V6aVwvd3AtY29udGVudFwvdXBsb2Fkc1wvc2l0ZXNcLzQ4NlwvMjAyMlwvMDZcL0VrcmFuLUFsaW50aXNpNy5qcGciLCJzbGlkZXNob3ciOiI5Y2M1YzNlIn0%3D\">\n\t\t\t\t\t<div class=\"e-gallery-image elementor-gallery-item__image\" data-thumbnail=\"https:\/\/atauni.edu.tr\/cevre-sorunlari-uygulama-ve-arastirma-merkezi\/wp-content\/uploads\/sites\/486\/2022\/06\/Ekran-Alintisi7-300x212.jpg\" data-width=\"300\" data-height=\"212\" aria-label=\"\" role=\"img\" ><\/div>\n\t\t\t\t\t\t\t\t\t\t\t<div class=\"elementor-gallery-item__overlay\"><\/div>\n\t\t\t\t\t\t\t\t\t\t\t\t\t\t<\/a>\n\t\t\t\t\t<\/div>\n\t\t\t\t\t<\/div>\n\t\t\t\t<\/div>\n\t\t\t\t\t<\/div>\n\t\t<\/div>\n\t\t\t\t\t<\/div>\n\t\t<\/section>\n\t\t\t\t<\/div>\n\t\t","protected":false},"excerpt":{"rendered":"","protected":false},"author":396,"featured_media":0,"parent":6929,"menu_order":0,"comment_status":"closed","ping_status":"closed","template":"","meta":{"footnotes":""},"class_list":["post-7107","page","type-page","status-publish","hentry"],"_links":{"self":[{"href":"https:\/\/atauni.edu.tr\/cevre-sorunlari-uygulama-ve-arastirma-merkezi\/wp-json\/wp\/v2\/pages\/7107","targetHints":{"allow":["GET"]}}],"collection":[{"href":"https:\/\/atauni.edu.tr\/cevre-sorunlari-uygulama-ve-arastirma-merkezi\/wp-json\/wp\/v2\/pages"}],"about":[{"href":"https:\/\/atauni.edu.tr\/cevre-sorunlari-uygulama-ve-arastirma-merkezi\/wp-json\/wp\/v2\/types\/page"}],"author":[{"embeddable":true,"href":"https:\/\/atauni.edu.tr\/cevre-sorunlari-uygulama-ve-arastirma-merkezi\/wp-json\/wp\/v2\/users\/396"}],"replies":[{"embeddable":true,"href":"https:\/\/atauni.edu.tr\/cevre-sorunlari-uygulama-ve-arastirma-merkezi\/wp-json\/wp\/v2\/comments?post=7107"}],"version-history":[{"count":10,"href":"https:\/\/atauni.edu.tr\/cevre-sorunlari-uygulama-ve-arastirma-merkezi\/wp-json\/wp\/v2\/pages\/7107\/revisions"}],"predecessor-version":[{"id":7132,"href":"https:\/\/atauni.edu.tr\/cevre-sorunlari-uygulama-ve-arastirma-merkezi\/wp-json\/wp\/v2\/pages\/7107\/revisions\/7132"}],"up":[{"embeddable":true,"href":"https:\/\/atauni.edu.tr\/cevre-sorunlari-uygulama-ve-arastirma-merkezi\/wp-json\/wp\/v2\/pages\/6929"}],"wp:attachment":[{"href":"https:\/\/atauni.edu.tr\/cevre-sorunlari-uygulama-ve-arastirma-merkezi\/wp-json\/wp\/v2\/media?parent=7107"}],"curies":[{"name":"wp","href":"https:\/\/api.w.org\/{rel}","templated":true}]}}