{"id":7133,"date":"2022-06-21T00:40:56","date_gmt":"2022-06-20T21:40:56","guid":{"rendered":"https:\/\/birimler.atauni.edu.tr\/cevre-sorunlari-uygulama-ve-arastirma-merkezi\/?page_id=7133"},"modified":"2023-07-14T12:05:05","modified_gmt":"2023-07-14T09:05:05","slug":"un-sdsn","status":"publish","type":"page","link":"https:\/\/atauni.edu.tr\/cevre-sorunlari-uygulama-ve-arastirma-merkezi\/genel\/un-sdsn\/","title":{"rendered":"UN-SDSN"},"content":{"rendered":"\t\t<div data-elementor-type=\"wp-page\" data-elementor-id=\"7133\" class=\"elementor elementor-7133\" data-elementor-post-type=\"page\">\n\t\t\t\t\t\t<section class=\"elementor-section elementor-top-section elementor-element elementor-element-aee681c elementor-section-boxed elementor-section-height-default elementor-section-height-default\" data-id=\"aee681c\" data-element_type=\"section\">\n\t\t\t\t\t\t<div class=\"elementor-container elementor-column-gap-default\">\n\t\t\t\t\t<div class=\"elementor-column elementor-col-100 elementor-top-column elementor-element elementor-element-6d6bd61\" data-id=\"6d6bd61\" data-element_type=\"column\">\n\t\t\t<div class=\"elementor-widget-wrap elementor-element-populated\">\n\t\t\t\t\t\t<div class=\"elementor-element elementor-element-e80f0b0 elementor-widget elementor-widget-text-editor\" data-id=\"e80f0b0\" data-element_type=\"widget\" data-widget_type=\"text-editor.default\">\n\t\t\t\t<div class=\"elementor-widget-container\">\n\t\t\t\t\t\t\t\t\t<h2 class=\"p-baslik mt-3\">TANINIRLIK VE ULUSLARARASILA\u015eMAYA Y\u00d6NEL\u0130K B\u0130R HAMLE DAHA\u2026 ATAT\u00dcRK \u00dcN\u0130VERS\u0130TES\u0130 UN-SDSN GLOBAL NETWORK \u00dcNE DAH\u0130L OLDU.<\/h2>\t\t\t\t\t\t\t\t<\/div>\n\t\t\t\t<\/div>\n\t\t\t\t\t<\/div>\n\t\t<\/div>\n\t\t\t\t\t<\/div>\n\t\t<\/section>\n\t\t\t\t<section class=\"elementor-section elementor-top-section elementor-element elementor-element-90b4eb3 elementor-section-boxed elementor-section-height-default elementor-section-height-default\" data-id=\"90b4eb3\" data-element_type=\"section\">\n\t\t\t\t\t\t<div class=\"elementor-container elementor-column-gap-default\">\n\t\t\t\t\t<div class=\"elementor-column elementor-col-100 elementor-top-column elementor-element elementor-element-dbaad52\" data-id=\"dbaad52\" data-element_type=\"column\">\n\t\t\t<div class=\"elementor-widget-wrap elementor-element-populated\">\n\t\t\t\t\t\t<div class=\"elementor-element elementor-element-6caf9d3 elementor-widget elementor-widget-image\" data-id=\"6caf9d3\" data-element_type=\"widget\" data-widget_type=\"image.default\">\n\t\t\t\t<div class=\"elementor-widget-container\">\n\t\t\t\t\t\t\t\t\t\t\t\t\t\t\t<img fetchpriority=\"high\" decoding=\"async\" width=\"1024\" height=\"512\" src=\"https:\/\/atauni.edu.tr\/cevre-sorunlari-uygulama-ve-arastirma-merkezi\/wp-content\/uploads\/sites\/486\/2023\/07\/TM-SDSN-12-1024x512.jpg\" class=\"attachment-large size-large wp-image-8077\" alt=\"\" srcset=\"https:\/\/atauni.edu.tr\/cevre-sorunlari-uygulama-ve-arastirma-merkezi\/wp-content\/uploads\/sites\/486\/2023\/07\/TM-SDSN-12-1024x512.jpg 1024w, https:\/\/atauni.edu.tr\/cevre-sorunlari-uygulama-ve-arastirma-merkezi\/wp-content\/uploads\/sites\/486\/2023\/07\/TM-SDSN-12-300x150.jpg 300w, https:\/\/atauni.edu.tr\/cevre-sorunlari-uygulama-ve-arastirma-merkezi\/wp-content\/uploads\/sites\/486\/2023\/07\/TM-SDSN-12-768x384.jpg 768w, https:\/\/atauni.edu.tr\/cevre-sorunlari-uygulama-ve-arastirma-merkezi\/wp-content\/uploads\/sites\/486\/2023\/07\/TM-SDSN-12-1536x768.jpg 1536w, https:\/\/atauni.edu.tr\/cevre-sorunlari-uygulama-ve-arastirma-merkezi\/wp-content\/uploads\/sites\/486\/2023\/07\/TM-SDSN-12-2048x1024.jpg 2048w, https:\/\/atauni.edu.tr\/cevre-sorunlari-uygulama-ve-arastirma-merkezi\/wp-content\/uploads\/sites\/486\/2023\/07\/TM-SDSN-12-600x300.jpg 600w, https:\/\/atauni.edu.tr\/cevre-sorunlari-uygulama-ve-arastirma-merkezi\/wp-content\/uploads\/sites\/486\/2023\/07\/TM-SDSN-12-560x280.jpg 560w\" sizes=\"(max-width: 1024px) 100vw, 1024px\" \/>\t\t\t\t\t\t\t\t\t\t\t\t\t\t\t<\/div>\n\t\t\t\t<\/div>\n\t\t\t\t\t<\/div>\n\t\t<\/div>\n\t\t\t\t\t<\/div>\n\t\t<\/section>\n\t\t\t\t<section class=\"elementor-section elementor-top-section elementor-element elementor-element-7e72040 elementor-section-boxed elementor-section-height-default elementor-section-height-default\" data-id=\"7e72040\" data-element_type=\"section\">\n\t\t\t\t\t\t<div class=\"elementor-container elementor-column-gap-default\">\n\t\t\t\t\t<div class=\"elementor-column elementor-col-50 elementor-top-column elementor-element elementor-element-c9c94e2\" data-id=\"c9c94e2\" data-element_type=\"column\">\n\t\t\t<div class=\"elementor-widget-wrap elementor-element-populated\">\n\t\t\t\t\t\t<div class=\"elementor-element elementor-element-b0968a9 elementor-widget elementor-widget-image\" data-id=\"b0968a9\" data-element_type=\"widget\" data-widget_type=\"image.default\">\n\t\t\t\t<div class=\"elementor-widget-container\">\n\t\t\t\t\t\t\t\t\t\t\t\t<figure class=\"wp-caption\">\n\t\t\t\t\t\t\t\t\t\t\t<a href=\"https:\/\/birimler.atauni.edu.tr\/cevre-sorunlari-uygulama-ve-arastirma-merkezi\/sdsn-turkiye-2023-uyeler-kurulu-toplantisi\/\">\n\t\t\t\t\t\t\t<img decoding=\"async\" width=\"1024\" height=\"580\" src=\"https:\/\/atauni.edu.tr\/cevre-sorunlari-uygulama-ve-arastirma-merkezi\/wp-content\/uploads\/sites\/486\/2023\/07\/SDSN-Turkiye-copy-1024x580.jpg\" class=\"attachment-large size-large wp-image-7954\" alt=\"\" srcset=\"https:\/\/atauni.edu.tr\/cevre-sorunlari-uygulama-ve-arastirma-merkezi\/wp-content\/uploads\/sites\/486\/2023\/07\/SDSN-Turkiye-copy-1024x580.jpg 1024w, https:\/\/atauni.edu.tr\/cevre-sorunlari-uygulama-ve-arastirma-merkezi\/wp-content\/uploads\/sites\/486\/2023\/07\/SDSN-Turkiye-copy-300x170.jpg 300w, https:\/\/atauni.edu.tr\/cevre-sorunlari-uygulama-ve-arastirma-merkezi\/wp-content\/uploads\/sites\/486\/2023\/07\/SDSN-Turkiye-copy-768x435.jpg 768w, https:\/\/atauni.edu.tr\/cevre-sorunlari-uygulama-ve-arastirma-merkezi\/wp-content\/uploads\/sites\/486\/2023\/07\/SDSN-Turkiye-copy-1536x869.jpg 1536w, https:\/\/atauni.edu.tr\/cevre-sorunlari-uygulama-ve-arastirma-merkezi\/wp-content\/uploads\/sites\/486\/2023\/07\/SDSN-Turkiye-copy-600x340.jpg 600w, https:\/\/atauni.edu.tr\/cevre-sorunlari-uygulama-ve-arastirma-merkezi\/wp-content\/uploads\/sites\/486\/2023\/07\/SDSN-Turkiye-copy-560x317.jpg 560w, https:\/\/atauni.edu.tr\/cevre-sorunlari-uygulama-ve-arastirma-merkezi\/wp-content\/uploads\/sites\/486\/2023\/07\/SDSN-Turkiye-copy.jpg 1993w\" sizes=\"(max-width: 1024px) 100vw, 1024px\" \/>\t\t\t\t\t\t\t\t<\/a>\n\t\t\t\t\t\t\t\t\t\t\t<figcaption class=\"widget-image-caption wp-caption-text\">Detaylar i\u00e7in t\u0131klay\u0131n...<\/figcaption>\n\t\t\t\t\t\t\t\t\t\t<\/figure>\n\t\t\t\t\t\t\t\t\t<\/div>\n\t\t\t\t<\/div>\n\t\t\t\t\t<\/div>\n\t\t<\/div>\n\t\t\t\t<div class=\"elementor-column elementor-col-50 elementor-top-column elementor-element elementor-element-cbe6018\" data-id=\"cbe6018\" data-element_type=\"column\">\n\t\t\t<div class=\"elementor-widget-wrap elementor-element-populated\">\n\t\t\t\t\t\t<div class=\"elementor-element elementor-element-8c7aa33 elementor-widget elementor-widget-image\" data-id=\"8c7aa33\" data-element_type=\"widget\" data-widget_type=\"image.default\">\n\t\t\t\t<div class=\"elementor-widget-container\">\n\t\t\t\t\t\t\t\t\t\t\t\t<figure class=\"wp-caption\">\n\t\t\t\t\t\t\t\t\t\t\t<a href=\"https:\/\/birimler.atauni.edu.tr\/cevre-sorunlari-uygulama-ve-arastirma-merkezi\/un-sdsn\/\">\n\t\t\t\t\t\t\t<img decoding=\"async\" width=\"1024\" height=\"540\" src=\"https:\/\/atauni.edu.tr\/cevre-sorunlari-uygulama-ve-arastirma-merkezi\/wp-content\/uploads\/sites\/486\/2023\/07\/Ekran-Alintisi-1024x540.jpg\" class=\"attachment-large size-large wp-image-7936\" alt=\"\" srcset=\"https:\/\/atauni.edu.tr\/cevre-sorunlari-uygulama-ve-arastirma-merkezi\/wp-content\/uploads\/sites\/486\/2023\/07\/Ekran-Alintisi-1024x540.jpg 1024w, https:\/\/atauni.edu.tr\/cevre-sorunlari-uygulama-ve-arastirma-merkezi\/wp-content\/uploads\/sites\/486\/2023\/07\/Ekran-Alintisi-300x158.jpg 300w, https:\/\/atauni.edu.tr\/cevre-sorunlari-uygulama-ve-arastirma-merkezi\/wp-content\/uploads\/sites\/486\/2023\/07\/Ekran-Alintisi-768x405.jpg 768w, https:\/\/atauni.edu.tr\/cevre-sorunlari-uygulama-ve-arastirma-merkezi\/wp-content\/uploads\/sites\/486\/2023\/07\/Ekran-Alintisi-600x317.jpg 600w, https:\/\/atauni.edu.tr\/cevre-sorunlari-uygulama-ve-arastirma-merkezi\/wp-content\/uploads\/sites\/486\/2023\/07\/Ekran-Alintisi-560x295.jpg 560w, https:\/\/atauni.edu.tr\/cevre-sorunlari-uygulama-ve-arastirma-merkezi\/wp-content\/uploads\/sites\/486\/2023\/07\/Ekran-Alintisi.jpg 1285w\" sizes=\"(max-width: 1024px) 100vw, 1024px\" \/>\t\t\t\t\t\t\t\t<\/a>\n\t\t\t\t\t\t\t\t\t\t\t<figcaption class=\"widget-image-caption wp-caption-text\">Detaylar i\u00e7in t\u0131klay\u0131n...<\/figcaption>\n\t\t\t\t\t\t\t\t\t\t<\/figure>\n\t\t\t\t\t\t\t\t\t<\/div>\n\t\t\t\t<\/div>\n\t\t\t\t\t<\/div>\n\t\t<\/div>\n\t\t\t\t\t<\/div>\n\t\t<\/section>\n\t\t\t\t<section class=\"elementor-section elementor-top-section elementor-element elementor-element-04e0a21 elementor-section-boxed elementor-section-height-default elementor-section-height-default\" data-id=\"04e0a21\" data-element_type=\"section\">\n\t\t\t\t\t\t<div class=\"elementor-container elementor-column-gap-default\">\n\t\t\t\t\t<div class=\"elementor-column elementor-col-100 elementor-top-column elementor-element elementor-element-34fb62a\" data-id=\"34fb62a\" data-element_type=\"column\">\n\t\t\t<div class=\"elementor-widget-wrap elementor-element-populated\">\n\t\t\t\t\t\t<div class=\"elementor-element elementor-element-7620ef0 elementor-widget elementor-widget-text-editor\" data-id=\"7620ef0\" data-element_type=\"widget\" data-widget_type=\"text-editor.default\">\n\t\t\t\t<div class=\"elementor-widget-container\">\n\t\t\t\t\t\t\t\t\t<h2 class=\"p-baslik mt-3\">\u00a0<\/h2><div class=\"medya-icerik\"><p>Atat\u00fcrk \u00dcniversitesi, k\u00fcresel bir bilimsel ve teknolojik uzmanl\u0131k a\u011f\u0131 olan S\u00fcrd\u00fcr\u00fclebilir Kalk\u0131nma \u00c7\u00f6z\u00fcmleri A\u011f\u0131n\u0131n (Sustainable Development Solutions Network-SDSN) \u00fcyeleri aras\u0131nda yerini ald\u0131.<\/p><p>S\u00fcrd\u00fcr\u00fclebilir kalk\u0131nma ama\u00e7lar\u0131 ile ili\u015fkili alanlarda e\u011fitim, fark\u0131ndal\u0131k, i\u015f birlikleri ve \u00e7\u00f6z\u00fcm giri\u015fimleri konular\u0131nda faaliyet g\u00f6sterecek a\u011f\u0131n bir par\u00e7as\u0131 olarak yeni i\u015f birlikleri ve f\u0131rsatlar i\u00e7in \u00f6nemli bir geli\u015fmeye imza atan Atat\u00fcrk \u00dcniversitesi, uluslararas\u0131 a\u011fda T\u00fcrkiye\u2019yi temsil eden 28 kurumdan biri oldu.<\/p><p>Global bir network olan BM S\u00fcrd\u00fcr\u00fclebilir Kalk\u0131nma \u00c7\u00f6z\u00fcmleri A\u011f\u0131 (United Nations- Sustainable Development Solutions Network) (UN-SDSN); yerel, ulusal ve k\u00fcresel \u00f6l\u00e7ekte s\u00fcrd\u00fcr\u00fclebilir kalk\u0131nma i\u00e7in uygulanabilir \u00e7\u00f6z\u00fcmleri desteklemek amac\u0131yla akademi, sivil toplum ve \u00f6zel sekt\u00f6rden bilimsel ve teknik uzmanlar\u0131 bir araya getirerek 2012\u2019den beri BM Genel Sekreterli\u011fi himayesinde d\u00fcnya \u00e7ap\u0131nda ger\u00e7ekle\u015ftirilen faaliyetlere destek oluyor. Birle\u015fmi\u015f Milletlerin k\u00fcresel giri\u015fimi Sustainable Development Solutions Network, S\u00fcrd\u00fcr\u00fclebilir Kalk\u0131nma Ama\u00e7lar\u0131n\u0131n ve Paris \u0130klim Anla\u015fmas\u0131n\u0131n uygulanmas\u0131 da d\u00e2hil olmak \u00fczere s\u00fcrd\u00fcr\u00fclebilir kalk\u0131nma i\u00e7in pratik \u00e7\u00f6z\u00fcmleri te\u015fvik etmek i\u00e7in k\u00fcresel bir bilimsel ve teknolojik uzmanl\u0131k a\u011f\u0131 olarak tan\u0131mlan\u0131yor.<\/p><p>K\u00fcresel a\u011f\u0131n yan\u0131 s\u0131ra ulusal a\u011flar\u0131 da i\u00e7eren bu yap\u0131n\u0131n bir \u00fcyesi olmak i\u00e7in alan uzmanl\u0131\u011f\u0131, yetkinlik, vizyon ve misyon gibi pek \u00e7ok kurumsal yetkinli\u011fin a\u00e7\u0131kland\u0131\u011f\u0131 detayl\u0131 bir ba\u015fvuru ger\u00e7ekle\u015ftirilmesi ve bu ba\u015fvurunun SDSN Network Strategy Council taraf\u0131ndan de\u011ferlendirilmesi s\u00fcrecine dahil olan Atat\u00fcrk \u00dcniversitesi ise s\u00f6z konusu de\u011ferlendirme s\u00fcrecini ba\u015far\u0131yla ge\u00e7erek Sustainable Development Solutions Network a\u011f\u0131n\u0131n ve SDSN T\u00fcrkiye Ulusal A\u011f\u0131n\u0131n bir \u00fcyesi olmaya hak kazand\u0131.<\/p><p><strong><em>SDSN, \u00dcyelerine Bilimsel Yakla\u015f\u0131mlar ve \u00c7\u00f6z\u00fcmler Altyap\u0131s\u0131 Sunuyor<\/em><\/strong><\/p><p>S\u00fcrd\u00fcr\u00fclebilir Kalk\u0131nma Ama\u00e7lar\u0131n\u0131n desteklenmesi i\u00e7in entegre yakla\u015f\u0131mlar i\u00e7erisinde yer alan bilimsel yakla\u015f\u0131mlar ve \u00e7\u00f6z\u00fcmler altyap\u0131s\u0131 olu\u015fturan UN-SDSN a\u011f\u0131n\u0131n, Atat\u00fcrk \u00dcniversitesinin tan\u0131n\u0131rl\u0131\u011f\u0131n\u0131n artmas\u0131na ve uluslararas\u0131la\u015fmas\u0131na b\u00fcy\u00fck bir katk\u0131 sunaca\u011f\u0131n\u0131 belirten Atat\u00fcrk \u00dcniversitesi \u00c7evre Sorunlar\u0131 Uygulama ve Ara\u015ft\u0131rma Merkez M\u00fcd\u00fcr\u00fc Prof. Dr. Zeynep Ceylan, Atat\u00fcrk \u00dcniversitesinin kendi uhdesi i\u00e7erisinde y\u00fcr\u00fctm\u00fc\u015f oldu\u011fu e\u011fitim, ara\u015ft\u0131rma ve toplumsal katk\u0131 misyonlar\u0131n\u0131 Birle\u015fmi\u015f Milletlerin S\u00fcrd\u00fcr\u00fclebilir Kalk\u0131nma Ama\u00e7lar\u0131na g\u00f6re 18.12.2019 tarih ve 128 say\u0131l\u0131 \u00dcniversite Senato Karar\u0131 ile planlad\u0131\u011f\u0131n\u0131 s\u00f6yledi.<\/p><p>UN-SDSN Network\u00fcne dahil olman\u0131n \u00fcniversiteye sa\u011flayaca\u011f\u0131 katk\u0131lar\u0131 aktaran Prof. Dr. Ceylan \u015funlar\u0131 kaydetti: \u201cSKA\u2019lar baz alarak yap\u0131lan ara\u015ft\u0131rmalar, projeler, makaleler, ders i\u00e7erikleri ve benzeri t\u00fcm etkinliklerin a\u011f \u00fczerinden d\u00fcnyaya h\u0131zla duyurularak \u00fcniversitenin tan\u0131n\u0131rl\u0131\u011f\u0131n\u0131n artmas\u0131n\u0131 sa\u011flayacak. GreenMetric Sertifikasyonu puanlamalar\u0131nda pozitif katk\u0131lar yapmas\u0131na, uluslararas\u0131 etkinliklerden (global \u00f6l\u00e7ekte yap\u0131lacak konferanslar, kongreler, sempozyumlar, \u00e7al\u0131\u015ftaylar vb.) anl\u0131k haberdar olup kat\u0131l\u0131m sa\u011flamak suretiyle \u00fcniversite ad\u0131na s\u00fcrd\u00fcr\u00fclebilir g\u00fcncellenmenin sa\u011flanmas\u0131na ve \u00fcniversitelerin SKA\u2019lar\u0131 baz alarak yapt\u0131\u011f\u0131 \u00e7al\u0131\u015fmalar ile etkinliklerin \u00e7ok h\u0131zl\u0131 bir \u015fekilde entegre edilerek T\u00fcrkiye geneli puan art\u0131\u015f\u0131nda k\u00fcm\u00fclatif katk\u0131 sunmas\u0131na vesile olacak bu hamle, Atat\u00fcrk \u00dcniversitesi i\u00e7in b\u00fcy\u00fck \u00f6nem ta\u015f\u0131yor. Bu vesileyle bizlere her konuda destek olan ve \u00fcniversitemizin b\u00f6ylesine \u00f6nemli bir alanda var olmas\u0131n\u0131 sa\u011flayan Rekt\u00f6r\u00fcm\u00fcz Prof. Dr. \u00d6mer \u00c7omakl\u0131 ba\u015fta olmak \u00fczere, emek veren herkese te\u015fekk\u00fcr ediyorum\u201d dedi.<\/p><p><strong><em>T\u00fcrkiye\u2019den 28 Kurum Network \u0130\u00e7inde Yer Al\u0131yor<\/em><\/strong><\/p><p>6 k\u0131tada 50 a\u011fa sahip olan ve b\u00fcnyesinde 1778 kurum bar\u0131nd\u0131ran UN-SDSN\u2019ye 2021 y\u0131l\u0131nda T\u00fcrkiye \u00fcniversiteleri aras\u0131nda 11\u2019i devlet olmak \u00fczere toplamda 21 \u00fcniversite \u00fcyeyken, 2022 y\u0131l\u0131 ba\u015fvurular\u0131 a\u00e7\u0131kland\u0131\u011f\u0131nda network i\u00e7erisindeki \u00fcniversitelere ilave olarak aralar\u0131nda Atat\u00fcrk \u00dcniversitesinin de yer ald\u0131\u011f\u0131 3\u2019\u00fc devlet, 4\u2019\u00fc vak\u0131f \u00fcniversitesi olmak \u00fczere toplamda 7 \u00fcniversite yer ald\u0131.<\/p><\/div>\t\t\t\t\t\t\t\t<\/div>\n\t\t\t\t<\/div>\n\t\t\t\t\t<\/div>\n\t\t<\/div>\n\t\t\t\t\t<\/div>\n\t\t<\/section>\n\t\t\t\t<\/div>\n\t\t","protected":false},"excerpt":{"rendered":"<p>TANINIRLIK VE ULUSLARARASILA\u015eMAYA Y\u00d6NEL\u0130K B\u0130R HAMLE DAHA\u2026 ATAT\u00dcRK \u00dcN\u0130VERS\u0130TES\u0130 UN-SDSN GLOBAL NETWORK \u00dcNE DAH\u0130L OLDU. Detaylar i\u00e7in t\u0131klay\u0131n&#8230; Detaylar i\u00e7in t\u0131klay\u0131n&#8230; \u00a0 Atat\u00fcrk \u00dcniversitesi, k\u00fcresel bir bilimsel ve teknolojik uzmanl\u0131k a\u011f\u0131 olan S\u00fcrd\u00fcr\u00fclebilir Kalk\u0131nma \u00c7\u00f6z\u00fcmleri A\u011f\u0131n\u0131n (Sustainable Development Solutions Network-SDSN) \u00fcyeleri aras\u0131nda yerini ald\u0131. S\u00fcrd\u00fcr\u00fclebilir kalk\u0131nma ama\u00e7lar\u0131 ile ili\u015fkili alanlarda e\u011fitim, fark\u0131ndal\u0131k, i\u015f birlikleri ve [&hellip;]<\/p>\n","protected":false},"author":396,"featured_media":0,"parent":6929,"menu_order":0,"comment_status":"closed","ping_status":"closed","template":"","meta":{"footnotes":""},"class_list":["post-7133","page","type-page","status-publish","hentry"],"_links":{"self":[{"href":"https:\/\/atauni.edu.tr\/cevre-sorunlari-uygulama-ve-arastirma-merkezi\/wp-json\/wp\/v2\/pages\/7133","targetHints":{"allow":["GET"]}}],"collection":[{"href":"https:\/\/atauni.edu.tr\/cevre-sorunlari-uygulama-ve-arastirma-merkezi\/wp-json\/wp\/v2\/pages"}],"about":[{"href":"https:\/\/atauni.edu.tr\/cevre-sorunlari-uygulama-ve-arastirma-merkezi\/wp-json\/wp\/v2\/types\/page"}],"author":[{"embeddable":true,"href":"https:\/\/atauni.edu.tr\/cevre-sorunlari-uygulama-ve-arastirma-merkezi\/wp-json\/wp\/v2\/users\/396"}],"replies":[{"embeddable":true,"href":"https:\/\/atauni.edu.tr\/cevre-sorunlari-uygulama-ve-arastirma-merkezi\/wp-json\/wp\/v2\/comments?post=7133"}],"version-history":[{"count":59,"href":"https:\/\/atauni.edu.tr\/cevre-sorunlari-uygulama-ve-arastirma-merkezi\/wp-json\/wp\/v2\/pages\/7133\/revisions"}],"predecessor-version":[{"id":8092,"href":"https:\/\/atauni.edu.tr\/cevre-sorunlari-uygulama-ve-arastirma-merkezi\/wp-json\/wp\/v2\/pages\/7133\/revisions\/8092"}],"up":[{"embeddable":true,"href":"https:\/\/atauni.edu.tr\/cevre-sorunlari-uygulama-ve-arastirma-merkezi\/wp-json\/wp\/v2\/pages\/6929"}],"wp:attachment":[{"href":"https:\/\/atauni.edu.tr\/cevre-sorunlari-uygulama-ve-arastirma-merkezi\/wp-json\/wp\/v2\/media?parent=7133"}],"curies":[{"name":"wp","href":"https:\/\/api.w.org\/{rel}","templated":true}]}}