{"id":7543,"date":"2023-06-07T12:22:23","date_gmt":"2023-06-07T09:22:23","guid":{"rendered":"https:\/\/birimler.atauni.edu.tr\/cevre-sorunlari-uygulama-ve-arastirma-merkezi\/?page_id=7543"},"modified":"2024-01-11T16:53:00","modified_gmt":"2024-01-11T13:53:00","slug":"kompostlama-tesisi","status":"publish","type":"page","link":"https:\/\/atauni.edu.tr\/cevre-sorunlari-uygulama-ve-arastirma-merkezi\/kompostlama-tesisi\/","title":{"rendered":"AHaber-ATV Ortak Canl\u0131 Yay\u0131n, S\u00f6yle\u015fi 07.06.2023"},"content":{"rendered":"\t\t<div data-elementor-type=\"wp-page\" data-elementor-id=\"7543\" class=\"elementor elementor-7543\" data-elementor-post-type=\"page\">\n\t\t\t\t\t\t<section class=\"elementor-section elementor-top-section elementor-element elementor-element-dd5df4b elementor-section-boxed elementor-section-height-default elementor-section-height-default\" data-id=\"dd5df4b\" data-element_type=\"section\">\n\t\t\t\t\t\t<div class=\"elementor-container elementor-column-gap-default\">\n\t\t\t\t\t<div class=\"elementor-column elementor-col-100 elementor-top-column elementor-element elementor-element-52ac090\" data-id=\"52ac090\" data-element_type=\"column\">\n\t\t\t<div class=\"elementor-widget-wrap elementor-element-populated\">\n\t\t\t\t\t\t<div class=\"elementor-element elementor-element-27fe45b elementor-widget elementor-widget-video\" data-id=\"27fe45b\" data-element_type=\"widget\" data-settings=\"{&quot;video_type&quot;:&quot;hosted&quot;,&quot;controls&quot;:&quot;yes&quot;}\" data-widget_type=\"video.default\">\n\t\t\t\t<div class=\"elementor-widget-container\">\n\t\t\t\t\t\t\t<div class=\"e-hosted-video elementor-wrapper elementor-open-inline\">\n\t\t\t\t\t<video class=\"elementor-video\" src=\"https:\/\/birimler.atauni.edu.tr\/cevre-sorunlari-uygulama-ve-arastirma-merkezi\/wp-content\/uploads\/sites\/486\/2023\/06\/AHABER_20230607_0.mp4\" controls=\"\" preload=\"metadata\" controlsList=\"nodownload\"><\/video>\n\t\t\t\t<\/div>\n\t\t\t\t\t\t<\/div>\n\t\t\t\t<\/div>\n\t\t\t\t\t<\/div>\n\t\t<\/div>\n\t\t\t\t\t<\/div>\n\t\t<\/section>\n\t\t\t\t<\/div>\n\t\t","protected":false},"excerpt":{"rendered":"<p>https:\/\/birimler.atauni.edu.tr\/cevre-sorunlari-uygulama-ve-arastirma-merkezi\/wp-content\/uploads\/sites\/486\/2023\/06\/AHABER_20230607_0.mp4<\/p>\n","protected":false},"author":396,"featured_media":0,"parent":0,"menu_order":0,"comment_status":"closed","ping_status":"closed","template":"","meta":{"footnotes":""},"class_list":["post-7543","page","type-page","status-publish","hentry"],"_links":{"self":[{"href":"https:\/\/atauni.edu.tr\/cevre-sorunlari-uygulama-ve-arastirma-merkezi\/wp-json\/wp\/v2\/pages\/7543","targetHints":{"allow":["GET"]}}],"collection":[{"href":"https:\/\/atauni.edu.tr\/cevre-sorunlari-uygulama-ve-arastirma-merkezi\/wp-json\/wp\/v2\/pages"}],"about":[{"href":"https:\/\/atauni.edu.tr\/cevre-sorunlari-uygulama-ve-arastirma-merkezi\/wp-json\/wp\/v2\/types\/page"}],"author":[{"embeddable":true,"href":"https:\/\/atauni.edu.tr\/cevre-sorunlari-uygulama-ve-arastirma-merkezi\/wp-json\/wp\/v2\/users\/396"}],"replies":[{"embeddable":true,"href":"https:\/\/atauni.edu.tr\/cevre-sorunlari-uygulama-ve-arastirma-merkezi\/wp-json\/wp\/v2\/comments?post=7543"}],"version-history":[{"count":5,"href":"https:\/\/atauni.edu.tr\/cevre-sorunlari-uygulama-ve-arastirma-merkezi\/wp-json\/wp\/v2\/pages\/7543\/revisions"}],"predecessor-version":[{"id":8937,"href":"https:\/\/atauni.edu.tr\/cevre-sorunlari-uygulama-ve-arastirma-merkezi\/wp-json\/wp\/v2\/pages\/7543\/revisions\/8937"}],"wp:attachment":[{"href":"https:\/\/atauni.edu.tr\/cevre-sorunlari-uygulama-ve-arastirma-merkezi\/wp-json\/wp\/v2\/media?parent=7543"}],"curies":[{"name":"wp","href":"https:\/\/api.w.org\/{rel}","templated":true}]}}