{"id":7602,"date":"2023-06-16T16:00:45","date_gmt":"2023-06-16T13:00:45","guid":{"rendered":"https:\/\/birimler.atauni.edu.tr\/cevre-sorunlari-uygulama-ve-arastirma-merkezi\/?page_id=7602"},"modified":"2025-12-05T18:14:22","modified_gmt":"2025-12-05T15:14:22","slug":"ui-greenmetric-basvuru-sonuclari","status":"publish","type":"page","link":"https:\/\/atauni.edu.tr\/cevre-sorunlari-uygulama-ve-arastirma-merkezi\/ui-greenmetric-basvuru-sonuclari\/","title":{"rendered":"UI GreenMetric Ba\u015fvuru Sonu\u00e7lar\u0131"},"content":{"rendered":"\t\t<div data-elementor-type=\"wp-page\" data-elementor-id=\"7602\" class=\"elementor elementor-7602\" data-elementor-post-type=\"page\">\n\t\t\t\t\t\t<section class=\"elementor-section elementor-top-section elementor-element elementor-element-2cff17a elementor-section-boxed elementor-section-height-default elementor-section-height-default\" data-id=\"2cff17a\" data-element_type=\"section\">\n\t\t\t\t\t\t<div class=\"elementor-container elementor-column-gap-default\">\n\t\t\t\t\t<div class=\"elementor-column elementor-col-33 elementor-top-column elementor-element elementor-element-6d6503f\" data-id=\"6d6503f\" data-element_type=\"column\">\n\t\t\t<div class=\"elementor-widget-wrap elementor-element-populated\">\n\t\t\t\t\t\t<div class=\"elementor-element elementor-element-fa73420 elementor-widget elementor-widget-image\" data-id=\"fa73420\" data-element_type=\"widget\" data-widget_type=\"image.default\">\n\t\t\t\t<div class=\"elementor-widget-container\">\n\t\t\t\t\t\t\t\t\t\t\t\t\t\t\t\t<a href=\"https:\/\/birimler.atauni.edu.tr\/cevre-sorunlari-uygulama-ve-arastirma-merkezi\/ui-greenmetric-2018\/\">\n\t\t\t\t\t\t\t<img fetchpriority=\"high\" decoding=\"async\" width=\"768\" height=\"768\" src=\"https:\/\/atauni.edu.tr\/cevre-sorunlari-uygulama-ve-arastirma-merkezi\/wp-content\/uploads\/sites\/486\/2023\/06\/2018-1-768x768.jpg\" class=\"attachment-medium_large size-medium_large wp-image-7668\" alt=\"\" srcset=\"https:\/\/atauni.edu.tr\/cevre-sorunlari-uygulama-ve-arastirma-merkezi\/wp-content\/uploads\/sites\/486\/2023\/06\/2018-1-768x768.jpg 768w, https:\/\/atauni.edu.tr\/cevre-sorunlari-uygulama-ve-arastirma-merkezi\/wp-content\/uploads\/sites\/486\/2023\/06\/2018-1-300x300.jpg 300w, https:\/\/atauni.edu.tr\/cevre-sorunlari-uygulama-ve-arastirma-merkezi\/wp-content\/uploads\/sites\/486\/2023\/06\/2018-1-1024x1024.jpg 1024w, https:\/\/atauni.edu.tr\/cevre-sorunlari-uygulama-ve-arastirma-merkezi\/wp-content\/uploads\/sites\/486\/2023\/06\/2018-1-150x150.jpg 150w, https:\/\/atauni.edu.tr\/cevre-sorunlari-uygulama-ve-arastirma-merkezi\/wp-content\/uploads\/sites\/486\/2023\/06\/2018-1-1536x1536.jpg 1536w, https:\/\/atauni.edu.tr\/cevre-sorunlari-uygulama-ve-arastirma-merkezi\/wp-content\/uploads\/sites\/486\/2023\/06\/2018-1-2048x2048.jpg 2048w, https:\/\/atauni.edu.tr\/cevre-sorunlari-uygulama-ve-arastirma-merkezi\/wp-content\/uploads\/sites\/486\/2023\/06\/2018-1-600x600.jpg 600w, https:\/\/atauni.edu.tr\/cevre-sorunlari-uygulama-ve-arastirma-merkezi\/wp-content\/uploads\/sites\/486\/2023\/06\/2018-1-560x560.jpg 560w\" sizes=\"(max-width: 768px) 100vw, 768px\" \/>\t\t\t\t\t\t\t\t<\/a>\n\t\t\t\t\t\t\t\t\t\t\t\t\t\t\t<\/div>\n\t\t\t\t<\/div>\n\t\t\t\t\t<\/div>\n\t\t<\/div>\n\t\t\t\t<div class=\"elementor-column elementor-col-33 elementor-top-column elementor-element elementor-element-029b08e\" data-id=\"029b08e\" data-element_type=\"column\">\n\t\t\t<div class=\"elementor-widget-wrap elementor-element-populated\">\n\t\t\t\t\t\t<div class=\"elementor-element elementor-element-2f62a54 elementor-widget elementor-widget-image\" data-id=\"2f62a54\" data-element_type=\"widget\" data-widget_type=\"image.default\">\n\t\t\t\t<div class=\"elementor-widget-container\">\n\t\t\t\t\t\t\t\t\t\t\t\t\t\t\t\t<a href=\"https:\/\/birimler.atauni.edu.tr\/cevre-sorunlari-uygulama-ve-arastirma-merkezi\/ui-greenmetric-2021\/\">\n\t\t\t\t\t\t\t<img decoding=\"async\" width=\"1024\" height=\"1024\" src=\"https:\/\/atauni.edu.tr\/cevre-sorunlari-uygulama-ve-arastirma-merkezi\/wp-content\/uploads\/sites\/486\/2023\/06\/2021-1024x1024.jpg\" class=\"attachment-large size-large wp-image-7606\" alt=\"\" srcset=\"https:\/\/atauni.edu.tr\/cevre-sorunlari-uygulama-ve-arastirma-merkezi\/wp-content\/uploads\/sites\/486\/2023\/06\/2021-1024x1024.jpg 1024w, https:\/\/atauni.edu.tr\/cevre-sorunlari-uygulama-ve-arastirma-merkezi\/wp-content\/uploads\/sites\/486\/2023\/06\/2021-300x300.jpg 300w, https:\/\/atauni.edu.tr\/cevre-sorunlari-uygulama-ve-arastirma-merkezi\/wp-content\/uploads\/sites\/486\/2023\/06\/2021-150x150.jpg 150w, https:\/\/atauni.edu.tr\/cevre-sorunlari-uygulama-ve-arastirma-merkezi\/wp-content\/uploads\/sites\/486\/2023\/06\/2021-768x768.jpg 768w, https:\/\/atauni.edu.tr\/cevre-sorunlari-uygulama-ve-arastirma-merkezi\/wp-content\/uploads\/sites\/486\/2023\/06\/2021-1536x1536.jpg 1536w, https:\/\/atauni.edu.tr\/cevre-sorunlari-uygulama-ve-arastirma-merkezi\/wp-content\/uploads\/sites\/486\/2023\/06\/2021-2048x2048.jpg 2048w, https:\/\/atauni.edu.tr\/cevre-sorunlari-uygulama-ve-arastirma-merkezi\/wp-content\/uploads\/sites\/486\/2023\/06\/2021-600x600.jpg 600w, https:\/\/atauni.edu.tr\/cevre-sorunlari-uygulama-ve-arastirma-merkezi\/wp-content\/uploads\/sites\/486\/2023\/06\/2021-560x560.jpg 560w\" sizes=\"(max-width: 1024px) 100vw, 1024px\" \/>\t\t\t\t\t\t\t\t<\/a>\n\t\t\t\t\t\t\t\t\t\t\t\t\t\t\t<\/div>\n\t\t\t\t<\/div>\n\t\t\t\t\t<\/div>\n\t\t<\/div>\n\t\t\t\t<div class=\"elementor-column elementor-col-33 elementor-top-column elementor-element elementor-element-b556e5b\" data-id=\"b556e5b\" data-element_type=\"column\">\n\t\t\t<div class=\"elementor-widget-wrap elementor-element-populated\">\n\t\t\t\t\t\t<div class=\"elementor-element elementor-element-760583c elementor-widget elementor-widget-image\" data-id=\"760583c\" data-element_type=\"widget\" data-widget_type=\"image.default\">\n\t\t\t\t<div class=\"elementor-widget-container\">\n\t\t\t\t\t\t\t\t\t\t\t\t\t\t\t\t<a href=\"https:\/\/birimler.atauni.edu.tr\/cevre-sorunlari-uygulama-ve-arastirma-merkezi\/ui-greenmetric-2022\/\">\n\t\t\t\t\t\t\t<img decoding=\"async\" width=\"1024\" height=\"1024\" src=\"https:\/\/atauni.edu.tr\/cevre-sorunlari-uygulama-ve-arastirma-merkezi\/wp-content\/uploads\/sites\/486\/2023\/06\/2022-1024x1024.jpg\" class=\"attachment-large size-large wp-image-7607\" alt=\"\" srcset=\"https:\/\/atauni.edu.tr\/cevre-sorunlari-uygulama-ve-arastirma-merkezi\/wp-content\/uploads\/sites\/486\/2023\/06\/2022-1024x1024.jpg 1024w, https:\/\/atauni.edu.tr\/cevre-sorunlari-uygulama-ve-arastirma-merkezi\/wp-content\/uploads\/sites\/486\/2023\/06\/2022-300x300.jpg 300w, https:\/\/atauni.edu.tr\/cevre-sorunlari-uygulama-ve-arastirma-merkezi\/wp-content\/uploads\/sites\/486\/2023\/06\/2022-150x150.jpg 150w, https:\/\/atauni.edu.tr\/cevre-sorunlari-uygulama-ve-arastirma-merkezi\/wp-content\/uploads\/sites\/486\/2023\/06\/2022-768x768.jpg 768w, https:\/\/atauni.edu.tr\/cevre-sorunlari-uygulama-ve-arastirma-merkezi\/wp-content\/uploads\/sites\/486\/2023\/06\/2022-1536x1536.jpg 1536w, https:\/\/atauni.edu.tr\/cevre-sorunlari-uygulama-ve-arastirma-merkezi\/wp-content\/uploads\/sites\/486\/2023\/06\/2022-2048x2048.jpg 2048w, https:\/\/atauni.edu.tr\/cevre-sorunlari-uygulama-ve-arastirma-merkezi\/wp-content\/uploads\/sites\/486\/2023\/06\/2022-600x600.jpg 600w, https:\/\/atauni.edu.tr\/cevre-sorunlari-uygulama-ve-arastirma-merkezi\/wp-content\/uploads\/sites\/486\/2023\/06\/2022-560x560.jpg 560w\" sizes=\"(max-width: 1024px) 100vw, 1024px\" \/>\t\t\t\t\t\t\t\t<\/a>\n\t\t\t\t\t\t\t\t\t\t\t\t\t\t\t<\/div>\n\t\t\t\t<\/div>\n\t\t\t\t\t<\/div>\n\t\t<\/div>\n\t\t\t\t\t<\/div>\n\t\t<\/section>\n\t\t\t\t<section class=\"elementor-section elementor-top-section elementor-element elementor-element-ab9380f elementor-section-boxed elementor-section-height-default elementor-section-height-default\" data-id=\"ab9380f\" data-element_type=\"section\">\n\t\t\t\t\t\t<div class=\"elementor-container elementor-column-gap-default\">\n\t\t\t\t\t<div class=\"elementor-column elementor-col-100 elementor-top-column elementor-element elementor-element-d919718\" data-id=\"d919718\" data-element_type=\"column\">\n\t\t\t<div class=\"elementor-widget-wrap elementor-element-populated\">\n\t\t\t\t\t\t<div class=\"elementor-element elementor-element-9a1989a elementor-widget-divider--view-line_text elementor-widget-divider--element-align-center elementor-widget elementor-widget-divider\" data-id=\"9a1989a\" data-element_type=\"widget\" data-widget_type=\"divider.default\">\n\t\t\t\t<div class=\"elementor-widget-container\">\n\t\t\t\t\t\t\t<div class=\"elementor-divider\">\n\t\t\t<span class=\"elementor-divider-separator\">\n\t\t\t\t\t\t\t<span class=\"elementor-divider__text elementor-divider__element\">\n\t\t\t\t2018-2022 Y\u0131llar\u0131 D\u00fcnya ve T\u00fcrkiye S\u0131ralamalar\u0131ndaki Ba\u015far\u0131 Tablolar\u0131\t\t\t\t<\/span>\n\t\t\t\t\t\t<\/span>\n\t\t<\/div>\n\t\t\t\t\t\t<\/div>\n\t\t\t\t<\/div>\n\t\t\t\t\t<\/div>\n\t\t<\/div>\n\t\t\t\t\t<\/div>\n\t\t<\/section>\n\t\t\t\t<section class=\"elementor-section elementor-top-section elementor-element elementor-element-5f78ad5 elementor-section-boxed elementor-section-height-default elementor-section-height-default\" data-id=\"5f78ad5\" data-element_type=\"section\">\n\t\t\t\t\t\t<div class=\"elementor-container elementor-column-gap-default\">\n\t\t\t\t\t<div class=\"elementor-column elementor-col-33 elementor-top-column elementor-element elementor-element-e19fc4f\" data-id=\"e19fc4f\" data-element_type=\"column\">\n\t\t\t<div class=\"elementor-widget-wrap elementor-element-populated\">\n\t\t\t\t\t\t<div class=\"elementor-element elementor-element-d7839a4 elementor-widget elementor-widget-image\" data-id=\"d7839a4\" data-element_type=\"widget\" data-widget_type=\"image.default\">\n\t\t\t\t<div class=\"elementor-widget-container\">\n\t\t\t\t\t\t\t\t\t\t\t\t\t\t\t\t<a href=\"https:\/\/birimler.atauni.edu.tr\/cevre-sorunlari-uygulama-ve-arastirma-merkezi\/ui-greenmetric-2023\/\">\n\t\t\t\t\t\t\t<img loading=\"lazy\" decoding=\"async\" width=\"591\" height=\"553\" src=\"https:\/\/atauni.edu.tr\/cevre-sorunlari-uygulama-ve-arastirma-merkezi\/wp-content\/uploads\/sites\/486\/2023\/12\/2023111.png\" class=\"attachment-large size-large wp-image-8493\" alt=\"\" srcset=\"https:\/\/atauni.edu.tr\/cevre-sorunlari-uygulama-ve-arastirma-merkezi\/wp-content\/uploads\/sites\/486\/2023\/12\/2023111.png 591w, https:\/\/atauni.edu.tr\/cevre-sorunlari-uygulama-ve-arastirma-merkezi\/wp-content\/uploads\/sites\/486\/2023\/12\/2023111-300x281.png 300w, https:\/\/atauni.edu.tr\/cevre-sorunlari-uygulama-ve-arastirma-merkezi\/wp-content\/uploads\/sites\/486\/2023\/12\/2023111-560x524.png 560w\" sizes=\"(max-width: 591px) 100vw, 591px\" \/>\t\t\t\t\t\t\t\t<\/a>\n\t\t\t\t\t\t\t\t\t\t\t\t\t\t\t<\/div>\n\t\t\t\t<\/div>\n\t\t\t\t\t<\/div>\n\t\t<\/div>\n\t\t\t\t<div class=\"elementor-column elementor-col-33 elementor-top-column elementor-element elementor-element-e0b1408\" data-id=\"e0b1408\" data-element_type=\"column\">\n\t\t\t<div class=\"elementor-widget-wrap elementor-element-populated\">\n\t\t\t\t\t\t<div class=\"elementor-element elementor-element-c104e85 elementor-widget elementor-widget-image\" data-id=\"c104e85\" data-element_type=\"widget\" data-widget_type=\"image.default\">\n\t\t\t\t<div class=\"elementor-widget-container\">\n\t\t\t\t\t\t\t\t\t\t\t\t\t\t\t\t<a href=\"https:\/\/birimler.atauni.edu.tr\/cevre-sorunlari-uygulama-ve-arastirma-merkezi\/ui-greenmetric-2024\/\">\n\t\t\t\t\t\t\t<img loading=\"lazy\" decoding=\"async\" width=\"755\" height=\"755\" src=\"https:\/\/atauni.edu.tr\/cevre-sorunlari-uygulama-ve-arastirma-merkezi\/wp-content\/uploads\/sites\/486\/2025\/01\/Ekran-goruntusu-2025-01-24-183948.jpg\" class=\"attachment-1536x1536 size-1536x1536 wp-image-9926\" alt=\"\" srcset=\"https:\/\/atauni.edu.tr\/cevre-sorunlari-uygulama-ve-arastirma-merkezi\/wp-content\/uploads\/sites\/486\/2025\/01\/Ekran-goruntusu-2025-01-24-183948.jpg 755w, https:\/\/atauni.edu.tr\/cevre-sorunlari-uygulama-ve-arastirma-merkezi\/wp-content\/uploads\/sites\/486\/2025\/01\/Ekran-goruntusu-2025-01-24-183948-300x300.jpg 300w, https:\/\/atauni.edu.tr\/cevre-sorunlari-uygulama-ve-arastirma-merkezi\/wp-content\/uploads\/sites\/486\/2025\/01\/Ekran-goruntusu-2025-01-24-183948-150x150.jpg 150w, https:\/\/atauni.edu.tr\/cevre-sorunlari-uygulama-ve-arastirma-merkezi\/wp-content\/uploads\/sites\/486\/2025\/01\/Ekran-goruntusu-2025-01-24-183948-600x600.jpg 600w, https:\/\/atauni.edu.tr\/cevre-sorunlari-uygulama-ve-arastirma-merkezi\/wp-content\/uploads\/sites\/486\/2025\/01\/Ekran-goruntusu-2025-01-24-183948-560x560.jpg 560w\" sizes=\"(max-width: 755px) 100vw, 755px\" \/>\t\t\t\t\t\t\t\t<\/a>\n\t\t\t\t\t\t\t\t\t\t\t\t\t\t\t<\/div>\n\t\t\t\t<\/div>\n\t\t\t\t\t<\/div>\n\t\t<\/div>\n\t\t\t\t<div class=\"elementor-column elementor-col-33 elementor-top-column elementor-element elementor-element-efc4cfa\" data-id=\"efc4cfa\" data-element_type=\"column\">\n\t\t\t<div class=\"elementor-widget-wrap\">\n\t\t\t\t\t\t\t<\/div>\n\t\t<\/div>\n\t\t\t\t\t<\/div>\n\t\t<\/section>\n\t\t\t\t<section class=\"elementor-section elementor-top-section elementor-element elementor-element-68c204d elementor-section-boxed elementor-section-height-default elementor-section-height-default\" data-id=\"68c204d\" data-element_type=\"section\">\n\t\t\t\t\t\t<div class=\"elementor-container elementor-column-gap-default\">\n\t\t\t\t\t<div class=\"elementor-column elementor-col-100 elementor-top-column elementor-element elementor-element-e1b2535\" data-id=\"e1b2535\" data-element_type=\"column\">\n\t\t\t<div class=\"elementor-widget-wrap elementor-element-populated\">\n\t\t\t\t\t\t<div class=\"elementor-element elementor-element-8c77ff5 elementor-widget elementor-widget-image\" data-id=\"8c77ff5\" data-element_type=\"widget\" data-widget_type=\"image.default\">\n\t\t\t\t<div class=\"elementor-widget-container\">\n\t\t\t\t\t\t\t\t\t\t\t\t\t\t\t<img loading=\"lazy\" decoding=\"async\" width=\"1024\" height=\"370\" src=\"https:\/\/atauni.edu.tr\/cevre-sorunlari-uygulama-ve-arastirma-merkezi\/wp-content\/uploads\/sites\/486\/2025\/12\/Ekran-goruntusu-2025-12-05-181130-1024x370.png\" class=\"attachment-large size-large wp-image-10144\" alt=\"\" srcset=\"https:\/\/atauni.edu.tr\/cevre-sorunlari-uygulama-ve-arastirma-merkezi\/wp-content\/uploads\/sites\/486\/2025\/12\/Ekran-goruntusu-2025-12-05-181130-1024x370.png 1024w, https:\/\/atauni.edu.tr\/cevre-sorunlari-uygulama-ve-arastirma-merkezi\/wp-content\/uploads\/sites\/486\/2025\/12\/Ekran-goruntusu-2025-12-05-181130-300x108.png 300w, https:\/\/atauni.edu.tr\/cevre-sorunlari-uygulama-ve-arastirma-merkezi\/wp-content\/uploads\/sites\/486\/2025\/12\/Ekran-goruntusu-2025-12-05-181130-768x278.png 768w, https:\/\/atauni.edu.tr\/cevre-sorunlari-uygulama-ve-arastirma-merkezi\/wp-content\/uploads\/sites\/486\/2025\/12\/Ekran-goruntusu-2025-12-05-181130-600x217.png 600w, https:\/\/atauni.edu.tr\/cevre-sorunlari-uygulama-ve-arastirma-merkezi\/wp-content\/uploads\/sites\/486\/2025\/12\/Ekran-goruntusu-2025-12-05-181130-560x203.png 560w, https:\/\/atauni.edu.tr\/cevre-sorunlari-uygulama-ve-arastirma-merkezi\/wp-content\/uploads\/sites\/486\/2025\/12\/Ekran-goruntusu-2025-12-05-181130.png 1377w\" sizes=\"(max-width: 1024px) 100vw, 1024px\" \/>\t\t\t\t\t\t\t\t\t\t\t\t\t\t\t<\/div>\n\t\t\t\t<\/div>\n\t\t\t\t\t<\/div>\n\t\t<\/div>\n\t\t\t\t\t<\/div>\n\t\t<\/section>\n\t\t\t\t<\/div>\n\t\t","protected":false},"excerpt":{"rendered":"<p>2018-2022 Y\u0131llar\u0131 D\u00fcnya ve T\u00fcrkiye S\u0131ralamalar\u0131ndaki Ba\u015far\u0131 Tablolar\u0131<\/p>\n","protected":false},"author":396,"featured_media":0,"parent":0,"menu_order":0,"comment_status":"closed","ping_status":"closed","template":"","meta":{"footnotes":""},"class_list":["post-7602","page","type-page","status-publish","hentry"],"_links":{"self":[{"href":"https:\/\/atauni.edu.tr\/cevre-sorunlari-uygulama-ve-arastirma-merkezi\/wp-json\/wp\/v2\/pages\/7602","targetHints":{"allow":["GET"]}}],"collection":[{"href":"https:\/\/atauni.edu.tr\/cevre-sorunlari-uygulama-ve-arastirma-merkezi\/wp-json\/wp\/v2\/pages"}],"about":[{"href":"https:\/\/atauni.edu.tr\/cevre-sorunlari-uygulama-ve-arastirma-merkezi\/wp-json\/wp\/v2\/types\/page"}],"author":[{"embeddable":true,"href":"https:\/\/atauni.edu.tr\/cevre-sorunlari-uygulama-ve-arastirma-merkezi\/wp-json\/wp\/v2\/users\/396"}],"replies":[{"embeddable":true,"href":"https:\/\/atauni.edu.tr\/cevre-sorunlari-uygulama-ve-arastirma-merkezi\/wp-json\/wp\/v2\/comments?post=7602"}],"version-history":[{"count":61,"href":"https:\/\/atauni.edu.tr\/cevre-sorunlari-uygulama-ve-arastirma-merkezi\/wp-json\/wp\/v2\/pages\/7602\/revisions"}],"predecessor-version":[{"id":10147,"href":"https:\/\/atauni.edu.tr\/cevre-sorunlari-uygulama-ve-arastirma-merkezi\/wp-json\/wp\/v2\/pages\/7602\/revisions\/10147"}],"wp:attachment":[{"href":"https:\/\/atauni.edu.tr\/cevre-sorunlari-uygulama-ve-arastirma-merkezi\/wp-json\/wp\/v2\/media?parent=7602"}],"curies":[{"name":"wp","href":"https:\/\/api.w.org\/{rel}","templated":true}]}}