{"id":5638,"date":"2021-07-13T09:49:25","date_gmt":"2021-07-13T06:49:25","guid":{"rendered":"https:\/\/portaltest.atauni.edu.tr\/bilgisayar-muhendisligi\/?page_id=5638"},"modified":"2021-09-13T10:21:35","modified_gmt":"2021-09-13T07:21:35","slug":"tarihce","status":"publish","type":"page","link":"https:\/\/atauni.edu.tr\/cocuk-bakimi-ve-genclik-hizmetleri-bolumu\/tarihce\/","title":{"rendered":"Tarih\u00e7e"},"content":{"rendered":"\t\t<div data-elementor-type=\"wp-page\" data-elementor-id=\"5638\" class=\"elementor elementor-5638\" data-elementor-post-type=\"page\">\n\t\t\t\t\t\t<section class=\"elementor-section elementor-top-section elementor-element elementor-element-730d320 elementor-section-boxed elementor-section-height-default elementor-section-height-default\" data-id=\"730d320\" data-element_type=\"section\">\n\t\t\t\t\t\t<div class=\"elementor-container elementor-column-gap-default\">\n\t\t\t\t\t<div class=\"elementor-column elementor-col-100 elementor-top-column elementor-element elementor-element-753d0860\" data-id=\"753d0860\" data-element_type=\"column\">\n\t\t\t<div class=\"elementor-widget-wrap\">\n\t\t\t\t\t\t\t<\/div>\n\t\t<\/div>\n\t\t\t\t\t<\/div>\n\t\t<\/section>\n\t\t\t\t<section class=\"elementor-section elementor-top-section elementor-element elementor-element-9be811a elementor-section-boxed elementor-section-height-default elementor-section-height-default\" data-id=\"9be811a\" data-element_type=\"section\">\n\t\t\t\t\t\t<div class=\"elementor-container elementor-column-gap-default\">\n\t\t\t\t\t<div class=\"elementor-column elementor-col-100 elementor-top-column elementor-element elementor-element-1ed847b7\" data-id=\"1ed847b7\" data-element_type=\"column\">\n\t\t\t<div class=\"elementor-widget-wrap elementor-element-populated\">\n\t\t\t\t\t\t<div class=\"elementor-element elementor-element-4ce0d07f elementor-widget elementor-widget-heading\" data-id=\"4ce0d07f\" data-element_type=\"widget\" data-widget_type=\"heading.default\">\n\t\t\t\t<div class=\"elementor-widget-container\">\n\t\t\t\t\t<h2 class=\"elementor-heading-title elementor-size-default\">Tarih\u00e7e<\/h2>\t\t\t\t<\/div>\n\t\t\t\t<\/div>\n\t\t\t\t<div class=\"elementor-element elementor-element-63260862 elementor-widget-divider--view-line elementor-widget elementor-widget-divider\" data-id=\"63260862\" data-element_type=\"widget\" data-widget_type=\"divider.default\">\n\t\t\t\t<div class=\"elementor-widget-container\">\n\t\t\t\t\t\t\t<div class=\"elementor-divider\">\n\t\t\t<span class=\"elementor-divider-separator\">\n\t\t\t\t\t\t<\/span>\n\t\t<\/div>\n\t\t\t\t\t\t<\/div>\n\t\t\t\t<\/div>\n\t\t\t\t\t<\/div>\n\t\t<\/div>\n\t\t\t\t\t<\/div>\n\t\t<\/section>\n\t\t\t\t<section class=\"elementor-section elementor-top-section elementor-element elementor-element-681db8b elementor-section-boxed elementor-section-height-default elementor-section-height-default\" data-id=\"681db8b\" data-element_type=\"section\">\n\t\t\t\t\t\t<div class=\"elementor-container elementor-column-gap-default\">\n\t\t\t\t\t<div class=\"elementor-column elementor-col-100 elementor-top-column elementor-element elementor-element-ad4dac5\" data-id=\"ad4dac5\" data-element_type=\"column\">\n\t\t\t<div class=\"elementor-widget-wrap elementor-element-populated\">\n\t\t\t\t\t\t<div class=\"elementor-element elementor-element-2f96b3d elementor-widget elementor-widget-text-editor\" data-id=\"2f96b3d\" data-element_type=\"widget\" data-widget_type=\"text-editor.default\">\n\t\t\t\t<div class=\"elementor-widget-container\">\n\t\t\t\t\t\t\t\t\t<p>Atat\u00fcrk \u00dcniversitesi \u00c7ocuk Bak\u0131m\u0131 ve Gen\u00e7lik Hizmetleri B\u00f6l\u00fcm\u00fc, \u00e7ocuklar ve gen\u00e7lerin fiziksel, duygusal ve sosyal geli\u015fimlerini desteklemek amac\u0131yla kurulmu\u015f bir b\u00f6l\u00fcmd\u00fcr.<\/p>\n<p>B\u00f6l\u00fcm\u00fcn k\u00f6keni, \u00e7ocuklar\u0131n bak\u0131m\u0131na ve e\u011fitimine odaklanan ge\u00e7mi\u015f deneyimler ve \u00e7al\u0131\u015fmalarla \u015fekillenmi\u015ftir. \u00c7ocuklar\u0131n sa\u011fl\u0131kl\u0131 bir ortamda yeti\u015fmelerini ve topluma olumlu katk\u0131lar sa\u011flamalar\u0131n\u0131 hedefleyen bir yakla\u015f\u0131ma sahiptir.<\/p>\n<p>\u00c7ocuk Bak\u0131m\u0131 ve Gen\u00e7lik Hizmetleri B\u00f6l\u00fcm\u00fc, \u00e7ocuklar\u0131n geli\u015fim s\u00fcre\u00e7lerini desteklemek i\u00e7in gerekli bilgi ve becerilerin kazand\u0131r\u0131lmas\u0131na odaklan\u0131r. B\u00f6l\u00fcm\u00fcn amac\u0131, bu alanda \u00e7al\u0131\u015facak uzmanlar\u0131 yeti\u015ftirmek ve \u00e7ocuklarla \u00e7al\u0131\u015fan kurum ve kurulu\u015flara nitelikli personel sa\u011flamakt\u0131r.<\/p>\n<p>B\u00f6l\u00fcm\u00fcn tarih\u00e7esi, \u00e7ocuklara verilen hizmetlerin \u00e7e\u015fitlendirilmesine ve kalitesinin art\u0131r\u0131lmas\u0131na y\u00f6nelik \u00e7al\u0131\u015fmalar\u0131 i\u00e7erir. \u00c7ocuklar\u0131n nhuflar\u0131n\u0131 kar\u015f\u0131layabilecek \u015fekilde tasarlanm\u0131\u015f programlar ve projelerle \u00e7ocuklar\u0131n geli\u015fimlerine katk\u0131da bulunmay\u0131 hedefler.<\/p>\n<p>Atat\u00fcrk \u00dcniversitesi \u00c7ocuk Bak\u0131m\u0131 ve Gen\u00e7lik Hizmetleri B\u00f6l\u00fcm\u00fc, \u00e7ocuklar\u0131n gelece\u011fini \u015fekillendiren \u00f6nemli bir role sahiptir. \u00c7ocuklar\u0131n ve gen\u00e7lerin potansiyellerini ortaya \u00e7\u0131karmalar\u0131na yard\u0131mc\u0131 olmak i\u00e7in s\u00fcrekli olarak geli\u015fen ve yenilenen bir yakla\u015f\u0131ma sahiptir.<\/p>\t\t\t\t\t\t\t\t<\/div>\n\t\t\t\t<\/div>\n\t\t\t\t\t<\/div>\n\t\t<\/div>\n\t\t\t\t\t<\/div>\n\t\t<\/section>\n\t\t\t\t<\/div>\n\t\t","protected":false},"excerpt":{"rendered":"<p>\u00c7ocuk Bak\u0131m\u0131 ve Gen\u00e7lik Hizmetleri B\u00f6l\u00fcm\u00fcm\u00fcz\u00fcn k\u00f6kl\u00fc bir ge\u00e7mi\u015fi vard\u0131r. Ge\u00e7mi\u015ften g\u00fcn\u00fcm\u00fcze kadar \u00e7e\u015fitli ad\u0131mlar atm\u0131\u015f ve geli\u015fmi\u015ftir. B\u00f6l\u00fcm\u00fcm\u00fcz\u00fcn tarihinde \u00f6nemli d\u00f6neme\u00e7ler ya\u015fanm\u0131\u015ft\u0131r. Bunlar aras\u0131nda b\u00f6l\u00fcm\u00fcn kurulu\u015fu, akademik programlar\u0131n geli\u015ftirilmesi ve \u00f6\u011frencilere sundu\u011fumuz imkanlar\u0131n art\u0131r\u0131lmas\u0131 gibi konular yer al\u0131r. B\u00f6l\u00fcm\u00fcm\u00fcz\u00fcn tarih\u00e7esi, \u00e7ocuk bak\u0131m\u0131 ve gen\u00e7lik hizmetleri alan\u0131ndaki uzmanl\u0131k ve m\u00fckemmelli\u011fin bir kan\u0131t\u0131 olarak kabul edilebilir. [&hellip;]<\/p>\n","protected":false},"author":1,"featured_media":0,"parent":0,"menu_order":0,"comment_status":"closed","ping_status":"closed","template":"","meta":{"footnotes":""},"class_list":["post-5638","page","type-page","status-publish","hentry"],"_links":{"self":[{"href":"https:\/\/atauni.edu.tr\/cocuk-bakimi-ve-genclik-hizmetleri-bolumu\/wp-json\/wp\/v2\/pages\/5638","targetHints":{"allow":["GET"]}}],"collection":[{"href":"https:\/\/atauni.edu.tr\/cocuk-bakimi-ve-genclik-hizmetleri-bolumu\/wp-json\/wp\/v2\/pages"}],"about":[{"href":"https:\/\/atauni.edu.tr\/cocuk-bakimi-ve-genclik-hizmetleri-bolumu\/wp-json\/wp\/v2\/types\/page"}],"author":[{"embeddable":true,"href":"https:\/\/atauni.edu.tr\/cocuk-bakimi-ve-genclik-hizmetleri-bolumu\/wp-json\/wp\/v2\/users\/1"}],"replies":[{"embeddable":true,"href":"https:\/\/atauni.edu.tr\/cocuk-bakimi-ve-genclik-hizmetleri-bolumu\/wp-json\/wp\/v2\/comments?post=5638"}],"version-history":[{"count":22,"href":"https:\/\/atauni.edu.tr\/cocuk-bakimi-ve-genclik-hizmetleri-bolumu\/wp-json\/wp\/v2\/pages\/5638\/revisions"}],"predecessor-version":[{"id":6117,"href":"https:\/\/atauni.edu.tr\/cocuk-bakimi-ve-genclik-hizmetleri-bolumu\/wp-json\/wp\/v2\/pages\/5638\/revisions\/6117"}],"wp:attachment":[{"href":"https:\/\/atauni.edu.tr\/cocuk-bakimi-ve-genclik-hizmetleri-bolumu\/wp-json\/wp\/v2\/media?parent=5638"}],"curies":[{"name":"wp","href":"https:\/\/api.w.org\/{rel}","templated":true}]}}