{"id":5682,"date":"2021-07-13T10:10:01","date_gmt":"2021-07-13T07:10:01","guid":{"rendered":"https:\/\/portaltest.atauni.edu.tr\/bilgisayar-muhendisligi\/?page_id=5682"},"modified":"2021-08-27T15:48:11","modified_gmt":"2021-08-27T12:48:11","slug":"misyon-vizyon-ve-temel-degerler","status":"publish","type":"page","link":"https:\/\/atauni.edu.tr\/cocuk-bakimi-ve-genclik-hizmetleri-bolumu\/misyon-vizyon-ve-temel-degerler\/","title":{"rendered":"Misyon, Vizyon ve Temel De\u011ferler"},"content":{"rendered":"\t\t<div data-elementor-type=\"wp-page\" data-elementor-id=\"5682\" class=\"elementor elementor-5682\" data-elementor-post-type=\"page\">\n\t\t\t\t\t\t<section class=\"elementor-section elementor-top-section elementor-element elementor-element-730d320 elementor-section-boxed elementor-section-height-default elementor-section-height-default\" data-id=\"730d320\" data-element_type=\"section\">\n\t\t\t\t\t\t<div class=\"elementor-container elementor-column-gap-default\">\n\t\t\t\t\t<div class=\"elementor-column elementor-col-100 elementor-top-column elementor-element elementor-element-753d0860\" data-id=\"753d0860\" data-element_type=\"column\">\n\t\t\t<div class=\"elementor-widget-wrap\">\n\t\t\t\t\t\t\t<\/div>\n\t\t<\/div>\n\t\t\t\t\t<\/div>\n\t\t<\/section>\n\t\t\t\t<section class=\"elementor-section elementor-top-section elementor-element elementor-element-9be811a elementor-section-boxed elementor-section-height-default elementor-section-height-default\" data-id=\"9be811a\" data-element_type=\"section\">\n\t\t\t\t\t\t<div class=\"elementor-container elementor-column-gap-default\">\n\t\t\t\t\t<div class=\"elementor-column elementor-col-100 elementor-top-column elementor-element elementor-element-1ed847b7\" data-id=\"1ed847b7\" data-element_type=\"column\">\n\t\t\t<div class=\"elementor-widget-wrap elementor-element-populated\">\n\t\t\t\t\t\t<div class=\"elementor-element elementor-element-4ce0d07f elementor-widget elementor-widget-heading\" data-id=\"4ce0d07f\" data-element_type=\"widget\" data-widget_type=\"heading.default\">\n\t\t\t\t<div class=\"elementor-widget-container\">\n\t\t\t\t\t<h2 class=\"elementor-heading-title elementor-size-default\">Misyon, Vizyon ve Temel De\u011ferler<\/h2>\t\t\t\t<\/div>\n\t\t\t\t<\/div>\n\t\t\t\t<div class=\"elementor-element elementor-element-63260862 elementor-widget-divider--view-line elementor-widget elementor-widget-divider\" data-id=\"63260862\" data-element_type=\"widget\" data-widget_type=\"divider.default\">\n\t\t\t\t<div class=\"elementor-widget-container\">\n\t\t\t\t\t\t\t<div class=\"elementor-divider\">\n\t\t\t<span class=\"elementor-divider-separator\">\n\t\t\t\t\t\t<\/span>\n\t\t<\/div>\n\t\t\t\t\t\t<\/div>\n\t\t\t\t<\/div>\n\t\t\t\t\t<\/div>\n\t\t<\/div>\n\t\t\t\t\t<\/div>\n\t\t<\/section>\n\t\t\t\t<section class=\"elementor-section elementor-top-section elementor-element elementor-element-681db8b elementor-section-boxed elementor-section-height-default elementor-section-height-default\" data-id=\"681db8b\" data-element_type=\"section\">\n\t\t\t\t\t\t<div class=\"elementor-container elementor-column-gap-default\">\n\t\t\t\t\t<div class=\"elementor-column elementor-col-100 elementor-top-column elementor-element elementor-element-ad4dac5\" data-id=\"ad4dac5\" data-element_type=\"column\">\n\t\t\t<div class=\"elementor-widget-wrap elementor-element-populated\">\n\t\t\t\t\t\t<div class=\"elementor-element elementor-element-2f96b3d elementor-widget elementor-widget-text-editor\" data-id=\"2f96b3d\" data-element_type=\"widget\" data-widget_type=\"text-editor.default\">\n\t\t\t\t<div class=\"elementor-widget-container\">\n\t\t\t\t\t\t\t\t\t<p>Misyonumuz, \u00e7ocuklar\u0131n ve gen\u00e7lerin f\u00edsik, zihinsel ve emocyonel geli\u015fimlerini desteklemek ve topluma faydal\u0131 bireyler olarak yeti\u015fmelerine katk\u0131da bulunmakt\u0131r. Bunu ger\u00e7ekle\u015ftirmek i\u00e7in aileler, e\u011fitimciler ve di\u011fer payda\u015flarla i\u015fbirli\u011fi i\u00e7inde \u00e7al\u0131\u015farak \u00e7ocuklar\u0131n ve gen\u00e7lerin gereksinimlerine uygun programlar ve hizmetler sunmay\u0131 ama\u00e7lamaktay\u0131z.<\/p>\n<p>Vizyonumuz, \u00e7ocuk bak\u0131m\u0131 ve gen\u00e7lik hizmetleri alan\u0131nda lider bir b\u00f6l\u00fcm olmak ve toplumun gelece\u011fini \u015fekillendiren bu alanda \u00f6rnek ve \u00f6nc\u00fc bir rol oynamakt\u0131r. \u00c7ocuklar\u0131n ve gen\u00e7lerin potansiyellerini ortaya \u00e7\u0131karmalar\u0131na yard\u0131mc\u0131 olarak daha iyi bir gelecek in\u015fa etmeyi hedefliyoruz.<\/p>\n<p>Temel de\u011ferlerimiz aras\u0131nda \u00e7ocuk odakl\u0131l\u0131k, aile ve toplum ile i\u015fbirli\u011fi, kapsay\u0131c\u0131l\u0131k, yarat\u0131c\u0131l\u0131k, s\u00fcrekli \u00f6\u011frenme ve geli\u015fim yer almaktad\u0131r. \u00c7ocuklar\u0131n haklar\u0131n\u0131 korumak, onlar\u0131n refah\u0131n\u0131 desteklemek ve gen\u00e7lerin topluma kazand\u0131r\u0131lmas\u0131na \u00f6ncelik veriyoruz.<\/p>\t\t\t\t\t\t\t\t<\/div>\n\t\t\t\t<\/div>\n\t\t\t\t\t<\/div>\n\t\t<\/div>\n\t\t\t\t\t<\/div>\n\t\t<\/section>\n\t\t\t\t<\/div>\n\t\t","protected":false},"excerpt":{"rendered":"<p>**Misyon** \u00c7ocuk Bak\u0131m\u0131 ve Gen\u00e7lik Hizmetleri B\u00f6l\u00fcm\u00fc olarak misyonumuz; \u00e7ocuklar ve gen\u00e7lerin fiziksel, zihinsel ve duygusal geli\u015fimini desteklemek, onlar\u0131n haklar\u0131n\u0131 korumak ve toplumda aktif bireyler olarak yeti\u015fmelerine katk\u0131 sa\u011flamakt\u0131r. Alan\u0131nda uzman ve duyarl\u0131 profesyoneller yeti\u015ftirmeyi ama\u00e7l\u0131yoruz. **Vizyon** Vizyonumuz; \u00e7ocuklar ve gen\u00e7lerin ya\u015fam kalitesini y\u00fckselten, toplumun gelece\u011fine y\u00f6n veren bir b\u00f6l\u00fcm olmak ve bu alanda \u00f6nc\u00fc [&hellip;]<\/p>\n","protected":false},"author":1,"featured_media":0,"parent":0,"menu_order":0,"comment_status":"closed","ping_status":"closed","template":"elementor_header_footer","meta":{"footnotes":""},"class_list":["post-5682","page","type-page","status-publish","hentry"],"_links":{"self":[{"href":"https:\/\/atauni.edu.tr\/cocuk-bakimi-ve-genclik-hizmetleri-bolumu\/wp-json\/wp\/v2\/pages\/5682","targetHints":{"allow":["GET"]}}],"collection":[{"href":"https:\/\/atauni.edu.tr\/cocuk-bakimi-ve-genclik-hizmetleri-bolumu\/wp-json\/wp\/v2\/pages"}],"about":[{"href":"https:\/\/atauni.edu.tr\/cocuk-bakimi-ve-genclik-hizmetleri-bolumu\/wp-json\/wp\/v2\/types\/page"}],"author":[{"embeddable":true,"href":"https:\/\/atauni.edu.tr\/cocuk-bakimi-ve-genclik-hizmetleri-bolumu\/wp-json\/wp\/v2\/users\/1"}],"replies":[{"embeddable":true,"href":"https:\/\/atauni.edu.tr\/cocuk-bakimi-ve-genclik-hizmetleri-bolumu\/wp-json\/wp\/v2\/comments?post=5682"}],"version-history":[{"count":8,"href":"https:\/\/atauni.edu.tr\/cocuk-bakimi-ve-genclik-hizmetleri-bolumu\/wp-json\/wp\/v2\/pages\/5682\/revisions"}],"predecessor-version":[{"id":6079,"href":"https:\/\/atauni.edu.tr\/cocuk-bakimi-ve-genclik-hizmetleri-bolumu\/wp-json\/wp\/v2\/pages\/5682\/revisions\/6079"}],"wp:attachment":[{"href":"https:\/\/atauni.edu.tr\/cocuk-bakimi-ve-genclik-hizmetleri-bolumu\/wp-json\/wp\/v2\/media?parent=5682"}],"curies":[{"name":"wp","href":"https:\/\/api.w.org\/{rel}","templated":true}]}}