{"id":5734,"date":"2021-07-13T11:37:45","date_gmt":"2021-07-13T08:37:45","guid":{"rendered":"https:\/\/portaltest.atauni.edu.tr\/bilgisayar-muhendisligi\/?page_id=5734"},"modified":"2021-08-27T15:50:14","modified_gmt":"2021-08-27T12:50:14","slug":"ogrenci-deneyimi","status":"publish","type":"page","link":"https:\/\/atauni.edu.tr\/cocuk-bakimi-ve-genclik-hizmetleri-bolumu\/ogrenci-deneyimi\/","title":{"rendered":"\u00d6\u011frenci Deneyimi"},"content":{"rendered":"\t\t<div data-elementor-type=\"wp-page\" data-elementor-id=\"5734\" class=\"elementor elementor-5734\" data-elementor-post-type=\"page\">\n\t\t\t\t\t\t<section class=\"elementor-section elementor-top-section elementor-element elementor-element-730d320 elementor-section-boxed elementor-section-height-default elementor-section-height-default\" data-id=\"730d320\" data-element_type=\"section\">\n\t\t\t\t\t\t<div class=\"elementor-container elementor-column-gap-default\">\n\t\t\t\t\t<div class=\"elementor-column elementor-col-100 elementor-top-column elementor-element elementor-element-753d0860\" data-id=\"753d0860\" data-element_type=\"column\">\n\t\t\t<div class=\"elementor-widget-wrap\">\n\t\t\t\t\t\t\t<\/div>\n\t\t<\/div>\n\t\t\t\t\t<\/div>\n\t\t<\/section>\n\t\t\t\t<section class=\"elementor-section elementor-top-section elementor-element elementor-element-9be811a elementor-section-boxed elementor-section-height-default elementor-section-height-default\" data-id=\"9be811a\" data-element_type=\"section\">\n\t\t\t\t\t\t<div class=\"elementor-container elementor-column-gap-default\">\n\t\t\t\t\t<div class=\"elementor-column elementor-col-100 elementor-top-column elementor-element elementor-element-1ed847b7\" data-id=\"1ed847b7\" data-element_type=\"column\">\n\t\t\t<div class=\"elementor-widget-wrap elementor-element-populated\">\n\t\t\t\t\t\t<div class=\"elementor-element elementor-element-4ce0d07f elementor-widget elementor-widget-heading\" data-id=\"4ce0d07f\" data-element_type=\"widget\" data-widget_type=\"heading.default\">\n\t\t\t\t<div class=\"elementor-widget-container\">\n\t\t\t\t\t<h2 class=\"elementor-heading-title elementor-size-default\">\u00d6\u011frenci Deneyimi<\/h2>\t\t\t\t<\/div>\n\t\t\t\t<\/div>\n\t\t\t\t<div class=\"elementor-element elementor-element-63260862 elementor-widget-divider--view-line elementor-widget elementor-widget-divider\" data-id=\"63260862\" data-element_type=\"widget\" data-widget_type=\"divider.default\">\n\t\t\t\t<div class=\"elementor-widget-container\">\n\t\t\t\t\t\t\t<div class=\"elementor-divider\">\n\t\t\t<span class=\"elementor-divider-separator\">\n\t\t\t\t\t\t<\/span>\n\t\t<\/div>\n\t\t\t\t\t\t<\/div>\n\t\t\t\t<\/div>\n\t\t\t\t\t<\/div>\n\t\t<\/div>\n\t\t\t\t\t<\/div>\n\t\t<\/section>\n\t\t\t\t<section class=\"elementor-section elementor-top-section elementor-element elementor-element-4debb41 elementor-section-boxed elementor-section-height-default elementor-section-height-default\" data-id=\"4debb41\" data-element_type=\"section\">\n\t\t\t\t\t\t<div class=\"elementor-container elementor-column-gap-default\">\n\t\t\t\t\t<div class=\"elementor-column elementor-col-100 elementor-top-column elementor-element elementor-element-28420b1\" data-id=\"28420b1\" data-element_type=\"column\">\n\t\t\t<div class=\"elementor-widget-wrap elementor-element-populated\">\n\t\t\t\t\t\t<div class=\"elementor-element elementor-element-e007b90 elementor-widget elementor-widget-ova_testimonial\" data-id=\"e007b90\" data-element_type=\"widget\" data-settings=\"{&quot;pause_on_hover&quot;:&quot;yes&quot;,&quot;infinite&quot;:&quot;yes&quot;,&quot;autoplay&quot;:&quot;yes&quot;,&quot;autoplay_speed&quot;:3000,&quot;dot_control&quot;:&quot;yes&quot;}\" data-widget_type=\"ova_testimonial.default\">\n\t\t\t\t<div class=\"elementor-widget-container\">\n\t\t\t\t\t\n\t\t\n\t\t\t<section class=\"ova-testimonial \">\n\t\t\t\t<div class=\"slide-testimonials owl-carousel owl-theme\" data-options=\"{&quot;items&quot;:3,&quot;slideBy&quot;:1,&quot;margin&quot;:30,&quot;autoplayHoverPause&quot;:true,&quot;loop&quot;:true,&quot;autoplay&quot;:true,&quot;autoplayTimeout&quot;:3000,&quot;smartSpeed&quot;:500,&quot;dots&quot;:true}\">\n\t\t\t\t\t\t\t\t\t\t\t<div class=\"item\">\n\t\t\t\t\t\t\t<div class=\"client_info\">\n\t\t\t\t\t\t\t\t\t\t\t\t\t\t\t\t\t<p class=\"evaluate\">Atat\u00fcrk \u00dcniversitesi \u00c7ocuk Bak\u0131m\u0131 ve Gen\u00e7lik Hizmetleri B\u00f6l\u00fcm\u00fc, \u00f6\u011frencilerine zenginle\u015ftirilmi\u015f bir \u00f6\u011frenim deneyimi sunmak i\u00e7in \u00e7abalayan bir ortam sunar. \u00d6\u011frenciler, \u00e7ocuk bak\u0131m\u0131 ve gen\u00e7lik hizmetleri alan\u0131ndaki teorik ve pratik bilgilerini derinle\u015ftirebilecekleri \u00e7e\u015fitli f\u0131rsatlarla kar\u015f\u0131la\u015fabilirler.\n\nB\u00f6l\u00fcm\u00fcn e\u011fitim s\u00fcreci, \u00f6\u011frencilerin \u00e7ocuklar\u0131n fiziksel, emocional ve sosyal geli\u015fimlerini destekleyecek bilgi ve beceriler kazanmalar\u0131na odaklanabilir. \u00d6\u011frenciler, \u00e7ocuk bak\u0131m\u0131n\u0131n farkl\u0131 boyutlar\u0131 hakk\u0131nda derinlemesine bilgi sahibi olma \u015fans\u0131na sahip olabilecekleri gibi, \u00e7ocuk geli\u015fimi, aile ve toplum ili\u015fkileri, e\u011fitim programlar\u0131n\u0131n planlanmas\u0131 ve uygulanmas\u0131 gibi konularda da deneyim kazan\u0131rlar.\n\n\u00d6\u011frenci deneyimi, sadece derslik i\u00e7inde s\u0131n\u0131rl\u0131 kalmaz. \u00d6\u011frenciler, \u00e7ocuk bak\u0131m\u0131 ve gen\u00e7lik hizmetleri alan\u0131nda \u00e7al\u0131\u015fan kurum ve kurulu\u015flarda staj yapma f\u0131rsat\u0131 bulabilirler. Bu \u015fekilde, teorik bilgileri pratik uygulamalarla birle\u015ftirerek deneyim kazanabilir ve gelecekteki meslekta\u015flar\u0131 ilenetwork kurma \u015fans\u0131na sahip olabilirler.\n\nAyr\u0131ca, b\u00f6l\u00fcm\u00fcn d\u00fczenledi\u011fi \u00e7e\u015fitli aktiviteler ve projelerle \u00f6\u011frenciler, \u00e7ocuk haklar\u0131, \u00e7ocuk koruma hizmetleri gibi \u00f6nemli konularda fark\u0131ndal\u0131k yaratma f\u0131rsat\u0131n\u0131 bulabilirler. \u00d6\u011frencilerin kendi ilgi alanlar\u0131na g\u00f6re kul\u00fcpler veya topluluklara kat\u0131lmalar\u0131 da m\u00f6glich olabilir. B\u00f6ylelikle, \u00f6\u011frenciler sadece akademik geli\u015fimlerine odaklanmakla kalmaz, ayn\u0131 zamanda sosyal ve k\u00fclt\u00fcrel olarak da zengin bir \u00f6\u011frenim deneyimi ya\u015fayabilirler.\n\nAtat\u00fcrk \u00dcniversitesi \u00c7ocuk Bak\u0131m\u0131 ve Gen\u00e7lik Hizmetleri B\u00f6l\u00fcm\u00fc, \u00f6\u011frencilerine gelecekte erfolgre bir \u015fekilde \u00e7ocuk bak\u0131m\u0131 ve gen\u00e7lik hizmetleri alan\u0131nda \u00e7al\u0131\u015fabilecekleri i\u00e7in gerekli olan bilgi, beceri ve de\u011ferleri kazand\u0131rma amac\u0131n\u0131 ta\u015f\u0131r. \u00d6\u011frencilerin bu b\u00f6l\u00fcmde ge\u00e7irecekleri s\u00fcre, sadece akademik bir \u00f6\u011frenim s\u00fcreci olmayacak, ayn\u0131 zamanda ki\u015fisel ve mesleki geli\u015fim a\u00e7\u0131s\u0131ndan da zenginle\u015ftirici bir deneyime d\u00f6n\u00fc\u015febilir.<\/p>\n\t\t\t\t\t\t\t\t\n\t\t\t\t\t\t\t\t<div class=\"info\">\n\t\t\t\t\t\t\t\t\t\t\t\t\t\t\t\t\t\t<div class=\"name-job\">\n\t\t\t\t\t\t\t\t\t\t\t\t\t\t\t\t\t\t\t\t\t<p class=\"name second_font\">Atat\u00fcrk \u00dcniversitesi \u00c7ocuk Bak\u0131m\u0131 ve Gen\u00e7lik Hizmetleri B\u00f6l\u00fcm\u00fc, \u00f6\u011frencilerine zenginle\u015ftirilmi\u015f bir \u00f6\u011frenim deneyimi sunmak i\u00e7in \u00e7abalayan bir ortam sunar. \u00d6\u011frenciler, \u00e7ocuk bak\u0131m\u0131 ve gen\u00e7lik hizmetleri alan\u0131ndaki teorik ve pratik bilgilerini derinle\u015ftirebilecekleri \u00e7e\u015fitli f\u0131rsatlarla kar\u015f\u0131la\u015fabilirler.\n\nB\u00f6l\u00fcm\u00fcn e\u011fitim s\u00fcreci, \u00f6\u011frencilerin \u00e7ocuklar\u0131n fiziksel, emocional ve sosyal geli\u015fimlerini destekleyecek bilgi ve beceriler kazanmalar\u0131na odaklanabilir. \u00d6\u011frenciler, \u00e7ocuk bak\u0131m\u0131n\u0131n farkl\u0131 boyutlar\u0131 hakk\u0131nda derinlemesine bilgi sahibi olma \u015fans\u0131na sahip olabilecekleri gibi, \u00e7ocuk geli\u015fimi, aile ve toplum ili\u015fkileri, e\u011fitim programlar\u0131n\u0131n planlanmas\u0131 ve uygulanmas\u0131 gibi konularda da deneyim kazan\u0131rlar.\n\n\u00d6\u011frenci deneyimi, sadece derslik i\u00e7inde s\u0131n\u0131rl\u0131 kalmaz. \u00d6\u011frenciler, \u00e7ocuk bak\u0131m\u0131 ve gen\u00e7lik hizmetleri alan\u0131nda \u00e7al\u0131\u015fan kurum ve kurulu\u015flarda staj yapma f\u0131rsat\u0131 bulabilirler. Bu \u015fekilde, teorik bilgileri pratik uygulamalarla birle\u015ftirerek deneyim kazanabilir ve gelecekteki meslekta\u015flar\u0131 ilenetwork kurma \u015fans\u0131na sahip olabilirler.\n\nAyr\u0131ca, b\u00f6l\u00fcm\u00fcn d\u00fczenledi\u011fi \u00e7e\u015fitli aktiviteler ve projelerle \u00f6\u011frenciler, \u00e7ocuk haklar\u0131, \u00e7ocuk koruma hizmetleri gibi \u00f6nemli konularda fark\u0131ndal\u0131k yaratma f\u0131rsat\u0131n\u0131 bulabilirler. \u00d6\u011frencilerin kendi ilgi alanlar\u0131na g\u00f6re kul\u00fcpler veya topluluklara kat\u0131lmalar\u0131 da m\u00f6glich olabilir. B\u00f6ylelikle, \u00f6\u011frenciler sadece akademik geli\u015fimlerine odaklanmakla kalmaz, ayn\u0131 zamanda sosyal ve k\u00fclt\u00fcrel olarak da zengin bir \u00f6\u011frenim deneyimi ya\u015fayabilirler.\n\nAtat\u00fcrk \u00dcniversitesi \u00c7ocuk Bak\u0131m\u0131 ve Gen\u00e7lik Hizmetleri B\u00f6l\u00fcm\u00fc, \u00f6\u011frencilerine gelecekte erfolgre bir \u015fekilde \u00e7ocuk bak\u0131m\u0131 ve gen\u00e7lik hizmetleri alan\u0131nda \u00e7al\u0131\u015fabilecekleri i\u00e7in gerekli olan bilgi, beceri ve de\u011ferleri kazand\u0131rma amac\u0131n\u0131 ta\u015f\u0131r. \u00d6\u011frencilerin bu b\u00f6l\u00fcmde ge\u00e7irecekleri s\u00fcre, sadece akademik bir \u00f6\u011frenim s\u00fcreci olmayacak, ayn\u0131 zamanda ki\u015fisel ve mesleki geli\u015fim a\u00e7\u0131s\u0131ndan da zenginle\u015ftirici bir deneyime d\u00f6n\u00fc\u015febilir.<\/p>\n\t\t\t\t\t\t\t\t\t\t\t\t\t\t\t\t\t\t\t\t\t\t\t\t\t\t\t\t\t\t\t<p class=\"job\">Atat\u00fcrk \u00dcniversitesi \u00c7ocuk Bak\u0131m\u0131 ve Gen\u00e7lik Hizmetleri B\u00f6l\u00fcm\u00fc, \u00f6\u011frencilerine zenginle\u015ftirilmi\u015f bir \u00f6\u011frenim deneyimi sunmak i\u00e7in \u00e7abalayan bir ortam sunar. \u00d6\u011frenciler, \u00e7ocuk bak\u0131m\u0131 ve gen\u00e7lik hizmetleri alan\u0131ndaki teorik ve pratik bilgilerini derinle\u015ftirebilecekleri \u00e7e\u015fitli f\u0131rsatlarla kar\u015f\u0131la\u015fabilirler.\n\nB\u00f6l\u00fcm\u00fcn e\u011fitim s\u00fcreci, \u00f6\u011frencilerin \u00e7ocuklar\u0131n fiziksel, emocional ve sosyal geli\u015fimlerini destekleyecek bilgi ve beceriler kazanmalar\u0131na odaklanabilir. \u00d6\u011frenciler, \u00e7ocuk bak\u0131m\u0131n\u0131n farkl\u0131 boyutlar\u0131 hakk\u0131nda derinlemesine bilgi sahibi olma \u015fans\u0131na sahip olabilecekleri gibi, \u00e7ocuk geli\u015fimi, aile ve toplum ili\u015fkileri, e\u011fitim programlar\u0131n\u0131n planlanmas\u0131 ve uygulanmas\u0131 gibi konularda da deneyim kazan\u0131rlar.\n\n\u00d6\u011frenci deneyimi, sadece derslik i\u00e7inde s\u0131n\u0131rl\u0131 kalmaz. \u00d6\u011frenciler, \u00e7ocuk bak\u0131m\u0131 ve gen\u00e7lik hizmetleri alan\u0131nda \u00e7al\u0131\u015fan kurum ve kurulu\u015flarda staj yapma f\u0131rsat\u0131 bulabilirler. Bu \u015fekilde, teorik bilgileri pratik uygulamalarla birle\u015ftirerek deneyim kazanabilir ve gelecekteki meslekta\u015flar\u0131 ilenetwork kurma \u015fans\u0131na sahip olabilirler.\n\nAyr\u0131ca, b\u00f6l\u00fcm\u00fcn d\u00fczenledi\u011fi \u00e7e\u015fitli aktiviteler ve projelerle \u00f6\u011frenciler, \u00e7ocuk haklar\u0131, \u00e7ocuk koruma hizmetleri gibi \u00f6nemli konularda fark\u0131ndal\u0131k yaratma f\u0131rsat\u0131n\u0131 bulabilirler. \u00d6\u011frencilerin kendi ilgi alanlar\u0131na g\u00f6re kul\u00fcpler veya topluluklara kat\u0131lmalar\u0131 da m\u00f6glich olabilir. B\u00f6ylelikle, \u00f6\u011frenciler sadece akademik geli\u015fimlerine odaklanmakla kalmaz, ayn\u0131 zamanda sosyal ve k\u00fclt\u00fcrel olarak da zengin bir \u00f6\u011frenim deneyimi ya\u015fayabilirler.\n\nAtat\u00fcrk \u00dcniversitesi \u00c7ocuk Bak\u0131m\u0131 ve Gen\u00e7lik Hizmetleri B\u00f6l\u00fcm\u00fc, \u00f6\u011frencilerine gelecekte erfolgre bir \u015fekilde \u00e7ocuk bak\u0131m\u0131 ve gen\u00e7lik hizmetleri alan\u0131nda \u00e7al\u0131\u015fabilecekleri i\u00e7in gerekli olan bilgi, beceri ve de\u011ferleri kazand\u0131rma amac\u0131n\u0131 ta\u015f\u0131r. \u00d6\u011frencilerin bu b\u00f6l\u00fcmde ge\u00e7irecekleri s\u00fcre, sadece akademik bir \u00f6\u011frenim s\u00fcreci olmayacak, ayn\u0131 zamanda ki\u015fisel ve mesleki geli\u015fim a\u00e7\u0131s\u0131ndan da zenginle\u015ftirici bir deneyime d\u00f6n\u00fc\u015febilir.<\/p>\n\t\t\t\t\t\t\t\t\t\t\t\t\t\t\t\t\t\t\t<\/div>\n\t\t\t\t\t\t\t\t<\/div>\n\t\t\t\t\t\t\t\t\n\t\t\t\t\t\t\t\t\t\t\t\t\t\t\t\t\t<div class=\"icon-quote\">\n\t\t\t\t\t\t\t\t\t\t<span class=\"flaticon-left-quote-1\"><\/span>\n\t\t\t\t\t\t\t\t\t<\/div>\n\t\t\t\t\t\t\t\t\t\t\t\t\t\t\t<\/div>\n\t\t\t\t\t\t<\/div>\n\t\t\t\t\t\t\t\t\t<\/div>\n\t\t\t<\/section>\n\n\t\t\t\t\n\t\t\t\t\t\t<\/div>\n\t\t\t\t<\/div>\n\t\t\t\t\t<\/div>\n\t\t<\/div>\n\t\t\t\t\t<\/div>\n\t\t<\/section>\n\t\t\t\t<\/div>\n\t\t","protected":false},"excerpt":{"rendered":"<p>**\u00d6\u011frenci Deneyimi** \u00c7ocuk Bak\u0131m\u0131 ve Gen\u00e7lik Hizmetleri B\u00f6l\u00fcm\u00fc olarak, \u00f6\u011frencilerimizin e\u011fitim s\u00fcre\u00e7lerinde zenginle\u015ftirici ve destekleyici bir deneyim ya\u015famalar\u0131n\u0131 sa\u011flamak bizim i\u00e7in \u00e7ok \u00f6nemlidir. Bu b\u00f6l\u00fcmde, \u00e7ocuklar\u0131n ve gen\u00e7lerin geli\u015fimini desteklemek amac\u0131yla tasarlanm\u0131\u015f bir dizi faaliyet ve proje sunuyoruz. **E\u011fitim S\u00fcreci** E\u011fitim s\u00fcrecimiz, \u00f6\u011frencilerin teorik bilgileri pratik uygulamalarla peki\u015ftirmesini ama\u00e7lar. Derslerimiz, \u00e7ocuk bak\u0131m\u0131 ve gen\u00e7lik hizmetleri [&hellip;]<\/p>\n","protected":false},"author":1,"featured_media":0,"parent":0,"menu_order":0,"comment_status":"closed","ping_status":"closed","template":"elementor_header_footer","meta":{"footnotes":""},"class_list":["post-5734","page","type-page","status-publish","hentry"],"_links":{"self":[{"href":"https:\/\/atauni.edu.tr\/cocuk-bakimi-ve-genclik-hizmetleri-bolumu\/wp-json\/wp\/v2\/pages\/5734","targetHints":{"allow":["GET"]}}],"collection":[{"href":"https:\/\/atauni.edu.tr\/cocuk-bakimi-ve-genclik-hizmetleri-bolumu\/wp-json\/wp\/v2\/pages"}],"about":[{"href":"https:\/\/atauni.edu.tr\/cocuk-bakimi-ve-genclik-hizmetleri-bolumu\/wp-json\/wp\/v2\/types\/page"}],"author":[{"embeddable":true,"href":"https:\/\/atauni.edu.tr\/cocuk-bakimi-ve-genclik-hizmetleri-bolumu\/wp-json\/wp\/v2\/users\/1"}],"replies":[{"embeddable":true,"href":"https:\/\/atauni.edu.tr\/cocuk-bakimi-ve-genclik-hizmetleri-bolumu\/wp-json\/wp\/v2\/comments?post=5734"}],"version-history":[{"count":20,"href":"https:\/\/atauni.edu.tr\/cocuk-bakimi-ve-genclik-hizmetleri-bolumu\/wp-json\/wp\/v2\/pages\/5734\/revisions"}],"predecessor-version":[{"id":6103,"href":"https:\/\/atauni.edu.tr\/cocuk-bakimi-ve-genclik-hizmetleri-bolumu\/wp-json\/wp\/v2\/pages\/5734\/revisions\/6103"}],"wp:attachment":[{"href":"https:\/\/atauni.edu.tr\/cocuk-bakimi-ve-genclik-hizmetleri-bolumu\/wp-json\/wp\/v2\/media?parent=5734"}],"curies":[{"name":"wp","href":"https:\/\/api.w.org\/{rel}","templated":true}]}}