{"id":5762,"date":"2021-07-13T12:55:48","date_gmt":"2021-07-13T09:55:48","guid":{"rendered":"https:\/\/portaltest.atauni.edu.tr\/bilgisayar-muhendisligi\/?page_id=5762"},"modified":"2021-09-13T10:25:33","modified_gmt":"2021-09-13T07:25:33","slug":"lisans-ders-listesi","status":"publish","type":"page","link":"https:\/\/atauni.edu.tr\/cocuk-bakimi-ve-genclik-hizmetleri-bolumu\/lisans-ders-listesi\/","title":{"rendered":"Ders Listesi"},"content":{"rendered":"\t\t<div data-elementor-type=\"wp-page\" data-elementor-id=\"5762\" class=\"elementor elementor-5762\" data-elementor-post-type=\"page\">\n\t\t\t\t\t\t<section class=\"elementor-section elementor-top-section elementor-element elementor-element-730d320 elementor-section-boxed elementor-section-height-default elementor-section-height-default\" data-id=\"730d320\" data-element_type=\"section\">\n\t\t\t\t\t\t<div class=\"elementor-container elementor-column-gap-default\">\n\t\t\t\t\t<div class=\"elementor-column elementor-col-100 elementor-top-column elementor-element elementor-element-753d0860\" data-id=\"753d0860\" data-element_type=\"column\">\n\t\t\t<div class=\"elementor-widget-wrap\">\n\t\t\t\t\t\t\t<\/div>\n\t\t<\/div>\n\t\t\t\t\t<\/div>\n\t\t<\/section>\n\t\t\t\t<section class=\"elementor-section elementor-top-section elementor-element elementor-element-9be811a elementor-section-boxed elementor-section-height-default elementor-section-height-default\" data-id=\"9be811a\" data-element_type=\"section\">\n\t\t\t\t\t\t<div class=\"elementor-container elementor-column-gap-default\">\n\t\t\t\t\t<div class=\"elementor-column elementor-col-100 elementor-top-column elementor-element elementor-element-1ed847b7\" data-id=\"1ed847b7\" data-element_type=\"column\">\n\t\t\t<div class=\"elementor-widget-wrap elementor-element-populated\">\n\t\t\t\t\t\t<div class=\"elementor-element elementor-element-4ce0d07f elementor-widget elementor-widget-heading\" data-id=\"4ce0d07f\" data-element_type=\"widget\" data-widget_type=\"heading.default\">\n\t\t\t\t<div class=\"elementor-widget-container\">\n\t\t\t\t\t<h2 class=\"elementor-heading-title elementor-size-default\">Lisans Ders Listesi<\/h2>\t\t\t\t<\/div>\n\t\t\t\t<\/div>\n\t\t\t\t<div class=\"elementor-element elementor-element-63260862 elementor-widget-divider--view-line elementor-widget elementor-widget-divider\" data-id=\"63260862\" data-element_type=\"widget\" data-widget_type=\"divider.default\">\n\t\t\t\t<div class=\"elementor-widget-container\">\n\t\t\t\t\t\t\t<div class=\"elementor-divider\">\n\t\t\t<span class=\"elementor-divider-separator\">\n\t\t\t\t\t\t<\/span>\n\t\t<\/div>\n\t\t\t\t\t\t<\/div>\n\t\t\t\t<\/div>\n\t\t\t\t\t<\/div>\n\t\t<\/div>\n\t\t\t\t\t<\/div>\n\t\t<\/section>\n\t\t\t\t<section class=\"elementor-section elementor-top-section elementor-element elementor-element-ff12562 elementor-section-boxed elementor-section-height-default elementor-section-height-default\" data-id=\"ff12562\" data-element_type=\"section\">\n\t\t\t\t\t\t<div class=\"elementor-container elementor-column-gap-default\">\n\t\t\t\t\t<div class=\"elementor-column elementor-col-100 elementor-top-column elementor-element elementor-element-2aa5f38\" data-id=\"2aa5f38\" data-element_type=\"column\">\n\t\t\t<div class=\"elementor-widget-wrap elementor-element-populated\">\n\t\t\t\t\t\t<div class=\"elementor-element elementor-element-3f6c81d elementor-widget elementor-widget-text-editor\" data-id=\"3f6c81d\" data-element_type=\"widget\" data-widget_type=\"text-editor.default\">\n\t\t\t\t<div class=\"elementor-widget-container\">\n\t\t\t\t\t\t\t\t\t<html>\n<body>\n<h2>\u00c7ocuk Bak\u0131m\u0131 ve Gen\u00e7lik Hizmetleri B\u00f6l\u00fcm\u00fc Ders Listesi<\/h2>\n<p>\u00c7ocuk Bak\u0131m\u0131 ve Gen\u00e7lik Hizmetleri B\u00f6l\u00fcm\u00fc, \u00f6\u011frencilere \u00e7ocuklar\u0131n fiziksel, duygusal ve sosyal geli\u015fimini desteklemek i\u00e7in gerekli bilgi ve becerileri kazand\u0131rmay\u0131 ama\u00e7lar. B\u00f6l\u00fcm\u00fcn dersleri, \u00e7ocuk bak\u0131m\u0131n\u0131n temel ilkeleri, \u00e7ocuk geli\u015fimi, aile ve toplum ili\u015fkileri, gen\u00e7lik hizmetleri ve \u00e7ocuk haklar\u0131 gibi konular\u0131 kapsar.<\/p>\n<p>Ders listesi \u015fu \u015fekilde olabilir:<\/p>\n<ul>\n  <li>\u00c7ocuk Bak\u0131m\u0131 Temelleri<\/li>\n  <li>\u00c7ocuk Geli\u015fimi ve Psikolojisi<\/li>\n  <li>Aile ve Toplum \u0130li\u015fkileri<\/li>\n  <li>Gen\u00e7lik Hizmetleri ve Uygulamalar\u0131<\/li>\n  <li>\u00c7ocuk Haklar\u0131 ve Korunmas\u0131<\/li>\n  <li>Oyun ve Etkinlikler<\/li>\n  <li>\u00c7ocuk Sa\u011fl\u0131\u011f\u0131 ve G\u00fcvenli\u011fi<\/li>\n  <li>\u00d6zel Gereksinimi Olan \u00c7ocuklar<\/li>\n  <li>\u00c7ocuk Bak\u0131m\u0131 Y\u00f6netimi<\/li>\n  <li>Staj ve Uygulama<\/li>\n<\/ul>\n<p>Derslerin i\u00e7eri\u011fi ve adlar\u0131 de\u011fi\u015febilir. B\u00f6l\u00fcm, \u00f6\u011frencilere \u00e7ocuk bak\u0131m\u0131nda teorik ve pratik bilgi kazand\u0131rmay\u0131 ama\u00e7lar.<\/p>\n<\/body>\n<\/html>\t\t\t\t\t\t\t\t<\/div>\n\t\t\t\t<\/div>\n\t\t\t\t\t<\/div>\n\t\t<\/div>\n\t\t\t\t\t<\/div>\n\t\t<\/section>\n\t\t\t\t<\/div>\n\t\t","protected":false},"excerpt":{"rendered":"<p>\u00c7ocuk Bak\u0131m\u0131 ve Gen\u00e7lik Hizmetleri B\u00f6l\u00fcm\u00fcn\u00fcn sundu\u011fu zengin ve \u00e7e\u015fitli ders i\u00e7erikleri, \u00f6\u011frencilere \u00e7ocuk bak\u0131m\u0131n\u0131n farkl\u0131 boyutlar\u0131n\u0131 ke\u015ffetme f\u0131rsat\u0131 sunar. \u0130\u015fte bu b\u00f6l\u00fcmde verilen baz\u0131 temel dersler: 1. **\u00c7ocuk Geli\u015fimi**: Bu ders, \u00e7ocuklar\u0131n fiziksel, bili\u015fsel, sosyo-duygusal ve dil geli\u015fimini anlamaya odaklan\u0131r. 2. **Ergenlik Psikolojisi**: Ergenlerin psikolojik geli\u015fim evrelerini inceleyen bu ders, gen\u00e7lerle \u00e7al\u0131\u015fan uzmanlar\u0131n ihtiya\u00e7 [&hellip;]<\/p>\n","protected":false},"author":1,"featured_media":0,"parent":0,"menu_order":0,"comment_status":"closed","ping_status":"closed","template":"elementor_header_footer","meta":{"footnotes":""},"class_list":["post-5762","page","type-page","status-publish","hentry"],"_links":{"self":[{"href":"https:\/\/atauni.edu.tr\/cocuk-bakimi-ve-genclik-hizmetleri-bolumu\/wp-json\/wp\/v2\/pages\/5762","targetHints":{"allow":["GET"]}}],"collection":[{"href":"https:\/\/atauni.edu.tr\/cocuk-bakimi-ve-genclik-hizmetleri-bolumu\/wp-json\/wp\/v2\/pages"}],"about":[{"href":"https:\/\/atauni.edu.tr\/cocuk-bakimi-ve-genclik-hizmetleri-bolumu\/wp-json\/wp\/v2\/types\/page"}],"author":[{"embeddable":true,"href":"https:\/\/atauni.edu.tr\/cocuk-bakimi-ve-genclik-hizmetleri-bolumu\/wp-json\/wp\/v2\/users\/1"}],"replies":[{"embeddable":true,"href":"https:\/\/atauni.edu.tr\/cocuk-bakimi-ve-genclik-hizmetleri-bolumu\/wp-json\/wp\/v2\/comments?post=5762"}],"version-history":[{"count":11,"href":"https:\/\/atauni.edu.tr\/cocuk-bakimi-ve-genclik-hizmetleri-bolumu\/wp-json\/wp\/v2\/pages\/5762\/revisions"}],"predecessor-version":[{"id":6123,"href":"https:\/\/atauni.edu.tr\/cocuk-bakimi-ve-genclik-hizmetleri-bolumu\/wp-json\/wp\/v2\/pages\/5762\/revisions\/6123"}],"wp:attachment":[{"href":"https:\/\/atauni.edu.tr\/cocuk-bakimi-ve-genclik-hizmetleri-bolumu\/wp-json\/wp\/v2\/media?parent=5762"}],"curies":[{"name":"wp","href":"https:\/\/api.w.org\/{rel}","templated":true}]}}