{"id":6071,"date":"2021-08-27T15:45:02","date_gmt":"2021-08-27T12:45:02","guid":{"rendered":"http:\/\/birimler.atauni.edu.tr\/cocuk-bakimi-ve-genclik-hizmetleri-bolumu\/?page_id=6071"},"modified":"2021-09-13T10:22:11","modified_gmt":"2021-09-13T07:22:11","slug":"bolum-kurulu-kararlari","status":"publish","type":"page","link":"https:\/\/atauni.edu.tr\/cocuk-bakimi-ve-genclik-hizmetleri-bolumu\/bolum-kurulu-kararlari\/","title":{"rendered":"B\u00f6l\u00fcm Kurulu Kararlar\u0131"},"content":{"rendered":"\t\t<div data-elementor-type=\"wp-page\" data-elementor-id=\"6071\" class=\"elementor elementor-6071\" data-elementor-post-type=\"page\">\n\t\t\t\t\t\t<section class=\"elementor-section elementor-top-section elementor-element elementor-element-730d320 elementor-section-boxed elementor-section-height-default elementor-section-height-default\" data-id=\"730d320\" data-element_type=\"section\">\n\t\t\t\t\t\t<div class=\"elementor-container elementor-column-gap-default\">\n\t\t\t\t\t<div class=\"elementor-column elementor-col-100 elementor-top-column elementor-element elementor-element-753d0860\" data-id=\"753d0860\" data-element_type=\"column\">\n\t\t\t<div class=\"elementor-widget-wrap\">\n\t\t\t\t\t\t\t<\/div>\n\t\t<\/div>\n\t\t\t\t\t<\/div>\n\t\t<\/section>\n\t\t\t\t<section class=\"elementor-section elementor-top-section elementor-element elementor-element-9be811a elementor-section-boxed elementor-section-height-default elementor-section-height-default\" data-id=\"9be811a\" data-element_type=\"section\">\n\t\t\t\t\t\t<div class=\"elementor-container elementor-column-gap-default\">\n\t\t\t\t\t<div class=\"elementor-column elementor-col-100 elementor-top-column elementor-element elementor-element-1ed847b7\" data-id=\"1ed847b7\" data-element_type=\"column\">\n\t\t\t<div class=\"elementor-widget-wrap elementor-element-populated\">\n\t\t\t\t\t\t<div class=\"elementor-element elementor-element-4ce0d07f elementor-widget elementor-widget-heading\" data-id=\"4ce0d07f\" data-element_type=\"widget\" data-widget_type=\"heading.default\">\n\t\t\t\t<div class=\"elementor-widget-container\">\n\t\t\t\t\t<h2 class=\"elementor-heading-title elementor-size-default\">B\u00f6l\u00fcm Kurulu Kararlar\u0131<\/h2>\t\t\t\t<\/div>\n\t\t\t\t<\/div>\n\t\t\t\t<div class=\"elementor-element elementor-element-63260862 elementor-widget-divider--view-line elementor-widget elementor-widget-divider\" data-id=\"63260862\" data-element_type=\"widget\" data-widget_type=\"divider.default\">\n\t\t\t\t<div class=\"elementor-widget-container\">\n\t\t\t\t\t\t\t<div class=\"elementor-divider\">\n\t\t\t<span class=\"elementor-divider-separator\">\n\t\t\t\t\t\t<\/span>\n\t\t<\/div>\n\t\t\t\t\t\t<\/div>\n\t\t\t\t<\/div>\n\t\t\t\t\t<\/div>\n\t\t<\/div>\n\t\t\t\t\t<\/div>\n\t\t<\/section>\n\t\t\t\t<section class=\"elementor-section elementor-top-section elementor-element elementor-element-681db8b elementor-section-boxed elementor-section-height-default elementor-section-height-default\" data-id=\"681db8b\" data-element_type=\"section\">\n\t\t\t\t\t\t<div class=\"elementor-container elementor-column-gap-default\">\n\t\t\t\t\t<div class=\"elementor-column elementor-col-100 elementor-top-column elementor-element elementor-element-ad4dac5\" data-id=\"ad4dac5\" data-element_type=\"column\">\n\t\t\t<div class=\"elementor-widget-wrap elementor-element-populated\">\n\t\t\t\t\t\t<div class=\"elementor-element elementor-element-2f96b3d elementor-widget elementor-widget-text-editor\" data-id=\"2f96b3d\" data-element_type=\"widget\" data-widget_type=\"text-editor.default\">\n\t\t\t\t<div class=\"elementor-widget-container\">\n\t\t\t\t\t\t\t\t\t<p>Atat\u00fcrk \u00dcniversitesi \u00c7ocuk Bak\u0131m\u0131 ve Gen\u00e7lik Hizmetleri B\u00f6l\u00fcm\u00fc, e\u011fitim ve \u00f6\u011fretim faaliyetlerinin yan\u0131 s\u0131ra b\u00f6l\u00fcm i\u00e7i kararlar\u0131 da payla\u015fmak amac\u0131yla &#8216;B\u00f6l\u00fcm Kurulu Kararlar\u0131&#8217; ba\u015fl\u0131\u011f\u0131n\u0131 olu\u015fturmu\u015ftur.<\/p>\n<p>Bu ba\u015fl\u0131k alt\u0131nda, b\u00f6l\u00fcm\u00fcn akademik ve idari konularda ald\u0131\u011f\u0131 kararlar yay\u0131mlan\u0131r. Bunlar, e\u011fitim programlar\u0131n\u0131n g\u00fcncellenmesi, \u00f6\u011fretim eleman\u0131 atamalar\u0131, \u00f6\u011frenci kabul ve kay\u0131t i\u015flemleri gibi \u00e7e\u015fitli konular\u0131 i\u00e7erebilir.<\/p>\n<p>B\u00f6l\u00fcm kurulunun alaca\u011f\u0131 kararlar, b\u00f6l\u00fcm\u00fcn genel politikas\u0131 ve misyonuna uygun olarak belirlenir. \u00d6\u011frencilerin e\u011fitim s\u00fcre\u00e7lerini desteklemek, \u00f6\u011fretim kalitesini art\u0131rmak ve gen\u00e7lik hizmetleri alan\u0131nda toplumsal katk\u0131 sa\u011flamak gibi ama\u00e7lara odaklan\u0131r.<\/p>\n<p>Kararlar, b\u00f6l\u00fcm\u00fcn i\u00e7 i\u015fleyi\u015fi ile ilgili olabilece\u011fi gibi, \u00f6\u011frenci kul\u00fcplerinin faaliyetleri, ara\u015ft\u0131rma projeleri ve topluma y\u00f6nelik hizmetlerin d\u00fczenlenmesine de ili\u015fkin olabilir. Her karar, b\u00f6l\u00fcme ba\u011fl\u0131 t\u00fcm payda\u015flar\u0131n yararlanaca\u011f\u0131 \u015fekilde olu\u015fturulur.<\/p>\t\t\t\t\t\t\t\t<\/div>\n\t\t\t\t<\/div>\n\t\t\t\t\t<\/div>\n\t\t<\/div>\n\t\t\t\t\t<\/div>\n\t\t<\/section>\n\t\t\t\t<\/div>\n\t\t","protected":false},"excerpt":{"rendered":"<p>\u00c7ocuk Bak\u0131m\u0131 ve Gen\u00e7lik Hizmetleri B\u00f6l\u00fcm\u00fc b\u00fcnyesinde al\u0131nan kararlar, b\u00f6l\u00fcm\u00fcn i\u015fleyi\u015fini ve \u00f6\u011frencilerin e\u011fitim s\u00fcre\u00e7lerini do\u011frudan etkileyen \u00f6nemli a\u00e7\u0131klamalar\u0131 i\u00e7ermektedir. B\u00f6l\u00fcm Kurulu Kararlar\u0131, \u00e7ocuk bak\u0131m\u0131n\u0131n ve gen\u00e7lik hizmetlerinin geli\u015ftirilmesine y\u00f6nelik stratejileri, \u00f6\u011fretim programlar\u0131n\u0131n g\u00fcncellenmesi, mezuniyet ko\u015fullar\u0131, staj uygulamalar\u0131, b\u00f6l\u00fcm i\u00e7i komitelerin olu\u015fumu gibi konular\u0131 kapsamaktad\u0131r. B\u00f6l\u00fcm\u00fcn misyonu ve vizyonuna uygun olarak al\u0131nan kararlar, \u00e7ocuk bak\u0131m\u0131n\u0131n [&hellip;]<\/p>\n","protected":false},"author":1,"featured_media":0,"parent":0,"menu_order":0,"comment_status":"closed","ping_status":"closed","template":"elementor_header_footer","meta":{"footnotes":""},"class_list":["post-6071","page","type-page","status-publish","hentry"],"_links":{"self":[{"href":"https:\/\/atauni.edu.tr\/cocuk-bakimi-ve-genclik-hizmetleri-bolumu\/wp-json\/wp\/v2\/pages\/6071","targetHints":{"allow":["GET"]}}],"collection":[{"href":"https:\/\/atauni.edu.tr\/cocuk-bakimi-ve-genclik-hizmetleri-bolumu\/wp-json\/wp\/v2\/pages"}],"about":[{"href":"https:\/\/atauni.edu.tr\/cocuk-bakimi-ve-genclik-hizmetleri-bolumu\/wp-json\/wp\/v2\/types\/page"}],"author":[{"embeddable":true,"href":"https:\/\/atauni.edu.tr\/cocuk-bakimi-ve-genclik-hizmetleri-bolumu\/wp-json\/wp\/v2\/users\/1"}],"replies":[{"embeddable":true,"href":"https:\/\/atauni.edu.tr\/cocuk-bakimi-ve-genclik-hizmetleri-bolumu\/wp-json\/wp\/v2\/comments?post=6071"}],"version-history":[{"count":7,"href":"https:\/\/atauni.edu.tr\/cocuk-bakimi-ve-genclik-hizmetleri-bolumu\/wp-json\/wp\/v2\/pages\/6071\/revisions"}],"predecessor-version":[{"id":6120,"href":"https:\/\/atauni.edu.tr\/cocuk-bakimi-ve-genclik-hizmetleri-bolumu\/wp-json\/wp\/v2\/pages\/6071\/revisions\/6120"}],"wp:attachment":[{"href":"https:\/\/atauni.edu.tr\/cocuk-bakimi-ve-genclik-hizmetleri-bolumu\/wp-json\/wp\/v2\/media?parent=6071"}],"curies":[{"name":"wp","href":"https:\/\/api.w.org\/{rel}","templated":true}]}}