{"id":5682,"date":"2021-07-13T10:10:01","date_gmt":"2021-07-13T07:10:01","guid":{"rendered":"https:\/\/portaltest.atauni.edu.tr\/bilgisayar-muhendisligi\/?page_id=5682"},"modified":"2022-05-06T13:54:06","modified_gmt":"2022-05-06T10:54:06","slug":"misyon-vizyon-ve-temel-degerler","status":"publish","type":"page","link":"https:\/\/atauni.edu.tr\/cocuk-gelisimi-bolumu\/misyon-vizyon-ve-temel-degerler\/","title":{"rendered":"Misyon, Vizyon ve Temel De\u011ferler"},"content":{"rendered":"\t\t<div data-elementor-type=\"wp-page\" data-elementor-id=\"5682\" class=\"elementor elementor-5682\" data-elementor-post-type=\"page\">\n\t\t\t\t\t\t<section class=\"elementor-section elementor-top-section elementor-element elementor-element-9be811a elementor-section-boxed elementor-section-height-default elementor-section-height-default\" data-id=\"9be811a\" data-element_type=\"section\">\n\t\t\t\t\t\t<div class=\"elementor-container elementor-column-gap-default\">\n\t\t\t\t\t<div class=\"elementor-column elementor-col-100 elementor-top-column elementor-element elementor-element-1ed847b7\" data-id=\"1ed847b7\" data-element_type=\"column\">\n\t\t\t<div class=\"elementor-widget-wrap elementor-element-populated\">\n\t\t\t\t\t\t<div class=\"elementor-element elementor-element-4ce0d07f elementor-widget elementor-widget-heading\" data-id=\"4ce0d07f\" data-element_type=\"widget\" data-widget_type=\"heading.default\">\n\t\t\t\t<div class=\"elementor-widget-container\">\n\t\t\t\t\t<h2 class=\"elementor-heading-title elementor-size-default\">Misyon, Vizyon ve Temel De\u011ferler<\/h2>\t\t\t\t<\/div>\n\t\t\t\t<\/div>\n\t\t\t\t<div class=\"elementor-element elementor-element-63260862 elementor-widget-divider--view-line elementor-widget elementor-widget-divider\" data-id=\"63260862\" data-element_type=\"widget\" data-widget_type=\"divider.default\">\n\t\t\t\t<div class=\"elementor-widget-container\">\n\t\t\t\t\t\t\t<div class=\"elementor-divider\">\n\t\t\t<span class=\"elementor-divider-separator\">\n\t\t\t\t\t\t<\/span>\n\t\t<\/div>\n\t\t\t\t\t\t<\/div>\n\t\t\t\t<\/div>\n\t\t\t\t\t<\/div>\n\t\t<\/div>\n\t\t\t\t\t<\/div>\n\t\t<\/section>\n\t\t\t\t<section class=\"elementor-section elementor-top-section elementor-element elementor-element-681db8b elementor-section-boxed elementor-section-height-default elementor-section-height-default\" data-id=\"681db8b\" data-element_type=\"section\">\n\t\t\t\t\t\t<div class=\"elementor-container elementor-column-gap-default\">\n\t\t\t\t\t<div class=\"elementor-column elementor-col-100 elementor-top-column elementor-element elementor-element-ad4dac5\" data-id=\"ad4dac5\" data-element_type=\"column\">\n\t\t\t<div class=\"elementor-widget-wrap elementor-element-populated\">\n\t\t\t\t\t\t<div class=\"elementor-element elementor-element-2f96b3d elementor-widget elementor-widget-text-editor\" data-id=\"2f96b3d\" data-element_type=\"widget\" data-widget_type=\"text-editor.default\">\n\t\t\t\t<div class=\"elementor-widget-container\">\n\t\t\t\t\t\t\t\t\t<div>\n<p><strong>M\u0130SYONUMUZ<\/strong>: \u00c7ocuk Geli\u015fimi B\u00f6l\u00fcm\u00fc, 0-18 ya\u015flar aras\u0131ndaki normal, \u00f6zel gereksinimli, korunmaya muhta\u00e7, \u00e7ocuklar\u0131n t\u00fcm geli\u015fim ve beceri alanlar\u0131n\u0131 destekleme konusunda \u00e7ocu\u011fa, aileye, e\u011fitimciye ve topluma hizmet sunan y\u00fcksek donan\u0131ml\u0131 ve nitelikli \u00e7ocuk geli\u015fimcisi yeti\u015ftirmektedir. \u00c7a\u011fda\u015f yakla\u015f\u0131mlar kullanarak bu alanla ilgili geli\u015fimi de\u011ferlendirmeye y\u00f6nelik ara\u00e7 geli\u015ftirmek, ki\u015fi, kurum ve kurulu\u015flara dan\u0131\u015fmanl\u0131k sunmak, alanla ilgili yay\u0131n, ara\u015ft\u0131rma hizmetleri ve projeler geli\u015ftirmek ve bu hizmetleri toplumun her kesimindeki \u00e7ocuk ve ailelerin y\u00fcksek yarar\u0131na olacak \u015fekilde hayata ge\u00e7irmektir.<\/p>\n<p><b>V\u0130ZYONUMUZ:<\/b> Ulusal ve uluslararas\u0131 d\u00fczeyde tan\u0131nan \u00e7a\u011fda\u015f\ne\u011fitim ve geli\u015fimsel bilgi d\u00fczeyi ile aile, \u00e7ocuk ve e\u011fitimcilere \u00f6nder\nolabilecek, toplumun de\u011fi\u015fen ve geli\u015fen gereksinimleri do\u011frultusunda kendisini\ns\u00fcrekli geli\u015ftirebilen \u00e7evreye, topluma ve etik de\u011ferlere sayg\u0131l\u0131, giri\u015fimci,\nyarat\u0131c\u0131 mezunlar yeti\u015ftiren, \u00f6\u011frencileri, \u00f6\u011fretim elemanlar\u0131, e\u011fitim\nprogramlar\u0131 ve ara\u015ft\u0131rmalar\u0131 ile bir model olu\u015fturan ve tercih edilen lider bir\ne\u011fitim kurumu olmakt\u0131r.<\/p>\n<\/div>\t\t\t\t\t\t\t\t<\/div>\n\t\t\t\t<\/div>\n\t\t\t\t\t<\/div>\n\t\t<\/div>\n\t\t\t\t\t<\/div>\n\t\t<\/section>\n\t\t\t\t<\/div>\n\t\t","protected":false},"excerpt":{"rendered":"<p>Misyon, Vizyon ve Temel De\u011ferler M\u0130SYONUMUZ: \u00c7ocuk Geli\u015fimi B\u00f6l\u00fcm\u00fc, 0-18 ya\u015flar aras\u0131ndaki normal, \u00f6zel gereksinimli, korunmaya muhta\u00e7, \u00e7ocuklar\u0131n t\u00fcm geli\u015fim ve beceri alanlar\u0131n\u0131 destekleme konusunda \u00e7ocu\u011fa, aileye, e\u011fitimciye ve topluma hizmet sunan y\u00fcksek donan\u0131ml\u0131 ve nitelikli \u00e7ocuk geli\u015fimcisi yeti\u015ftirmektedir. \u00c7a\u011fda\u015f yakla\u015f\u0131mlar kullanarak bu alanla ilgili geli\u015fimi de\u011ferlendirmeye y\u00f6nelik ara\u00e7 geli\u015ftirmek, ki\u015fi, kurum ve kurulu\u015flara dan\u0131\u015fmanl\u0131k [&hellip;]<\/p>\n","protected":false},"author":1,"featured_media":0,"parent":0,"menu_order":0,"comment_status":"closed","ping_status":"closed","template":"elementor_header_footer","meta":{"footnotes":""},"class_list":["post-5682","page","type-page","status-publish","hentry"],"_links":{"self":[{"href":"https:\/\/atauni.edu.tr\/cocuk-gelisimi-bolumu\/wp-json\/wp\/v2\/pages\/5682","targetHints":{"allow":["GET"]}}],"collection":[{"href":"https:\/\/atauni.edu.tr\/cocuk-gelisimi-bolumu\/wp-json\/wp\/v2\/pages"}],"about":[{"href":"https:\/\/atauni.edu.tr\/cocuk-gelisimi-bolumu\/wp-json\/wp\/v2\/types\/page"}],"author":[{"embeddable":true,"href":"https:\/\/atauni.edu.tr\/cocuk-gelisimi-bolumu\/wp-json\/wp\/v2\/users\/1"}],"replies":[{"embeddable":true,"href":"https:\/\/atauni.edu.tr\/cocuk-gelisimi-bolumu\/wp-json\/wp\/v2\/comments?post=5682"}],"version-history":[{"count":14,"href":"https:\/\/atauni.edu.tr\/cocuk-gelisimi-bolumu\/wp-json\/wp\/v2\/pages\/5682\/revisions"}],"predecessor-version":[{"id":6277,"href":"https:\/\/atauni.edu.tr\/cocuk-gelisimi-bolumu\/wp-json\/wp\/v2\/pages\/5682\/revisions\/6277"}],"wp:attachment":[{"href":"https:\/\/atauni.edu.tr\/cocuk-gelisimi-bolumu\/wp-json\/wp\/v2\/media?parent=5682"}],"curies":[{"name":"wp","href":"https:\/\/api.w.org\/{rel}","templated":true}]}}