{"id":5765,"date":"2021-07-13T12:56:51","date_gmt":"2021-07-13T09:56:51","guid":{"rendered":"https:\/\/portaltest.atauni.edu.tr\/bilgisayar-muhendisligi\/?page_id=5765"},"modified":"2021-08-27T15:48:18","modified_gmt":"2021-08-27T12:48:18","slug":"anabilim-dallari","status":"publish","type":"page","link":"https:\/\/atauni.edu.tr\/cocuk-gelisimi-bolumu\/anabilim-dallari\/","title":{"rendered":"Anabilim Dallar\u0131"},"content":{"rendered":"\t\t<div data-elementor-type=\"wp-page\" data-elementor-id=\"5765\" class=\"elementor elementor-5765\" data-elementor-post-type=\"page\">\n\t\t\t\t\t\t<section class=\"elementor-section elementor-top-section elementor-element elementor-element-730d320 elementor-section-boxed elementor-section-height-default elementor-section-height-default\" data-id=\"730d320\" data-element_type=\"section\">\n\t\t\t\t\t\t<div class=\"elementor-container elementor-column-gap-default\">\n\t\t\t\t\t<div class=\"elementor-column elementor-col-100 elementor-top-column elementor-element elementor-element-753d0860\" data-id=\"753d0860\" data-element_type=\"column\">\n\t\t\t<div class=\"elementor-widget-wrap\">\n\t\t\t\t\t\t\t<\/div>\n\t\t<\/div>\n\t\t\t\t\t<\/div>\n\t\t<\/section>\n\t\t\t\t<section class=\"elementor-section elementor-top-section elementor-element elementor-element-9be811a elementor-section-boxed elementor-section-height-default elementor-section-height-default\" data-id=\"9be811a\" data-element_type=\"section\">\n\t\t\t\t\t\t<div class=\"elementor-container elementor-column-gap-default\">\n\t\t\t\t\t<div class=\"elementor-column elementor-col-100 elementor-top-column elementor-element elementor-element-1ed847b7\" data-id=\"1ed847b7\" data-element_type=\"column\">\n\t\t\t<div class=\"elementor-widget-wrap elementor-element-populated\">\n\t\t\t\t\t\t<div class=\"elementor-element elementor-element-4ce0d07f elementor-widget elementor-widget-heading\" data-id=\"4ce0d07f\" data-element_type=\"widget\" data-widget_type=\"heading.default\">\n\t\t\t\t<div class=\"elementor-widget-container\">\n\t\t\t\t\t<h2 class=\"elementor-heading-title elementor-size-default\">Anabilim Dallar\u0131<\/h2>\t\t\t\t<\/div>\n\t\t\t\t<\/div>\n\t\t\t\t<div class=\"elementor-element elementor-element-63260862 elementor-widget-divider--view-line elementor-widget elementor-widget-divider\" data-id=\"63260862\" data-element_type=\"widget\" data-widget_type=\"divider.default\">\n\t\t\t\t<div class=\"elementor-widget-container\">\n\t\t\t\t\t\t\t<div class=\"elementor-divider\">\n\t\t\t<span class=\"elementor-divider-separator\">\n\t\t\t\t\t\t<\/span>\n\t\t<\/div>\n\t\t\t\t\t\t<\/div>\n\t\t\t\t<\/div>\n\t\t\t\t\t<\/div>\n\t\t<\/div>\n\t\t\t\t\t<\/div>\n\t\t<\/section>\n\t\t\t\t<section class=\"elementor-section elementor-top-section elementor-element elementor-element-681db8b elementor-section-boxed elementor-section-height-default elementor-section-height-default\" data-id=\"681db8b\" data-element_type=\"section\">\n\t\t\t\t\t\t<div class=\"elementor-container elementor-column-gap-default\">\n\t\t\t\t\t<div class=\"elementor-column elementor-col-100 elementor-top-column elementor-element elementor-element-ad4dac5\" data-id=\"ad4dac5\" data-element_type=\"column\">\n\t\t\t<div class=\"elementor-widget-wrap elementor-element-populated\">\n\t\t\t\t\t\t<div class=\"elementor-element elementor-element-2f96b3d elementor-widget elementor-widget-text-editor\" data-id=\"2f96b3d\" data-element_type=\"widget\" data-widget_type=\"text-editor.default\">\n\t\t\t\t<div class=\"elementor-widget-container\">\n\t\t\t\t\t\t\t\t\t<html>\n<body>\n<h2>Anabilim Dallar\u0131<\/h2>\n<p>\u00c7ocuk Geli\u015fimi b\u00f6l\u00fcm\u00fc, \u00e7ocuklar\u0131n fiziksel, bili\u015fsel, dil ve sosyal geli\u015fimini inceleyen disiplinler aras\u0131 bir aland\u0131r. B\u00f6l\u00fcm\u00fcn anabilim dallar\u0131, \u00e7ocuklar\u0131n \u00e7e\u015fitli geli\u015fim alanlar\u0131na odaklanan uzmanl\u0131k alanlar\u0131n\u0131 kapsar.<\/p>\n<p>Bu anabilim dallar\u0131 aras\u0131nda \u00e7ocuk psikolojisi, e\u011fitim psikolojisi, \u00f6zel e\u011fitim, \u00e7ocuk sa\u011fl\u0131\u011f\u0131 ve hastal\u0131klar\u0131, \u00e7ocuk geli\u015fimi ve e\u011fitimi gibi dallar bulunur. Her bir anabilim dal\u0131, \u00e7ocuklar\u0131n geli\u015fim s\u00fcre\u00e7lerini farkl\u0131 a\u00e7\u0131lardan ele al\u0131r ve bu alanlarda uzmanl\u0131k kazand\u0131r\u0131r.<\/p>\n<p>\u00d6rne\u011fin, \u00e7ocuk psikolojisi anabilim dal\u0131, \u00e7ocuklar\u0131n zihinsel ve duygusal geli\u015fimini incelerken, \u00f6zel e\u011fitim anabilim dal\u0131, \u00f6zel gereksinimi olan \u00e7ocuklar\u0131n e\u011fitimi ve geli\u015fimine odaklan\u0131r. \u00c7ocuk sa\u011fl\u0131\u011f\u0131 ve hastal\u0131klar\u0131 anabilim dal\u0131 ise \u00e7ocuklar\u0131n fiziksel sa\u011fl\u0131\u011f\u0131n\u0131 koruma ve hastal\u0131k durumlar\u0131nda gerekli m\u00fcdahaleleri i\u00e7eren bir aland\u0131r.<\/p>\n<p>Bu \u00e7e\u015fitlilik, \u00f6\u011frencilere \u00e7ocuk geli\u015fiminin farkl\u0131 y\u00f6nlerine odaklanma olana\u011f\u0131 sa\u011flar ve bu alanda uzmanla\u015fmalar\u0131n\u0131 sa\u011flar. Ayr\u0131ca, anabilim dallar\u0131n\u0131n birle\u015fmesi, \u00e7ocuklar\u0131n geli\u015fim s\u00fcre\u00e7lerinin daha geni\u015f bir perspektiften anla\u015f\u0131lmas\u0131n\u0131 sa\u011flar.<\/p>\n<\/body>\n<\/html>\t\t\t\t\t\t\t\t<\/div>\n\t\t\t\t<\/div>\n\t\t\t\t\t<\/div>\n\t\t<\/div>\n\t\t\t\t\t<\/div>\n\t\t<\/section>\n\t\t\t\t<\/div>\n\t\t","protected":false},"excerpt":{"rendered":"<p>\u00c7ocuk Geli\u015fimi Anabilim Dallar\u0131 \u00c7ocuk geli\u015fimi b\u00f6l\u00fcm\u00fcn\u00fcn anabilim dallar\u0131, \u00e7ocuklar\u0131n fiziksel, bili\u015fsel, sosyal ve duygusal geli\u015fim s\u00fcre\u00e7lerini kapsar. Bu alanlarda uzmanla\u015fan akademisyenler ve ara\u015ft\u0131rmac\u0131lar, \u00e7ocuklar\u0131n sa\u011fl\u0131kl\u0131 bir \u015fekilde b\u00fcy\u00fcme ve geli\u015fmelerine katk\u0131da bulunmak amac\u0131yla \u00e7al\u0131\u015f\u0131rlar. \u00c7ocuk Geli\u015fimi Anabilim Dallar\u0131: 1. **Fiziksel Geli\u015fim**: \u00c7ocuklar\u0131n bedensel geli\u015fim s\u00fcre\u00e7lerini inceler. Bu dal, \u00e7ocuklar\u0131n motor becerilerinin d\u00e9veloppementini, beslenme al\u0131\u015fkanl\u0131klar\u0131n\u0131 [&hellip;]<\/p>\n","protected":false},"author":1,"featured_media":0,"parent":0,"menu_order":0,"comment_status":"closed","ping_status":"closed","template":"elementor_header_footer","meta":{"footnotes":""},"class_list":["post-5765","page","type-page","status-publish","hentry"],"_links":{"self":[{"href":"https:\/\/atauni.edu.tr\/cocuk-gelisimi-bolumu\/wp-json\/wp\/v2\/pages\/5765","targetHints":{"allow":["GET"]}}],"collection":[{"href":"https:\/\/atauni.edu.tr\/cocuk-gelisimi-bolumu\/wp-json\/wp\/v2\/pages"}],"about":[{"href":"https:\/\/atauni.edu.tr\/cocuk-gelisimi-bolumu\/wp-json\/wp\/v2\/types\/page"}],"author":[{"embeddable":true,"href":"https:\/\/atauni.edu.tr\/cocuk-gelisimi-bolumu\/wp-json\/wp\/v2\/users\/1"}],"replies":[{"embeddable":true,"href":"https:\/\/atauni.edu.tr\/cocuk-gelisimi-bolumu\/wp-json\/wp\/v2\/comments?post=5765"}],"version-history":[{"count":8,"href":"https:\/\/atauni.edu.tr\/cocuk-gelisimi-bolumu\/wp-json\/wp\/v2\/pages\/5765\/revisions"}],"predecessor-version":[{"id":6082,"href":"https:\/\/atauni.edu.tr\/cocuk-gelisimi-bolumu\/wp-json\/wp\/v2\/pages\/5765\/revisions\/6082"}],"wp:attachment":[{"href":"https:\/\/atauni.edu.tr\/cocuk-gelisimi-bolumu\/wp-json\/wp\/v2\/media?parent=5765"}],"curies":[{"name":"wp","href":"https:\/\/api.w.org\/{rel}","templated":true}]}}