{"id":5791,"date":"2021-07-13T13:07:15","date_gmt":"2021-07-13T10:07:15","guid":{"rendered":"https:\/\/portaltest.atauni.edu.tr\/bilgisayar-muhendisligi\/?page_id=5791"},"modified":"2021-08-27T15:49:32","modified_gmt":"2021-08-27T12:49:32","slug":"staj","status":"publish","type":"page","link":"https:\/\/atauni.edu.tr\/cocuk-gelisimi-bolumu\/staj\/","title":{"rendered":"Staj"},"content":{"rendered":"\t\t<div data-elementor-type=\"wp-page\" data-elementor-id=\"5791\" class=\"elementor elementor-5791\" data-elementor-post-type=\"page\">\n\t\t\t\t\t\t<section class=\"elementor-section elementor-top-section elementor-element elementor-element-730d320 elementor-section-boxed elementor-section-height-default elementor-section-height-default\" data-id=\"730d320\" data-element_type=\"section\">\n\t\t\t\t\t\t<div class=\"elementor-container elementor-column-gap-default\">\n\t\t\t\t\t<div class=\"elementor-column elementor-col-100 elementor-top-column elementor-element elementor-element-753d0860\" data-id=\"753d0860\" data-element_type=\"column\">\n\t\t\t<div class=\"elementor-widget-wrap\">\n\t\t\t\t\t\t\t<\/div>\n\t\t<\/div>\n\t\t\t\t\t<\/div>\n\t\t<\/section>\n\t\t\t\t<section class=\"elementor-section elementor-top-section elementor-element elementor-element-9be811a elementor-section-boxed elementor-section-height-default elementor-section-height-default\" data-id=\"9be811a\" data-element_type=\"section\">\n\t\t\t\t\t\t<div class=\"elementor-container elementor-column-gap-default\">\n\t\t\t\t\t<div class=\"elementor-column elementor-col-100 elementor-top-column elementor-element elementor-element-1ed847b7\" data-id=\"1ed847b7\" data-element_type=\"column\">\n\t\t\t<div class=\"elementor-widget-wrap elementor-element-populated\">\n\t\t\t\t\t\t<div class=\"elementor-element elementor-element-4ce0d07f elementor-widget elementor-widget-heading\" data-id=\"4ce0d07f\" data-element_type=\"widget\" data-widget_type=\"heading.default\">\n\t\t\t\t<div class=\"elementor-widget-container\">\n\t\t\t\t\t<h2 class=\"elementor-heading-title elementor-size-default\">Staj<\/h2>\t\t\t\t<\/div>\n\t\t\t\t<\/div>\n\t\t\t\t<div class=\"elementor-element elementor-element-63260862 elementor-widget-divider--view-line elementor-widget elementor-widget-divider\" data-id=\"63260862\" data-element_type=\"widget\" data-widget_type=\"divider.default\">\n\t\t\t\t<div class=\"elementor-widget-container\">\n\t\t\t\t\t\t\t<div class=\"elementor-divider\">\n\t\t\t<span class=\"elementor-divider-separator\">\n\t\t\t\t\t\t<\/span>\n\t\t<\/div>\n\t\t\t\t\t\t<\/div>\n\t\t\t\t<\/div>\n\t\t\t\t\t<\/div>\n\t\t<\/div>\n\t\t\t\t\t<\/div>\n\t\t<\/section>\n\t\t\t\t<section class=\"elementor-section elementor-top-section elementor-element elementor-element-10e8347 elementor-section-boxed elementor-section-height-default elementor-section-height-default\" data-id=\"10e8347\" data-element_type=\"section\">\n\t\t\t\t\t\t<div class=\"elementor-container elementor-column-gap-default\">\n\t\t\t\t\t<div class=\"elementor-column elementor-col-100 elementor-top-column elementor-element elementor-element-795ab05\" data-id=\"795ab05\" data-element_type=\"column\">\n\t\t\t<div class=\"elementor-widget-wrap elementor-element-populated\">\n\t\t\t\t\t\t<div class=\"elementor-element elementor-element-4524745 elementor-widget elementor-widget-text-editor\" data-id=\"4524745\" data-element_type=\"widget\" data-widget_type=\"text-editor.default\">\n\t\t\t\t<div class=\"elementor-widget-container\">\n\t\t\t\t\t\t\t\t\t<p>Atat\u00fcrk \u00dcniversitesi \u00c7ocuk Geli\u015fimi b\u00f6l\u00fcm\u00fcnde staj, \u00f6\u011frencilerin teorik bilgileri pratik uygulamalarla peki\u015ftirmeleri a\u00e7\u0131s\u0131ndan b\u00fcy\u00fck \u00f6nem ta\u015f\u0131maktad\u0131r. Bu s\u00fcre\u00e7te \u00f6\u011frenciler, \u00e7ocuk geli\u015fimi alan\u0131ndaki \u00e7e\u015fitli kurum ve kurulu\u015flarda deneyim kazan\u0131rlar.<\/p>\n<p>Staj s\u00fcresince \u00f6\u011frenciler, \u00e7ocuklar\u0131n fiziksel, bili\u015fsel, dil, sosyal ve duygusal geli\u015fimini desteklemek amac\u0131yla farkl\u0131 ya\u015f gruplar\u0131yla \u00e7al\u0131\u015f\u0131rlar. Ayr\u0131ca, \u00e7ocuklar\u0131n e\u011fitim ve bak\u0131m s\u00fcre\u00e7lerine aktif olarak kat\u0131l\u0131rlar.<\/p>\n<p>Stajyerler, g\u00f6rev ald\u0131klar\u0131 kurumlar\u0131n g\u00fcnl\u00fck faaliyetlerine katk\u0131da bulunurlar. \u00c7ocuklarla etkinlik planlama, oyun faaliyetleri y\u00fcr\u00fctme, ailelere rehberlik sa\u011flama gibi konularda deneyim kazan\u0131rlar.<\/p>\n<p>Bu deneyimler, \u00e7ocuk geli\u015fimi alan\u0131nda kariyer hedefleyen \u00f6\u011frenciler i\u00e7in son derece de\u011ferli olur. \u00d6\u011frencilerin, gelecekte ba\u015far\u0131l\u0131 birer \u00e7ocuk geli\u015fimci olarak yeti\u015fmeleri a\u00e7\u0131s\u0131ndan staj d\u00f6nemi b\u00fcy\u00fck bir f\u0131rsat sunar.<\/p>\t\t\t\t\t\t\t\t<\/div>\n\t\t\t\t<\/div>\n\t\t\t\t\t<\/div>\n\t\t<\/div>\n\t\t\t\t\t<\/div>\n\t\t<\/section>\n\t\t\t\t<\/div>\n\t\t","protected":false},"excerpt":{"rendered":"<p>**Staj** \u00c7ocuk Geli\u015fimi b\u00f6l\u00fcm\u00fc \u00f6\u011frencileri, teorik bilgilerini peki\u015ftirmek ve pratik deneyim kazanmak i\u00e7in staja kat\u0131lmaktad\u0131rlar. Staj, \u00e7ocuk geli\u015fimi alan\u0131nda \u00e7al\u0131\u015fmak isteyen \u00f6\u011frenciler i\u00e7in son derece \u00f6nemlidir. Bu s\u00fcre\u00e7te \u00f6\u011frenciler, farkl\u0131 ya\u015f gruplar\u0131ndaki \u00e7ocuklarla \u00e7al\u0131\u015fma f\u0131rsat\u0131 bulmakta ve \u00e7ocuklar\u0131n fiziksel, bili\u015fsel, duygusal ve sosyal geli\u015fimlerini g\u00f6zlemlemektedirler. Staj s\u00fcresince \u00f6\u011frenciler, \u00e7ocuklara y\u00f6nelik faaliyetler planlamakta, bu faaliyetleri uygulamakta [&hellip;]<\/p>\n","protected":false},"author":1,"featured_media":0,"parent":0,"menu_order":0,"comment_status":"closed","ping_status":"closed","template":"elementor_header_footer","meta":{"footnotes":""},"class_list":["post-5791","page","type-page","status-publish","hentry"],"_links":{"self":[{"href":"https:\/\/atauni.edu.tr\/cocuk-gelisimi-bolumu\/wp-json\/wp\/v2\/pages\/5791","targetHints":{"allow":["GET"]}}],"collection":[{"href":"https:\/\/atauni.edu.tr\/cocuk-gelisimi-bolumu\/wp-json\/wp\/v2\/pages"}],"about":[{"href":"https:\/\/atauni.edu.tr\/cocuk-gelisimi-bolumu\/wp-json\/wp\/v2\/types\/page"}],"author":[{"embeddable":true,"href":"https:\/\/atauni.edu.tr\/cocuk-gelisimi-bolumu\/wp-json\/wp\/v2\/users\/1"}],"replies":[{"embeddable":true,"href":"https:\/\/atauni.edu.tr\/cocuk-gelisimi-bolumu\/wp-json\/wp\/v2\/comments?post=5791"}],"version-history":[{"count":8,"href":"https:\/\/atauni.edu.tr\/cocuk-gelisimi-bolumu\/wp-json\/wp\/v2\/pages\/5791\/revisions"}],"predecessor-version":[{"id":6094,"href":"https:\/\/atauni.edu.tr\/cocuk-gelisimi-bolumu\/wp-json\/wp\/v2\/pages\/5791\/revisions\/6094"}],"wp:attachment":[{"href":"https:\/\/atauni.edu.tr\/cocuk-gelisimi-bolumu\/wp-json\/wp\/v2\/media?parent=5791"}],"curies":[{"name":"wp","href":"https:\/\/api.w.org\/{rel}","templated":true}]}}