{"id":7234,"date":"2025-05-23T01:15:00","date_gmt":"2025-05-22T22:15:00","guid":{"rendered":"https:\/\/birimler.atauni.edu.tr\/cocuk-gelisimi-bolumu\/?page_id=7234"},"modified":"2025-05-24T00:53:01","modified_gmt":"2025-05-23T21:53:01","slug":"bolum-komisyonlari","status":"publish","type":"page","link":"https:\/\/atauni.edu.tr\/cocuk-gelisimi-bolumu\/bolum-komisyonlari\/","title":{"rendered":"B\u00f6l\u00fcm Komisyonlar\u0131"},"content":{"rendered":"\t\t<div data-elementor-type=\"wp-page\" data-elementor-id=\"7234\" class=\"elementor elementor-7234\" data-elementor-post-type=\"page\">\n\t\t\t\t\t\t<section class=\"elementor-section elementor-top-section elementor-element elementor-element-48a029d elementor-section-boxed elementor-section-height-default elementor-section-height-default\" data-id=\"48a029d\" data-element_type=\"section\">\n\t\t\t\t\t\t<div class=\"elementor-container elementor-column-gap-default\">\n\t\t\t\t\t<div class=\"elementor-column elementor-col-100 elementor-top-column elementor-element elementor-element-14d8975\" data-id=\"14d8975\" data-element_type=\"column\">\n\t\t\t<div class=\"elementor-widget-wrap elementor-element-populated\">\n\t\t\t\t\t\t<div class=\"elementor-element elementor-element-c89332a elementor-widget-divider--view-line elementor-widget elementor-widget-divider\" data-id=\"c89332a\" data-element_type=\"widget\" data-widget_type=\"divider.default\">\n\t\t\t\t<div class=\"elementor-widget-container\">\n\t\t\t\t\t\t\t<div class=\"elementor-divider\">\n\t\t\t<span class=\"elementor-divider-separator\">\n\t\t\t\t\t\t<\/span>\n\t\t<\/div>\n\t\t\t\t\t\t<\/div>\n\t\t\t\t<\/div>\n\t\t\t\t\t<\/div>\n\t\t<\/div>\n\t\t\t\t\t<\/div>\n\t\t<\/section>\n\t\t\t\t<section class=\"elementor-section elementor-top-section elementor-element elementor-element-c92fae1 elementor-section-boxed elementor-section-height-default elementor-section-height-default\" data-id=\"c92fae1\" data-element_type=\"section\">\n\t\t\t\t\t\t<div class=\"elementor-container elementor-column-gap-default\">\n\t\t\t\t\t<div class=\"elementor-column elementor-col-100 elementor-top-column elementor-element elementor-element-44262ce\" data-id=\"44262ce\" data-element_type=\"column\">\n\t\t\t<div class=\"elementor-widget-wrap elementor-element-populated\">\n\t\t\t\t\t\t<div class=\"elementor-element elementor-element-e075100 elementor-widget__width-initial elementor-widget elementor-widget-text-editor\" data-id=\"e075100\" data-element_type=\"widget\" data-widget_type=\"text-editor.default\">\n\t\t\t\t<div class=\"elementor-widget-container\">\n\t\t\t\t\t\t\t\t\t<p><strong>\u00c7ocuk Geli\u015fimi B\u00f6l\u00fcm Komisyon ve Koordinat\u00f6rl\u00fck Listesi\u00a0<\/strong><\/p><p><strong>Akademik Te\u015fvik De\u011ferlendirme Komisyonu:\u00a0<\/strong>Prof. Dr. Hava \u00d6ZKAN<\/p><p><strong>B\u00f6l\u00fcm Web Sayfas\u0131 Komisyonu: <\/strong>Ar\u015f. G\u00f6r. Tu\u011f\u00e7enur DO\u011eAN<\/p><p><strong>Mezun \u0130zlem Komisyon;\u00a0<\/strong>Ar\u015f. G\u00f6r. Tu\u011f\u00e7enur DO\u011eAN, Ar\u015f. G\u00f6r. Zehra HAZAR<\/p><p><strong>Mezuniyet Komisyonu:\u00a0<\/strong>Ar\u015f. G\u00f6r. Tu\u011f\u00e7enur DO\u011eAN, Ar\u015f. G\u00f6r. Zehra HAZAR<\/p><p><strong>Rehberlik Dan\u0131\u015fmanl\u0131k ve Burs Komisyonu:\u00a0<\/strong>Prof. Dr. Hava \u00d6ZKAN, Ar\u015f. G\u00f6r. Tu\u011f\u00e7enur DO\u011eAN, Ar\u015f. G\u00f6r. Zehra HAZAR<\/p><p><strong>Yatay Ge\u00e7i\u015f ve \u0130ntibak Komisyonu;\u00a0<\/strong>Prof. Dr. Hava \u00d6ZKAN<\/p><p><strong>Staj Uygulama Komisyonu;\u00a0<\/strong>Prof. Dr. Hava \u00d6ZKAN<\/p><p><strong>De\u011fi\u015fim Programlar\u0131 B\u00f6l\u00fcm Koordinat\u00f6rl\u00fc\u011f\u00fc:\u00a0<\/strong>Erasmus: Prof. Dr. Hava \u00d6ZKAN<\/p>\t\t\t\t\t\t\t\t<\/div>\n\t\t\t\t<\/div>\n\t\t\t\t\t<\/div>\n\t\t<\/div>\n\t\t\t\t\t<\/div>\n\t\t<\/section>\n\t\t\t\t<\/div>\n\t\t","protected":false},"excerpt":{"rendered":"<p>\u00c7ocuk Geli\u015fimi B\u00f6l\u00fcm Komisyon ve Koordinat\u00f6rl\u00fck Listesi\u00a0 Akademik Te\u015fvik De\u011ferlendirme Komisyonu:\u00a0Prof. Dr. Hava \u00d6ZKAN B\u00f6l\u00fcm Web Sayfas\u0131 Komisyonu: Ar\u015f. G\u00f6r. Tu\u011f\u00e7enur DO\u011eAN Mezun \u0130zlem Komisyon;\u00a0Ar\u015f. G\u00f6r. Tu\u011f\u00e7enur DO\u011eAN, Ar\u015f. G\u00f6r. Zehra HAZAR Mezuniyet Komisyonu:\u00a0Ar\u015f. G\u00f6r. Tu\u011f\u00e7enur DO\u011eAN, Ar\u015f. G\u00f6r. Zehra HAZAR Rehberlik Dan\u0131\u015fmanl\u0131k ve Burs Komisyonu:\u00a0Prof. Dr. Hava \u00d6ZKAN, Ar\u015f. G\u00f6r. Tu\u011f\u00e7enur DO\u011eAN, Ar\u015f. G\u00f6r. [&hellip;]<\/p>\n","protected":false},"author":459,"featured_media":0,"parent":0,"menu_order":0,"comment_status":"closed","ping_status":"closed","template":"","meta":{"footnotes":""},"class_list":["post-7234","page","type-page","status-publish","hentry"],"_links":{"self":[{"href":"https:\/\/atauni.edu.tr\/cocuk-gelisimi-bolumu\/wp-json\/wp\/v2\/pages\/7234","targetHints":{"allow":["GET"]}}],"collection":[{"href":"https:\/\/atauni.edu.tr\/cocuk-gelisimi-bolumu\/wp-json\/wp\/v2\/pages"}],"about":[{"href":"https:\/\/atauni.edu.tr\/cocuk-gelisimi-bolumu\/wp-json\/wp\/v2\/types\/page"}],"author":[{"embeddable":true,"href":"https:\/\/atauni.edu.tr\/cocuk-gelisimi-bolumu\/wp-json\/wp\/v2\/users\/459"}],"replies":[{"embeddable":true,"href":"https:\/\/atauni.edu.tr\/cocuk-gelisimi-bolumu\/wp-json\/wp\/v2\/comments?post=7234"}],"version-history":[{"count":8,"href":"https:\/\/atauni.edu.tr\/cocuk-gelisimi-bolumu\/wp-json\/wp\/v2\/pages\/7234\/revisions"}],"predecessor-version":[{"id":7304,"href":"https:\/\/atauni.edu.tr\/cocuk-gelisimi-bolumu\/wp-json\/wp\/v2\/pages\/7234\/revisions\/7304"}],"wp:attachment":[{"href":"https:\/\/atauni.edu.tr\/cocuk-gelisimi-bolumu\/wp-json\/wp\/v2\/media?parent=7234"}],"curies":[{"name":"wp","href":"https:\/\/api.w.org\/{rel}","templated":true}]}}