{"id":7434,"date":"2025-06-25T14:50:29","date_gmt":"2025-06-25T11:50:29","guid":{"rendered":"https:\/\/birimler.atauni.edu.tr\/cocuk-gelisimi-bolumu\/?page_id=7434"},"modified":"2025-07-30T13:39:46","modified_gmt":"2025-07-30T10:39:46","slug":"haberler","status":"publish","type":"page","link":"https:\/\/atauni.edu.tr\/cocuk-gelisimi-bolumu\/haberler\/","title":{"rendered":"Haberler"},"content":{"rendered":"<form method=\"get\" class=\"row g-3\" style=\"margin-bottom: 20px;\"><div class=\"col-md-3\"><input type=\"text\" name=\"haber_ara\" class=\"form-control\" placeholder=\"Haber ara...\" value=\"\"><\/div><div class=\"col-md-3\"><input type=\"date\" name=\"baslangic_tarihi\" class=\"form-control\" value=\"\"><\/div><div class=\"col-md-3\"><input type=\"date\" name=\"bitis_tarihi\" class=\"form-control\" value=\"\"><\/div><div class=\"col-md-3\"><button type=\"submit\" class=\"btn btn-secondary w-50\">Filtrele<\/button><\/div><\/form><ul class=\"kategori-yazilari-liste\"><li style=\"display: flex; margin-bottom: 10px; align-items: center;\"><div class=\"post-content\" style=\"flex-grow: 1;\"><span class=\"post-date habertarih\" style=\"display: block; font-weight: bold; margin-bottom: 5px;\">24 May\u0131s 2025<\/span><a class=\"haberbaslik\" href=\"https:\/\/atauni.edu.tr\/cocuk-gelisimi-bolumu\/2025\/05\/24\/dekanimizdan-cocuk-gelisimciler-gunu-mesaji\/\">Dekan\u0131m\u0131zdan \u00c7ocuk Geli\u015fimciler G\u00fcn\u00fc Mesaj\u0131<\/a><\/div><\/li><li style=\"display: flex; margin-bottom: 10px; align-items: center;\"><div class=\"post-content\" style=\"flex-grow: 1;\"><span class=\"post-date habertarih\" style=\"display: block; font-weight: bold; margin-bottom: 5px;\">24 May\u0131s 2025<\/span><a class=\"haberbaslik\" href=\"https:\/\/atauni.edu.tr\/cocuk-gelisimi-bolumu\/2025\/05\/24\/tubitak-projesi\/\">TUB\u0130TAK Projesi<\/a><\/div><\/li><\/ul>\n\n\n\n<p><\/p>\n","protected":false},"excerpt":{"rendered":"","protected":false},"author":8,"featured_media":0,"parent":0,"menu_order":0,"comment_status":"closed","ping_status":"closed","template":"","meta":{"footnotes":""},"class_list":["post-7434","page","type-page","status-publish","hentry"],"_links":{"self":[{"href":"https:\/\/atauni.edu.tr\/cocuk-gelisimi-bolumu\/wp-json\/wp\/v2\/pages\/7434","targetHints":{"allow":["GET"]}}],"collection":[{"href":"https:\/\/atauni.edu.tr\/cocuk-gelisimi-bolumu\/wp-json\/wp\/v2\/pages"}],"about":[{"href":"https:\/\/atauni.edu.tr\/cocuk-gelisimi-bolumu\/wp-json\/wp\/v2\/types\/page"}],"author":[{"embeddable":true,"href":"https:\/\/atauni.edu.tr\/cocuk-gelisimi-bolumu\/wp-json\/wp\/v2\/users\/8"}],"replies":[{"embeddable":true,"href":"https:\/\/atauni.edu.tr\/cocuk-gelisimi-bolumu\/wp-json\/wp\/v2\/comments?post=7434"}],"version-history":[{"count":2,"href":"https:\/\/atauni.edu.tr\/cocuk-gelisimi-bolumu\/wp-json\/wp\/v2\/pages\/7434\/revisions"}],"predecessor-version":[{"id":7445,"href":"https:\/\/atauni.edu.tr\/cocuk-gelisimi-bolumu\/wp-json\/wp\/v2\/pages\/7434\/revisions\/7445"}],"wp:attachment":[{"href":"https:\/\/atauni.edu.tr\/cocuk-gelisimi-bolumu\/wp-json\/wp\/v2\/media?parent=7434"}],"curies":[{"name":"wp","href":"https:\/\/api.w.org\/{rel}","templated":true}]}}