{"id":5638,"date":"2021-07-13T09:49:25","date_gmt":"2021-07-13T06:49:25","guid":{"rendered":"https:\/\/portaltest.atauni.edu.tr\/bilgisayar-muhendisligi\/?page_id=5638"},"modified":"2021-09-13T10:21:35","modified_gmt":"2021-09-13T07:21:35","slug":"tarihce","status":"publish","type":"page","link":"https:\/\/atauni.edu.tr\/cocuk-gelisimi-programi-5\/tarihce\/","title":{"rendered":"Tarih\u00e7e"},"content":{"rendered":"\t\t<div data-elementor-type=\"wp-page\" data-elementor-id=\"5638\" class=\"elementor elementor-5638\" data-elementor-post-type=\"page\">\n\t\t\t\t\t\t<section class=\"elementor-section elementor-top-section elementor-element elementor-element-730d320 elementor-section-boxed elementor-section-height-default elementor-section-height-default\" data-id=\"730d320\" data-element_type=\"section\">\n\t\t\t\t\t\t<div class=\"elementor-container elementor-column-gap-default\">\n\t\t\t\t\t<div class=\"elementor-column elementor-col-100 elementor-top-column elementor-element elementor-element-753d0860\" data-id=\"753d0860\" data-element_type=\"column\">\n\t\t\t<div class=\"elementor-widget-wrap\">\n\t\t\t\t\t\t\t<\/div>\n\t\t<\/div>\n\t\t\t\t\t<\/div>\n\t\t<\/section>\n\t\t\t\t<section class=\"elementor-section elementor-top-section elementor-element elementor-element-9be811a elementor-section-boxed elementor-section-height-default elementor-section-height-default\" data-id=\"9be811a\" data-element_type=\"section\">\n\t\t\t\t\t\t<div class=\"elementor-container elementor-column-gap-default\">\n\t\t\t\t\t<div class=\"elementor-column elementor-col-100 elementor-top-column elementor-element elementor-element-1ed847b7\" data-id=\"1ed847b7\" data-element_type=\"column\">\n\t\t\t<div class=\"elementor-widget-wrap elementor-element-populated\">\n\t\t\t\t\t\t<div class=\"elementor-element elementor-element-4ce0d07f elementor-widget elementor-widget-heading\" data-id=\"4ce0d07f\" data-element_type=\"widget\" data-widget_type=\"heading.default\">\n\t\t\t\t<div class=\"elementor-widget-container\">\n\t\t\t\t\t<h2 class=\"elementor-heading-title elementor-size-default\">Tarih\u00e7e<\/h2>\t\t\t\t<\/div>\n\t\t\t\t<\/div>\n\t\t\t\t<div class=\"elementor-element elementor-element-63260862 elementor-widget-divider--view-line elementor-widget elementor-widget-divider\" data-id=\"63260862\" data-element_type=\"widget\" data-widget_type=\"divider.default\">\n\t\t\t\t<div class=\"elementor-widget-container\">\n\t\t\t\t\t\t\t<div class=\"elementor-divider\">\n\t\t\t<span class=\"elementor-divider-separator\">\n\t\t\t\t\t\t<\/span>\n\t\t<\/div>\n\t\t\t\t\t\t<\/div>\n\t\t\t\t<\/div>\n\t\t\t\t\t<\/div>\n\t\t<\/div>\n\t\t\t\t\t<\/div>\n\t\t<\/section>\n\t\t\t\t<section class=\"elementor-section elementor-top-section elementor-element elementor-element-681db8b elementor-section-boxed elementor-section-height-default elementor-section-height-default\" data-id=\"681db8b\" data-element_type=\"section\">\n\t\t\t\t\t\t<div class=\"elementor-container elementor-column-gap-default\">\n\t\t\t\t\t<div class=\"elementor-column elementor-col-100 elementor-top-column elementor-element elementor-element-ad4dac5\" data-id=\"ad4dac5\" data-element_type=\"column\">\n\t\t\t<div class=\"elementor-widget-wrap elementor-element-populated\">\n\t\t\t\t\t\t<div class=\"elementor-element elementor-element-2f96b3d elementor-widget elementor-widget-text-editor\" data-id=\"2f96b3d\" data-element_type=\"widget\" data-widget_type=\"text-editor.default\">\n\t\t\t\t<div class=\"elementor-widget-container\">\n\t\t\t\t\t\t\t\t\t<p>Atat\u00fcrk \u00dcniversitesi \u00c7ocuk Geli\u015fimi Program\u0131, \u00e7ocuklar\u0131n fiziksel, bili\u015fsel, dil ve sosyal geli\u015fimlerini desteklemek amac\u0131yla kurulmu\u015ftur. Program, \u00e7ocuklar\u0131n sa\u011fl\u0131kl\u0131 bir \u015fekilde b\u00fcy\u00fcmesi ve geli\u015fmesi i\u00e7in gerekli ortam\u0131 sa\u011flamak amac\u0131n\u0131 ta\u015f\u0131r.<\/p>\n<p>Program\u0131n tarih\u00e7esi, \u00e7ocuklar\u0131n geli\u015fim s\u00fcre\u00e7lerinin anla\u015f\u0131lmas\u0131 ve desteklenmesine y\u00f6nelik \u00e7al\u0131\u015fmalar\u0131n ba\u015flad\u0131\u011f\u0131 d\u00f6nemlere dayanmaktad\u0131r. \u00c7ocuk geli\u015fimi alan\u0131nda yap\u0131lan ara\u015ft\u0131rmalar ve \u00e7al\u0131\u015fmalar neticesinde, \u00e7ocuklar\u0131n ilk y\u0131llar\u0131n\u0131n gelece\u011fi a\u00e7\u0131s\u0131ndan kritik importance ta\u015f\u0131d\u0131\u011f\u0131 anla\u015f\u0131lm\u0131\u015ft\u0131r.<\/p>\n<p>Bu do\u011frultuda, Atat\u00fcrk \u00dcniversitesi \u00c7ocuk Geli\u015fimi Program\u0131, \u00e7ocuklar\u0131n geli\u015fim s\u00fcre\u00e7lerini desteklemek amac\u0131yla \u00e7e\u015fitli faaliyetler ger\u00e7ekle\u015ftirmektedir. Program kapsam\u0131nda, \u00e7ocuklar\u0131n fiziksel, bili\u015fsel ve sosyal geli\u015fimlerini te\u015fvik eden etkinlikler d\u00fczenlenmektedir.<\/p>\n<p>Ayr\u0131ca, program \u00e7er\u00e7evesinde, \u00e7ocuklar\u0131n aileleri ve e\u011fitimcileriyle i\u015fbirli\u011fi i\u00e7erisinde \u00e7al\u0131\u015f\u0131lmaktad\u0131r. Bu sayede, \u00e7ocuklar\u0131n geli\u015fim s\u00fcre\u00e7lerinin desteklenmesi ve sa\u011fl\u0131kl\u0131 bir \u015fekilde b\u00fcy\u00fcmesi sa\u011flanmaktad\u0131r.<\/p>\n<p>Atat\u00fcrk \u00dcniversitesi \u00c7ocuk Geli\u015fimi Program\u0131, \u00e7ocuklar\u0131n geli\u015fimlerini desteklemek amac\u0131yla var olan bir olu\u015fumdur. Program, \u00e7ocuklar\u0131n gelece\u011finin \u015fekillenmesinde \u00f6nemli bir rol oynamaktad\u0131r.<\/p>\t\t\t\t\t\t\t\t<\/div>\n\t\t\t\t<\/div>\n\t\t\t\t\t<\/div>\n\t\t<\/div>\n\t\t\t\t\t<\/div>\n\t\t<\/section>\n\t\t\t\t<\/div>\n\t\t","protected":false},"excerpt":{"rendered":"<p>Tarih\u00e7e Lorem Ipsum Nedir? Lorem Ipsum, dizgi ve bask\u0131 end\u00fcstrisinde kullan\u0131lan m\u0131g\u0131r metinlerdir. Lorem Ipsum, ad\u0131 bilinmeyen bir matbaac\u0131n\u0131n bir hurufat numune kitab\u0131 olu\u015fturmak \u00fczere bir yaz\u0131 galerisini alarak kar\u0131\u015ft\u0131rd\u0131\u011f\u0131 1500&#8217;lerden beri end\u00fcstri standard\u0131 sahte metinler olarak kullan\u0131lm\u0131\u015ft\u0131r. Be\u015fy\u00fcz y\u0131l boyunca varl\u0131\u011f\u0131n\u0131 s\u00fcrd\u00fcrmekle kalmam\u0131\u015f, ayn\u0131 zamanda pek de\u011fi\u015fmeden elektronik dizgiye de s\u0131\u00e7ram\u0131\u015ft\u0131r. 1960&#8217;larda Lorem Ipsum [&hellip;]<\/p>\n","protected":false},"author":1,"featured_media":0,"parent":0,"menu_order":0,"comment_status":"closed","ping_status":"closed","template":"","meta":{"footnotes":""},"class_list":["post-5638","page","type-page","status-publish","hentry"],"_links":{"self":[{"href":"https:\/\/atauni.edu.tr\/cocuk-gelisimi-programi-5\/wp-json\/wp\/v2\/pages\/5638","targetHints":{"allow":["GET"]}}],"collection":[{"href":"https:\/\/atauni.edu.tr\/cocuk-gelisimi-programi-5\/wp-json\/wp\/v2\/pages"}],"about":[{"href":"https:\/\/atauni.edu.tr\/cocuk-gelisimi-programi-5\/wp-json\/wp\/v2\/types\/page"}],"author":[{"embeddable":true,"href":"https:\/\/atauni.edu.tr\/cocuk-gelisimi-programi-5\/wp-json\/wp\/v2\/users\/1"}],"replies":[{"embeddable":true,"href":"https:\/\/atauni.edu.tr\/cocuk-gelisimi-programi-5\/wp-json\/wp\/v2\/comments?post=5638"}],"version-history":[{"count":22,"href":"https:\/\/atauni.edu.tr\/cocuk-gelisimi-programi-5\/wp-json\/wp\/v2\/pages\/5638\/revisions"}],"predecessor-version":[{"id":6117,"href":"https:\/\/atauni.edu.tr\/cocuk-gelisimi-programi-5\/wp-json\/wp\/v2\/pages\/5638\/revisions\/6117"}],"wp:attachment":[{"href":"https:\/\/atauni.edu.tr\/cocuk-gelisimi-programi-5\/wp-json\/wp\/v2\/media?parent=5638"}],"curies":[{"name":"wp","href":"https:\/\/api.w.org\/{rel}","templated":true}]}}