{"id":5728,"date":"2021-07-13T11:33:38","date_gmt":"2021-07-13T08:33:38","guid":{"rendered":"https:\/\/portaltest.atauni.edu.tr\/bilgisayar-muhendisligi\/?page_id=5728"},"modified":"2021-09-27T09:58:19","modified_gmt":"2021-09-27T06:58:19","slug":"anabilim-dali-tanitimi","status":"publish","type":"page","link":"https:\/\/atauni.edu.tr\/cocuk-gelisimi-programi-5\/anabilim-dali-tanitimi\/","title":{"rendered":"Anabilim Dal\u0131 Tan\u0131t\u0131m\u0131"},"content":{"rendered":"\t\t<div data-elementor-type=\"wp-page\" data-elementor-id=\"5728\" class=\"elementor elementor-5728\" data-elementor-post-type=\"page\">\n\t\t\t\t\t\t<section class=\"elementor-section elementor-top-section elementor-element elementor-element-730d320 elementor-section-boxed elementor-section-height-default elementor-section-height-default\" data-id=\"730d320\" data-element_type=\"section\">\n\t\t\t\t\t\t<div class=\"elementor-container elementor-column-gap-default\">\n\t\t\t\t\t<div class=\"elementor-column elementor-col-100 elementor-top-column elementor-element elementor-element-753d0860\" data-id=\"753d0860\" data-element_type=\"column\">\n\t\t\t<div class=\"elementor-widget-wrap\">\n\t\t\t\t\t\t\t<\/div>\n\t\t<\/div>\n\t\t\t\t\t<\/div>\n\t\t<\/section>\n\t\t\t\t<section class=\"elementor-section elementor-top-section elementor-element elementor-element-9be811a elementor-section-boxed elementor-section-height-default elementor-section-height-default\" data-id=\"9be811a\" data-element_type=\"section\">\n\t\t\t\t\t\t<div class=\"elementor-container elementor-column-gap-default\">\n\t\t\t\t\t<div class=\"elementor-column elementor-col-100 elementor-top-column elementor-element elementor-element-1ed847b7\" data-id=\"1ed847b7\" data-element_type=\"column\">\n\t\t\t<div class=\"elementor-widget-wrap elementor-element-populated\">\n\t\t\t\t\t\t<div class=\"elementor-element elementor-element-4ce0d07f elementor-widget elementor-widget-heading\" data-id=\"4ce0d07f\" data-element_type=\"widget\" data-widget_type=\"heading.default\">\n\t\t\t\t<div class=\"elementor-widget-container\">\n\t\t\t\t\t<h2 class=\"elementor-heading-title elementor-size-default\">B\u00f6l\u00fcm Tan\u0131t\u0131m\u0131<\/h2>\t\t\t\t<\/div>\n\t\t\t\t<\/div>\n\t\t\t\t<div class=\"elementor-element elementor-element-63260862 elementor-widget-divider--view-line elementor-widget elementor-widget-divider\" data-id=\"63260862\" data-element_type=\"widget\" data-widget_type=\"divider.default\">\n\t\t\t\t<div class=\"elementor-widget-container\">\n\t\t\t\t\t\t\t<div class=\"elementor-divider\">\n\t\t\t<span class=\"elementor-divider-separator\">\n\t\t\t\t\t\t<\/span>\n\t\t<\/div>\n\t\t\t\t\t\t<\/div>\n\t\t\t\t<\/div>\n\t\t\t\t\t<\/div>\n\t\t<\/div>\n\t\t\t\t\t<\/div>\n\t\t<\/section>\n\t\t\t\t<section class=\"elementor-section elementor-top-section elementor-element elementor-element-681db8b elementor-section-boxed elementor-section-height-default elementor-section-height-default\" data-id=\"681db8b\" data-element_type=\"section\">\n\t\t\t\t\t\t<div class=\"elementor-container elementor-column-gap-default\">\n\t\t\t\t\t<div class=\"elementor-column elementor-col-100 elementor-top-column elementor-element elementor-element-ad4dac5\" data-id=\"ad4dac5\" data-element_type=\"column\">\n\t\t\t<div class=\"elementor-widget-wrap elementor-element-populated\">\n\t\t\t\t\t\t<div class=\"elementor-element elementor-element-2f96b3d elementor-widget elementor-widget-text-editor\" data-id=\"2f96b3d\" data-element_type=\"widget\" data-widget_type=\"text-editor.default\">\n\t\t\t\t<div class=\"elementor-widget-container\">\n\t\t\t\t\t\t\t\t\t<p>Anabilim Dal\u0131 Tan\u0131t\u0131m\u0131<\/p>\n<p>\u00c7ocuk geli\u015fimi program\u0131, \u00e7ocuklar\u0131n fiziksel, bili\u015fsel, duygusal ve sosyal geli\u015fim s\u00fcre\u00e7lerini kapsaml\u0131 bir \u015fekilde inceleyen bir aland\u0131r. Bu program, \u00e7ocuklar\u0131n do\u011fumundan itibaren yeti\u015fkinli\u011fe kadar ge\u00e7en s\u00fcrede g\u00f6sterdi\u011fi geli\u015fim a\u015famalar\u0131n\u0131 ve bu s\u00fcrece etki eden \u00e7e\u015fitli fakt\u00f6rleri derinlemesine ele al\u0131r.<\/p>\n<p>Program\u0131n temel amac\u0131, \u00e7ocuklar\u0131n sa\u011fl\u0131kl\u0131 bir \u015fekilde geli\u015fimini desteklemek ve onlara iyi bir gelecek sa\u011flamakt\u0131r. \u00c7ocuk geli\u015fimi uzmanlar\u0131, ailelere ve e\u011fitimcilere \u00e7ocuklar\u0131n geli\u015fim \u00f6zellikleri hakk\u0131nda bilgi vererek, onlar\u0131n gereksinimlerini kar\u015f\u0131lamaya y\u00f6nelik uygun ortam\u0131 haz\u0131rlamalar\u0131na yard\u0131mc\u0131 olurlar.<\/p>\n<p>\u00c7ocuk geli\u015fimi program\u0131n\u0131n kapsam\u0131 geni\u015f olup, \u00e7ocuk psikolojisi, e\u011fitim bilimleri, sosyal hizmetler ve sa\u011fl\u0131k bilimleri gibi disiplinleri i\u00e7ermektedir. Bu nedenle, programdan mezun olanlar \u00e7ok \u00e7e\u015fitli alanlarda \u00e7al\u0131\u015fabilirler. Bunlar aras\u0131nda okul \u00f6ncesi e\u011fitim kurumlar\u0131, \u00f6zel e\u011fitim merkezleri, hastaneler, toplum merkezleri ve aile dan\u0131\u015fmanl\u0131\u011f\u0131 hizmeti veren kurulu\u015flar yer alabilir.<\/p>\n<p>Programa kat\u0131lmak isteyenlerin \u00e7ocuklar\u0131n geli\u015fim s\u00fcre\u00e7lerine ilgi duymas\u0131, onlara kar\u015f\u0131 sab\u0131rl\u0131 ve anlay\u0131\u015fl\u0131 olmas\u0131 \u00f6nemlidir. Ayr\u0131ca, \u00e7ocuk geli\u015fimi uzmanlar\u0131n\u0131n s\u00fcrekli olarak kendilerini geli\u015ftirmeye a\u00e7\u0131k olmalar\u0131 ve alan\u0131nda yeni nghi\u00eanmeleri takip etmeleri beklenir.<\/p>\n<p>Sonu\u00e7 olarak, \u00e7ocuk geli\u015fimi program\u0131, \u00e7ocuklar\u0131n geli\u015fim s\u00fcre\u00e7lerini desteklemek ve onlara nitelikli bir e\u011fitim sa\u011flamak amac\u0131yla \u00f6nemli bir role sahiptir. Programdan mezun olanlar, \u00e7ocuklar\u0131n gelece\u011fini \u015fekillendiren \u00f6nemli bir g\u00f6revi \u00fcstlenmektedirler.<\/p>\t\t\t\t\t\t\t\t<\/div>\n\t\t\t\t<\/div>\n\t\t\t\t\t<\/div>\n\t\t<\/div>\n\t\t\t\t\t<\/div>\n\t\t<\/section>\n\t\t\t\t<\/div>\n\t\t","protected":false},"excerpt":{"rendered":"<p>B\u00f6l\u00fcm Tan\u0131t\u0131m\u0131 Lorem Ipsum Nedir? Lorem Ipsum, dizgi ve bask\u0131 end\u00fcstrisinde kullan\u0131lan m\u0131g\u0131r metinlerdir. Lorem Ipsum, ad\u0131 bilinmeyen bir matbaac\u0131n\u0131n bir hurufat numune kitab\u0131 olu\u015fturmak \u00fczere bir yaz\u0131 galerisini alarak kar\u0131\u015ft\u0131rd\u0131\u011f\u0131 1500&#8217;lerden beri end\u00fcstri standard\u0131 sahte metinler olarak kullan\u0131lm\u0131\u015ft\u0131r. Be\u015fy\u00fcz y\u0131l boyunca varl\u0131\u011f\u0131n\u0131 s\u00fcrd\u00fcrmekle kalmam\u0131\u015f, ayn\u0131 zamanda pek de\u011fi\u015fmeden elektronik dizgiye de s\u0131\u00e7ram\u0131\u015ft\u0131r. 1960&#8217;larda Lorem [&hellip;]<\/p>\n","protected":false},"author":1,"featured_media":0,"parent":0,"menu_order":0,"comment_status":"closed","ping_status":"closed","template":"elementor_header_footer","meta":{"footnotes":""},"class_list":["post-5728","page","type-page","status-publish","hentry"],"_links":{"self":[{"href":"https:\/\/atauni.edu.tr\/cocuk-gelisimi-programi-5\/wp-json\/wp\/v2\/pages\/5728","targetHints":{"allow":["GET"]}}],"collection":[{"href":"https:\/\/atauni.edu.tr\/cocuk-gelisimi-programi-5\/wp-json\/wp\/v2\/pages"}],"about":[{"href":"https:\/\/atauni.edu.tr\/cocuk-gelisimi-programi-5\/wp-json\/wp\/v2\/types\/page"}],"author":[{"embeddable":true,"href":"https:\/\/atauni.edu.tr\/cocuk-gelisimi-programi-5\/wp-json\/wp\/v2\/users\/1"}],"replies":[{"embeddable":true,"href":"https:\/\/atauni.edu.tr\/cocuk-gelisimi-programi-5\/wp-json\/wp\/v2\/comments?post=5728"}],"version-history":[{"count":9,"href":"https:\/\/atauni.edu.tr\/cocuk-gelisimi-programi-5\/wp-json\/wp\/v2\/pages\/5728\/revisions"}],"predecessor-version":[{"id":6145,"href":"https:\/\/atauni.edu.tr\/cocuk-gelisimi-programi-5\/wp-json\/wp\/v2\/pages\/5728\/revisions\/6145"}],"wp:attachment":[{"href":"https:\/\/atauni.edu.tr\/cocuk-gelisimi-programi-5\/wp-json\/wp\/v2\/media?parent=5728"}],"curies":[{"name":"wp","href":"https:\/\/api.w.org\/{rel}","templated":true}]}}