{"id":5638,"date":"2021-07-13T09:49:25","date_gmt":"2021-07-13T06:49:25","guid":{"rendered":"https:\/\/portaltest.atauni.edu.tr\/bilgisayar-muhendisligi\/?page_id=5638"},"modified":"2022-01-26T16:51:39","modified_gmt":"2022-01-26T13:51:39","slug":"tarihce","status":"publish","type":"page","link":"https:\/\/atauni.edu.tr\/cocuk-ve-bilim-egitimi-uygulama-ve-arastirma-merkezi\/tarihce\/","title":{"rendered":"Tarih\u00e7e"},"content":{"rendered":"\t\t<div data-elementor-type=\"wp-page\" data-elementor-id=\"5638\" class=\"elementor elementor-5638\" data-elementor-post-type=\"page\">\n\t\t\t\t\t\t<section class=\"elementor-section elementor-top-section elementor-element elementor-element-730d320 elementor-section-boxed elementor-section-height-default elementor-section-height-default\" data-id=\"730d320\" data-element_type=\"section\">\n\t\t\t\t\t\t<div class=\"elementor-container elementor-column-gap-default\">\n\t\t\t\t\t<div class=\"elementor-column elementor-col-100 elementor-top-column elementor-element elementor-element-753d0860\" data-id=\"753d0860\" data-element_type=\"column\">\n\t\t\t<div class=\"elementor-widget-wrap\">\n\t\t\t\t\t\t\t<\/div>\n\t\t<\/div>\n\t\t\t\t\t<\/div>\n\t\t<\/section>\n\t\t\t\t<section class=\"elementor-section elementor-top-section elementor-element elementor-element-9be811a elementor-section-boxed elementor-section-height-default elementor-section-height-default\" data-id=\"9be811a\" data-element_type=\"section\">\n\t\t\t\t\t\t<div class=\"elementor-container elementor-column-gap-default\">\n\t\t\t\t\t<div class=\"elementor-column elementor-col-100 elementor-top-column elementor-element elementor-element-1ed847b7\" data-id=\"1ed847b7\" data-element_type=\"column\">\n\t\t\t<div class=\"elementor-widget-wrap elementor-element-populated\">\n\t\t\t\t\t\t<div class=\"elementor-element elementor-element-4ce0d07f elementor-widget elementor-widget-heading\" data-id=\"4ce0d07f\" data-element_type=\"widget\" data-widget_type=\"heading.default\">\n\t\t\t\t<div class=\"elementor-widget-container\">\n\t\t\t\t\t<h2 class=\"elementor-heading-title elementor-size-default\">Tarih\u00e7e<\/h2>\t\t\t\t<\/div>\n\t\t\t\t<\/div>\n\t\t\t\t<div class=\"elementor-element elementor-element-63260862 elementor-widget-divider--view-line elementor-widget elementor-widget-divider\" data-id=\"63260862\" data-element_type=\"widget\" data-widget_type=\"divider.default\">\n\t\t\t\t<div class=\"elementor-widget-container\">\n\t\t\t\t\t\t\t<div class=\"elementor-divider\">\n\t\t\t<span class=\"elementor-divider-separator\">\n\t\t\t\t\t\t<\/span>\n\t\t<\/div>\n\t\t\t\t\t\t<\/div>\n\t\t\t\t<\/div>\n\t\t\t\t\t<\/div>\n\t\t<\/div>\n\t\t\t\t\t<\/div>\n\t\t<\/section>\n\t\t\t\t<section class=\"elementor-section elementor-top-section elementor-element elementor-element-681db8b elementor-section-boxed elementor-section-height-default elementor-section-height-default\" data-id=\"681db8b\" data-element_type=\"section\">\n\t\t\t\t\t\t<div class=\"elementor-container elementor-column-gap-default\">\n\t\t\t\t\t<div class=\"elementor-column elementor-col-100 elementor-top-column elementor-element elementor-element-ad4dac5\" data-id=\"ad4dac5\" data-element_type=\"column\">\n\t\t\t<div class=\"elementor-widget-wrap elementor-element-populated\">\n\t\t\t\t\t\t<div class=\"elementor-element elementor-element-2f96b3d elementor-widget elementor-widget-text-editor\" data-id=\"2f96b3d\" data-element_type=\"widget\" data-widget_type=\"text-editor.default\">\n\t\t\t\t<div class=\"elementor-widget-container\">\n\t\t\t\t\t\t\t\t\t<div>\n<h2><!--StartFragment--><\/h2>\n<p style=\"line-height: 150%;margin-top: 0pt;margin-bottom: 0pt;margin-left: 0.5in;text-indent: -0.5in;direction: ltr\">\n<\/p><div style=\"line-height: 150%;margin-top: 0pt;margin-bottom: 0pt;margin-left: 0.5in;text-indent: -0.5in;direction: ltr\"><span style=\"font-size: 20.0pt\"><span style=\"color: #d16349;font-family: Wingdings;font-size: 85%\">\u00d8<\/span><\/span><span style=\"font-size: 20.0pt;font-family: Sylfaen;color: black;font-style: italic\">\u00c7ocuk \u00dcniversitelerinin D\u00fcnyadaki geli\u015fimine bak\u0131ld\u0131\u011f\u0131nda yakla\u015f\u0131k 10-15 y\u0131ll\u0131k ge\u00e7mi\u015flerinin oldu\u011fu g\u00f6r\u00fclebilir.<\/span><\/div>\n<div style=\"line-height: 150%;margin-top: 0pt;margin-bottom: 0pt;margin-left: 0.5in;text-indent: -0.5in;direction: ltr\"><span style=\"font-size: 20.0pt\"><span style=\"color: #d16349;font-family: Wingdings;font-size: 85%\">\u00d8<\/span><\/span><span style=\"font-size: 20.0pt;font-family: Sylfaen;color: black;font-style: italic\">T\u00fcrkiye\u2019deki ilk \u00e7ocuk \u00fcniversitesi, 2009\u2032da Ankara \u00dcniversitesi taraf\u0131ndan a\u00e7\u0131ld\u0131 ve Ankara da \u00e7al\u0131\u015fmalar\u0131na ba\u015flad\u0131. <\/span><\/div>\n<div style=\"line-height: 150%;margin-top: 0pt;margin-bottom: 0pt;margin-left: 0.5in;text-indent: -0.5in;direction: ltr\"><span style=\"font-size: 20.0pt\"><span style=\"color: #d16349;font-family: Wingdings;font-size: 85%\">\u00d8<\/span><\/span><span style=\"font-size: 20.0pt;font-family: Sylfaen;color: black;font-style: italic\">Ankara \u00dcniversitesi taraf\u0131ndan a\u00e7\u0131lan \u00c7ocuk \u00dcniversitesi\u2019ni \u0130stanbul, Trakya, Anadolu ve \u0130n\u00f6n\u00fc \u00c7ocuk \u00dcniversiteleri takip etti. <\/span><\/div>\n<div style=\"line-height: 150%;margin-top: 0pt;margin-bottom: 0pt;margin-left: 0.5in;text-indent: -0.5in;direction: ltr\"><span style=\"font-size: 20.0pt\"><span style=\"color: #d16349;font-family: Wingdings;font-size: 85%\">\u00d8<\/span><\/span><span style=\"font-size: 20.0pt;font-family: Sylfaen;color: black;font-style: italic\">\u015eu anda ba\u015fta bir \u00e7ok \u00fcniversite de \u00c7ocuk \u00dcniversitesi kurma \u00e7al\u0131\u015fmalar\u0131n\u0131 s\u00fcrd\u00fcrmektedir.&nbsp;<\/span><\/div>\n<h2><!--EndFragment--><\/h2>\n<\/div>\n<div>&nbsp;<\/div>\t\t\t\t\t\t\t\t<\/div>\n\t\t\t\t<\/div>\n\t\t\t\t\t<\/div>\n\t\t<\/div>\n\t\t\t\t\t<\/div>\n\t\t<\/section>\n\t\t\t\t<\/div>\n\t\t","protected":false},"excerpt":{"rendered":"<p>Tarih\u00e7e \u00d8\u00c7ocuk \u00dcniversitelerinin D\u00fcnyadaki geli\u015fimine bak\u0131ld\u0131\u011f\u0131nda yakla\u015f\u0131k 10-15 y\u0131ll\u0131k ge\u00e7mi\u015flerinin oldu\u011fu g\u00f6r\u00fclebilir. \u00d8T\u00fcrkiye\u2019deki ilk \u00e7ocuk \u00fcniversitesi, 2009\u2032da Ankara \u00dcniversitesi taraf\u0131ndan a\u00e7\u0131ld\u0131 ve Ankara da \u00e7al\u0131\u015fmalar\u0131na ba\u015flad\u0131. \u00d8Ankara \u00dcniversitesi taraf\u0131ndan a\u00e7\u0131lan \u00c7ocuk \u00dcniversitesi\u2019ni \u0130stanbul, Trakya, Anadolu ve \u0130n\u00f6n\u00fc \u00c7ocuk \u00dcniversiteleri takip etti. \u00d8\u015eu anda ba\u015fta bir \u00e7ok \u00fcniversite de \u00c7ocuk \u00dcniversitesi kurma \u00e7al\u0131\u015fmalar\u0131n\u0131 s\u00fcrd\u00fcrmektedir.&nbsp; &nbsp;<\/p>\n","protected":false},"author":1,"featured_media":0,"parent":0,"menu_order":0,"comment_status":"closed","ping_status":"closed","template":"","meta":{"footnotes":""},"class_list":["post-5638","page","type-page","status-publish","hentry"],"_links":{"self":[{"href":"https:\/\/atauni.edu.tr\/cocuk-ve-bilim-egitimi-uygulama-ve-arastirma-merkezi\/wp-json\/wp\/v2\/pages\/5638","targetHints":{"allow":["GET"]}}],"collection":[{"href":"https:\/\/atauni.edu.tr\/cocuk-ve-bilim-egitimi-uygulama-ve-arastirma-merkezi\/wp-json\/wp\/v2\/pages"}],"about":[{"href":"https:\/\/atauni.edu.tr\/cocuk-ve-bilim-egitimi-uygulama-ve-arastirma-merkezi\/wp-json\/wp\/v2\/types\/page"}],"author":[{"embeddable":true,"href":"https:\/\/atauni.edu.tr\/cocuk-ve-bilim-egitimi-uygulama-ve-arastirma-merkezi\/wp-json\/wp\/v2\/users\/1"}],"replies":[{"embeddable":true,"href":"https:\/\/atauni.edu.tr\/cocuk-ve-bilim-egitimi-uygulama-ve-arastirma-merkezi\/wp-json\/wp\/v2\/comments?post=5638"}],"version-history":[{"count":25,"href":"https:\/\/atauni.edu.tr\/cocuk-ve-bilim-egitimi-uygulama-ve-arastirma-merkezi\/wp-json\/wp\/v2\/pages\/5638\/revisions"}],"predecessor-version":[{"id":6261,"href":"https:\/\/atauni.edu.tr\/cocuk-ve-bilim-egitimi-uygulama-ve-arastirma-merkezi\/wp-json\/wp\/v2\/pages\/5638\/revisions\/6261"}],"wp:attachment":[{"href":"https:\/\/atauni.edu.tr\/cocuk-ve-bilim-egitimi-uygulama-ve-arastirma-merkezi\/wp-json\/wp\/v2\/media?parent=5638"}],"curies":[{"name":"wp","href":"https:\/\/api.w.org\/{rel}","templated":true}]}}