{"id":5682,"date":"2021-07-13T10:10:01","date_gmt":"2021-07-13T07:10:01","guid":{"rendered":"https:\/\/portaltest.atauni.edu.tr\/bilgisayar-muhendisligi\/?page_id=5682"},"modified":"2022-01-26T15:52:45","modified_gmt":"2022-01-26T12:52:45","slug":"misyon-vizyon-ve-temel-degerler","status":"publish","type":"page","link":"https:\/\/atauni.edu.tr\/cocuk-ve-bilim-egitimi-uygulama-ve-arastirma-merkezi\/misyon-vizyon-ve-temel-degerler\/","title":{"rendered":"Misyon, Vizyon ve Temel De\u011ferler"},"content":{"rendered":"\t\t<div data-elementor-type=\"wp-page\" data-elementor-id=\"5682\" class=\"elementor elementor-5682\" data-elementor-post-type=\"page\">\n\t\t\t\t\t\t<section class=\"elementor-section elementor-top-section elementor-element elementor-element-730d320 elementor-section-boxed elementor-section-height-default elementor-section-height-default\" data-id=\"730d320\" data-element_type=\"section\">\n\t\t\t\t\t\t<div class=\"elementor-container elementor-column-gap-default\">\n\t\t\t\t\t<div class=\"elementor-column elementor-col-100 elementor-top-column elementor-element elementor-element-753d0860\" data-id=\"753d0860\" data-element_type=\"column\">\n\t\t\t<div class=\"elementor-widget-wrap\">\n\t\t\t\t\t\t\t<\/div>\n\t\t<\/div>\n\t\t\t\t\t<\/div>\n\t\t<\/section>\n\t\t\t\t<section class=\"elementor-section elementor-top-section elementor-element elementor-element-9be811a elementor-section-boxed elementor-section-height-default elementor-section-height-default\" data-id=\"9be811a\" data-element_type=\"section\">\n\t\t\t\t\t\t<div class=\"elementor-container elementor-column-gap-default\">\n\t\t\t\t\t<div class=\"elementor-column elementor-col-100 elementor-top-column elementor-element elementor-element-1ed847b7\" data-id=\"1ed847b7\" data-element_type=\"column\">\n\t\t\t<div class=\"elementor-widget-wrap elementor-element-populated\">\n\t\t\t\t\t\t<div class=\"elementor-element elementor-element-4ce0d07f elementor-widget elementor-widget-heading\" data-id=\"4ce0d07f\" data-element_type=\"widget\" data-widget_type=\"heading.default\">\n\t\t\t\t<div class=\"elementor-widget-container\">\n\t\t\t\t\t<h2 class=\"elementor-heading-title elementor-size-default\">Misyon, Vizyon ve Temel De\u011ferler<\/h2>\t\t\t\t<\/div>\n\t\t\t\t<\/div>\n\t\t\t\t<div class=\"elementor-element elementor-element-63260862 elementor-widget-divider--view-line elementor-widget elementor-widget-divider\" data-id=\"63260862\" data-element_type=\"widget\" data-widget_type=\"divider.default\">\n\t\t\t\t<div class=\"elementor-widget-container\">\n\t\t\t\t\t\t\t<div class=\"elementor-divider\">\n\t\t\t<span class=\"elementor-divider-separator\">\n\t\t\t\t\t\t<\/span>\n\t\t<\/div>\n\t\t\t\t\t\t<\/div>\n\t\t\t\t<\/div>\n\t\t\t\t\t<\/div>\n\t\t<\/div>\n\t\t\t\t\t<\/div>\n\t\t<\/section>\n\t\t\t\t<section class=\"elementor-section elementor-top-section elementor-element elementor-element-681db8b elementor-section-boxed elementor-section-height-default elementor-section-height-default\" data-id=\"681db8b\" data-element_type=\"section\">\n\t\t\t\t\t\t<div class=\"elementor-container elementor-column-gap-default\">\n\t\t\t\t\t<div class=\"elementor-column elementor-col-100 elementor-top-column elementor-element elementor-element-ad4dac5\" data-id=\"ad4dac5\" data-element_type=\"column\">\n\t\t\t<div class=\"elementor-widget-wrap elementor-element-populated\">\n\t\t\t\t\t\t<div class=\"elementor-element elementor-element-2f96b3d elementor-widget elementor-widget-text-editor\" data-id=\"2f96b3d\" data-element_type=\"widget\" data-widget_type=\"text-editor.default\">\n\t\t\t\t<div class=\"elementor-widget-container\">\n\t\t\t\t\t\t\t\t\t<div>\n<h3 style=\"margin-bottom: 30px;line-height: 30px;color: #808080;font-family: Ubuntu;font-size: 25px;text-align: start\">\n<p style=\"margin-bottom: 25px;line-height: 24px;font-size: 15px;font-weight: 400\"><strong style=\"font-weight: bold\">Misyon<\/strong><\/p>\n<p style=\"margin-bottom: 25px;line-height: 24px;font-size: 15px;font-weight: 400\">\u00c7ocuk ve bilim e\u011fitimi konusunda ara\u015ft\u0131rma ve uygulama \u00e7al\u0131\u015fmalar\u0131n\u0131, hayat boyu \u00f6\u011frenme ve rehberlik ilkesi \u0131\u015f\u0131\u011f\u0131nda s\u00fcrd\u00fcrmek, al\u0131nan kararlarda ve uygulamalarda s\u00fcreklilik ve t\u00fcm \u00f6\u011frenciler i\u00e7in f\u0131rsat e\u015fitli\u011fi sa\u011flamakt\u0131r<\/p>\n<p style=\"margin-bottom: 25px;line-height: 24px;font-size: 15px;font-weight: 400\"><strong style=\"font-weight: bold\">Vizyon&nbsp;<\/strong><\/p><p style=\"margin-bottom: 25px;line-height: 24px;font-size: 15px;font-weight: 400\"><strong style=\"font-weight: bold\">&nbsp;<\/strong>\u00dcniversitemizin \u00e7ocuk ve bilim e\u011fitimi konusunda lider \u00fcniversitelerden biri haline gelmesi ve bu do\u011frultuda \u00e7ocuk e\u011fitimi konusunda yeni bir e\u011fitim felsefesi olu\u015fturmak, toplumda yeni bir anlay\u0131\u015f geli\u015ftirmektir.<\/p>\n<p style=\"margin-bottom: 25px;line-height: 24px;font-size: 15px;font-weight: 400\">\n<\/p><p style=\"margin-bottom: 25px;line-height: 24px;font-size: 15px\">Temel De\u011ferlerimiz<\/p>\n<p style=\"margin-bottom: 25px;line-height: 24px;font-size: 15px;font-weight: 400\">\u00dcniversitemizin \u00e7ocuk e\u011fitimi konusunda lider \u00fcniversitelerden biri haline gelmesi ve bu do\u011frultuda \u00e7ocuk e\u011fitimi konusunda yeni bir e\u011fitim felsefesi olu\u015fturmak, toplumda yeni bir anlay\u0131\u015f geli\u015ftirmektir.<\/p>\n<p style=\"margin-bottom: 25px;line-height: 24px;font-size: 15px;font-weight: 400\">\u00c7ocuk e\u011fitimi konusunda ara\u015ft\u0131rma ve uygulama \u00e7al\u0131\u015fmalar\u0131n\u0131, hayat boyu \u00f6\u011frenme ve rehberlik ilkesi \u0131\u015f\u0131\u011f\u0131nda s\u00fcrd\u00fcrmek, al\u0131nan kararlarda ve uygulamalarda s\u00fcreklilik ve t\u00fcm \u00f6\u011frenciler i\u00e7in f\u0131rsat e\u015fitli\u011fi sa\u011flamakt\u0131r.<\/p>\n<p style=\"margin-bottom: 25px;line-height: 24px;font-size: 15px;font-weight: 400\">\u00c7ocuk \u00dcniversitesi ba\u011flam\u0131nda bak\u0131ld\u0131\u011f\u0131nda, baz\u0131 \u00fcniversitelerde yar\u0131y\u0131l tatillerinde ve genellikle yaz aylar\u0131nda e\u011fitim verildi\u011fi g\u00f6r\u00fclmektedir. Baz\u0131 \u00dcniversiteler ise bu e\u011fitimleri b\u00fct\u00fcn y\u0131l periyodik zaman dilimleri \u015feklinde planlayarak s\u00fcrd\u00fcrmektedir. Belli ya\u015f aral\u0131klar\u0131 dikkate al\u0131narak, isteyenler bu e\u011fitimlere kat\u0131labildi\u011fi gibi \u00f6zellikle \u00fcst\u00fcn zek\u00e2l\u0131lara y\u00f6nelik \u00f6zel programlar \u00f6n plana \u00e7\u0131kmaktad\u0131r. Y\u00fcr\u00fct\u00fclen programlar genellikle \u00fccretli olmakla birlikte, \u00fccretli e\u011fitim veren \u00dcniversiteler bazen burs imk\u00e2n\u0131 da sa\u011flamaktad\u0131r. &nbsp;Baz\u0131 \u00fcniversiteler ise dezavantajl\u0131 gruplara y\u00f6nelik \u00e7al\u0131\u015fmalar\u0131n\u0131 \u00fccretsiz y\u00fcr\u00fctmektedir.<\/p>\n<p style=\"margin-bottom: 25px;line-height: 24px;font-size: 15px;font-weight: 400\">\u00c7ocuk \u00dcniversitelerinde \u00f6\u011frenciler bilim, k\u00fclt\u00fcr, sanat, spor gibi \u00e7e\u015fitli alanlarda, \u00fcniversite \u00f6\u011fretim elemanlar\u0131ndan e\u011fitim almaktad\u0131rlar. &nbsp;Etkinlikler, \u015fenlikler, festivaller, deneyler, tasar\u0131m faaliyetleri, bilimsel g\u00f6steriler, sportif \u00e7al\u0131\u015fmalar, g\u00f6zlemler, uygulamalar \u00dcniversite ortam\u0131ndaki \u00f6\u011fretim ortamlar\u0131nda ger\u00e7ekle\u015ftirilmektedir. &nbsp;\u00c7ocuklar\u0131n bili\u015fsel, duyu\u015fsal ve psikomotor \u00f6\u011frenme alanlar\u0131 dikkate al\u0131narak, \u00fcst d\u00fczey d\u00fc\u015f\u00fcnme becerileri ile \u00e7oklu yetenek ve zek\u00e2 alanlar\u0131na y\u00f6nelik olarak temel ya\u015fam becerilerini kazanmaktad\u0131rlar.\u00c7ocuk \u00dcniversitelerinde d\u00fczenlenen programlar\u0131n t\u00fcm e\u011fitim i\u00e7erikleri \u00e7ocuklar\u0131n anlayabilece\u011fi, ger\u00e7ekle\u015ftirilebilece\u011fi ve sonu\u00e7land\u0131r\u0131labilece\u011fi \u015fekilde haz\u0131rlanmaktad\u0131r.<\/p>\n<\/h3>\n<\/div>\n<div>\n<h2>\n<\/h2>\n<\/div>\t\t\t\t\t\t\t\t<\/div>\n\t\t\t\t<\/div>\n\t\t\t\t\t<\/div>\n\t\t<\/div>\n\t\t\t\t\t<\/div>\n\t\t<\/section>\n\t\t\t\t<\/div>\n\t\t","protected":false},"excerpt":{"rendered":"<p>Misyon, Vizyon ve Temel De\u011ferler Misyon \u00c7ocuk ve bilim e\u011fitimi konusunda ara\u015ft\u0131rma ve uygulama \u00e7al\u0131\u015fmalar\u0131n\u0131, hayat boyu \u00f6\u011frenme ve rehberlik ilkesi \u0131\u015f\u0131\u011f\u0131nda s\u00fcrd\u00fcrmek, al\u0131nan kararlarda ve uygulamalarda s\u00fcreklilik ve t\u00fcm \u00f6\u011frenciler i\u00e7in f\u0131rsat e\u015fitli\u011fi sa\u011flamakt\u0131r Vizyon&nbsp; &nbsp;\u00dcniversitemizin \u00e7ocuk ve bilim e\u011fitimi konusunda lider \u00fcniversitelerden biri haline gelmesi ve bu do\u011frultuda \u00e7ocuk e\u011fitimi konusunda yeni bir [&hellip;]<\/p>\n","protected":false},"author":1,"featured_media":0,"parent":0,"menu_order":0,"comment_status":"closed","ping_status":"closed","template":"elementor_header_footer","meta":{"footnotes":""},"class_list":["post-5682","page","type-page","status-publish","hentry"],"_links":{"self":[{"href":"https:\/\/atauni.edu.tr\/cocuk-ve-bilim-egitimi-uygulama-ve-arastirma-merkezi\/wp-json\/wp\/v2\/pages\/5682","targetHints":{"allow":["GET"]}}],"collection":[{"href":"https:\/\/atauni.edu.tr\/cocuk-ve-bilim-egitimi-uygulama-ve-arastirma-merkezi\/wp-json\/wp\/v2\/pages"}],"about":[{"href":"https:\/\/atauni.edu.tr\/cocuk-ve-bilim-egitimi-uygulama-ve-arastirma-merkezi\/wp-json\/wp\/v2\/types\/page"}],"author":[{"embeddable":true,"href":"https:\/\/atauni.edu.tr\/cocuk-ve-bilim-egitimi-uygulama-ve-arastirma-merkezi\/wp-json\/wp\/v2\/users\/1"}],"replies":[{"embeddable":true,"href":"https:\/\/atauni.edu.tr\/cocuk-ve-bilim-egitimi-uygulama-ve-arastirma-merkezi\/wp-json\/wp\/v2\/comments?post=5682"}],"version-history":[{"count":15,"href":"https:\/\/atauni.edu.tr\/cocuk-ve-bilim-egitimi-uygulama-ve-arastirma-merkezi\/wp-json\/wp\/v2\/pages\/5682\/revisions"}],"predecessor-version":[{"id":6257,"href":"https:\/\/atauni.edu.tr\/cocuk-ve-bilim-egitimi-uygulama-ve-arastirma-merkezi\/wp-json\/wp\/v2\/pages\/5682\/revisions\/6257"}],"wp:attachment":[{"href":"https:\/\/atauni.edu.tr\/cocuk-ve-bilim-egitimi-uygulama-ve-arastirma-merkezi\/wp-json\/wp\/v2\/media?parent=5682"}],"curies":[{"name":"wp","href":"https:\/\/api.w.org\/{rel}","templated":true}]}}