{"id":6352,"date":"2022-04-27T16:06:32","date_gmt":"2022-04-27T13:06:32","guid":{"rendered":"https:\/\/birimler.atauni.edu.tr\/cocuk-ve-bilim-egitimi-uygulama-ve-arastirma-merkezi\/?page_id=6352"},"modified":"2022-04-27T16:06:57","modified_gmt":"2022-04-27T13:06:57","slug":"ataturk-universitesi-cocuk-anayasasi","status":"publish","type":"page","link":"https:\/\/atauni.edu.tr\/cocuk-ve-bilim-egitimi-uygulama-ve-arastirma-merkezi\/ataturk-universitesi-cocuk-anayasasi\/","title":{"rendered":"ATAT\u00dcRK \u00dcN\u0130VERS\u0130TES\u0130 \u00c7OCUK ANAYASASI"},"content":{"rendered":"","protected":false},"excerpt":{"rendered":"","protected":false},"author":454,"featured_media":0,"parent":0,"menu_order":0,"comment_status":"closed","ping_status":"closed","template":"","meta":{"footnotes":""},"class_list":["post-6352","page","type-page","status-publish","hentry"],"_links":{"self":[{"href":"https:\/\/atauni.edu.tr\/cocuk-ve-bilim-egitimi-uygulama-ve-arastirma-merkezi\/wp-json\/wp\/v2\/pages\/6352","targetHints":{"allow":["GET"]}}],"collection":[{"href":"https:\/\/atauni.edu.tr\/cocuk-ve-bilim-egitimi-uygulama-ve-arastirma-merkezi\/wp-json\/wp\/v2\/pages"}],"about":[{"href":"https:\/\/atauni.edu.tr\/cocuk-ve-bilim-egitimi-uygulama-ve-arastirma-merkezi\/wp-json\/wp\/v2\/types\/page"}],"author":[{"embeddable":true,"href":"https:\/\/atauni.edu.tr\/cocuk-ve-bilim-egitimi-uygulama-ve-arastirma-merkezi\/wp-json\/wp\/v2\/users\/454"}],"replies":[{"embeddable":true,"href":"https:\/\/atauni.edu.tr\/cocuk-ve-bilim-egitimi-uygulama-ve-arastirma-merkezi\/wp-json\/wp\/v2\/comments?post=6352"}],"version-history":[{"count":4,"href":"https:\/\/atauni.edu.tr\/cocuk-ve-bilim-egitimi-uygulama-ve-arastirma-merkezi\/wp-json\/wp\/v2\/pages\/6352\/revisions"}],"predecessor-version":[{"id":6357,"href":"https:\/\/atauni.edu.tr\/cocuk-ve-bilim-egitimi-uygulama-ve-arastirma-merkezi\/wp-json\/wp\/v2\/pages\/6352\/revisions\/6357"}],"wp:attachment":[{"href":"https:\/\/atauni.edu.tr\/cocuk-ve-bilim-egitimi-uygulama-ve-arastirma-merkezi\/wp-json\/wp\/v2\/media?parent=6352"}],"curies":[{"name":"wp","href":"https:\/\/api.w.org\/{rel}","templated":true}]}}