{"id":5728,"date":"2021-07-13T11:33:38","date_gmt":"2021-07-13T08:33:38","guid":{"rendered":"https:\/\/portaltest.atauni.edu.tr\/bilgisayar-muhendisligi\/?page_id=5728"},"modified":"2025-05-25T13:10:29","modified_gmt":"2025-05-25T10:10:29","slug":"anabilim-dali-tanitimi","status":"publish","type":"page","link":"https:\/\/atauni.edu.tr\/cografya-egitimi-abd\/anabilim-dali-tanitimi\/","title":{"rendered":"Anabilim Dal\u0131 Tan\u0131t\u0131m\u0131"},"content":{"rendered":"\t\t<div data-elementor-type=\"wp-page\" data-elementor-id=\"5728\" class=\"elementor elementor-5728\" data-elementor-post-type=\"page\">\n\t\t\t\t\t\t<section class=\"elementor-section elementor-top-section elementor-element elementor-element-730d320 elementor-section-boxed elementor-section-height-default elementor-section-height-default\" data-id=\"730d320\" data-element_type=\"section\">\n\t\t\t\t\t\t<div class=\"elementor-container elementor-column-gap-default\">\n\t\t\t\t\t<div class=\"elementor-column elementor-col-100 elementor-top-column elementor-element elementor-element-753d0860\" data-id=\"753d0860\" data-element_type=\"column\">\n\t\t\t<div class=\"elementor-widget-wrap\">\n\t\t\t\t\t\t\t<\/div>\n\t\t<\/div>\n\t\t\t\t\t<\/div>\n\t\t<\/section>\n\t\t\t\t<section class=\"elementor-section elementor-top-section elementor-element elementor-element-9be811a elementor-section-boxed elementor-section-height-default elementor-section-height-default\" data-id=\"9be811a\" data-element_type=\"section\">\n\t\t\t\t\t\t<div class=\"elementor-container elementor-column-gap-default\">\n\t\t\t\t\t<div class=\"elementor-column elementor-col-100 elementor-top-column elementor-element elementor-element-1ed847b7\" data-id=\"1ed847b7\" data-element_type=\"column\">\n\t\t\t<div class=\"elementor-widget-wrap elementor-element-populated\">\n\t\t\t\t\t\t<div class=\"elementor-element elementor-element-4ce0d07f elementor-widget elementor-widget-heading\" data-id=\"4ce0d07f\" data-element_type=\"widget\" data-widget_type=\"heading.default\">\n\t\t\t\t<div class=\"elementor-widget-container\">\n\t\t\t\t\t<h2 class=\"elementor-heading-title elementor-size-default\">B\u00f6l\u00fcm Tan\u0131t\u0131m\u0131<\/h2>\t\t\t\t<\/div>\n\t\t\t\t<\/div>\n\t\t\t\t<div class=\"elementor-element elementor-element-63260862 elementor-widget-divider--view-line elementor-widget elementor-widget-divider\" data-id=\"63260862\" data-element_type=\"widget\" data-widget_type=\"divider.default\">\n\t\t\t\t<div class=\"elementor-widget-container\">\n\t\t\t\t\t\t\t<div class=\"elementor-divider\">\n\t\t\t<span class=\"elementor-divider-separator\">\n\t\t\t\t\t\t<\/span>\n\t\t<\/div>\n\t\t\t\t\t\t<\/div>\n\t\t\t\t<\/div>\n\t\t\t\t\t<\/div>\n\t\t<\/div>\n\t\t\t\t\t<\/div>\n\t\t<\/section>\n\t\t\t\t<section class=\"elementor-section elementor-top-section elementor-element elementor-element-681db8b elementor-section-boxed elementor-section-height-default elementor-section-height-default\" data-id=\"681db8b\" data-element_type=\"section\">\n\t\t\t\t\t\t<div class=\"elementor-container elementor-column-gap-default\">\n\t\t\t\t\t<div class=\"elementor-column elementor-col-100 elementor-top-column elementor-element elementor-element-ad4dac5\" data-id=\"ad4dac5\" data-element_type=\"column\">\n\t\t\t<div class=\"elementor-widget-wrap elementor-element-populated\">\n\t\t\t\t\t\t<div class=\"elementor-element elementor-element-2f96b3d elementor-widget elementor-widget-text-editor\" data-id=\"2f96b3d\" data-element_type=\"widget\" data-widget_type=\"text-editor.default\">\n\t\t\t\t<div class=\"elementor-widget-container\">\n\t\t\t\t\t\t\t\t\t<p><span style=\"font-weight: normal\">Fak\u00fcltemiz, bilimsel anlay\u0131\u015fl\u0131,&nbsp;\u00e7a\u011fda\u015f, demokrat, \u00fcretken, \u00fclke ve d\u00fcnya sorunlar\u0131na duyarl\u0131 olup \u00e7\u00f6z\u00fcm \u00fcreten,&nbsp;de\u011fi\u015fen ko\u015fullara uyum g\u00f6sterebilen, gelece\u011fe y\u00f6nelik hedefleri olan, ekip&nbsp;\u00e7al\u0131\u015fmas\u0131 liderlik ve ileti\u015fim becerilerine sahip, ileti\u015fim ve e\u011fitim&nbsp;teknolojilerini kullanabilen, farkl\u0131 bilim dallar\u0131 aras\u0131nda ili\u015fki kurabilen ve&nbsp;bilgilerini farkl\u0131 alanlara uygulayabilen, k\u00fclt\u00fcre ve sanata duyarl\u0131,&nbsp;\u00e7e\u015fitlili\u011fi bir zenginlik olarak alg\u0131layan, teori ile uygulamay\u0131 birle\u015ftiren,&nbsp;\u00f6zg\u00fcveni ve ho\u015fg\u00f6r\u00fcs\u00fc olan,&nbsp; ya\u015fam boyu&nbsp;\u00f6\u011frenmeyi ve kendini yenilemeyi ilke edinmi\u015f, kendisiyle ve \u00e7evresiyle bar\u0131\u015f\u0131k,&nbsp;mesle\u011fine adanm\u0131\u015fl\u0131k duygusuna sahip, ele\u015ftirel d\u00fc\u015f\u00fcnebilen ve d\u00fc\u015f\u00fcncesini&nbsp;uygar bir \u015fekilde ifade edebilen \u00f6\u011fretmenler yeti\u015ftirir. Mill\u00ee E\u011fitim Bakanl\u0131\u011f\u0131&nbsp;ve Y\u00fcksek\u00f6\u011fretim Kurulu taraf\u0131ndan belirlenen \u00f6\u011fretmen yeterliliklerini (genel&nbsp;k\u00fclt\u00fcr, \u00f6zel alan ve e\u011fitme-\u00f6\u011fretme bilgi, beceri ve al\u0131\u015fkanl\u0131klar\u0131) kazanm\u0131\u015f&nbsp;\u00f6\u011fretmenler yeti\u015ftirir.<\/span><\/p><p><span style=\"font-size: 1rem;letter-spacing: 0px\">Co\u011frafya E\u011fitiminin amac\u0131;<\/span><\/p>\n<p><span style=\"font-weight: normal\">-Co\u011frafya ile ilgili kavramlar\u0131&nbsp;anlay\u0131p, kavramlar aras\u0131ndaki ili\u015fkileri a\u00e7\u0131klayabilen,<\/span><\/p><p><span style=\"font-size: 1rem;letter-spacing: 0px\">&nbsp;-Co\u011frafi bilginin olu\u015fum ve \u00fcretimiyle ilgili&nbsp;<\/span><span style=\"font-size: 1rem;letter-spacing: 0px\">y\u00f6ntemleri kavrayabilen,<\/span><\/p>\n<p><span style=\"font-weight: normal\">&nbsp;-Co\u011frafi \u00e7evrenin anlam ve \u00f6nemini kavrayarak,&nbsp;co\u011frafya dersleriyle ilgili olay ve olgular\u0131 kavramla\u015ft\u0131rma becerisine sahip,<\/span><\/p>\n<p><span style=\"font-weight: normal\">&#8211; Bilimsel ve co\u011frafi bilginin&nbsp;do\u011fas\u0131n\u0131, kayna\u011f\u0131n\u0131, s\u0131n\u0131rlar\u0131n\u0131 ve do\u011frulu\u011funu de\u011ferlendirme yetene\u011fine sahip&nbsp;olur, bunlar aras\u0131nda kar\u015f\u0131l\u0131kl\u0131 ili\u015fkiler kurabilen,<\/span><\/p>\n<p><span style=\"font-weight: normal\">&nbsp;&#8211; Co\u011frafya ile ilgili \u00f6\u011fretim strateji, y\u00f6ntem&nbsp;ve teknikleriyle \u00f6l\u00e7me ve de\u011ferlendirme bilgilerine sahip olur ve bunlar\u0131&nbsp;uygulayabilen,<\/span><\/p>\n<p><span style=\"font-weight: normal\">&nbsp;&#8211; \u00d6\u011frencilerin sosyal ve k\u00fclt\u00fcrel geli\u015fimini,&nbsp;\u00f6\u011frenme \u00f6zelliklerini ve \u00f6\u011frenmedeki g\u00fc\u00e7l\u00fcklerin neler oldu\u011funu \u00f6\u011frenerek,&nbsp;bunlar\u0131 tan\u0131mlama ve kaydetme yeteneklerine sahip olan,<\/span><\/p>\n<p><span style=\"font-weight: normal\">&#8211; Co\u011frafya dersleriyle ilgili&nbsp;\u00f6zg\u00fcn bilgi kaynaklar\u0131na ula\u015fabilir, bunlar\u0131 di\u011ferlerinden ay\u0131rt etme ve&nbsp;\u00e7\u00f6z\u00fcmleme becerilerine sahip olup kullanabilen \u00f6\u011frenciler yeti\u015ftirmektir.<\/span><\/p>\n<p><span style=\"font-weight: normal\">&nbsp;Bu ama\u00e7lara ula\u015fabilmek i\u00e7in;<\/span><\/p>\n<p><span style=\"font-weight: normal\">&#8211; \u00d6\u011frencilerin geli\u015fim&nbsp;\u00f6zelliklerini, bireysel farkl\u0131l\u0131klar\u0131n\u0131, konu \u00f6zelliklerini ve co\u011frafi&nbsp;kazan\u0131mlar\u0131n\u0131 dikkate alarak en uygun \u00f6\u011fretim stratejisi, y\u00f6ntem ve teknikleri&nbsp;tespit edilir.<\/span><\/p>\n<p><span style=\"font-weight: normal\">-Co\u011frafya \u00f6\u011fretiminde, konu&nbsp;alan\u0131n\u0131n ve \u00f6\u011frencilerin gereksinimlerine uygun yaz\u0131l\u0131, g\u00f6rsel ve i\u015fitsel&nbsp;materyal haz\u0131rlan\u0131l\u0131r. <\/span><\/p>\n<p><span style=\"font-weight: normal\">-\u00d6\u011frencilerin Co\u011frafya&nbsp;dersleriyle ilgili kazan\u0131mlar\u0131n\u0131 farkl\u0131 \u00f6l\u00e7\u00fctler a\u00e7\u0131s\u0131ndan de\u011ferlendirilir.<\/span><\/p>\n<p><span style=\"font-weight: normal\">Bu ilkelere ve ama\u00e7lara ba\u011fl\u0131&nbsp;olarak \u00f6\u011fretim s\u00fcrecinden ge\u00e7en \u00f6\u011frencilerimiz;<\/span><\/p>\n<p><span style=\"font-weight: normal\">&#8211; Etkili ve verimli bir co\u011frafya&nbsp;e\u011fitimi i\u00e7in, alanla ilgili bilgi ve becerilerini ba\u015fka alanlara uyarlamaya&nbsp;olanak sa\u011flayan disiplinler aras\u0131 \u00f6\u011fretim deneyimleri olu\u015fturabilir.<\/span><\/p>\n<p><span style=\"font-weight: normal\">&#8211; Co\u011frafyan\u0131n da do\u011fas\u0131 gere\u011fi,&nbsp;toplumun ve d\u00fcnyan\u0131n g\u00fcndemindeki olaylara ve geli\u015fmelere duyarl\u0131 olup, bu&nbsp;olaylar\u0131 ve geli\u015fimleri dikkatle takip eder. <\/span><\/p>\n<p><span style=\"font-weight: normal\">&#8211; Co\u011frafya dersleri ile ilgili&nbsp;konularda ilgili ki\u015fi ve kurumlar\u0131 bilgilendirerek, toplumsal sorumluluk&nbsp;alabilir. &#8211; Birey ve vatanda\u015f olarak g\u00f6rev, hak ve sorumluluklar\u0131 ile ilgili&nbsp;yasa, y\u00f6netmenlik ve mevzuata uygun davranarak; Milli E\u011fitim Temel Kanunu\u2019nda&nbsp;ifade edilen ulusal ve evrensel duyarl\u0131l\u0131klar\u0131n bilincinde olabilir.<\/span><\/p>\n<p><span style=\"font-weight: normal\">&#8211; Bilimsel yenilikleri takip&nbsp;ederek, alanla ilgili bilgilerini g\u00fcncel tutarak ya\u015fam boyu \u00f6\u011frenmeye ili\u015fkin olumlu&nbsp;bir tutum sergileyebilir.<\/span><\/p>\n<p><span style=\"font-weight: normal\">&nbsp;&#8211; Farkl\u0131 akademik ve k\u00fclt\u00fcrel etkinliklere&nbsp;kat\u0131labilir ve gerekirse onlarla ilgili e\u011fitim alarak sosyal yeterlilik&nbsp;d\u00fczeyini artt\u0131r\u0131r.<\/span><\/p>\n<p><span style=\"font-weight: normal\">&#8211; Co\u011frafya \u00f6\u011fretimiyle ilgili&nbsp;uygulamalarda kar\u015f\u0131la\u015f\u0131lan sorunlar\u0131 \u00e7\u00f6zmek i\u00e7in gerek bireysel gerekse ekip&nbsp;\u00fcyesi olarak de\u011fi\u015fik sorumluluklar alabilir.<\/span><\/p>\n<p><span style=\"font-weight: normal\">&#8211; Co\u011frafya \u00f6\u011fretmenine yak\u0131\u015fan&nbsp;g\u00f6r\u00fcn\u00fcm, tutum, tav\u0131r ve davran\u0131\u015flar\u0131yla topluma \u00f6rnek olur.&nbsp;<\/span><\/p><p><span style=\"font-weight: normal\">&#8211; Co\u011frafya&nbsp;\u00f6\u011fretmeninin sahip olmas\u0131 gereken yeterlikler temelinde \u00f6z de\u011ferlendirme&nbsp;yapabilir ve mesleki etik de\u011ferlere uygun davranabilir.<\/span><\/p>\n<p><span style=\"font-weight: normal\">Kaz\u0131m Karabekir E\u011fitim&nbsp;Fak\u00fcltesi\u2019nin vizyon ve misyonu \u0131\u015f\u0131\u011f\u0131ndaki \u00f6\u011fretmen e\u011fitimi ise a\u015fa\u011f\u0131daki&nbsp;gibidir. Co\u011frafya \u00f6\u011fretmenli\u011fi program\u0131n\u0131n ama\u00e7lar\u0131yla kar\u015f\u0131la\u015ft\u0131r\u0131ld\u0131\u011f\u0131nda&nbsp;birbiriyle uyumlu oldu\u011fu ve \u00f6rt\u00fc\u015ft\u00fc\u011f\u00fc g\u00f6r\u00fclmektedir.<\/span><\/p>\n<p><span style=\"font-weight: normal\">-Bilimsel anlay\u0131\u015fl\u0131, \u00e7a\u011fda\u015f,&nbsp;demokrat, \u00fcretken, \u00fclke ve d\u00fcnya sorunlar\u0131na duyarl\u0131 olup \u00e7\u00f6z\u00fcm \u00fcreten, <\/span><\/p>\n<p><span style=\"font-weight: normal\">-De\u011fi\u015fen ko\u015fullara uyum&nbsp;g\u00f6sterebilen,<\/span><\/p>\n<p><span style=\"font-weight: normal\">-Gelece\u011fe y\u00f6nelik hedefleri olan,<\/span><\/p>\n<p><span style=\"font-weight: normal\">-Ekip \u00e7al\u0131\u015fmas\u0131 liderlik ve&nbsp;ileti\u015fim becerilerine sahip, <\/span><\/p>\n<p><span style=\"font-weight: normal\">-\u0130leti\u015fim ve e\u011fitim teknolojilerini&nbsp;kullanabilen,<\/span><\/p>\n<p><span style=\"font-weight: normal\">-Farkl\u0131 bilim dallar\u0131 aras\u0131nda&nbsp;ili\u015fki kurabilen ve bilgilerini farkl\u0131 alanlara uygulayabilen, <\/span><\/p>\n<p><span style=\"font-weight: normal\">-K\u00fclt\u00fcre ve sanata duyarl\u0131, <\/span><\/p>\n<p><span style=\"font-weight: normal\">-\u00c7e\u015fitlili\u011fi bir zenginlik olarak&nbsp;alg\u0131layan, <\/span><\/p>\n<p><span style=\"font-weight: normal\">-Teori ile uygulamay\u0131&nbsp;birle\u015ftiren, <\/span><\/p>\n<p><span style=\"font-weight: normal\">-\u00d6zg\u00fcveni ve ho\u015fg\u00f6r\u00fcs\u00fc olan,&nbsp; <\/span><\/p>\n<p><span style=\"font-weight: normal\">-Ya\u015fam boyu \u00f6\u011frenmeyi ve kendini&nbsp;yenilemeyi ilke edinmi\u015f, <\/span><\/p>\n<p><span style=\"font-weight: normal\">-Kendisiyle ve \u00e7evresiyle&nbsp;bar\u0131\u015f\u0131k, <\/span><\/p>\n<p><span style=\"font-weight: normal\">-Mesle\u011fine adanm\u0131\u015fl\u0131k duygusuna&nbsp;sahip, <\/span><\/p>\n<p><span style=\"font-weight: normal\">-Ele\u015ftirel d\u00fc\u015f\u00fcnebilen ve&nbsp;d\u00fc\u015f\u00fcncesini uygar bir \u015fekilde ifade edebilen \u00f6\u011fretmenler yeti\u015ftirir.<\/span><\/p>\n<p><\/p>\t\t\t\t\t\t\t\t<\/div>\n\t\t\t\t<\/div>\n\t\t\t\t\t<\/div>\n\t\t<\/div>\n\t\t\t\t\t<\/div>\n\t\t<\/section>\n\t\t\t\t<\/div>\n\t\t","protected":false},"excerpt":{"rendered":"<p>B\u00f6l\u00fcm Tan\u0131t\u0131m\u0131 Fak\u00fcltemiz, bilimsel anlay\u0131\u015fl\u0131,&nbsp;\u00e7a\u011fda\u015f, demokrat, \u00fcretken, \u00fclke ve d\u00fcnya sorunlar\u0131na duyarl\u0131 olup \u00e7\u00f6z\u00fcm \u00fcreten,&nbsp;de\u011fi\u015fen ko\u015fullara uyum g\u00f6sterebilen, gelece\u011fe y\u00f6nelik hedefleri olan, ekip&nbsp;\u00e7al\u0131\u015fmas\u0131 liderlik ve ileti\u015fim becerilerine sahip, ileti\u015fim ve e\u011fitim&nbsp;teknolojilerini kullanabilen, farkl\u0131 bilim dallar\u0131 aras\u0131nda ili\u015fki kurabilen ve&nbsp;bilgilerini farkl\u0131 alanlara uygulayabilen, k\u00fclt\u00fcre ve sanata duyarl\u0131,&nbsp;\u00e7e\u015fitlili\u011fi bir zenginlik olarak alg\u0131layan, teori ile uygulamay\u0131 birle\u015ftiren,&nbsp;\u00f6zg\u00fcveni ve [&hellip;]<\/p>\n","protected":false},"author":1,"featured_media":0,"parent":0,"menu_order":0,"comment_status":"closed","ping_status":"closed","template":"elementor_header_footer","meta":{"footnotes":""},"class_list":["post-5728","page","type-page","status-publish","hentry"],"_links":{"self":[{"href":"https:\/\/atauni.edu.tr\/cografya-egitimi-abd\/wp-json\/wp\/v2\/pages\/5728","targetHints":{"allow":["GET"]}}],"collection":[{"href":"https:\/\/atauni.edu.tr\/cografya-egitimi-abd\/wp-json\/wp\/v2\/pages"}],"about":[{"href":"https:\/\/atauni.edu.tr\/cografya-egitimi-abd\/wp-json\/wp\/v2\/types\/page"}],"author":[{"embeddable":true,"href":"https:\/\/atauni.edu.tr\/cografya-egitimi-abd\/wp-json\/wp\/v2\/users\/1"}],"replies":[{"embeddable":true,"href":"https:\/\/atauni.edu.tr\/cografya-egitimi-abd\/wp-json\/wp\/v2\/comments?post=5728"}],"version-history":[{"count":15,"href":"https:\/\/atauni.edu.tr\/cografya-egitimi-abd\/wp-json\/wp\/v2\/pages\/5728\/revisions"}],"predecessor-version":[{"id":6704,"href":"https:\/\/atauni.edu.tr\/cografya-egitimi-abd\/wp-json\/wp\/v2\/pages\/5728\/revisions\/6704"}],"wp:attachment":[{"href":"https:\/\/atauni.edu.tr\/cografya-egitimi-abd\/wp-json\/wp\/v2\/media?parent=5728"}],"curies":[{"name":"wp","href":"https:\/\/api.w.org\/{rel}","templated":true}]}}