{"id":5682,"date":"2021-07-13T10:10:01","date_gmt":"2021-07-13T07:10:01","guid":{"rendered":"https:\/\/portaltest.atauni.edu.tr\/bilgisayar-muhendisligi\/?page_id=5682"},"modified":"2021-11-23T16:13:01","modified_gmt":"2021-11-23T13:13:01","slug":"misyon-vizyon-ve-temel-degerler","status":"publish","type":"page","link":"https:\/\/atauni.edu.tr\/cografya\/misyon-vizyon-ve-temel-degerler\/","title":{"rendered":"Misyon, Vizyon ve Temel De\u011ferler"},"content":{"rendered":"<h2>Misyon, Vizyon ve Temel De\u011ferler<\/h2>\n<p>Co\u011frafya B\u00f6l\u00fcm\u00fc\u2019n\u00fcn vizyonu, \u00e7a\u011fda\u015f e\u011fitim anlay\u0131\u015f\u0131n\u0131n gerektirdi\u011fi t\u00fcm bak\u0131\u015f a\u00e7\u0131s\u0131n\u0131, donan\u0131m\u0131, y\u00f6ntem ve teknikleri kullanarak sunmakta oldu\u011fu e\u011fitimi ile kar\u015f\u0131la\u015ft\u0131\u011f\u0131 problemlere profesyonelce yakla\u015fabilecek sorumluluk duygusuna sahip entelekt\u00fcel bireyler yeti\u015ftirmek ve yerel sorunlar ba\u015fta olmak \u00fczere co\u011frafya biliminin ilgi alan\u0131na giren konu ve sorunlara y\u00f6nelik akademik \u00e7al\u0131\u015fmalar yapan, evrensel de\u011ferlere sayg\u0131l\u0131, toplam kalite y\u00f6netimi ilkelerini benimsemi\u015f, \u00e7a\u011fda\u015f d\u00fcnyadaki bilimsel geli\u015fmeleri ve teknolojiyi takip eden bir b\u00f6l\u00fcm olmakt\u0131r. Misyon &nbsp;Co\u011frafya B\u00f6l\u00fcm\u00fc, modern bilim anlay\u0131\u015f\u0131, y\u00f6ntemleri ve teknolojileri kullanarak yery\u00fcz\u00fcn\u00fcn fiziki ve be\u015feri \u00f6zelliklerini, bunlar\u0131n birbirleri ile olan ili\u015fkilerini mek\u00e2nsal da\u011f\u0131l\u0131mlar\u0131 ile birlikte anlamay\u0131, bu sayede mek\u00e2n\u0131 etkin bir \u015fekilde y\u00f6neterek yery\u00fcz\u00fc kaynaklar\u0131n\u0131n s\u00fcrd\u00fcr\u00fclebilir kalk\u0131nma ilkelerine g\u00f6re kullan\u0131lmas\u0131n\u0131 ama\u00e7lar.<br style=\"color: #000000;font-family: 'Roboto Condensed', sans-serif;font-size: 14px;text-align: start\">Bu nedenle b\u00f6l\u00fcm\u00fcn ba\u015fl\u0131ca misyonlar\u0131:<br style=\"color: #000000;font-family: 'Roboto Condensed', sans-serif;font-size: 14px;text-align: start\">1- Gelmi\u015f oldu\u011fu son noktadaki ilgi alanlar\u0131, ama\u00e7lar\u0131, y\u00f6ntemleri, teknolojileri ve ara\u00e7-gere\u00e7leri ile co\u011frafya bilimini \u00f6\u011frencilere tan\u0131tmak,<br style=\"color: #000000;font-family: 'Roboto Condensed', sans-serif;font-size: 14px;text-align: start\">2- \u00d6\u011frencilere karar verme, problem \u00e7\u00f6zme ve disiplinleraras\u0131 \u00e7al\u0131\u015fma yeteneklerini geli\u015ftirebilecekleri profesyonel bir \u00f6\u011frenme ortam\u0131 sunmak,<br style=\"color: #000000;font-family: 'Roboto Condensed', sans-serif;font-size: 14px;text-align: start\">3- Co\u011frafi bilgi ve becerileri ger\u00e7ek hayat ve g\u00fcncel sorunlarla irtibatland\u0131rarak sunmak suretiyle b\u00f6l\u00fcm\u00fcn \u00f6\u011fretim ve ara\u015ft\u0131rma kalitesini art\u0131rmak,<br style=\"color: #000000;font-family: 'Roboto Condensed', sans-serif;font-size: 14px;text-align: start\">4- Sosyal, k\u00fclt\u00fcrel, ekonomik ve \u00e7evresel konulara co\u011frafya biliminin bak\u0131\u015f a\u00e7\u0131s\u0131 ile yakla\u015fman\u0131n faydalar\u0131n\u0131 ortaya koyarak g\u00fcn\u00fcm\u00fcz d\u00fcnyas\u0131nda ya\u015fanan problemlerin \u00e7\u00f6z\u00fcm\u00fcnde co\u011frafyan\u0131n ne denli \u00f6nemli bir bilim oldu\u011funu g\u00f6stermektir.<\/p>\n","protected":false},"excerpt":{"rendered":"<p>Misyon, Vizyon ve Temel De\u011ferler Co\u011frafya B\u00f6l\u00fcm\u00fc\u2019n\u00fcn vizyonu, \u00e7a\u011fda\u015f e\u011fitim anlay\u0131\u015f\u0131n\u0131n gerektirdi\u011fi t\u00fcm bak\u0131\u015f a\u00e7\u0131s\u0131n\u0131, donan\u0131m\u0131, y\u00f6ntem ve teknikleri kullanarak sunmakta oldu\u011fu e\u011fitimi ile kar\u015f\u0131la\u015ft\u0131\u011f\u0131 problemlere profesyonelce yakla\u015fabilecek sorumluluk duygusuna sahip entelekt\u00fcel bireyler yeti\u015ftirmek ve yerel sorunlar ba\u015fta olmak \u00fczere co\u011frafya biliminin ilgi alan\u0131na giren konu ve sorunlara y\u00f6nelik akademik \u00e7al\u0131\u015fmalar yapan, evrensel de\u011ferlere sayg\u0131l\u0131, [&hellip;]<\/p>\n","protected":false},"author":1,"featured_media":0,"parent":0,"menu_order":0,"comment_status":"closed","ping_status":"closed","template":"elementor_header_footer","meta":{"footnotes":""},"class_list":["post-5682","page","type-page","status-publish","hentry"],"_links":{"self":[{"href":"https:\/\/atauni.edu.tr\/cografya\/wp-json\/wp\/v2\/pages\/5682","targetHints":{"allow":["GET"]}}],"collection":[{"href":"https:\/\/atauni.edu.tr\/cografya\/wp-json\/wp\/v2\/pages"}],"about":[{"href":"https:\/\/atauni.edu.tr\/cografya\/wp-json\/wp\/v2\/types\/page"}],"author":[{"embeddable":true,"href":"https:\/\/atauni.edu.tr\/cografya\/wp-json\/wp\/v2\/users\/1"}],"replies":[{"embeddable":true,"href":"https:\/\/atauni.edu.tr\/cografya\/wp-json\/wp\/v2\/comments?post=5682"}],"version-history":[{"count":18,"href":"https:\/\/atauni.edu.tr\/cografya\/wp-json\/wp\/v2\/pages\/5682\/revisions"}],"predecessor-version":[{"id":6198,"href":"https:\/\/atauni.edu.tr\/cografya\/wp-json\/wp\/v2\/pages\/5682\/revisions\/6198"}],"wp:attachment":[{"href":"https:\/\/atauni.edu.tr\/cografya\/wp-json\/wp\/v2\/media?parent=5682"}],"curies":[{"name":"wp","href":"https:\/\/api.w.org\/{rel}","templated":true}]}}