{"id":5719,"date":"2021-07-13T10:45:18","date_gmt":"2021-07-13T07:45:18","guid":{"rendered":"https:\/\/portaltest.atauni.edu.tr\/bilgisayar-muhendisligi\/?page_id=5719"},"modified":"2021-11-24T17:02:27","modified_gmt":"2021-11-24T14:02:27","slug":"iletisim","status":"publish","type":"page","link":"https:\/\/atauni.edu.tr\/cografya\/iletisim\/","title":{"rendered":"\u0130leti\u015fim"},"content":{"rendered":"<h2>B\u0130LG\u0130 ED\u0130NME BA\u015eVURUSU<\/h2>\n<h2>\u0130LET\u0130\u015e\u0130M<\/h2>\n<p><strong>Adres: Atat\u00fcrk \u00dcniversitesi Edebiyat Fak\u00fcltesi Co\u011frafya B\u00f6l\u00fcm\u00fc 25240\/Erzurum<\/strong><br \/>\n<strong>Web Sayfas\u0131:&nbsp;&nbsp;<\/strong><a style=\"font-weight: bolder;letter-spacing: 0px;background-color: #ffffff\" href=\"https:\/\/birimler.atauni.edu.tr\/cografya\/\">https:\/\/birimler.atauni.edu.tr\/cografya\/<\/a><br \/>\n<strong>E-Posta:&nbsp;<\/strong><a href=\"https:\/\/birimler.atauni.edu.tr\/cografya\/iletisim\/cografya@atauni.edu.tr\" style=\"font-weight: bolder;letter-spacing: 0px\">cografya@atauni.edu.tr<\/a><br \/>\n<strong>Telefon: +90 442 231 8001<\/strong><br \/>\n<strong>Faks: +90 442 231 8272<\/strong><\/p>\n","protected":false},"excerpt":{"rendered":"<p>B\u0130LG\u0130 ED\u0130NME BA\u015eVURUSU \u0130LET\u0130\u015e\u0130M Adres: Atat\u00fcrk \u00dcniversitesi Edebiyat Fak\u00fcltesi Co\u011frafya B\u00f6l\u00fcm\u00fc 25240\/Erzurum Web Sayfas\u0131:&nbsp;&nbsp;https:\/\/birimler.atauni.edu.tr\/cografya\/ E-Posta:&nbsp;cografya@atauni.edu.tr Telefon: +90 442 231 8001 Faks: +90 442 231 8272<\/p>\n","protected":false},"author":1,"featured_media":0,"parent":0,"menu_order":0,"comment_status":"closed","ping_status":"closed","template":"elementor_header_footer","meta":{"footnotes":""},"class_list":["post-5719","page","type-page","status-publish","hentry"],"_links":{"self":[{"href":"https:\/\/atauni.edu.tr\/cografya\/wp-json\/wp\/v2\/pages\/5719","targetHints":{"allow":["GET"]}}],"collection":[{"href":"https:\/\/atauni.edu.tr\/cografya\/wp-json\/wp\/v2\/pages"}],"about":[{"href":"https:\/\/atauni.edu.tr\/cografya\/wp-json\/wp\/v2\/types\/page"}],"author":[{"embeddable":true,"href":"https:\/\/atauni.edu.tr\/cografya\/wp-json\/wp\/v2\/users\/1"}],"replies":[{"embeddable":true,"href":"https:\/\/atauni.edu.tr\/cografya\/wp-json\/wp\/v2\/comments?post=5719"}],"version-history":[{"count":21,"href":"https:\/\/atauni.edu.tr\/cografya\/wp-json\/wp\/v2\/pages\/5719\/revisions"}],"predecessor-version":[{"id":6300,"href":"https:\/\/atauni.edu.tr\/cografya\/wp-json\/wp\/v2\/pages\/5719\/revisions\/6300"}],"wp:attachment":[{"href":"https:\/\/atauni.edu.tr\/cografya\/wp-json\/wp\/v2\/media?parent=5719"}],"curies":[{"name":"wp","href":"https:\/\/api.w.org\/{rel}","templated":true}]}}