{"id":5728,"date":"2021-07-13T11:33:38","date_gmt":"2021-07-13T08:33:38","guid":{"rendered":"https:\/\/portaltest.atauni.edu.tr\/bilgisayar-muhendisligi\/?page_id=5728"},"modified":"2025-11-06T12:58:41","modified_gmt":"2025-11-06T09:58:41","slug":"bolum-tanitimi","status":"publish","type":"page","link":"https:\/\/atauni.edu.tr\/cografya\/bolum-tanitimi\/","title":{"rendered":"B\u00f6l\u00fcm Tan\u0131t\u0131m\u0131"},"content":{"rendered":"\t\t<div data-elementor-type=\"wp-page\" data-elementor-id=\"5728\" class=\"elementor elementor-5728\" data-elementor-post-type=\"page\">\n\t\t\t\t\t\t<section class=\"elementor-section elementor-top-section elementor-element elementor-element-730d320 elementor-section-boxed elementor-section-height-default elementor-section-height-default\" data-id=\"730d320\" data-element_type=\"section\">\n\t\t\t\t\t\t<div class=\"elementor-container elementor-column-gap-default\">\n\t\t\t\t\t<div class=\"elementor-column elementor-col-100 elementor-top-column elementor-element elementor-element-753d0860\" data-id=\"753d0860\" data-element_type=\"column\">\n\t\t\t<div class=\"elementor-widget-wrap\">\n\t\t\t\t\t\t\t<\/div>\n\t\t<\/div>\n\t\t\t\t\t<\/div>\n\t\t<\/section>\n\t\t\t\t<section class=\"elementor-section elementor-top-section elementor-element elementor-element-9be811a elementor-section-boxed elementor-section-height-default elementor-section-height-default\" data-id=\"9be811a\" data-element_type=\"section\">\n\t\t\t\t\t\t<div class=\"elementor-container elementor-column-gap-default\">\n\t\t\t\t\t<div class=\"elementor-column elementor-col-100 elementor-top-column elementor-element elementor-element-1ed847b7\" data-id=\"1ed847b7\" data-element_type=\"column\">\n\t\t\t<div class=\"elementor-widget-wrap elementor-element-populated\">\n\t\t\t\t\t\t<div class=\"elementor-element elementor-element-4ce0d07f elementor-widget elementor-widget-heading\" data-id=\"4ce0d07f\" data-element_type=\"widget\" data-widget_type=\"heading.default\">\n\t\t\t\t<div class=\"elementor-widget-container\">\n\t\t\t\t\t<h2 class=\"elementor-heading-title elementor-size-default\">B\u00f6l\u00fcm Tan\u0131t\u0131m\u0131<\/h2>\t\t\t\t<\/div>\n\t\t\t\t<\/div>\n\t\t\t\t<div class=\"elementor-element elementor-element-63260862 elementor-widget-divider--view-line elementor-widget elementor-widget-divider\" data-id=\"63260862\" data-element_type=\"widget\" data-widget_type=\"divider.default\">\n\t\t\t\t<div class=\"elementor-widget-container\">\n\t\t\t\t\t\t\t<div class=\"elementor-divider\">\n\t\t\t<span class=\"elementor-divider-separator\">\n\t\t\t\t\t\t<\/span>\n\t\t<\/div>\n\t\t\t\t\t\t<\/div>\n\t\t\t\t<\/div>\n\t\t\t\t\t<\/div>\n\t\t<\/div>\n\t\t\t\t\t<\/div>\n\t\t<\/section>\n\t\t\t\t<section class=\"elementor-section elementor-top-section elementor-element elementor-element-681db8b elementor-section-boxed elementor-section-height-default elementor-section-height-default\" data-id=\"681db8b\" data-element_type=\"section\">\n\t\t\t\t\t\t<div class=\"elementor-container elementor-column-gap-default\">\n\t\t\t\t\t<div class=\"elementor-column elementor-col-100 elementor-top-column elementor-element elementor-element-ad4dac5\" data-id=\"ad4dac5\" data-element_type=\"column\">\n\t\t\t<div class=\"elementor-widget-wrap elementor-element-populated\">\n\t\t\t\t\t\t<div class=\"elementor-element elementor-element-2f96b3d elementor-widget elementor-widget-text-editor\" data-id=\"2f96b3d\" data-element_type=\"widget\" data-widget_type=\"text-editor.default\">\n\t\t\t\t<div class=\"elementor-widget-container\">\n\t\t\t\t\t\t\t\t\t<p class=\"MsoNormal\" style=\"text-indent: 35.45pt;line-height: 150%\"><span style=\"color: black\">Co\u011frafya B\u00f6l\u00fcm\u00fc, Atat\u00fcrk \u00dcniversitesi\u2019nin Bat\u0131 Kamp\u00fcs Alan\u0131\u2019nda 2019 y\u0131l\u0131nda in\u015fas\u0131 tamamlanarak e\u011fitim-\u00f6\u011fretime haz\u0131r hale getirilen Edebiyat Fak\u00fcltesi\u2019nin 3. Kat bat\u0131 ayr\u0131m\u0131nda \u00f6\u011fretim \u00fcyesi ofisleri, derslik ve laboratuvar olarak kullan\u0131lan toplamda yakla\u015f\u0131k 7500 metrekarelik bir alanda e\u011fitim ve ara\u015ft\u0131rma faaliyetlerini s\u00fcrd\u00fcrmektedir.<\/span><\/p><p class=\"MsoNormal\" style=\"text-indent: 35.45pt;line-height: 150%\"><span style=\"color: black;text-indent: 35.45pt;letter-spacing: 0px\">Co\u011frafya\u00a0<\/span><span style=\"color: black;text-indent: 35.45pt;letter-spacing: 0px\">B\u00f6l\u00fcm\u00fc\u2019nde \u00e7al\u0131\u015fma ofisi odalar\u0131 ve bilgisayar laboratuvar\u0131 aktif olarak\u00a0<\/span><span style=\"color: black;text-indent: 35.45pt;letter-spacing: 0px\">kullan\u0131lmaktad\u0131r. T\u00fcm ofisler elektrik kesintilerine kar\u015f\u0131 jenerat\u00f6r\u00a0<\/span><span style=\"color: black;text-indent: 35.45pt;letter-spacing: 0px\">desteklidir. B\u00f6l\u00fcmdeki \u00f6\u011fretim \u00fcye ve elemanlar\u0131n\u0131n tamam\u0131n\u0131n kendine ait\u00a0<\/span><span style=\"color: black;text-indent: 35.45pt;letter-spacing: 0px\">\u00e7al\u0131\u015fma ofisi bulunmaktad\u0131r. E\u011fitim-\u00d6\u011fretim ve ara\u015ft\u0131rma faaliyetleri bu\u00a0<\/span><span style=\"color: black;text-indent: 35.45pt;letter-spacing: 0px\">odalarda planlanarak koordine edilmektedir. Ofis odalar\u0131 yeni in\u015faa edilmi\u015f\u00a0<\/span><span style=\"color: black;text-indent: 35.45pt;letter-spacing: 0px\">olup ilk kez 2019-2020 y\u0131l\u0131 G\u00fcz yar\u0131y\u0131l\u0131nda faaliyete ge\u00e7mi\u015ftir.<\/span><\/p><p class=\"MsoNormal\" style=\"text-indent: 35.45pt;line-height: 150%\"><span style=\"color: black\">B\u00f6l\u00fcm\u00fcm\u00fcz \u00f6\u011fretim elemanlar\u0131 ve \u00f6\u011frencilerimiz kitap ve yay\u0131nlar i\u00e7in Atat\u00fcrk \u00dcniversitesi Merkez Yerle\u015fkesinde bulunan merkez k\u00fct\u00fcphanesinden faydalanmaktad\u0131rlar. Ayr\u0131ca fak\u00fclte k\u00fct\u00fcphanesinden bulunan kaynaklara da ba\u015fvurulmaktad\u0131r. Ayr\u0131ca \u00fcniversitemiz k\u00fct\u00fcphanesinin bir\u00e7ok elektronik veri taban\u0131na aboneli\u011fi vard\u0131r ve \u00f6\u011fretim elemanlar\u0131m\u0131z bu veri tabanlar\u0131na kamp\u00fcs i\u00e7inden ba\u011flanarak ula\u015fabilmektedirler. Bu durum \u00f6\u011fretim elemanlar\u0131n\u0131n literat\u00fcr\u00fc daha rahat ve h\u0131zl\u0131 takip edebilmesini sa\u011flam\u0131\u015ft\u0131r.<\/span><\/p><p class=\"MsoNormal\" style=\"text-indent: 35.45pt;line-height: 150%\"><span style=\"color: black\">B\u00f6l\u00fcm\u00fcm\u00fcz dersleri Edebiyat Fak\u00fcltesi\u2019nin 3. Kat bat\u0131 ayr\u0131m\u0131ndaki ofis, derslik ve laboratuvarda i\u015flenmektedir.\u00a0 B\u00f6l\u00fcm\u00fcm\u00fcz taraf\u0131ndan kullan\u0131lan 4 derslik bulunmaktad\u0131r. Bu s\u0131n\u0131flardan \u00fc\u00e7\u00fc 70 \u00f6\u011frenci kapasitesine sahip olup di\u011feri ise Amfi niteli\u011findedir. Amfi 135 \u00f6\u011frencinin derslere kat\u0131labilece\u011fi b\u00fcy\u00fckl\u00fckte bir dersliktir. \u00d6\u011frenci say\u0131s\u0131n\u0131n y\u00fcksek oldu\u011fu, ba\u015fka bir deyi\u015fle t\u00fcm \u00f6\u011frencilerin almalar\u0131 gereken zorunlu dersler b\u00fcy\u00fck s\u0131n\u0131fta yap\u0131lmaktad\u0131r. S\u0131n\u0131f ihtiyac\u0131 olu\u015fmas\u0131 durumunda y\u00f6netim taraf\u0131ndan ihtiyaca uygun ba\u015fka s\u0131n\u0131flar da tedarik edilmektedir. B\u00f6l\u00fcm\u00fcm\u00fcz \u00f6\u011fretim \u00fcyeleri gerekli g\u00f6rd\u00fckleri durumlarda derslerinde g\u00f6rsel malzeme kullanmaktad\u0131rlar. Bu ama\u00e7la s\u0131n\u0131flar\u0131m\u0131z\u0131n t\u00fcm\u00fc bilgisayar ile sunu yap\u0131lmas\u0131na uygun projeksiyonlar ile donat\u0131lm\u0131\u015ft\u0131r.<\/span><\/p><p class=\"MsoNormal\" style=\"text-indent: 1.0cm;line-height: 150%\"><span style=\"color: black\">Co\u011frafya b\u00f6l\u00fcm\u00fc \u00f6\u011frencilerinin program ama\u00e7 ve hedeflerine uygun olarak \u00e7ok y\u00f6nl\u00fc geli\u015fimi, mezuniyet sonras\u0131ndaki i\u015f hayat\u0131na ba\u015flama ve kendini geli\u015ftirme kapsam\u0131nda Co\u011frafi Bilgi Sistemlerinin uygulamal\u0131 olarak \u00f6\u011fretilmesi, Uzaktan alg\u0131lama s\u00fcre\u00e7lerinin deneyimlenmesi ama\u00e7l\u0131 b\u00f6l\u00fcmde bir laboratuvar bulunmaktad\u0131r. Bu laboratuvar 2020-2021 y\u0131llar\u0131 aras\u0131nda y\u00fcr\u00fct\u00fcc\u00fcl\u00fc\u011f\u00fcn\u00fc Co\u011frafya B\u00f6l\u00fcm\u00fc \u00f6\u011fretim \u00fcyelerinin yapt\u0131\u011f\u0131, SBG-2020-8455 kodlu Co\u011frafya B\u00f6l\u00fcm\u00fcn\u00fcn Co\u011frafi Bilgi Sistemleri ve Uzaktan Alg\u0131lama Konusundaki Ara\u015ft\u0131rma Altyap\u0131s\u0131n\u0131n Geli\u015ftirilmesi projesi ile Atat\u00fcrk \u00dcniversitesi Rekt\u00f6rl\u00fc\u011f\u00fc Bilimsel Ara\u015ft\u0131rmalar Proje Birimi taraf\u0131ndan hayata ge\u00e7irilmi\u015ftir. 554.937,48 TL destek al\u0131nan proje ile b\u00f6lgesel ve ulusal anlamda s\u00fcrd\u00fcr\u00fclebilir kalk\u0131nma niteliklerine katk\u0131da bulunulmas\u0131, sadece \u00f6\u011frenci d\u00fczeyinde de\u011fil ayn\u0131 zamanda kurum ve kurulu\u015flar ile ortak proje hedefi ve co\u011frafi bilgi sistemleri deneyimine sahip \u00f6\u011frenciler yeti\u015ftirilmesi ama\u00e7lanm\u0131\u015ft\u0131r. <\/span><\/p><p class=\"MsoNormal\" style=\"text-indent: 1.0cm;line-height: 150%\"><span style=\"color: black\">E\u011fitim-\u00d6\u011fretim s\u00fcre\u00e7lerindeki ihtiya\u00e7lar\u0131n kar\u015f\u0131lanmas\u0131 ve \u00e7e\u015fitli ama\u00e7larla yap\u0131lan toplant\u0131, etkinlik vb. durumlar ger\u00e7ekle\u015ftirilmesi ama\u00e7l\u0131 co\u011frafya b\u00f6l\u00fcm\u00fcnde 1 adet toplant\u0131 odas\u0131 bulunmaktad\u0131r. Ayr\u0131ca Co\u011frafya biliminin temel yap\u0131s\u0131n\u0131 olu\u015fturan fiziki co\u011frafya konular\u0131na ili\u015fkin ders esnas\u0131nda ve sonras\u0131nda \u00f6\u011frencilere g\u00f6rsel \u00f6\u011frenmeyi destekleme ama\u00e7l\u0131 \u00e7e\u015fitli kaya\u00e7 ve minerallerin yer ald\u0131\u011f\u0131 kaya\u00e7 ve mineral sergi alan\u0131 bulunmaktad\u0131r<\/span><\/p>\t\t\t\t\t\t\t\t<\/div>\n\t\t\t\t<\/div>\n\t\t\t\t\t<\/div>\n\t\t<\/div>\n\t\t\t\t\t<\/div>\n\t\t<\/section>\n\t\t\t\t<section class=\"elementor-section elementor-top-section elementor-element elementor-element-587a455 elementor-section-boxed elementor-section-height-default elementor-section-height-default\" data-id=\"587a455\" data-element_type=\"section\">\n\t\t\t\t\t\t<div class=\"elementor-container elementor-column-gap-default\">\n\t\t\t\t\t<div class=\"elementor-column elementor-col-33 elementor-top-column elementor-element elementor-element-60ff653\" data-id=\"60ff653\" data-element_type=\"column\">\n\t\t\t<div class=\"elementor-widget-wrap elementor-element-populated\">\n\t\t\t\t\t\t<div class=\"elementor-element elementor-element-ed70720 elementor-widget elementor-widget-image\" data-id=\"ed70720\" data-element_type=\"widget\" data-widget_type=\"image.default\">\n\t\t\t\t<div class=\"elementor-widget-container\">\n\t\t\t\t\t\t\t\t\t\t\t\t\t\t\t<img fetchpriority=\"high\" decoding=\"async\" width=\"1200\" height=\"675\" src=\"https:\/\/atauni.edu.tr\/cografya\/wp-content\/uploads\/sites\/93\/2024\/08\/WhatsApp-Image-2024-08-15-at-16.42.16-scaled.jpeg\" class=\"attachment-egovt-large size-egovt-large wp-image-8327\" alt=\"\" srcset=\"https:\/\/atauni.edu.tr\/cografya\/wp-content\/uploads\/sites\/93\/2024\/08\/WhatsApp-Image-2024-08-15-at-16.42.16-scaled.jpeg 2560w, https:\/\/atauni.edu.tr\/cografya\/wp-content\/uploads\/sites\/93\/2024\/08\/WhatsApp-Image-2024-08-15-at-16.42.16-300x169.jpeg 300w, https:\/\/atauni.edu.tr\/cografya\/wp-content\/uploads\/sites\/93\/2024\/08\/WhatsApp-Image-2024-08-15-at-16.42.16-1024x576.jpeg 1024w, https:\/\/atauni.edu.tr\/cografya\/wp-content\/uploads\/sites\/93\/2024\/08\/WhatsApp-Image-2024-08-15-at-16.42.16-768x432.jpeg 768w, https:\/\/atauni.edu.tr\/cografya\/wp-content\/uploads\/sites\/93\/2024\/08\/WhatsApp-Image-2024-08-15-at-16.42.16-1536x864.jpeg 1536w, https:\/\/atauni.edu.tr\/cografya\/wp-content\/uploads\/sites\/93\/2024\/08\/WhatsApp-Image-2024-08-15-at-16.42.16-2048x1152.jpeg 2048w, https:\/\/atauni.edu.tr\/cografya\/wp-content\/uploads\/sites\/93\/2024\/08\/WhatsApp-Image-2024-08-15-at-16.42.16-600x338.jpeg 600w, https:\/\/atauni.edu.tr\/cografya\/wp-content\/uploads\/sites\/93\/2024\/08\/WhatsApp-Image-2024-08-15-at-16.42.16-560x315.jpeg 560w\" sizes=\"(max-width: 1200px) 100vw, 1200px\" \/>\t\t\t\t\t\t\t\t\t\t\t\t\t\t\t<\/div>\n\t\t\t\t<\/div>\n\t\t\t\t\t<\/div>\n\t\t<\/div>\n\t\t\t\t<div class=\"elementor-column elementor-col-33 elementor-top-column elementor-element elementor-element-55c7e80\" data-id=\"55c7e80\" data-element_type=\"column\">\n\t\t\t<div class=\"elementor-widget-wrap elementor-element-populated\">\n\t\t\t\t\t\t<div class=\"elementor-element elementor-element-ff5fed3 elementor-widget elementor-widget-image\" data-id=\"ff5fed3\" data-element_type=\"widget\" data-widget_type=\"image.default\">\n\t\t\t\t<div class=\"elementor-widget-container\">\n\t\t\t\t\t\t\t\t\t\t\t\t\t\t\t<img decoding=\"async\" width=\"1024\" height=\"662\" src=\"https:\/\/atauni.edu.tr\/cografya\/wp-content\/uploads\/sites\/93\/2024\/08\/WhatsApp-Image-2024-08-15-at-16.44.03-scaled-e1725530670910-1024x662.jpeg\" class=\"attachment-large size-large wp-image-8329\" alt=\"\" srcset=\"https:\/\/atauni.edu.tr\/cografya\/wp-content\/uploads\/sites\/93\/2024\/08\/WhatsApp-Image-2024-08-15-at-16.44.03-scaled-e1725530670910-1024x662.jpeg 1024w, https:\/\/atauni.edu.tr\/cografya\/wp-content\/uploads\/sites\/93\/2024\/08\/WhatsApp-Image-2024-08-15-at-16.44.03-scaled-e1725530670910-300x194.jpeg 300w, https:\/\/atauni.edu.tr\/cografya\/wp-content\/uploads\/sites\/93\/2024\/08\/WhatsApp-Image-2024-08-15-at-16.44.03-scaled-e1725530670910-768x496.jpeg 768w, https:\/\/atauni.edu.tr\/cografya\/wp-content\/uploads\/sites\/93\/2024\/08\/WhatsApp-Image-2024-08-15-at-16.44.03-scaled-e1725530670910-1536x993.jpeg 1536w, https:\/\/atauni.edu.tr\/cografya\/wp-content\/uploads\/sites\/93\/2024\/08\/WhatsApp-Image-2024-08-15-at-16.44.03-scaled-e1725530670910-600x388.jpeg 600w, https:\/\/atauni.edu.tr\/cografya\/wp-content\/uploads\/sites\/93\/2024\/08\/WhatsApp-Image-2024-08-15-at-16.44.03-scaled-e1725530670910-560x362.jpeg 560w, https:\/\/atauni.edu.tr\/cografya\/wp-content\/uploads\/sites\/93\/2024\/08\/WhatsApp-Image-2024-08-15-at-16.44.03-scaled-e1725530670910.jpeg 1920w\" sizes=\"(max-width: 1024px) 100vw, 1024px\" \/>\t\t\t\t\t\t\t\t\t\t\t\t\t\t\t<\/div>\n\t\t\t\t<\/div>\n\t\t\t\t\t<\/div>\n\t\t<\/div>\n\t\t\t\t<div class=\"elementor-column elementor-col-33 elementor-top-column elementor-element elementor-element-3a7d4e0\" data-id=\"3a7d4e0\" data-element_type=\"column\">\n\t\t\t<div class=\"elementor-widget-wrap elementor-element-populated\">\n\t\t\t\t\t\t<div class=\"elementor-element elementor-element-e8e7ff2 elementor-widget elementor-widget-image\" data-id=\"e8e7ff2\" data-element_type=\"widget\" data-widget_type=\"image.default\">\n\t\t\t\t<div class=\"elementor-widget-container\">\n\t\t\t\t\t\t\t\t\t\t\t\t\t\t\t<img decoding=\"async\" width=\"1024\" height=\"575\" src=\"https:\/\/atauni.edu.tr\/cografya\/wp-content\/uploads\/sites\/93\/2021\/11\/CCC.jpg\" class=\"attachment-large size-large wp-image-6288\" alt=\"\" srcset=\"https:\/\/atauni.edu.tr\/cografya\/wp-content\/uploads\/sites\/93\/2021\/11\/CCC.jpg 1024w, https:\/\/atauni.edu.tr\/cografya\/wp-content\/uploads\/sites\/93\/2021\/11\/CCC-300x168.jpg 300w, https:\/\/atauni.edu.tr\/cografya\/wp-content\/uploads\/sites\/93\/2021\/11\/CCC-768x431.jpg 768w, https:\/\/atauni.edu.tr\/cografya\/wp-content\/uploads\/sites\/93\/2021\/11\/CCC-600x337.jpg 600w, https:\/\/atauni.edu.tr\/cografya\/wp-content\/uploads\/sites\/93\/2021\/11\/CCC-560x314.jpg 560w\" sizes=\"(max-width: 1024px) 100vw, 1024px\" \/>\t\t\t\t\t\t\t\t\t\t\t\t\t\t\t<\/div>\n\t\t\t\t<\/div>\n\t\t\t\t\t<\/div>\n\t\t<\/div>\n\t\t\t\t\t<\/div>\n\t\t<\/section>\n\t\t\t\t<section class=\"elementor-section elementor-top-section elementor-element elementor-element-da94abf elementor-section-boxed elementor-section-height-default elementor-section-height-default\" data-id=\"da94abf\" data-element_type=\"section\">\n\t\t\t\t\t\t<div class=\"elementor-container elementor-column-gap-default\">\n\t\t\t\t\t<div class=\"elementor-column elementor-col-50 elementor-top-column elementor-element elementor-element-7eb567e\" data-id=\"7eb567e\" data-element_type=\"column\">\n\t\t\t<div class=\"elementor-widget-wrap elementor-element-populated\">\n\t\t\t\t\t\t<div class=\"elementor-element elementor-element-4cdb593 elementor-widget elementor-widget-image\" data-id=\"4cdb593\" data-element_type=\"widget\" data-widget_type=\"image.default\">\n\t\t\t\t<div class=\"elementor-widget-container\">\n\t\t\t\t\t\t\t\t\t\t\t\t\t\t\t<img loading=\"lazy\" decoding=\"async\" width=\"1024\" height=\"768\" src=\"https:\/\/atauni.edu.tr\/cografya\/wp-content\/uploads\/sites\/93\/2024\/08\/WhatsApp-Image-2024-08-15-at-16.40.11-1024x768.jpeg\" class=\"attachment-large size-large wp-image-8323\" alt=\"\" srcset=\"https:\/\/atauni.edu.tr\/cografya\/wp-content\/uploads\/sites\/93\/2024\/08\/WhatsApp-Image-2024-08-15-at-16.40.11-1024x768.jpeg 1024w, https:\/\/atauni.edu.tr\/cografya\/wp-content\/uploads\/sites\/93\/2024\/08\/WhatsApp-Image-2024-08-15-at-16.40.11-300x225.jpeg 300w, https:\/\/atauni.edu.tr\/cografya\/wp-content\/uploads\/sites\/93\/2024\/08\/WhatsApp-Image-2024-08-15-at-16.40.11-768x576.jpeg 768w, https:\/\/atauni.edu.tr\/cografya\/wp-content\/uploads\/sites\/93\/2024\/08\/WhatsApp-Image-2024-08-15-at-16.40.11-1536x1152.jpeg 1536w, https:\/\/atauni.edu.tr\/cografya\/wp-content\/uploads\/sites\/93\/2024\/08\/WhatsApp-Image-2024-08-15-at-16.40.11-2048x1536.jpeg 2048w, https:\/\/atauni.edu.tr\/cografya\/wp-content\/uploads\/sites\/93\/2024\/08\/WhatsApp-Image-2024-08-15-at-16.40.11-600x450.jpeg 600w, https:\/\/atauni.edu.tr\/cografya\/wp-content\/uploads\/sites\/93\/2024\/08\/WhatsApp-Image-2024-08-15-at-16.40.11-560x420.jpeg 560w\" sizes=\"(max-width: 1024px) 100vw, 1024px\" \/>\t\t\t\t\t\t\t\t\t\t\t\t\t\t\t<\/div>\n\t\t\t\t<\/div>\n\t\t\t\t\t<\/div>\n\t\t<\/div>\n\t\t\t\t<div class=\"elementor-column elementor-col-50 elementor-top-column elementor-element elementor-element-78c1485\" data-id=\"78c1485\" data-element_type=\"column\">\n\t\t\t<div class=\"elementor-widget-wrap elementor-element-populated\">\n\t\t\t\t\t\t<div class=\"elementor-element elementor-element-44857e0 elementor-widget elementor-widget-image\" data-id=\"44857e0\" data-element_type=\"widget\" data-widget_type=\"image.default\">\n\t\t\t\t<div class=\"elementor-widget-container\">\n\t\t\t\t\t\t\t\t\t\t\t\t\t\t\t<img loading=\"lazy\" decoding=\"async\" width=\"1024\" height=\"768\" src=\"https:\/\/atauni.edu.tr\/cografya\/wp-content\/uploads\/sites\/93\/2024\/08\/WhatsApp-Image-2024-08-15-at-16.39.22-1024x768.jpeg\" class=\"attachment-large size-large wp-image-8322\" alt=\"\" srcset=\"https:\/\/atauni.edu.tr\/cografya\/wp-content\/uploads\/sites\/93\/2024\/08\/WhatsApp-Image-2024-08-15-at-16.39.22-1024x768.jpeg 1024w, https:\/\/atauni.edu.tr\/cografya\/wp-content\/uploads\/sites\/93\/2024\/08\/WhatsApp-Image-2024-08-15-at-16.39.22-300x225.jpeg 300w, https:\/\/atauni.edu.tr\/cografya\/wp-content\/uploads\/sites\/93\/2024\/08\/WhatsApp-Image-2024-08-15-at-16.39.22-768x576.jpeg 768w, https:\/\/atauni.edu.tr\/cografya\/wp-content\/uploads\/sites\/93\/2024\/08\/WhatsApp-Image-2024-08-15-at-16.39.22-1536x1152.jpeg 1536w, https:\/\/atauni.edu.tr\/cografya\/wp-content\/uploads\/sites\/93\/2024\/08\/WhatsApp-Image-2024-08-15-at-16.39.22-2048x1536.jpeg 2048w, https:\/\/atauni.edu.tr\/cografya\/wp-content\/uploads\/sites\/93\/2024\/08\/WhatsApp-Image-2024-08-15-at-16.39.22-600x450.jpeg 600w, https:\/\/atauni.edu.tr\/cografya\/wp-content\/uploads\/sites\/93\/2024\/08\/WhatsApp-Image-2024-08-15-at-16.39.22-560x420.jpeg 560w\" sizes=\"(max-width: 1024px) 100vw, 1024px\" \/>\t\t\t\t\t\t\t\t\t\t\t\t\t\t\t<\/div>\n\t\t\t\t<\/div>\n\t\t\t\t\t<\/div>\n\t\t<\/div>\n\t\t\t\t\t<\/div>\n\t\t<\/section>\n\t\t\t\t<\/div>\n\t\t","protected":false},"excerpt":{"rendered":"<p>B\u00f6l\u00fcm Tan\u0131t\u0131m\u0131 Co\u011frafya B\u00f6l\u00fcm\u00fc, Atat\u00fcrk \u00dcniversitesi\u2019nin Bat\u0131 Kamp\u00fcs Alan\u0131\u2019nda 2019 y\u0131l\u0131nda in\u015fas\u0131 tamamlanarak e\u011fitim-\u00f6\u011fretime haz\u0131r hale getirilen Edebiyat Fak\u00fcltesi\u2019nin 3. Kat bat\u0131 ayr\u0131m\u0131nda \u00f6\u011fretim \u00fcyesi ofisleri, derslik ve laboratuvar olarak kullan\u0131lan toplamda yakla\u015f\u0131k 7500 metrekarelik bir alanda e\u011fitim ve ara\u015ft\u0131rma faaliyetlerini s\u00fcrd\u00fcrmektedir. Co\u011frafya\u00a0B\u00f6l\u00fcm\u00fc\u2019nde \u00e7al\u0131\u015fma ofisi odalar\u0131 ve bilgisayar laboratuvar\u0131 aktif olarak\u00a0kullan\u0131lmaktad\u0131r. T\u00fcm ofisler elektrik kesintilerine [&hellip;]<\/p>\n","protected":false},"author":1,"featured_media":0,"parent":0,"menu_order":0,"comment_status":"closed","ping_status":"closed","template":"elementor_header_footer","meta":{"footnotes":""},"class_list":["post-5728","page","type-page","status-publish","hentry"],"_links":{"self":[{"href":"https:\/\/atauni.edu.tr\/cografya\/wp-json\/wp\/v2\/pages\/5728","targetHints":{"allow":["GET"]}}],"collection":[{"href":"https:\/\/atauni.edu.tr\/cografya\/wp-json\/wp\/v2\/pages"}],"about":[{"href":"https:\/\/atauni.edu.tr\/cografya\/wp-json\/wp\/v2\/types\/page"}],"author":[{"embeddable":true,"href":"https:\/\/atauni.edu.tr\/cografya\/wp-json\/wp\/v2\/users\/1"}],"replies":[{"embeddable":true,"href":"https:\/\/atauni.edu.tr\/cografya\/wp-json\/wp\/v2\/comments?post=5728"}],"version-history":[{"count":20,"href":"https:\/\/atauni.edu.tr\/cografya\/wp-json\/wp\/v2\/pages\/5728\/revisions"}],"predecessor-version":[{"id":9340,"href":"https:\/\/atauni.edu.tr\/cografya\/wp-json\/wp\/v2\/pages\/5728\/revisions\/9340"}],"wp:attachment":[{"href":"https:\/\/atauni.edu.tr\/cografya\/wp-json\/wp\/v2\/media?parent=5728"}],"curies":[{"name":"wp","href":"https:\/\/api.w.org\/{rel}","templated":true}]}}