{"id":5734,"date":"2021-07-13T11:37:45","date_gmt":"2021-07-13T08:37:45","guid":{"rendered":"https:\/\/portaltest.atauni.edu.tr\/bilgisayar-muhendisligi\/?page_id=5734"},"modified":"2022-03-01T15:16:11","modified_gmt":"2022-03-01T12:16:11","slug":"ogrenci-deneyimi","status":"publish","type":"page","link":"https:\/\/atauni.edu.tr\/cografya\/ogrenci-deneyimi\/","title":{"rendered":"\u00d6\u011frenci Deneyimi"},"content":{"rendered":"<h2>\u00d6\u011frenci Deneyimi<\/h2>\n<p>Mezun bilgi sistemi ve Co\u011frafya b\u00f6l\u00fcm\u00fc taraf\u0131ndan ger\u00e7ekle\u015ftirilen g\u00f6r\u00fc\u015fmeler ve anketler kapsam\u0131nda \u00f6\u011frenci deneyimleri sonu\u00e7lar\u0131 bu alanda yer alacakt\u0131r.<\/p>\n","protected":false},"excerpt":{"rendered":"<p>\u00d6\u011frenci Deneyimi Mezun bilgi sistemi ve Co\u011frafya b\u00f6l\u00fcm\u00fc taraf\u0131ndan ger\u00e7ekle\u015ftirilen g\u00f6r\u00fc\u015fmeler ve anketler kapsam\u0131nda \u00f6\u011frenci deneyimleri sonu\u00e7lar\u0131 bu alanda yer alacakt\u0131r.<\/p>\n","protected":false},"author":1,"featured_media":0,"parent":0,"menu_order":0,"comment_status":"closed","ping_status":"closed","template":"elementor_header_footer","meta":{"footnotes":""},"class_list":["post-5734","page","type-page","status-publish","hentry"],"_links":{"self":[{"href":"https:\/\/atauni.edu.tr\/cografya\/wp-json\/wp\/v2\/pages\/5734","targetHints":{"allow":["GET"]}}],"collection":[{"href":"https:\/\/atauni.edu.tr\/cografya\/wp-json\/wp\/v2\/pages"}],"about":[{"href":"https:\/\/atauni.edu.tr\/cografya\/wp-json\/wp\/v2\/types\/page"}],"author":[{"embeddable":true,"href":"https:\/\/atauni.edu.tr\/cografya\/wp-json\/wp\/v2\/users\/1"}],"replies":[{"embeddable":true,"href":"https:\/\/atauni.edu.tr\/cografya\/wp-json\/wp\/v2\/comments?post=5734"}],"version-history":[{"count":30,"href":"https:\/\/atauni.edu.tr\/cografya\/wp-json\/wp\/v2\/pages\/5734\/revisions"}],"predecessor-version":[{"id":6520,"href":"https:\/\/atauni.edu.tr\/cografya\/wp-json\/wp\/v2\/pages\/5734\/revisions\/6520"}],"wp:attachment":[{"href":"https:\/\/atauni.edu.tr\/cografya\/wp-json\/wp\/v2\/media?parent=5734"}],"curies":[{"name":"wp","href":"https:\/\/api.w.org\/{rel}","templated":true}]}}