{"id":6071,"date":"2021-08-27T15:45:02","date_gmt":"2021-08-27T12:45:02","guid":{"rendered":"http:\/\/birimler.atauni.edu.tr\/cografya\/?page_id=6071"},"modified":"2021-11-23T16:35:48","modified_gmt":"2021-11-23T13:35:48","slug":"bolum-kurulu-kararlari","status":"publish","type":"page","link":"https:\/\/atauni.edu.tr\/cografya\/bolum-kurulu-kararlari\/","title":{"rendered":"B\u00f6l\u00fcm Kurulu Kararlar\u0131"},"content":{"rendered":"<h2>B\u00f6l\u00fcm Kurulu Kararlar\u0131<\/h2>\n<p>Atat\u00fcrk \u00dcniversitesi Edebiyat Fak\u00fcltesi Co\u011frafya B\u00f6l\u00fcm\u00fc, B\u00f6l\u00fcm Kurul Kararlar\u0131 sayfas\u0131 s\u00fcre\u00e7 i\u00e7inde g\u00fcncellenecektir. Sayfa tasar\u0131m a\u015famas\u0131 devam etmektedir.<\/p>\n","protected":false},"excerpt":{"rendered":"<p>B\u00f6l\u00fcm Kurulu Kararlar\u0131 Atat\u00fcrk \u00dcniversitesi Edebiyat Fak\u00fcltesi Co\u011frafya B\u00f6l\u00fcm\u00fc, B\u00f6l\u00fcm Kurul Kararlar\u0131 sayfas\u0131 s\u00fcre\u00e7 i\u00e7inde g\u00fcncellenecektir. Sayfa tasar\u0131m a\u015famas\u0131 devam etmektedir.<\/p>\n","protected":false},"author":1,"featured_media":0,"parent":0,"menu_order":0,"comment_status":"closed","ping_status":"closed","template":"elementor_header_footer","meta":{"footnotes":""},"class_list":["post-6071","page","type-page","status-publish","hentry"],"_links":{"self":[{"href":"https:\/\/atauni.edu.tr\/cografya\/wp-json\/wp\/v2\/pages\/6071","targetHints":{"allow":["GET"]}}],"collection":[{"href":"https:\/\/atauni.edu.tr\/cografya\/wp-json\/wp\/v2\/pages"}],"about":[{"href":"https:\/\/atauni.edu.tr\/cografya\/wp-json\/wp\/v2\/types\/page"}],"author":[{"embeddable":true,"href":"https:\/\/atauni.edu.tr\/cografya\/wp-json\/wp\/v2\/users\/1"}],"replies":[{"embeddable":true,"href":"https:\/\/atauni.edu.tr\/cografya\/wp-json\/wp\/v2\/comments?post=6071"}],"version-history":[{"count":11,"href":"https:\/\/atauni.edu.tr\/cografya\/wp-json\/wp\/v2\/pages\/6071\/revisions"}],"predecessor-version":[{"id":6207,"href":"https:\/\/atauni.edu.tr\/cografya\/wp-json\/wp\/v2\/pages\/6071\/revisions\/6207"}],"wp:attachment":[{"href":"https:\/\/atauni.edu.tr\/cografya\/wp-json\/wp\/v2\/media?parent=6071"}],"curies":[{"name":"wp","href":"https:\/\/api.w.org\/{rel}","templated":true}]}}