{"id":6141,"date":"2021-11-23T15:28:01","date_gmt":"2021-11-23T12:28:01","guid":{"rendered":"https:\/\/birimler.atauni.edu.tr\/cografya\/?page_id=6141"},"modified":"2022-12-06T15:15:26","modified_gmt":"2022-12-06T12:15:26","slug":"cografi-bilgi-sistemleri","status":"publish","type":"page","link":"https:\/\/atauni.edu.tr\/cografya\/cografi-bilgi-sistemleri\/","title":{"rendered":"CBS"},"content":{"rendered":"<p>Co\u011frafi Bilgi Sistemleri tabanl\u0131 Lisans ve Lisans\u00fcst\u00fc \u00f6\u011frencileri i\u00e7in gerekli olan verilerin edinilmesi ama\u00e7l\u0131 \u00e7e\u015fitli alt b\u00f6l\u00fcmleri bulunan bu alandan faydalanabilirsiniz.<\/p>\n","protected":false},"excerpt":{"rendered":"<p>Co\u011frafi Bilgi Sistemleri tabanl\u0131 Lisans ve Lisans\u00fcst\u00fc \u00f6\u011frencileri i\u00e7in gerekli olan verilerin edinilmesi ama\u00e7l\u0131 \u00e7e\u015fitli alt b\u00f6l\u00fcmleri bulunan bu alandan faydalanabilirsiniz.<\/p>\n","protected":false},"author":82,"featured_media":0,"parent":0,"menu_order":0,"comment_status":"closed","ping_status":"closed","template":"","meta":{"footnotes":""},"class_list":["post-6141","page","type-page","status-publish","hentry"],"_links":{"self":[{"href":"https:\/\/atauni.edu.tr\/cografya\/wp-json\/wp\/v2\/pages\/6141","targetHints":{"allow":["GET"]}}],"collection":[{"href":"https:\/\/atauni.edu.tr\/cografya\/wp-json\/wp\/v2\/pages"}],"about":[{"href":"https:\/\/atauni.edu.tr\/cografya\/wp-json\/wp\/v2\/types\/page"}],"author":[{"embeddable":true,"href":"https:\/\/atauni.edu.tr\/cografya\/wp-json\/wp\/v2\/users\/82"}],"replies":[{"embeddable":true,"href":"https:\/\/atauni.edu.tr\/cografya\/wp-json\/wp\/v2\/comments?post=6141"}],"version-history":[{"count":25,"href":"https:\/\/atauni.edu.tr\/cografya\/wp-json\/wp\/v2\/pages\/6141\/revisions"}],"predecessor-version":[{"id":7094,"href":"https:\/\/atauni.edu.tr\/cografya\/wp-json\/wp\/v2\/pages\/6141\/revisions\/7094"}],"wp:attachment":[{"href":"https:\/\/atauni.edu.tr\/cografya\/wp-json\/wp\/v2\/media?parent=6141"}],"curies":[{"name":"wp","href":"https:\/\/api.w.org\/{rel}","templated":true}]}}