{"id":6172,"date":"2021-11-23T15:57:40","date_gmt":"2021-11-23T12:57:40","guid":{"rendered":"https:\/\/birimler.atauni.edu.tr\/cografya\/?page_id=6172"},"modified":"2021-11-23T16:00:13","modified_gmt":"2021-11-23T13:00:13","slug":"nasa-uydu-goruntusu-veri-platformu","status":"publish","type":"page","link":"https:\/\/atauni.edu.tr\/cografya\/nasa-uydu-goruntusu-veri-platformu\/","title":{"rendered":"Nasa Uydu G\u00f6r\u00fcnt\u00fcs\u00fc Veri Platformu"},"content":{"rendered":"<p><a role=\"button\" href=\"https:\/\/worldview.earthdata.nasa.gov\/\"><br \/>\nSite Eri\u015fimi \u0130\u00e7in Butona T\u0131klay\u0131n<br \/>\n<\/a><\/p>\n","protected":false},"excerpt":{"rendered":"<p>Site Eri\u015fimi \u0130\u00e7in Butona T\u0131klay\u0131n<\/p>\n","protected":false},"author":82,"featured_media":0,"parent":0,"menu_order":0,"comment_status":"closed","ping_status":"closed","template":"","meta":{"footnotes":""},"class_list":["post-6172","page","type-page","status-publish","hentry"],"_links":{"self":[{"href":"https:\/\/atauni.edu.tr\/cografya\/wp-json\/wp\/v2\/pages\/6172","targetHints":{"allow":["GET"]}}],"collection":[{"href":"https:\/\/atauni.edu.tr\/cografya\/wp-json\/wp\/v2\/pages"}],"about":[{"href":"https:\/\/atauni.edu.tr\/cografya\/wp-json\/wp\/v2\/types\/page"}],"author":[{"embeddable":true,"href":"https:\/\/atauni.edu.tr\/cografya\/wp-json\/wp\/v2\/users\/82"}],"replies":[{"embeddable":true,"href":"https:\/\/atauni.edu.tr\/cografya\/wp-json\/wp\/v2\/comments?post=6172"}],"version-history":[{"count":6,"href":"https:\/\/atauni.edu.tr\/cografya\/wp-json\/wp\/v2\/pages\/6172\/revisions"}],"predecessor-version":[{"id":6179,"href":"https:\/\/atauni.edu.tr\/cografya\/wp-json\/wp\/v2\/pages\/6172\/revisions\/6179"}],"wp:attachment":[{"href":"https:\/\/atauni.edu.tr\/cografya\/wp-json\/wp\/v2\/media?parent=6172"}],"curies":[{"name":"wp","href":"https:\/\/api.w.org\/{rel}","templated":true}]}}