{"id":6496,"date":"2022-03-01T10:57:06","date_gmt":"2022-03-01T07:57:06","guid":{"rendered":"https:\/\/birimler.atauni.edu.tr\/cografya\/?page_id=6496"},"modified":"2025-01-16T09:38:16","modified_gmt":"2025-01-16T06:38:16","slug":"laboratuvarlar","status":"publish","type":"page","link":"https:\/\/atauni.edu.tr\/cografya\/laboratuvarlar\/","title":{"rendered":"Laboratuvarlar"},"content":{"rendered":"\t\t<div data-elementor-type=\"wp-page\" data-elementor-id=\"6496\" class=\"elementor elementor-6496\" data-elementor-post-type=\"page\">\n\t\t\t\t\t\t<section class=\"elementor-section elementor-top-section elementor-element elementor-element-409277a elementor-section-boxed elementor-section-height-default elementor-section-height-default\" data-id=\"409277a\" data-element_type=\"section\">\n\t\t\t\t\t\t<div class=\"elementor-container elementor-column-gap-default\">\n\t\t\t\t\t<div class=\"elementor-column elementor-col-100 elementor-top-column elementor-element elementor-element-81a6db9\" data-id=\"81a6db9\" data-element_type=\"column\">\n\t\t\t<div class=\"elementor-widget-wrap elementor-element-populated\">\n\t\t\t\t\t\t<div class=\"elementor-element elementor-element-e440a44 elementor-widget elementor-widget-text-editor\" data-id=\"e440a44\" data-element_type=\"widget\" data-widget_type=\"text-editor.default\">\n\t\t\t\t<div class=\"elementor-widget-container\">\n\t\t\t\t\t\t\t\t\t<p><span style=\"color: #000000;text-align: justify;text-indent: 37.7953px\">Co\u011frafya b\u00f6l\u00fcm\u00fc \u00f6\u011frencilerinin program ama\u00e7 ve hedeflerine uygun olarak \u00e7ok y\u00f6nl\u00fc geli\u015fimi, mezuniyet sonras\u0131ndaki i\u015f hayat\u0131na ba\u015flama ve kendini geli\u015ftirme kapsam\u0131nda Co\u011frafi Bilgi Sistemlerinin uygulamal\u0131 olarak \u00f6\u011fretilmesi, Uzaktan alg\u0131lama s\u00fcre\u00e7lerinin deneyimlenmesi ama\u00e7l\u0131 b\u00f6l\u00fcmde bir laboratuvar bulunmaktad\u0131r. Bu laboratuvar 2020-2021 y\u0131llar\u0131 aras\u0131nda y\u00fcr\u00fct\u00fcc\u00fcl\u00fc\u011f\u00fcn\u00fc Co\u011frafya B\u00f6l\u00fcm\u00fc \u00f6\u011fretim \u00fcyelerinin yapt\u0131\u011f\u0131, SBG-2020-8455 kodlu Co\u011frafya B\u00f6l\u00fcm\u00fcn\u00fcn Co\u011frafi Bilgi Sistemleri ve Uzaktan Alg\u0131lama Konusundaki Ara\u015ft\u0131rma Altyap\u0131s\u0131n\u0131n Geli\u015ftirilmesi projesi ile Atat\u00fcrk \u00dcniversitesi Rekt\u00f6rl\u00fc\u011f\u00fc Bilimsel Ara\u015ft\u0131rmalar Proje Birimi taraf\u0131ndan hayata ge\u00e7irilmi\u015ftir. Desteklenen proje ile b\u00f6lgesel ve ulusal anlamda s\u00fcrd\u00fcr\u00fclebilir kalk\u0131nma niteliklerine katk\u0131da bulunulmas\u0131, sadece \u00f6\u011frenci d\u00fczeyinde de\u011fil ayn\u0131 zamanda kurum ve kurulu\u015flar ile ortak proje hedefi ve co\u011frafi bilgi sistemleri deneyimine sahip \u00f6\u011frenciler yeti\u015ftirilmesi ama\u00e7lanm\u0131\u015ft\u0131r. <\/span><span style=\"color: #000000;text-align: justify;text-indent: 37.7953px;letter-spacing: 0px\">Co\u011frafi Bilgi Sistemleri ve Uzaktan Alg\u0131lama Laboratuvar\u0131nda 34 adet yeni nesil bilgisayar bulunmaktad\u0131r.<\/span><\/p>\t\t\t\t\t\t\t\t<\/div>\n\t\t\t\t<\/div>\n\t\t\t\t\t<\/div>\n\t\t<\/div>\n\t\t\t\t\t<\/div>\n\t\t<\/section>\n\t\t\t\t<section class=\"elementor-section elementor-top-section elementor-element elementor-element-1dbe4c8 elementor-section-boxed elementor-section-height-default elementor-section-height-default\" data-id=\"1dbe4c8\" data-element_type=\"section\">\n\t\t\t\t\t\t<div class=\"elementor-container elementor-column-gap-default\">\n\t\t\t\t\t<div class=\"elementor-column elementor-col-100 elementor-top-column elementor-element elementor-element-bf4371b\" data-id=\"bf4371b\" data-element_type=\"column\">\n\t\t\t<div class=\"elementor-widget-wrap elementor-element-populated\">\n\t\t\t\t\t\t<section class=\"elementor-section elementor-inner-section elementor-element elementor-element-8cf4605 elementor-section-boxed elementor-section-height-default elementor-section-height-default\" data-id=\"8cf4605\" data-element_type=\"section\">\n\t\t\t\t\t\t<div class=\"elementor-container elementor-column-gap-default\">\n\t\t\t\t\t<div class=\"elementor-column elementor-col-50 elementor-inner-column elementor-element elementor-element-447fbae\" data-id=\"447fbae\" data-element_type=\"column\">\n\t\t\t<div class=\"elementor-widget-wrap elementor-element-populated\">\n\t\t\t\t\t\t<div class=\"elementor-element elementor-element-238e87d elementor-widget elementor-widget-image\" data-id=\"238e87d\" data-element_type=\"widget\" data-widget_type=\"image.default\">\n\t\t\t\t<div class=\"elementor-widget-container\">\n\t\t\t\t\t\t\t\t\t\t\t\t\t\t\t<img fetchpriority=\"high\" decoding=\"async\" width=\"720\" height=\"480\" src=\"https:\/\/atauni.edu.tr\/cografya\/wp-content\/uploads\/sites\/93\/2021\/11\/1e4bcde3d033c15ccb3c2c45c7f84024.png\" class=\"attachment-large size-large wp-image-6211\" alt=\"\" srcset=\"https:\/\/atauni.edu.tr\/cografya\/wp-content\/uploads\/sites\/93\/2021\/11\/1e4bcde3d033c15ccb3c2c45c7f84024.png 720w, https:\/\/atauni.edu.tr\/cografya\/wp-content\/uploads\/sites\/93\/2021\/11\/1e4bcde3d033c15ccb3c2c45c7f84024-300x200.png 300w, https:\/\/atauni.edu.tr\/cografya\/wp-content\/uploads\/sites\/93\/2021\/11\/1e4bcde3d033c15ccb3c2c45c7f84024-600x400.png 600w, https:\/\/atauni.edu.tr\/cografya\/wp-content\/uploads\/sites\/93\/2021\/11\/1e4bcde3d033c15ccb3c2c45c7f84024-560x373.png 560w\" sizes=\"(max-width: 720px) 100vw, 720px\" \/>\t\t\t\t\t\t\t\t\t\t\t\t\t\t\t<\/div>\n\t\t\t\t<\/div>\n\t\t\t\t\t<\/div>\n\t\t<\/div>\n\t\t\t\t<div class=\"elementor-column elementor-col-50 elementor-inner-column elementor-element elementor-element-9fffcea\" data-id=\"9fffcea\" data-element_type=\"column\">\n\t\t\t<div class=\"elementor-widget-wrap elementor-element-populated\">\n\t\t\t\t\t\t<div class=\"elementor-element elementor-element-aa54c9d elementor-widget elementor-widget-image\" data-id=\"aa54c9d\" data-element_type=\"widget\" data-widget_type=\"image.default\">\n\t\t\t\t<div class=\"elementor-widget-container\">\n\t\t\t\t\t\t\t\t\t\t\t\t\t\t\t<img decoding=\"async\" width=\"1024\" height=\"575\" src=\"https:\/\/atauni.edu.tr\/cografya\/wp-content\/uploads\/sites\/93\/2021\/11\/CCC.jpg\" class=\"attachment-large size-large wp-image-6288\" alt=\"\" srcset=\"https:\/\/atauni.edu.tr\/cografya\/wp-content\/uploads\/sites\/93\/2021\/11\/CCC.jpg 1024w, https:\/\/atauni.edu.tr\/cografya\/wp-content\/uploads\/sites\/93\/2021\/11\/CCC-300x168.jpg 300w, https:\/\/atauni.edu.tr\/cografya\/wp-content\/uploads\/sites\/93\/2021\/11\/CCC-768x431.jpg 768w, https:\/\/atauni.edu.tr\/cografya\/wp-content\/uploads\/sites\/93\/2021\/11\/CCC-600x337.jpg 600w, https:\/\/atauni.edu.tr\/cografya\/wp-content\/uploads\/sites\/93\/2021\/11\/CCC-560x314.jpg 560w\" sizes=\"(max-width: 1024px) 100vw, 1024px\" \/>\t\t\t\t\t\t\t\t\t\t\t\t\t\t\t<\/div>\n\t\t\t\t<\/div>\n\t\t\t\t\t<\/div>\n\t\t<\/div>\n\t\t\t\t\t<\/div>\n\t\t<\/section>\n\t\t\t\t\t<\/div>\n\t\t<\/div>\n\t\t\t\t\t<\/div>\n\t\t<\/section>\n\t\t\t\t<\/div>\n\t\t","protected":false},"excerpt":{"rendered":"<p>Co\u011frafya b\u00f6l\u00fcm\u00fc \u00f6\u011frencilerinin program ama\u00e7 ve hedeflerine uygun olarak \u00e7ok y\u00f6nl\u00fc geli\u015fimi, mezuniyet sonras\u0131ndaki i\u015f hayat\u0131na ba\u015flama ve kendini geli\u015ftirme kapsam\u0131nda Co\u011frafi Bilgi Sistemlerinin uygulamal\u0131 olarak \u00f6\u011fretilmesi, Uzaktan alg\u0131lama s\u00fcre\u00e7lerinin deneyimlenmesi ama\u00e7l\u0131 b\u00f6l\u00fcmde bir laboratuvar bulunmaktad\u0131r. Bu laboratuvar 2020-2021 y\u0131llar\u0131 aras\u0131nda y\u00fcr\u00fct\u00fcc\u00fcl\u00fc\u011f\u00fcn\u00fc Co\u011frafya B\u00f6l\u00fcm\u00fc \u00f6\u011fretim \u00fcyelerinin yapt\u0131\u011f\u0131, SBG-2020-8455 kodlu Co\u011frafya B\u00f6l\u00fcm\u00fcn\u00fcn Co\u011frafi Bilgi Sistemleri ve [&hellip;]<\/p>\n","protected":false},"author":82,"featured_media":0,"parent":0,"menu_order":0,"comment_status":"closed","ping_status":"closed","template":"","meta":{"footnotes":""},"class_list":["post-6496","page","type-page","status-publish","hentry"],"_links":{"self":[{"href":"https:\/\/atauni.edu.tr\/cografya\/wp-json\/wp\/v2\/pages\/6496","targetHints":{"allow":["GET"]}}],"collection":[{"href":"https:\/\/atauni.edu.tr\/cografya\/wp-json\/wp\/v2\/pages"}],"about":[{"href":"https:\/\/atauni.edu.tr\/cografya\/wp-json\/wp\/v2\/types\/page"}],"author":[{"embeddable":true,"href":"https:\/\/atauni.edu.tr\/cografya\/wp-json\/wp\/v2\/users\/82"}],"replies":[{"embeddable":true,"href":"https:\/\/atauni.edu.tr\/cografya\/wp-json\/wp\/v2\/comments?post=6496"}],"version-history":[{"count":11,"href":"https:\/\/atauni.edu.tr\/cografya\/wp-json\/wp\/v2\/pages\/6496\/revisions"}],"predecessor-version":[{"id":8681,"href":"https:\/\/atauni.edu.tr\/cografya\/wp-json\/wp\/v2\/pages\/6496\/revisions\/8681"}],"wp:attachment":[{"href":"https:\/\/atauni.edu.tr\/cografya\/wp-json\/wp\/v2\/media?parent=6496"}],"curies":[{"name":"wp","href":"https:\/\/api.w.org\/{rel}","templated":true}]}}