{"id":6536,"date":"2022-03-01T16:13:40","date_gmt":"2022-03-01T13:13:40","guid":{"rendered":"https:\/\/birimler.atauni.edu.tr\/cografya\/?page_id=6536"},"modified":"2025-11-23T17:55:40","modified_gmt":"2025-11-23T14:55:40","slug":"ogrenci-kulupleri","status":"publish","type":"page","link":"https:\/\/atauni.edu.tr\/cografya\/ogrenci-kulupleri\/","title":{"rendered":"\u00d6\u011frenci Kul\u00fcpleri"},"content":{"rendered":"\t\t<div data-elementor-type=\"wp-page\" data-elementor-id=\"6536\" class=\"elementor elementor-6536\" data-elementor-post-type=\"page\">\n\t\t\t\t\t\t<section class=\"elementor-section elementor-top-section elementor-element elementor-element-c606b56 elementor-section-boxed elementor-section-height-default elementor-section-height-default\" data-id=\"c606b56\" data-element_type=\"section\">\n\t\t\t\t\t\t<div class=\"elementor-container elementor-column-gap-default\">\n\t\t\t\t\t<div class=\"elementor-column elementor-col-100 elementor-top-column elementor-element elementor-element-0710695\" data-id=\"0710695\" data-element_type=\"column\">\n\t\t\t<div class=\"elementor-widget-wrap elementor-element-populated\">\n\t\t\t\t\t\t<div class=\"elementor-element elementor-element-731e671 elementor-widget elementor-widget-text-editor\" data-id=\"731e671\" data-element_type=\"widget\" data-widget_type=\"text-editor.default\">\n\t\t\t\t<div class=\"elementor-widget-container\">\n\t\t\t\t\t\t\t\t\t<p>\u00a02021 y\u0131l\u0131nda kurulan Edebiyat Fak\u00fcltesi Co\u011frafya B\u00f6l\u00fcm\u00fc Kul\u00fcb\u00fc 2022 y\u0131l\u0131nda 93 \u00fcyesi ile aktif olarak sanatsal, k\u00fclt\u00fcrel ve sportif etkinliklere kat\u0131l\u0131m ger\u00e7ekle\u015ftirmektedir.\u00a0<\/p><p>\u00a0<\/p>\t\t\t\t\t\t\t\t<\/div>\n\t\t\t\t<\/div>\n\t\t\t\t<div class=\"elementor-element elementor-element-05bcfa4 elementor-widget elementor-widget-button\" data-id=\"05bcfa4\" data-element_type=\"widget\" data-widget_type=\"button.default\">\n\t\t\t\t<div class=\"elementor-widget-container\">\n\t\t\t\t\t\t\t\t\t<div class=\"elementor-button-wrapper\">\n\t\t\t\t\t<a class=\"elementor-button elementor-button-link elementor-size-sm\" href=\"https:\/\/birimler.atauni.edu.tr\/cografya\/2025\/11\/12\/ataturk-universitesi-biyocesitlilik-muzesi-ziyareti\/\" target=\"_blank\">\n\t\t\t\t\t\t<span class=\"elementor-button-content-wrapper\">\n\t\t\t\t\t\t\t\t\t<span class=\"elementor-button-text\">1 \u00d6rnek kul\u00fcp etkinlikleri i\u00e7in L\u00fctfen TIKLAYINIZ<\/span>\n\t\t\t\t\t<\/span>\n\t\t\t\t\t<\/a>\n\t\t\t\t<\/div>\n\t\t\t\t\t\t\t\t<\/div>\n\t\t\t\t<\/div>\n\t\t\t\t<div class=\"elementor-element elementor-element-5ac5b74 elementor-widget elementor-widget-button\" data-id=\"5ac5b74\" data-element_type=\"widget\" data-widget_type=\"button.default\">\n\t\t\t\t<div class=\"elementor-widget-container\">\n\t\t\t\t\t\t\t\t\t<div class=\"elementor-button-wrapper\">\n\t\t\t\t\t<a class=\"elementor-button elementor-button-link elementor-size-sm\" href=\"https:\/\/birimler.atauni.edu.tr\/cografya\/2025\/11\/19\/arazi-uygulamalari\/\" target=\"_blank\">\n\t\t\t\t\t\t<span class=\"elementor-button-content-wrapper\">\n\t\t\t\t\t\t\t\t\t<span class=\"elementor-button-text\">2 \u00d6rnek kul\u00fcp etkinlikleri i\u00e7in L\u00fctfen TIKLAYINIZ<\/span>\n\t\t\t\t\t<\/span>\n\t\t\t\t\t<\/a>\n\t\t\t\t<\/div>\n\t\t\t\t\t\t\t\t<\/div>\n\t\t\t\t<\/div>\n\t\t\t\t<div class=\"elementor-element elementor-element-e3481ed elementor-widget elementor-widget-button\" data-id=\"e3481ed\" data-element_type=\"widget\" data-widget_type=\"button.default\">\n\t\t\t\t<div class=\"elementor-widget-container\">\n\t\t\t\t\t\t\t\t\t<div class=\"elementor-button-wrapper\">\n\t\t\t\t\t<a class=\"elementor-button elementor-button-link elementor-size-sm\" href=\"https:\/\/birimler.atauni.edu.tr\/cografya\/2025\/11\/03\/cografya-bolumunden-meteoroloji-12-bolge-ve-ata-botanik-bahcesi-teknik-gezisi\/\" target=\"_blank\">\n\t\t\t\t\t\t<span class=\"elementor-button-content-wrapper\">\n\t\t\t\t\t\t\t\t\t<span class=\"elementor-button-text\">3 \u00d6rnek kul\u00fcp etkinlikleri i\u00e7in L\u00fctfen TIKLAYINIZ<\/span>\n\t\t\t\t\t<\/span>\n\t\t\t\t\t<\/a>\n\t\t\t\t<\/div>\n\t\t\t\t\t\t\t\t<\/div>\n\t\t\t\t<\/div>\n\t\t\t\t<div class=\"elementor-element elementor-element-2b361d9 elementor-widget elementor-widget-button\" data-id=\"2b361d9\" data-element_type=\"widget\" data-widget_type=\"button.default\">\n\t\t\t\t<div class=\"elementor-widget-container\">\n\t\t\t\t\t\t\t\t\t<div class=\"elementor-button-wrapper\">\n\t\t\t\t\t<a class=\"elementor-button elementor-button-link elementor-size-sm\" href=\"https:\/\/birimler.atauni.edu.tr\/cografya\/2024\/06\/08\/arazi-calismalari-10-19-mayis-2024\/\" target=\"_blank\">\n\t\t\t\t\t\t<span class=\"elementor-button-content-wrapper\">\n\t\t\t\t\t\t\t\t\t<span class=\"elementor-button-text\">4 \u00d6rnek kul\u00fcp etkinlikleri i\u00e7in L\u00fctfen TIKLAYINIZ<\/span>\n\t\t\t\t\t<\/span>\n\t\t\t\t\t<\/a>\n\t\t\t\t<\/div>\n\t\t\t\t\t\t\t\t<\/div>\n\t\t\t\t<\/div>\n\t\t\t\t<div class=\"elementor-element elementor-element-62e305b elementor-widget elementor-widget-button\" data-id=\"62e305b\" data-element_type=\"widget\" data-widget_type=\"button.default\">\n\t\t\t\t<div class=\"elementor-widget-container\">\n\t\t\t\t\t\t\t\t\t<div class=\"elementor-button-wrapper\">\n\t\t\t\t\t<a class=\"elementor-button elementor-button-link elementor-size-sm\" href=\"https:\/\/birimler.atauni.edu.tr\/cografya\/2025\/11\/12\/genc-cografyacilar-bulusmasi-isimli-toplumsal-duyarlilik-projesi\/\" target=\"_blank\">\n\t\t\t\t\t\t<span class=\"elementor-button-content-wrapper\">\n\t\t\t\t\t\t\t\t\t<span class=\"elementor-button-text\">5 \u00d6rnek kul\u00fcp etkinlikleri i\u00e7in L\u00fctfen TIKLAYINIZ<\/span>\n\t\t\t\t\t<\/span>\n\t\t\t\t\t<\/a>\n\t\t\t\t<\/div>\n\t\t\t\t\t\t\t\t<\/div>\n\t\t\t\t<\/div>\n\t\t\t\t\t<\/div>\n\t\t<\/div>\n\t\t\t\t\t<\/div>\n\t\t<\/section>\n\t\t\t\t<\/div>\n\t\t","protected":false},"excerpt":{"rendered":"<p>\u00a02021 y\u0131l\u0131nda kurulan Edebiyat Fak\u00fcltesi Co\u011frafya B\u00f6l\u00fcm\u00fc Kul\u00fcb\u00fc 2022 y\u0131l\u0131nda 93 \u00fcyesi ile aktif olarak sanatsal, k\u00fclt\u00fcrel ve sportif etkinliklere kat\u0131l\u0131m ger\u00e7ekle\u015ftirmektedir.\u00a0 \u00a0 1 \u00d6rnek kul\u00fcp etkinlikleri i\u00e7in L\u00fctfen TIKLAYINIZ 2 \u00d6rnek kul\u00fcp etkinlikleri i\u00e7in L\u00fctfen TIKLAYINIZ 3 \u00d6rnek kul\u00fcp etkinlikleri i\u00e7in L\u00fctfen TIKLAYINIZ 4 \u00d6rnek kul\u00fcp etkinlikleri i\u00e7in L\u00fctfen TIKLAYINIZ 5 \u00d6rnek kul\u00fcp etkinlikleri [&hellip;]<\/p>\n","protected":false},"author":82,"featured_media":0,"parent":0,"menu_order":0,"comment_status":"closed","ping_status":"closed","template":"","meta":{"footnotes":""},"class_list":["post-6536","page","type-page","status-publish","hentry"],"_links":{"self":[{"href":"https:\/\/atauni.edu.tr\/cografya\/wp-json\/wp\/v2\/pages\/6536","targetHints":{"allow":["GET"]}}],"collection":[{"href":"https:\/\/atauni.edu.tr\/cografya\/wp-json\/wp\/v2\/pages"}],"about":[{"href":"https:\/\/atauni.edu.tr\/cografya\/wp-json\/wp\/v2\/types\/page"}],"author":[{"embeddable":true,"href":"https:\/\/atauni.edu.tr\/cografya\/wp-json\/wp\/v2\/users\/82"}],"replies":[{"embeddable":true,"href":"https:\/\/atauni.edu.tr\/cografya\/wp-json\/wp\/v2\/comments?post=6536"}],"version-history":[{"count":13,"href":"https:\/\/atauni.edu.tr\/cografya\/wp-json\/wp\/v2\/pages\/6536\/revisions"}],"predecessor-version":[{"id":9472,"href":"https:\/\/atauni.edu.tr\/cografya\/wp-json\/wp\/v2\/pages\/6536\/revisions\/9472"}],"wp:attachment":[{"href":"https:\/\/atauni.edu.tr\/cografya\/wp-json\/wp\/v2\/media?parent=6536"}],"curies":[{"name":"wp","href":"https:\/\/api.w.org\/{rel}","templated":true}]}}