{"id":7068,"date":"2022-11-29T14:52:15","date_gmt":"2022-11-29T11:52:15","guid":{"rendered":"https:\/\/birimler.atauni.edu.tr\/cografya\/?page_id=7068"},"modified":"2025-11-24T09:48:01","modified_gmt":"2025-11-24T06:48:01","slug":"oryantasyon-programi","status":"publish","type":"page","link":"https:\/\/atauni.edu.tr\/cografya\/oryantasyon-programi\/","title":{"rendered":"Oryantasyon Program\u0131"},"content":{"rendered":"\t\t<div data-elementor-type=\"wp-page\" data-elementor-id=\"7068\" class=\"elementor elementor-7068\" data-elementor-post-type=\"page\">\n\t\t\t\t\t\t<section class=\"elementor-section elementor-top-section elementor-element elementor-element-1dc71b0 elementor-section-boxed elementor-section-height-default elementor-section-height-default\" data-id=\"1dc71b0\" data-element_type=\"section\">\n\t\t\t\t\t\t<div class=\"elementor-container elementor-column-gap-default\">\n\t\t\t\t\t<div class=\"elementor-column elementor-col-100 elementor-top-column elementor-element elementor-element-1d124dc\" data-id=\"1d124dc\" data-element_type=\"column\">\n\t\t\t<div class=\"elementor-widget-wrap elementor-element-populated\">\n\t\t\t\t\t\t<div class=\"elementor-element elementor-element-5d99ccb elementor-widget elementor-widget-text-editor\" data-id=\"5d99ccb\" data-element_type=\"widget\" data-widget_type=\"text-editor.default\">\n\t\t\t\t<div class=\"elementor-widget-container\">\n\t\t\t\t\t\t\t\t\t<p>B\u00f6l\u00fcm\u00fcm\u00fcz 1.s\u0131n\u0131f \u00f6\u011frencilerinin b\u00f6l\u00fcm, \u015fehir ve \u00fcniversite uyumu kapsam\u0131nda her y\u0131l ger\u00e7ekle\u015ftirilen oryantasyon 2025 program\u0131 a\u015fa\u011f\u0131da yer almaktad\u0131r. Ek olarak b\u00f6l\u00fcm\u00fcm\u00fcz\u00fcn g\u00fcncel oryantasyon sunusu i\u00e7in <a href=\"https:\/\/birimler.atauni.edu.tr\/cografya\/wp-content\/uploads\/sites\/93\/2025\/11\/Cografya_Oryantasyon_2025-2026_sunum.pptx\">TIKLAYINIZ<\/a><\/p>\t\t\t\t\t\t\t\t<\/div>\n\t\t\t\t<\/div>\n\t\t\t\t\t<\/div>\n\t\t<\/div>\n\t\t\t\t\t<\/div>\n\t\t<\/section>\n\t\t\t\t<section class=\"elementor-section elementor-top-section elementor-element elementor-element-76ee66e elementor-section-boxed elementor-section-height-default elementor-section-height-default\" data-id=\"76ee66e\" data-element_type=\"section\">\n\t\t\t\t\t\t<div class=\"elementor-container elementor-column-gap-default\">\n\t\t\t\t\t<div class=\"elementor-column elementor-col-33 elementor-top-column elementor-element elementor-element-a2f1b8b\" data-id=\"a2f1b8b\" data-element_type=\"column\">\n\t\t\t<div class=\"elementor-widget-wrap elementor-element-populated\">\n\t\t\t\t\t\t<div class=\"elementor-element elementor-element-81f3dd0 elementor-widget elementor-widget-image\" data-id=\"81f3dd0\" data-element_type=\"widget\" data-widget_type=\"image.default\">\n\t\t\t\t<div class=\"elementor-widget-container\">\n\t\t\t\t\t\t\t\t\t\t\t\t\t\t\t<img fetchpriority=\"high\" decoding=\"async\" width=\"576\" height=\"1024\" src=\"https:\/\/atauni.edu.tr\/cografya\/wp-content\/uploads\/sites\/93\/2025\/11\/WhatsApp-Image-2025-09-28-at-17.03.48-576x1024-1.jpeg\" class=\"attachment-large size-large wp-image-9448\" alt=\"\" srcset=\"https:\/\/atauni.edu.tr\/cografya\/wp-content\/uploads\/sites\/93\/2025\/11\/WhatsApp-Image-2025-09-28-at-17.03.48-576x1024-1.jpeg 576w, https:\/\/atauni.edu.tr\/cografya\/wp-content\/uploads\/sites\/93\/2025\/11\/WhatsApp-Image-2025-09-28-at-17.03.48-576x1024-1-169x300.jpeg 169w, https:\/\/atauni.edu.tr\/cografya\/wp-content\/uploads\/sites\/93\/2025\/11\/WhatsApp-Image-2025-09-28-at-17.03.48-576x1024-1-338x600.jpeg 338w, https:\/\/atauni.edu.tr\/cografya\/wp-content\/uploads\/sites\/93\/2025\/11\/WhatsApp-Image-2025-09-28-at-17.03.48-576x1024-1-315x560.jpeg 315w\" sizes=\"(max-width: 576px) 100vw, 576px\" \/>\t\t\t\t\t\t\t\t\t\t\t\t\t\t\t<\/div>\n\t\t\t\t<\/div>\n\t\t\t\t\t<\/div>\n\t\t<\/div>\n\t\t\t\t<div class=\"elementor-column elementor-col-33 elementor-top-column elementor-element elementor-element-16bfd38\" data-id=\"16bfd38\" data-element_type=\"column\">\n\t\t\t<div class=\"elementor-widget-wrap elementor-element-populated\">\n\t\t\t\t\t\t<div class=\"elementor-element elementor-element-ad20c58 elementor-widget elementor-widget-image\" data-id=\"ad20c58\" data-element_type=\"widget\" data-widget_type=\"image.default\">\n\t\t\t\t<div class=\"elementor-widget-container\">\n\t\t\t\t\t\t\t\t\t\t\t\t\t\t\t<img decoding=\"async\" width=\"576\" height=\"1024\" src=\"https:\/\/atauni.edu.tr\/cografya\/wp-content\/uploads\/sites\/93\/2025\/11\/WhatsApp-Image-2025-09-28-at-17.03.47-3-576x1024-1.jpeg\" class=\"attachment-large size-large wp-image-9447\" alt=\"\" srcset=\"https:\/\/atauni.edu.tr\/cografya\/wp-content\/uploads\/sites\/93\/2025\/11\/WhatsApp-Image-2025-09-28-at-17.03.47-3-576x1024-1.jpeg 576w, https:\/\/atauni.edu.tr\/cografya\/wp-content\/uploads\/sites\/93\/2025\/11\/WhatsApp-Image-2025-09-28-at-17.03.47-3-576x1024-1-169x300.jpeg 169w, https:\/\/atauni.edu.tr\/cografya\/wp-content\/uploads\/sites\/93\/2025\/11\/WhatsApp-Image-2025-09-28-at-17.03.47-3-576x1024-1-338x600.jpeg 338w, https:\/\/atauni.edu.tr\/cografya\/wp-content\/uploads\/sites\/93\/2025\/11\/WhatsApp-Image-2025-09-28-at-17.03.47-3-576x1024-1-315x560.jpeg 315w\" sizes=\"(max-width: 576px) 100vw, 576px\" \/>\t\t\t\t\t\t\t\t\t\t\t\t\t\t\t<\/div>\n\t\t\t\t<\/div>\n\t\t\t\t\t<\/div>\n\t\t<\/div>\n\t\t\t\t<div class=\"elementor-column elementor-col-33 elementor-top-column elementor-element elementor-element-dafe17d\" data-id=\"dafe17d\" data-element_type=\"column\">\n\t\t\t<div class=\"elementor-widget-wrap elementor-element-populated\">\n\t\t\t\t\t\t<div class=\"elementor-element elementor-element-a60ff66 elementor-widget elementor-widget-image\" data-id=\"a60ff66\" data-element_type=\"widget\" data-widget_type=\"image.default\">\n\t\t\t\t<div class=\"elementor-widget-container\">\n\t\t\t\t\t\t\t\t\t\t\t\t\t\t\t<img decoding=\"async\" width=\"457\" height=\"870\" src=\"https:\/\/atauni.edu.tr\/cografya\/wp-content\/uploads\/sites\/93\/2025\/11\/WhatsApp-Image-2025-09-28-at-17.03.48-1-461x1024-1-e1763907789735.jpeg\" class=\"attachment-large size-large wp-image-9446\" alt=\"\" srcset=\"https:\/\/atauni.edu.tr\/cografya\/wp-content\/uploads\/sites\/93\/2025\/11\/WhatsApp-Image-2025-09-28-at-17.03.48-1-461x1024-1-e1763907789735.jpeg 457w, https:\/\/atauni.edu.tr\/cografya\/wp-content\/uploads\/sites\/93\/2025\/11\/WhatsApp-Image-2025-09-28-at-17.03.48-1-461x1024-1-e1763907789735-158x300.jpeg 158w, https:\/\/atauni.edu.tr\/cografya\/wp-content\/uploads\/sites\/93\/2025\/11\/WhatsApp-Image-2025-09-28-at-17.03.48-1-461x1024-1-e1763907789735-315x600.jpeg 315w, https:\/\/atauni.edu.tr\/cografya\/wp-content\/uploads\/sites\/93\/2025\/11\/WhatsApp-Image-2025-09-28-at-17.03.48-1-461x1024-1-e1763907789735-294x560.jpeg 294w\" sizes=\"(max-width: 457px) 100vw, 457px\" \/>\t\t\t\t\t\t\t\t\t\t\t\t\t\t\t<\/div>\n\t\t\t\t<\/div>\n\t\t\t\t\t<\/div>\n\t\t<\/div>\n\t\t\t\t\t<\/div>\n\t\t<\/section>\n\t\t\t\t<section class=\"elementor-section elementor-top-section elementor-element elementor-element-63a5cb1 elementor-section-boxed elementor-section-height-default elementor-section-height-default\" data-id=\"63a5cb1\" data-element_type=\"section\">\n\t\t\t\t\t\t<div class=\"elementor-container elementor-column-gap-default\">\n\t\t\t\t\t<div class=\"elementor-column elementor-col-33 elementor-top-column elementor-element elementor-element-42da2bc\" data-id=\"42da2bc\" data-element_type=\"column\">\n\t\t\t<div class=\"elementor-widget-wrap elementor-element-populated\">\n\t\t\t\t\t\t<div class=\"elementor-element elementor-element-7ec2255 elementor-widget elementor-widget-image\" data-id=\"7ec2255\" data-element_type=\"widget\" data-widget_type=\"image.default\">\n\t\t\t\t<div class=\"elementor-widget-container\">\n\t\t\t\t\t\t\t\t\t\t\t\t\t\t\t<img loading=\"lazy\" decoding=\"async\" width=\"576\" height=\"1024\" src=\"https:\/\/atauni.edu.tr\/cografya\/wp-content\/uploads\/sites\/93\/2025\/11\/WhatsApp-Image-2025-09-28-at-17.03.47-576x1024-1.jpeg\" class=\"attachment-large size-large wp-image-9445\" alt=\"\" srcset=\"https:\/\/atauni.edu.tr\/cografya\/wp-content\/uploads\/sites\/93\/2025\/11\/WhatsApp-Image-2025-09-28-at-17.03.47-576x1024-1.jpeg 576w, https:\/\/atauni.edu.tr\/cografya\/wp-content\/uploads\/sites\/93\/2025\/11\/WhatsApp-Image-2025-09-28-at-17.03.47-576x1024-1-169x300.jpeg 169w, https:\/\/atauni.edu.tr\/cografya\/wp-content\/uploads\/sites\/93\/2025\/11\/WhatsApp-Image-2025-09-28-at-17.03.47-576x1024-1-338x600.jpeg 338w, https:\/\/atauni.edu.tr\/cografya\/wp-content\/uploads\/sites\/93\/2025\/11\/WhatsApp-Image-2025-09-28-at-17.03.47-576x1024-1-315x560.jpeg 315w\" sizes=\"(max-width: 576px) 100vw, 576px\" \/>\t\t\t\t\t\t\t\t\t\t\t\t\t\t\t<\/div>\n\t\t\t\t<\/div>\n\t\t\t\t\t<\/div>\n\t\t<\/div>\n\t\t\t\t<div class=\"elementor-column elementor-col-33 elementor-top-column elementor-element elementor-element-4b833dd\" data-id=\"4b833dd\" data-element_type=\"column\">\n\t\t\t<div class=\"elementor-widget-wrap elementor-element-populated\">\n\t\t\t\t\t\t<div class=\"elementor-element elementor-element-d8d9b27 elementor-widget elementor-widget-image\" data-id=\"d8d9b27\" data-element_type=\"widget\" data-widget_type=\"image.default\">\n\t\t\t\t<div class=\"elementor-widget-container\">\n\t\t\t\t\t\t\t\t\t\t\t\t\t\t\t<img loading=\"lazy\" decoding=\"async\" width=\"576\" height=\"1024\" src=\"https:\/\/atauni.edu.tr\/cografya\/wp-content\/uploads\/sites\/93\/2025\/11\/WhatsApp-Image-2025-09-28-at-17.03.47-2-576x1024-1.jpeg\" class=\"attachment-large size-large wp-image-9444\" alt=\"\" srcset=\"https:\/\/atauni.edu.tr\/cografya\/wp-content\/uploads\/sites\/93\/2025\/11\/WhatsApp-Image-2025-09-28-at-17.03.47-2-576x1024-1.jpeg 576w, https:\/\/atauni.edu.tr\/cografya\/wp-content\/uploads\/sites\/93\/2025\/11\/WhatsApp-Image-2025-09-28-at-17.03.47-2-576x1024-1-169x300.jpeg 169w, https:\/\/atauni.edu.tr\/cografya\/wp-content\/uploads\/sites\/93\/2025\/11\/WhatsApp-Image-2025-09-28-at-17.03.47-2-576x1024-1-338x600.jpeg 338w, https:\/\/atauni.edu.tr\/cografya\/wp-content\/uploads\/sites\/93\/2025\/11\/WhatsApp-Image-2025-09-28-at-17.03.47-2-576x1024-1-315x560.jpeg 315w\" sizes=\"(max-width: 576px) 100vw, 576px\" \/>\t\t\t\t\t\t\t\t\t\t\t\t\t\t\t<\/div>\n\t\t\t\t<\/div>\n\t\t\t\t\t<\/div>\n\t\t<\/div>\n\t\t\t\t<div class=\"elementor-column elementor-col-33 elementor-top-column elementor-element elementor-element-423ee63\" data-id=\"423ee63\" data-element_type=\"column\">\n\t\t\t<div class=\"elementor-widget-wrap elementor-element-populated\">\n\t\t\t\t\t\t<div class=\"elementor-element elementor-element-664c57c elementor-widget elementor-widget-image\" data-id=\"664c57c\" data-element_type=\"widget\" data-widget_type=\"image.default\">\n\t\t\t\t<div class=\"elementor-widget-container\">\n\t\t\t\t\t\t\t\t\t\t\t\t\t\t\t<img loading=\"lazy\" decoding=\"async\" width=\"576\" height=\"1024\" src=\"https:\/\/atauni.edu.tr\/cografya\/wp-content\/uploads\/sites\/93\/2025\/11\/WhatsApp-Image-2025-09-28-at-17.03.47-1-576x1024-1.jpeg\" class=\"attachment-large size-large wp-image-9443\" alt=\"\" srcset=\"https:\/\/atauni.edu.tr\/cografya\/wp-content\/uploads\/sites\/93\/2025\/11\/WhatsApp-Image-2025-09-28-at-17.03.47-1-576x1024-1.jpeg 576w, https:\/\/atauni.edu.tr\/cografya\/wp-content\/uploads\/sites\/93\/2025\/11\/WhatsApp-Image-2025-09-28-at-17.03.47-1-576x1024-1-169x300.jpeg 169w, https:\/\/atauni.edu.tr\/cografya\/wp-content\/uploads\/sites\/93\/2025\/11\/WhatsApp-Image-2025-09-28-at-17.03.47-1-576x1024-1-338x600.jpeg 338w, https:\/\/atauni.edu.tr\/cografya\/wp-content\/uploads\/sites\/93\/2025\/11\/WhatsApp-Image-2025-09-28-at-17.03.47-1-576x1024-1-315x560.jpeg 315w\" sizes=\"(max-width: 576px) 100vw, 576px\" \/>\t\t\t\t\t\t\t\t\t\t\t\t\t\t\t<\/div>\n\t\t\t\t<\/div>\n\t\t\t\t\t<\/div>\n\t\t<\/div>\n\t\t\t\t\t<\/div>\n\t\t<\/section>\n\t\t\t\t<\/div>\n\t\t","protected":false},"excerpt":{"rendered":"<p>B\u00f6l\u00fcm\u00fcm\u00fcz 1.s\u0131n\u0131f \u00f6\u011frencilerinin b\u00f6l\u00fcm, \u015fehir ve \u00fcniversite uyumu kapsam\u0131nda her y\u0131l ger\u00e7ekle\u015ftirilen oryantasyon 2025 program\u0131 a\u015fa\u011f\u0131da yer almaktad\u0131r. Ek olarak b\u00f6l\u00fcm\u00fcm\u00fcz\u00fcn g\u00fcncel oryantasyon sunusu i\u00e7in TIKLAYINIZ<\/p>\n","protected":false},"author":82,"featured_media":0,"parent":0,"menu_order":0,"comment_status":"closed","ping_status":"closed","template":"","meta":{"footnotes":""},"class_list":["post-7068","page","type-page","status-publish","hentry"],"_links":{"self":[{"href":"https:\/\/atauni.edu.tr\/cografya\/wp-json\/wp\/v2\/pages\/7068","targetHints":{"allow":["GET"]}}],"collection":[{"href":"https:\/\/atauni.edu.tr\/cografya\/wp-json\/wp\/v2\/pages"}],"about":[{"href":"https:\/\/atauni.edu.tr\/cografya\/wp-json\/wp\/v2\/types\/page"}],"author":[{"embeddable":true,"href":"https:\/\/atauni.edu.tr\/cografya\/wp-json\/wp\/v2\/users\/82"}],"replies":[{"embeddable":true,"href":"https:\/\/atauni.edu.tr\/cografya\/wp-json\/wp\/v2\/comments?post=7068"}],"version-history":[{"count":22,"href":"https:\/\/atauni.edu.tr\/cografya\/wp-json\/wp\/v2\/pages\/7068\/revisions"}],"predecessor-version":[{"id":9482,"href":"https:\/\/atauni.edu.tr\/cografya\/wp-json\/wp\/v2\/pages\/7068\/revisions\/9482"}],"wp:attachment":[{"href":"https:\/\/atauni.edu.tr\/cografya\/wp-json\/wp\/v2\/media?parent=7068"}],"curies":[{"name":"wp","href":"https:\/\/api.w.org\/{rel}","templated":true}]}}