{"id":7087,"date":"2022-12-06T15:07:19","date_gmt":"2022-12-06T12:07:19","guid":{"rendered":"https:\/\/birimler.atauni.edu.tr\/cografya\/?page_id=7087"},"modified":"2022-12-06T15:08:09","modified_gmt":"2022-12-06T12:08:09","slug":"belgesel-gunleri","status":"publish","type":"page","link":"https:\/\/atauni.edu.tr\/cografya\/belgesel-gunleri\/","title":{"rendered":"Belgesel G\u00fcnleri"},"content":{"rendered":"\t\t<div data-elementor-type=\"wp-page\" data-elementor-id=\"7087\" class=\"elementor elementor-7087\" data-elementor-post-type=\"page\">\n\t\t\t\t\t\t<section class=\"elementor-section elementor-top-section elementor-element elementor-element-2d21781 elementor-section-boxed elementor-section-height-default elementor-section-height-default\" data-id=\"2d21781\" data-element_type=\"section\">\n\t\t\t\t\t\t<div class=\"elementor-container elementor-column-gap-default\">\n\t\t\t\t\t<div class=\"elementor-column elementor-col-100 elementor-top-column elementor-element elementor-element-1e60503\" data-id=\"1e60503\" data-element_type=\"column\">\n\t\t\t<div class=\"elementor-widget-wrap elementor-element-populated\">\n\t\t\t\t\t\t\t<\/div>\n\t\t<\/div>\n\t\t\t\t\t<\/div>\n\t\t<\/section>\n\t\t\t\t<section class=\"elementor-section elementor-top-section elementor-element elementor-element-3761bb1 elementor-section-boxed elementor-section-height-default elementor-section-height-default\" data-id=\"3761bb1\" data-element_type=\"section\">\n\t\t\t\t\t\t<div class=\"elementor-container elementor-column-gap-default\">\n\t\t\t\t\t<div class=\"elementor-column elementor-col-100 elementor-top-column elementor-element elementor-element-3f7f90d\" data-id=\"3f7f90d\" data-element_type=\"column\">\n\t\t\t<div class=\"elementor-widget-wrap elementor-element-populated\">\n\t\t\t\t\t\t<div class=\"elementor-element elementor-element-769246f elementor-widget elementor-widget-text-editor\" data-id=\"769246f\" data-element_type=\"widget\" data-widget_type=\"text-editor.default\">\n\t\t\t\t<div class=\"elementor-widget-container\">\n\t\t\t\t\t\t\t\t\t<p class=\"MsoNormal\" style=\"text-align:justify\"><b><span style=\"font-size:20.0pt;line-height:107%\">Belgesel G\u00fcnleri<\/span><\/b><\/p><p>\n\n<\/p><p class=\"MsoNormal\" style=\"text-align:justify\"><span style=\"font-size:20.0pt;line-height:107%\">Co\u011frafya Kul\u00fcb\u00fc\u2019n\u00fcn organizasyonuyla d\u00fczenlenen Belgesel\nG\u00fcnleri her sal\u0131 saat 14:00\u2019da B308 No\u2019lu Amfide devam etmekte olup, herkesin\nkat\u0131l\u0131m\u0131na a\u00e7\u0131kt\u0131r.&nbsp;<\/span><\/p>\t\t\t\t\t\t\t\t<\/div>\n\t\t\t\t<\/div>\n\t\t\t\t\t<\/div>\n\t\t<\/div>\n\t\t\t\t\t<\/div>\n\t\t<\/section>\n\t\t\t\t<\/div>\n\t\t","protected":false},"excerpt":{"rendered":"<p>Belgesel G\u00fcnleri Co\u011frafya Kul\u00fcb\u00fc\u2019n\u00fcn organizasyonuyla d\u00fczenlenen Belgesel G\u00fcnleri her sal\u0131 saat 14:00\u2019da B308 No\u2019lu Amfide devam etmekte olup, herkesin kat\u0131l\u0131m\u0131na a\u00e7\u0131kt\u0131r.&nbsp;<\/p>\n","protected":false},"author":82,"featured_media":0,"parent":0,"menu_order":0,"comment_status":"closed","ping_status":"closed","template":"","meta":{"footnotes":""},"class_list":["post-7087","page","type-page","status-publish","hentry"],"_links":{"self":[{"href":"https:\/\/atauni.edu.tr\/cografya\/wp-json\/wp\/v2\/pages\/7087","targetHints":{"allow":["GET"]}}],"collection":[{"href":"https:\/\/atauni.edu.tr\/cografya\/wp-json\/wp\/v2\/pages"}],"about":[{"href":"https:\/\/atauni.edu.tr\/cografya\/wp-json\/wp\/v2\/types\/page"}],"author":[{"embeddable":true,"href":"https:\/\/atauni.edu.tr\/cografya\/wp-json\/wp\/v2\/users\/82"}],"replies":[{"embeddable":true,"href":"https:\/\/atauni.edu.tr\/cografya\/wp-json\/wp\/v2\/comments?post=7087"}],"version-history":[{"count":5,"href":"https:\/\/atauni.edu.tr\/cografya\/wp-json\/wp\/v2\/pages\/7087\/revisions"}],"predecessor-version":[{"id":7093,"href":"https:\/\/atauni.edu.tr\/cografya\/wp-json\/wp\/v2\/pages\/7087\/revisions\/7093"}],"wp:attachment":[{"href":"https:\/\/atauni.edu.tr\/cografya\/wp-json\/wp\/v2\/media?parent=7087"}],"curies":[{"name":"wp","href":"https:\/\/api.w.org\/{rel}","templated":true}]}}