{"id":8959,"date":"2025-06-25T14:36:31","date_gmt":"2025-06-25T11:36:31","guid":{"rendered":"https:\/\/birimler.atauni.edu.tr\/cografya\/?page_id=8959"},"modified":"2025-07-30T11:14:59","modified_gmt":"2025-07-30T08:14:59","slug":"duyurular","status":"publish","type":"page","link":"https:\/\/atauni.edu.tr\/cografya\/duyurular\/","title":{"rendered":"Duyurular"},"content":{"rendered":"<form method=\"get\" class=\"row g-3\" style=\"margin-bottom: 20px;\"><div class=\"col-md-3\"><input type=\"text\" name=\"Duyuru_ara\" class=\"form-control\" placeholder=\"Duyuru ara...\" value=\"\"><\/div><div class=\"col-md-3\"><input type=\"date\" name=\"baslangic_tarihi\" class=\"form-control\" value=\"\"><\/div><div class=\"col-md-3\"><input type=\"date\" name=\"bitis_tarihi\" class=\"form-control\" value=\"\"><\/div><div class=\"col-md-3\"><button type=\"submit\" class=\"btn btn-secondary w-50\">Filtrele<\/button><\/div><\/form><ul class=\"kategori-yazilari-liste\"><li style=\"display: flex; margin-bottom: 10px; align-items: center;\"><div class=\"post-content\" style=\"flex-grow: 1;\"><span class=\"post-date Duyurutarih\" style=\"display: block; font-weight: bold; margin-bottom: 5px;\">16 Nisan 2026<\/span><a class=\"Duyurubaslik\" href=\"https:\/\/atauni.edu.tr\/cografya\/2026\/04\/16\/cografya-bolumu-2025-guz-vize-mazeret-sinavlari-programi-aciklandi\/\">Bahar D\u00f6nemi Ara S\u0131nav (Vize) Mazeret S\u0131navlar\u0131 Program\u0131 A\u00e7\u0131kland\u0131<\/a><\/div><\/li><li style=\"display: flex; margin-bottom: 10px; align-items: center;\"><div class=\"post-content\" style=\"flex-grow: 1;\"><span class=\"post-date Duyurutarih\" style=\"display: block; font-weight: bold; margin-bottom: 5px;\">2 Nisan 2026<\/span><a class=\"Duyurubaslik\" href=\"https:\/\/atauni.edu.tr\/cografya\/2026\/04\/02\/2026-2027-yili-mezuniyet-tez-danisman-dagilimlari\/\">2026-2027 Y\u0131l\u0131 Mezuniyet Tez Dan\u0131\u015fman Da\u011f\u0131l\u0131mlar\u0131<\/a><\/div><\/li><li style=\"display: flex; margin-bottom: 10px; align-items: center;\"><div class=\"post-content\" style=\"flex-grow: 1;\"><span class=\"post-date Duyurutarih\" style=\"display: block; font-weight: bold; margin-bottom: 5px;\">13 Mart 2026<\/span><a class=\"Duyurubaslik\" href=\"https:\/\/atauni.edu.tr\/cografya\/2026\/03\/13\/2025-2026-bahar-yariyili-vize-programi\/\">2025-2026 Bahar Yar\u0131y\u0131l\u0131 Vize Program\u0131<\/a><\/div><\/li><li style=\"display: flex; margin-bottom: 10px; align-items: center;\"><div class=\"post-content\" style=\"flex-grow: 1;\"><span class=\"post-date Duyurutarih\" style=\"display: block; font-weight: bold; margin-bottom: 5px;\">12 \u015eubat 2026<\/span><a class=\"Duyurubaslik\" href=\"https:\/\/atauni.edu.tr\/cografya\/2026\/02\/12\/2025-2026-guz-yariyili-ders-programi-2\/\">2025-2026 Bahar Yar\u0131y\u0131l\u0131 Ders Program\u0131\u00a0<\/a><\/div><\/li><li style=\"display: flex; margin-bottom: 10px; align-items: center;\"><div class=\"post-content\" style=\"flex-grow: 1;\"><span class=\"post-date Duyurutarih\" style=\"display: block; font-weight: bold; margin-bottom: 5px;\">28 Ocak 2026<\/span><a class=\"Duyurubaslik\" href=\"https:\/\/atauni.edu.tr\/cografya\/2026\/01\/28\/mezuniyet-tek-ders-sinavi-tarihleri\/\">Mezuniyet Tek Ders S\u0131nav\u0131 Tarihleri<\/a><\/div><\/li><li style=\"display: flex; margin-bottom: 10px; align-items: center;\"><div class=\"post-content\" style=\"flex-grow: 1;\"><span class=\"post-date Duyurutarih\" style=\"display: block; font-weight: bold; margin-bottom: 5px;\">21 Ocak 2026<\/span><a class=\"Duyurubaslik\" href=\"https:\/\/atauni.edu.tr\/cografya\/2026\/01\/21\/2025-2026-guz-yariyili-azami-sure-sonu-sinavlari\/\">2025-2026 G\u00fcz Yar\u0131y\u0131l\u0131 Azami S\u00fcre Sonu S\u0131navlar\u0131<\/a><\/div><\/li><li style=\"display: flex; margin-bottom: 10px; align-items: center;\"><div class=\"post-content\" style=\"flex-grow: 1;\"><span class=\"post-date Duyurutarih\" style=\"display: block; font-weight: bold; margin-bottom: 5px;\">21 Ocak 2026<\/span><a class=\"Duyurubaslik\" href=\"https:\/\/atauni.edu.tr\/cografya\/2026\/01\/21\/2025-2026-guz-yariyili-butunleme-sonrasi-mezuniyet-tek-ders-sinavi\/\">2025-2026 G\u00fcz Yar\u0131y\u0131l\u0131 B\u00fct\u00fcnleme Sonras\u0131 Mezuniyet Tek Ders S\u0131nav\u0131<\/a><\/div><\/li><li style=\"display: flex; margin-bottom: 10px; align-items: center;\"><div class=\"post-content\" style=\"flex-grow: 1;\"><span class=\"post-date Duyurutarih\" style=\"display: block; font-weight: bold; margin-bottom: 5px;\">13 Ocak 2026<\/span><a class=\"Duyurubaslik\" href=\"https:\/\/atauni.edu.tr\/cografya\/2026\/01\/13\/butunlesik-yuksek-lisans-programi\/\">B\u00fct\u00fcnle\u015fik Y\u00fcksek Lisans Program\u0131<\/a><\/div><\/li><li style=\"display: flex; margin-bottom: 10px; align-items: center;\"><div class=\"post-content\" style=\"flex-grow: 1;\"><span class=\"post-date Duyurutarih\" style=\"display: block; font-weight: bold; margin-bottom: 5px;\">16 Aral\u0131k 2025<\/span><a class=\"Duyurubaslik\" href=\"https:\/\/atauni.edu.tr\/cografya\/2025\/12\/16\/2025-2026-ogretim-yili-guz-yariyili-final-ve-butunleme-sinav-programi\/\">2025-2026 \u00d6\u011fretim Y\u0131l\u0131 G\u00fcz Yar\u0131y\u0131l\u0131 Final ve B\u00fct\u00fcnleme S\u0131nav Program\u0131<\/a><\/div><\/li><li style=\"display: flex; margin-bottom: 10px; align-items: center;\"><div class=\"post-content\" style=\"flex-grow: 1;\"><span class=\"post-date Duyurutarih\" style=\"display: block; font-weight: bold; margin-bottom: 5px;\">5 Kas\u0131m 2025<\/span><a class=\"Duyurubaslik\" href=\"https:\/\/atauni.edu.tr\/cografya\/2025\/11\/05\/2025-2026-ogretim-yili-guz-yariyili-ara-sinav-programi\/\">2025-2026 \u00d6\u011fretim Y\u0131l\u0131 G\u00fcz Yar\u0131y\u0131l\u0131 Ara S\u0131nav Program\u0131<\/a><\/div><\/li><\/ul><nav class=\"pagination\" style=\"margin-top: 20px;\"><ul class='page-numbers'>\n\t<li><span aria-current=\"page\" class=\"page-numbers current\">1<\/span><\/li>\n\t<li><a class=\"page-numbers\" href=\"https:\/\/atauni.edu.tr\/cografya\/wp-json\/wp\/v2\/pages\/8959\/page\/2\/\">2<\/a><\/li>\n\t<li><a class=\"page-numbers\" href=\"https:\/\/atauni.edu.tr\/cografya\/wp-json\/wp\/v2\/pages\/8959\/page\/3\/\">3<\/a><\/li>\n\t<li><span class=\"page-numbers dots\">&hellip;<\/span><\/li>\n\t<li><a class=\"page-numbers\" href=\"https:\/\/atauni.edu.tr\/cografya\/wp-json\/wp\/v2\/pages\/8959\/page\/10\/\">10<\/a><\/li>\n\t<li><a class=\"next page-numbers\" href=\"https:\/\/atauni.edu.tr\/cografya\/wp-json\/wp\/v2\/pages\/8959\/page\/2\/\">Sonraki &raquo;<\/a><\/li>\n<\/ul>\n<\/nav>\n\n\n\n<p><\/p>\n","protected":false},"excerpt":{"rendered":"","protected":false},"author":8,"featured_media":0,"parent":0,"menu_order":0,"comment_status":"closed","ping_status":"closed","template":"","meta":{"footnotes":""},"class_list":["post-8959","page","type-page","status-publish","hentry"],"_links":{"self":[{"href":"https:\/\/atauni.edu.tr\/cografya\/wp-json\/wp\/v2\/pages\/8959","targetHints":{"allow":["GET"]}}],"collection":[{"href":"https:\/\/atauni.edu.tr\/cografya\/wp-json\/wp\/v2\/pages"}],"about":[{"href":"https:\/\/atauni.edu.tr\/cografya\/wp-json\/wp\/v2\/types\/page"}],"author":[{"embeddable":true,"href":"https:\/\/atauni.edu.tr\/cografya\/wp-json\/wp\/v2\/users\/8"}],"replies":[{"embeddable":true,"href":"https:\/\/atauni.edu.tr\/cografya\/wp-json\/wp\/v2\/comments?post=8959"}],"version-history":[{"count":2,"href":"https:\/\/atauni.edu.tr\/cografya\/wp-json\/wp\/v2\/pages\/8959\/revisions"}],"predecessor-version":[{"id":9146,"href":"https:\/\/atauni.edu.tr\/cografya\/wp-json\/wp\/v2\/pages\/8959\/revisions\/9146"}],"wp:attachment":[{"href":"https:\/\/atauni.edu.tr\/cografya\/wp-json\/wp\/v2\/media?parent=8959"}],"curies":[{"name":"wp","href":"https:\/\/api.w.org\/{rel}","templated":true}]}}