{"id":8963,"date":"2025-06-25T14:37:49","date_gmt":"2025-06-25T11:37:49","guid":{"rendered":"https:\/\/birimler.atauni.edu.tr\/cografya\/?page_id=8963"},"modified":"2025-08-25T09:31:16","modified_gmt":"2025-08-25T06:31:16","slug":"etkinlikler","status":"publish","type":"page","link":"https:\/\/atauni.edu.tr\/cografya\/etkinlikler\/","title":{"rendered":"Etkinlikler"},"content":{"rendered":"<form method=\"get\" class=\"row g-3\" style=\"margin-bottom: 20px;\"><div class=\"col-md-3\"><input type=\"text\" name=\"etkinlik_ara\" class=\"form-control\" placeholder=\"Etkinlik ara...\" value=\"\"><\/div><div class=\"col-md-3\"><input type=\"date\" name=\"baslangic_tarihi\" class=\"form-control\" value=\"\"><\/div><div class=\"col-md-3\"><input type=\"date\" name=\"bitis_tarihi\" class=\"form-control\" value=\"\"><\/div><div class=\"col-md-3\"><button type=\"submit\" class=\"btn btn-secondary w-50\">Filtrele<\/button><\/div><\/form><div class=\"etkinlikler-grid-container\" style=\"display: grid; grid-template-columns: repeat(3, 1fr); gap: 20px;\"><div class=\"etkinlik-grid-item\"><div class=\"etkinlik-datee\"><span class=\"day\">07<\/span><span class=\"month\">Nisan<\/span><span class=\"year\">2026<\/span><\/div><a href=\"https:\/\/atauni.edu.tr\/cografya\/2026\/04\/07\/akdeniz-ic-anadolu-bolgeleri-arazi-calismalari\/\" class=\"etkinlik-titlee\">K\u0131br\u0131s-Akdeniz ve \u0130\u00e7 Anadolu B\u00f6lgeleri Arazi \u00c7al\u0131\u015fmalar\u0131<\/a><\/div><div class=\"etkinlik-grid-item\"><div class=\"etkinlik-datee\"><span class=\"day\">07<\/span><span class=\"month\">Nisan<\/span><span class=\"year\">2026<\/span><\/div><a href=\"https:\/\/atauni.edu.tr\/cografya\/2026\/04\/07\/guneydogu-anadolu-arazi-calismalari\/\" class=\"etkinlik-titlee\">G\u00fcneydo\u011fu Anadolu B\u00f6lgesi Arazi \u00c7al\u0131\u015fmalar\u0131<\/a><\/div><div class=\"etkinlik-grid-item\"><div class=\"etkinlik-datee\"><span class=\"day\">17<\/span><span class=\"month\">Mart<\/span><span class=\"year\">2026<\/span><\/div><a href=\"https:\/\/atauni.edu.tr\/cografya\/2026\/03\/17\/ataturk-universitesi-yerleskesi-trafik-yogunluk-veri-tabani-2-sinif-arazi-calismalari-i-dersi-2\/\" class=\"etkinlik-titlee\">Atat\u00fcrk \u00dcniversitesi Yerle\u015fkesi Trafik Yo\u011funluk Veri Taban\u0131 (2.s\u0131n\u0131f, Arazi \u00c7al\u0131\u015fmalar\u0131 I dersi)<\/a><\/div><div class=\"etkinlik-grid-item\"><div class=\"etkinlik-datee\"><span class=\"day\">17<\/span><span class=\"month\">Mart<\/span><span class=\"year\">2026<\/span><\/div><a href=\"https:\/\/atauni.edu.tr\/cografya\/2026\/03\/17\/ataturk-universitesi-yerleskesi-trafik-yogunluk-veri-tabani-2-sinif-arazi-calismalari-i-dersi\/\" class=\"etkinlik-titlee\">Atat\u00fcrk \u00dcniversitesi Yerle\u015fkesi I\u015f\u0131kland\u0131rma Haritas\u0131 (2.s\u0131n\u0131f, Arazi \u00c7al\u0131\u015fmalar\u0131 I dersi)<\/a><\/div><div class=\"etkinlik-grid-item\"><div class=\"etkinlik-datee\"><span class=\"day\">17<\/span><span class=\"month\">Mart<\/span><span class=\"year\">2026<\/span><\/div><a href=\"https:\/\/atauni.edu.tr\/cografya\/2026\/03\/17\/ataturk-universitesi-yerleskesi-gurultu-yogunluk-veri-tabani-2-sinif-arazi-calismalari-i-dersi\/\" class=\"etkinlik-titlee\">Atat\u00fcrk \u00dcniversitesi Yerle\u015fkesi G\u00fcr\u00fclt\u00fc Yo\u011funluk Veri Taban\u0131 (2.s\u0131n\u0131f, Arazi \u00c7al\u0131\u015fmalar\u0131 I dersi)<\/a><\/div><\/div><div class=\"pagination\" style=\"margin-top: 20px;\"><\/div>\n\n\n<div class=\"wp-block-calendar\"><table id=\"wp-calendar\" class=\"wp-calendar-table\">\n\t<caption>Nisan 2026<\/caption>\n\t<thead>\n\t<tr>\n\t\t<th scope=\"col\" aria-label=\"Pazartesi\">P<\/th>\n\t\t<th scope=\"col\" aria-label=\"Sal\u0131\">S<\/th>\n\t\t<th scope=\"col\" aria-label=\"\u00c7ar\u015famba\">\u00c7<\/th>\n\t\t<th scope=\"col\" aria-label=\"Per\u015fembe\">P<\/th>\n\t\t<th scope=\"col\" aria-label=\"Cuma\">C<\/th>\n\t\t<th scope=\"col\" aria-label=\"Cumartesi\">C<\/th>\n\t\t<th scope=\"col\" aria-label=\"Pazar\">P<\/th>\n\t<\/tr>\n\t<\/thead>\n\t<tbody>\n\t<tr>\n\t\t<td colspan=\"2\" class=\"pad\">&nbsp;<\/td><td>1<\/td><td><a href=\"https:\/\/atauni.edu.tr\/cografya\/2026\/04\/02\/\" aria-label=\"Yaz\u0131lar 2 April 2026 tarihinde yay\u0131nland\u0131\">2<\/a><\/td><td>3<\/td><td>4<\/td><td>5<\/td>\n\t<\/tr>\n\t<tr>\n\t\t<td>6<\/td><td><a href=\"https:\/\/atauni.edu.tr\/cografya\/2026\/04\/07\/\" aria-label=\"Yaz\u0131lar 7 April 2026 tarihinde yay\u0131nland\u0131\">7<\/a><\/td><td>8<\/td><td><a href=\"https:\/\/atauni.edu.tr\/cografya\/2026\/04\/09\/\" aria-label=\"Yaz\u0131lar 9 April 2026 tarihinde yay\u0131nland\u0131\">9<\/a><\/td><td>10<\/td><td>11<\/td><td>12<\/td>\n\t<\/tr>\n\t<tr>\n\t\t<td>13<\/td><td>14<\/td><td>15<\/td><td><a href=\"https:\/\/atauni.edu.tr\/cografya\/2026\/04\/16\/\" aria-label=\"Yaz\u0131lar 16 April 2026 tarihinde yay\u0131nland\u0131\">16<\/a><\/td><td>17<\/td><td>18<\/td><td>19<\/td>\n\t<\/tr>\n\t<tr>\n\t\t<td>20<\/td><td>21<\/td><td>22<\/td><td>23<\/td><td>24<\/td><td>25<\/td><td>26<\/td>\n\t<\/tr>\n\t<tr>\n\t\t<td id=\"today\">27<\/td><td>28<\/td><td>29<\/td><td>30<\/td>\n\t\t<td class=\"pad\" colspan=\"3\">&nbsp;<\/td>\n\t<\/tr>\n\t<\/tbody>\n\t<\/table><nav aria-label=\"Ge\u00e7mi\u015f ve gelecek aylar\" class=\"wp-calendar-nav\">\n\t\t<span class=\"wp-calendar-nav-prev\"><a href=\"https:\/\/atauni.edu.tr\/cografya\/2026\/03\/\">&laquo; Mar<\/a><\/span>\n\t\t<span class=\"pad\">&nbsp;<\/span>\n\t\t<span class=\"wp-calendar-nav-next\">&nbsp;<\/span>\n\t<\/nav><\/div>","protected":false},"excerpt":{"rendered":"","protected":false},"author":8,"featured_media":0,"parent":0,"menu_order":0,"comment_status":"closed","ping_status":"closed","template":"","meta":{"footnotes":""},"class_list":["post-8963","page","type-page","status-publish","hentry"],"_links":{"self":[{"href":"https:\/\/atauni.edu.tr\/cografya\/wp-json\/wp\/v2\/pages\/8963","targetHints":{"allow":["GET"]}}],"collection":[{"href":"https:\/\/atauni.edu.tr\/cografya\/wp-json\/wp\/v2\/pages"}],"about":[{"href":"https:\/\/atauni.edu.tr\/cografya\/wp-json\/wp\/v2\/types\/page"}],"author":[{"embeddable":true,"href":"https:\/\/atauni.edu.tr\/cografya\/wp-json\/wp\/v2\/users\/8"}],"replies":[{"embeddable":true,"href":"https:\/\/atauni.edu.tr\/cografya\/wp-json\/wp\/v2\/comments?post=8963"}],"version-history":[{"count":4,"href":"https:\/\/atauni.edu.tr\/cografya\/wp-json\/wp\/v2\/pages\/8963\/revisions"}],"predecessor-version":[{"id":9669,"href":"https:\/\/atauni.edu.tr\/cografya\/wp-json\/wp\/v2\/pages\/8963\/revisions\/9669"}],"wp:attachment":[{"href":"https:\/\/atauni.edu.tr\/cografya\/wp-json\/wp\/v2\/media?parent=8963"}],"curies":[{"name":"wp","href":"https:\/\/api.w.org\/{rel}","templated":true}]}}