{"id":5682,"date":"2021-07-13T10:10:01","date_gmt":"2021-07-13T07:10:01","guid":{"rendered":"https:\/\/portaltest.atauni.edu.tr\/bilgisayar-muhendisligi\/?page_id=5682"},"modified":"2022-05-26T09:34:54","modified_gmt":"2022-05-26T06:34:54","slug":"misyon-vizyon-ve-temel-degerler","status":"publish","type":"page","link":"https:\/\/atauni.edu.tr\/dahili-tip-bilimleri\/misyon-vizyon-ve-temel-degerler\/","title":{"rendered":"Misyon, Vizyon ve Temel De\u011ferler"},"content":{"rendered":"\t\t<div data-elementor-type=\"wp-page\" data-elementor-id=\"5682\" class=\"elementor elementor-5682\" data-elementor-post-type=\"page\">\n\t\t\t\t\t\t<section class=\"elementor-section elementor-top-section elementor-element elementor-element-730d320 elementor-section-boxed elementor-section-height-default elementor-section-height-default\" data-id=\"730d320\" data-element_type=\"section\">\n\t\t\t\t\t\t<div class=\"elementor-container elementor-column-gap-default\">\n\t\t\t\t\t<div class=\"elementor-column elementor-col-100 elementor-top-column elementor-element elementor-element-753d0860\" data-id=\"753d0860\" data-element_type=\"column\">\n\t\t\t<div class=\"elementor-widget-wrap\">\n\t\t\t\t\t\t\t<\/div>\n\t\t<\/div>\n\t\t\t\t\t<\/div>\n\t\t<\/section>\n\t\t\t\t<section class=\"elementor-section elementor-top-section elementor-element elementor-element-9be811a elementor-section-boxed elementor-section-height-default elementor-section-height-default\" data-id=\"9be811a\" data-element_type=\"section\">\n\t\t\t\t\t\t<div class=\"elementor-container elementor-column-gap-default\">\n\t\t\t\t\t<div class=\"elementor-column elementor-col-100 elementor-top-column elementor-element elementor-element-1ed847b7\" data-id=\"1ed847b7\" data-element_type=\"column\">\n\t\t\t<div class=\"elementor-widget-wrap elementor-element-populated\">\n\t\t\t\t\t\t<div class=\"elementor-element elementor-element-4ce0d07f elementor-widget elementor-widget-heading\" data-id=\"4ce0d07f\" data-element_type=\"widget\" data-widget_type=\"heading.default\">\n\t\t\t\t<div class=\"elementor-widget-container\">\n\t\t\t\t\t<h2 class=\"elementor-heading-title elementor-size-default\">Misyon, Vizyon ve Temel De\u011ferler<\/h2>\t\t\t\t<\/div>\n\t\t\t\t<\/div>\n\t\t\t\t<div class=\"elementor-element elementor-element-63260862 elementor-widget-divider--view-line elementor-widget elementor-widget-divider\" data-id=\"63260862\" data-element_type=\"widget\" data-widget_type=\"divider.default\">\n\t\t\t\t<div class=\"elementor-widget-container\">\n\t\t\t\t\t\t\t<div class=\"elementor-divider\">\n\t\t\t<span class=\"elementor-divider-separator\">\n\t\t\t\t\t\t<\/span>\n\t\t<\/div>\n\t\t\t\t\t\t<\/div>\n\t\t\t\t<\/div>\n\t\t\t\t\t<\/div>\n\t\t<\/div>\n\t\t\t\t\t<\/div>\n\t\t<\/section>\n\t\t\t\t<section class=\"elementor-section elementor-top-section elementor-element elementor-element-681db8b elementor-section-boxed elementor-section-height-default elementor-section-height-default\" data-id=\"681db8b\" data-element_type=\"section\">\n\t\t\t\t\t\t<div class=\"elementor-container elementor-column-gap-default\">\n\t\t\t\t\t<div class=\"elementor-column elementor-col-100 elementor-top-column elementor-element elementor-element-ad4dac5\" data-id=\"ad4dac5\" data-element_type=\"column\">\n\t\t\t<div class=\"elementor-widget-wrap elementor-element-populated\">\n\t\t\t\t\t\t<div class=\"elementor-element elementor-element-2f96b3d elementor-widget elementor-widget-text-editor\" data-id=\"2f96b3d\" data-element_type=\"widget\" data-widget_type=\"text-editor.default\">\n\t\t\t\t<div class=\"elementor-widget-container\">\n\t\t\t\t\t\t\t\t\t<div><p style=\"margin-top: 2rem;line-height: 1.5em;color: #7a7a7a;font-size: 17px;font-weight: 400\" align=\"center\"><span style=\"font-weight: bolder\">M\u0130SYON<\/span><\/p><p style=\"margin-top: 2rem;line-height: 1.5em;color: #7a7a7a;font-size: 17px;font-weight: 400;text-align: left\">\u00dcst d\u00fczeyde bilgi birikimine ve mesleki yetkinli\u011fe sahip, etik ilkeleri benimsemi\u015f, toplum sa\u011fl\u0131\u011f\u0131n\u0131n \u00f6nemini kavram\u0131\u015f, iyi ileti\u015fim kurabilen, ara\u015ft\u0131rmac\u0131, mesleki bilgilerini hastas\u0131 lehine ba\u015far\u0131yla kullanma becerisi kazanm\u0131\u015f nitelikli hekimler yeti\u015ftirmek,<\/p><p style=\"margin-top: 2rem;line-height: 1.5em;color: #7a7a7a;font-size: 17px;font-weight: 400;text-align: left\">Sa\u011fl\u0131k bilimleri alan\u0131na evrensel d\u00fczeyde katk\u0131 yapmak, giri\u015fimci, payla\u015f\u0131mc\u0131, \u00f6nc\u00fc sosyal y\u00fck\u00fcml\u00fcl\u00fck i\u015flevlerini kullanarak bilgiyi etkin \u015fekilde t\u00fcm topluma yaymak,<\/p><p style=\"margin-top: 2rem;line-height: 1.5em;color: #7a7a7a;font-size: 17px;font-weight: 400;text-align: left\">\u201cHayat\u0131n Hizmetinde\u201d ilkesine ba\u011fl\u0131 olarak, uluslararas\u0131 standartlarda, yenilik\u00e7i, kapsaml\u0131, b\u00fct\u00fcnc\u00fcl sa\u011fl\u0131k hizmeti sunmak, toplum ve birey sa\u011fl\u0131\u011f\u0131n\u0131 geli\u015ftirici bilimsel \u00f6neriler ve \u00e7\u00f6z\u00fcmler \u00fcretmek, \u00fclkenin ve b\u00f6lgenin gereksinimlerine ve ihtiya\u00e7lar\u0131na \u00f6ncelik vermektir.<span style=\"font-weight: bolder;letter-spacing: 0px\">\u00a0<\/span><\/p><p style=\"margin-top: 2rem;line-height: 1.5em;color: #7a7a7a;font-size: 17px;font-weight: 400\" align=\"center\"><span style=\"font-weight: bolder\">V\u0130ZYON<\/span><\/p><p style=\"margin-top: 2rem;line-height: 1.5em;color: #7a7a7a;font-size: 17px;font-weight: 400;text-align: left\">\u201cHep \u0130leriye\u201d anlay\u0131\u015f\u0131n\u0131n ilkeleri do\u011frultusunda, t\u0131p e\u011fitimi, bilimsel ara\u015ft\u0131rma ve sa\u011fl\u0131k hizmetlerinde \u00f6nc\u00fcl\u00fck yaparak, ulusal\/uluslararas\u0131 sayg\u0131nl\u0131\u011fa sahip \u00f6nde gelen t\u0131p fak\u00fclteleri aras\u0131nda yer almakt\u0131r.<\/p><\/div><div>\u00a0<\/div>\t\t\t\t\t\t\t\t<\/div>\n\t\t\t\t<\/div>\n\t\t\t\t\t<\/div>\n\t\t<\/div>\n\t\t\t\t\t<\/div>\n\t\t<\/section>\n\t\t\t\t<\/div>\n\t\t","protected":false},"excerpt":{"rendered":"<p>Misyon, Vizyon ve Temel De\u011ferler M\u0130SYON \u00dcst d\u00fczeyde bilgi birikimine ve mesleki yetkinli\u011fe sahip, etik ilkeleri benimsemi\u015f, toplum sa\u011fl\u0131\u011f\u0131n\u0131n \u00f6nemini kavram\u0131\u015f, iyi ileti\u015fim kurabilen, ara\u015ft\u0131rmac\u0131, mesleki bilgilerini hastas\u0131 lehine ba\u015far\u0131yla kullanma becerisi kazanm\u0131\u015f nitelikli hekimler yeti\u015ftirmek, Sa\u011fl\u0131k bilimleri alan\u0131na evrensel d\u00fczeyde katk\u0131 yapmak, giri\u015fimci, payla\u015f\u0131mc\u0131, \u00f6nc\u00fc sosyal y\u00fck\u00fcml\u00fcl\u00fck i\u015flevlerini kullanarak bilgiyi etkin \u015fekilde t\u00fcm topluma [&hellip;]<\/p>\n","protected":false},"author":1,"featured_media":0,"parent":0,"menu_order":0,"comment_status":"closed","ping_status":"closed","template":"elementor_header_footer","meta":{"footnotes":""},"class_list":["post-5682","page","type-page","status-publish","hentry"],"_links":{"self":[{"href":"https:\/\/atauni.edu.tr\/dahili-tip-bilimleri\/wp-json\/wp\/v2\/pages\/5682","targetHints":{"allow":["GET"]}}],"collection":[{"href":"https:\/\/atauni.edu.tr\/dahili-tip-bilimleri\/wp-json\/wp\/v2\/pages"}],"about":[{"href":"https:\/\/atauni.edu.tr\/dahili-tip-bilimleri\/wp-json\/wp\/v2\/types\/page"}],"author":[{"embeddable":true,"href":"https:\/\/atauni.edu.tr\/dahili-tip-bilimleri\/wp-json\/wp\/v2\/users\/1"}],"replies":[{"embeddable":true,"href":"https:\/\/atauni.edu.tr\/dahili-tip-bilimleri\/wp-json\/wp\/v2\/comments?post=5682"}],"version-history":[{"count":11,"href":"https:\/\/atauni.edu.tr\/dahili-tip-bilimleri\/wp-json\/wp\/v2\/pages\/5682\/revisions"}],"predecessor-version":[{"id":6196,"href":"https:\/\/atauni.edu.tr\/dahili-tip-bilimleri\/wp-json\/wp\/v2\/pages\/5682\/revisions\/6196"}],"wp:attachment":[{"href":"https:\/\/atauni.edu.tr\/dahili-tip-bilimleri\/wp-json\/wp\/v2\/media?parent=5682"}],"curies":[{"name":"wp","href":"https:\/\/api.w.org\/{rel}","templated":true}]}}