{"id":5734,"date":"2021-07-13T11:37:45","date_gmt":"2021-07-13T08:37:45","guid":{"rendered":"https:\/\/portaltest.atauni.edu.tr\/bilgisayar-muhendisligi\/?page_id=5734"},"modified":"2021-08-27T15:50:14","modified_gmt":"2021-08-27T12:50:14","slug":"ogrenci-deneyimi","status":"publish","type":"page","link":"https:\/\/atauni.edu.tr\/dahili-tip-bilimleri\/ogrenci-deneyimi\/","title":{"rendered":"\u00d6\u011frenci Deneyimi"},"content":{"rendered":"\t\t<div data-elementor-type=\"wp-page\" data-elementor-id=\"5734\" class=\"elementor elementor-5734\" data-elementor-post-type=\"page\">\n\t\t\t\t\t\t<section class=\"elementor-section elementor-top-section elementor-element elementor-element-730d320 elementor-section-boxed elementor-section-height-default elementor-section-height-default\" data-id=\"730d320\" data-element_type=\"section\">\n\t\t\t\t\t\t<div class=\"elementor-container elementor-column-gap-default\">\n\t\t\t\t\t<div class=\"elementor-column elementor-col-100 elementor-top-column elementor-element elementor-element-753d0860\" data-id=\"753d0860\" data-element_type=\"column\">\n\t\t\t<div class=\"elementor-widget-wrap\">\n\t\t\t\t\t\t\t<\/div>\n\t\t<\/div>\n\t\t\t\t\t<\/div>\n\t\t<\/section>\n\t\t\t\t<section class=\"elementor-section elementor-top-section elementor-element elementor-element-9be811a elementor-section-boxed elementor-section-height-default elementor-section-height-default\" data-id=\"9be811a\" data-element_type=\"section\">\n\t\t\t\t\t\t<div class=\"elementor-container elementor-column-gap-default\">\n\t\t\t\t\t<div class=\"elementor-column elementor-col-100 elementor-top-column elementor-element elementor-element-1ed847b7\" data-id=\"1ed847b7\" data-element_type=\"column\">\n\t\t\t<div class=\"elementor-widget-wrap elementor-element-populated\">\n\t\t\t\t\t\t<div class=\"elementor-element elementor-element-4ce0d07f elementor-widget elementor-widget-heading\" data-id=\"4ce0d07f\" data-element_type=\"widget\" data-widget_type=\"heading.default\">\n\t\t\t\t<div class=\"elementor-widget-container\">\n\t\t\t\t\t<h2 class=\"elementor-heading-title elementor-size-default\">\u00d6\u011frenci Deneyimi<\/h2>\t\t\t\t<\/div>\n\t\t\t\t<\/div>\n\t\t\t\t<div class=\"elementor-element elementor-element-63260862 elementor-widget-divider--view-line elementor-widget elementor-widget-divider\" data-id=\"63260862\" data-element_type=\"widget\" data-widget_type=\"divider.default\">\n\t\t\t\t<div class=\"elementor-widget-container\">\n\t\t\t\t\t\t\t<div class=\"elementor-divider\">\n\t\t\t<span class=\"elementor-divider-separator\">\n\t\t\t\t\t\t<\/span>\n\t\t<\/div>\n\t\t\t\t\t\t<\/div>\n\t\t\t\t<\/div>\n\t\t\t\t\t<\/div>\n\t\t<\/div>\n\t\t\t\t\t<\/div>\n\t\t<\/section>\n\t\t\t\t<section class=\"elementor-section elementor-top-section elementor-element elementor-element-4debb41 elementor-section-boxed elementor-section-height-default elementor-section-height-default\" data-id=\"4debb41\" data-element_type=\"section\">\n\t\t\t\t\t\t<div class=\"elementor-container elementor-column-gap-default\">\n\t\t\t\t\t<div class=\"elementor-column elementor-col-100 elementor-top-column elementor-element elementor-element-28420b1\" data-id=\"28420b1\" data-element_type=\"column\">\n\t\t\t<div class=\"elementor-widget-wrap elementor-element-populated\">\n\t\t\t\t\t\t<div class=\"elementor-element elementor-element-e007b90 elementor-widget elementor-widget-ova_testimonial\" data-id=\"e007b90\" data-element_type=\"widget\" data-settings=\"{&quot;pause_on_hover&quot;:&quot;yes&quot;,&quot;infinite&quot;:&quot;yes&quot;,&quot;autoplay&quot;:&quot;yes&quot;,&quot;autoplay_speed&quot;:3000,&quot;dot_control&quot;:&quot;yes&quot;}\" data-widget_type=\"ova_testimonial.default\">\n\t\t\t\t<div class=\"elementor-widget-container\">\n\t\t\t\t\t\n\t\t\n\t\t\t<section class=\"ova-testimonial \">\n\t\t\t\t<div class=\"slide-testimonials owl-carousel owl-theme\" data-options=\"{&quot;items&quot;:3,&quot;slideBy&quot;:1,&quot;margin&quot;:30,&quot;autoplayHoverPause&quot;:true,&quot;loop&quot;:true,&quot;autoplay&quot;:true,&quot;autoplayTimeout&quot;:3000,&quot;smartSpeed&quot;:500,&quot;dots&quot;:true}\">\n\t\t\t\t\t\t\t\t\t\t\t<div class=\"item\">\n\t\t\t\t\t\t\t<div class=\"client_info\">\n\t\t\t\t\t\t\t\t\t\t\t\t\t\t\t\t\t<p class=\"evaluate\">Atat\u00fcrk \u00dcniversitesi Dahili T\u0131p Bilimleri b\u00f6l\u00fcm\u00fc, \u00f6\u011frencilerine zenginle\u015ftirilmi\u015f bir \u00f6\u011frenim deneyimi sunar. \u00d6\u011frenciler, tecr\u00fcbeli akademik kadro ile birlikte geni\u015f kapsaml\u0131 e\u011fitim al\u0131r ve t\u0131p alan\u0131ndaki geli\u015fmeleri yak\u0131ndan takip eder. \n\nPratik uygulama f\u0131rsatlar\u0131 ve ger\u00e7ek hayat senaryolar\u0131 arac\u0131l\u0131\u011f\u0131yla, \u00f6\u011frencilerin teorik bilgileri uygulamaya d\u00f6kebilmeleri sa\u011flan\u0131r. Bu sayede mezunlar, sekt\u00f6rde hemen etkili ve ba\u015far\u0131l\u0131 bir \u015fekilde \u00e7al\u0131\u015fmaya ba\u015flar.\n\n\u00d6\u011frenci kul\u00fcpleri ve sosyal aktiviteler de \u00f6\u011frencilere keyifli ve e\u011fitim dolu bir \u00fcniversite hayat\u0131 ya\u015fat\u0131r. \u00d6\u011frencilerin birbirleriyle ve akademik kadro ile etkile\u015fime ge\u00e7erek deneyim payla\u015f\u0131m\u0131 yapmas\u0131, \u00f6\u011frenim s\u00fcrecini daha verimli hale getirir. \n\nAyr\u0131ca, b\u00f6l\u00fcm\u00fcn sundu\u011fu olanaklar ve kaynaklar, \u00f6\u011frencilerin kendi ilgi alanlar\u0131na g\u00f6re derinlemesine ara\u015ft\u0131rma yapmalar\u0131na ve kendilerini geli\u015ftirmelerine olanak tan\u0131r. B\u00f6ylece her bir \u00f6\u011frenci, e\u011fitim s\u00fcresince ki\u015fisel ve mesleki geli\u015fimine \u00f6nem veren bir ortamda yeti\u015ftirilir. \n\nBu \u015fekilde Atat\u00fcrk \u00dcniversitesi Dahili T\u0131p Bilimleri, \u00f6\u011frencilere sadece akademik bilgi de\u011fil, ayn\u0131 zamanda ger\u00e7ek hayata uygulanabilir beceriler kazand\u0131rarak onlar\u0131 ba\u015far\u0131l\u0131 bir gelecek i\u00e7in haz\u0131rlar.<\/p>\n\t\t\t\t\t\t\t\t\n\t\t\t\t\t\t\t\t<div class=\"info\">\n\t\t\t\t\t\t\t\t\t\t\t\t\t\t\t\t\t\t<div class=\"name-job\">\n\t\t\t\t\t\t\t\t\t\t\t\t\t\t\t\t\t\t\t\t\t<p class=\"name second_font\">Atat\u00fcrk \u00dcniversitesi Dahili T\u0131p Bilimleri b\u00f6l\u00fcm\u00fc, \u00f6\u011frencilerine zenginle\u015ftirilmi\u015f bir \u00f6\u011frenim deneyimi sunar. \u00d6\u011frenciler, tecr\u00fcbeli akademik kadro ile birlikte geni\u015f kapsaml\u0131 e\u011fitim al\u0131r ve t\u0131p alan\u0131ndaki geli\u015fmeleri yak\u0131ndan takip eder. \n\nPratik uygulama f\u0131rsatlar\u0131 ve ger\u00e7ek hayat senaryolar\u0131 arac\u0131l\u0131\u011f\u0131yla, \u00f6\u011frencilerin teorik bilgileri uygulamaya d\u00f6kebilmeleri sa\u011flan\u0131r. Bu sayede mezunlar, sekt\u00f6rde hemen etkili ve ba\u015far\u0131l\u0131 bir \u015fekilde \u00e7al\u0131\u015fmaya ba\u015flar.\n\n\u00d6\u011frenci kul\u00fcpleri ve sosyal aktiviteler de \u00f6\u011frencilere keyifli ve e\u011fitim dolu bir \u00fcniversite hayat\u0131 ya\u015fat\u0131r. \u00d6\u011frencilerin birbirleriyle ve akademik kadro ile etkile\u015fime ge\u00e7erek deneyim payla\u015f\u0131m\u0131 yapmas\u0131, \u00f6\u011frenim s\u00fcrecini daha verimli hale getirir. \n\nAyr\u0131ca, b\u00f6l\u00fcm\u00fcn sundu\u011fu olanaklar ve kaynaklar, \u00f6\u011frencilerin kendi ilgi alanlar\u0131na g\u00f6re derinlemesine ara\u015ft\u0131rma yapmalar\u0131na ve kendilerini geli\u015ftirmelerine olanak tan\u0131r. B\u00f6ylece her bir \u00f6\u011frenci, e\u011fitim s\u00fcresince ki\u015fisel ve mesleki geli\u015fimine \u00f6nem veren bir ortamda yeti\u015ftirilir. \n\nBu \u015fekilde Atat\u00fcrk \u00dcniversitesi Dahili T\u0131p Bilimleri, \u00f6\u011frencilere sadece akademik bilgi de\u011fil, ayn\u0131 zamanda ger\u00e7ek hayata uygulanabilir beceriler kazand\u0131rarak onlar\u0131 ba\u015far\u0131l\u0131 bir gelecek i\u00e7in haz\u0131rlar.<\/p>\n\t\t\t\t\t\t\t\t\t\t\t\t\t\t\t\t\t\t\t\t\t\t\t\t\t\t\t\t\t\t\t<p class=\"job\">Atat\u00fcrk \u00dcniversitesi Dahili T\u0131p Bilimleri b\u00f6l\u00fcm\u00fc, \u00f6\u011frencilerine zenginle\u015ftirilmi\u015f bir \u00f6\u011frenim deneyimi sunar. \u00d6\u011frenciler, tecr\u00fcbeli akademik kadro ile birlikte geni\u015f kapsaml\u0131 e\u011fitim al\u0131r ve t\u0131p alan\u0131ndaki geli\u015fmeleri yak\u0131ndan takip eder. \n\nPratik uygulama f\u0131rsatlar\u0131 ve ger\u00e7ek hayat senaryolar\u0131 arac\u0131l\u0131\u011f\u0131yla, \u00f6\u011frencilerin teorik bilgileri uygulamaya d\u00f6kebilmeleri sa\u011flan\u0131r. Bu sayede mezunlar, sekt\u00f6rde hemen etkili ve ba\u015far\u0131l\u0131 bir \u015fekilde \u00e7al\u0131\u015fmaya ba\u015flar.\n\n\u00d6\u011frenci kul\u00fcpleri ve sosyal aktiviteler de \u00f6\u011frencilere keyifli ve e\u011fitim dolu bir \u00fcniversite hayat\u0131 ya\u015fat\u0131r. \u00d6\u011frencilerin birbirleriyle ve akademik kadro ile etkile\u015fime ge\u00e7erek deneyim payla\u015f\u0131m\u0131 yapmas\u0131, \u00f6\u011frenim s\u00fcrecini daha verimli hale getirir. \n\nAyr\u0131ca, b\u00f6l\u00fcm\u00fcn sundu\u011fu olanaklar ve kaynaklar, \u00f6\u011frencilerin kendi ilgi alanlar\u0131na g\u00f6re derinlemesine ara\u015ft\u0131rma yapmalar\u0131na ve kendilerini geli\u015ftirmelerine olanak tan\u0131r. B\u00f6ylece her bir \u00f6\u011frenci, e\u011fitim s\u00fcresince ki\u015fisel ve mesleki geli\u015fimine \u00f6nem veren bir ortamda yeti\u015ftirilir. \n\nBu \u015fekilde Atat\u00fcrk \u00dcniversitesi Dahili T\u0131p Bilimleri, \u00f6\u011frencilere sadece akademik bilgi de\u011fil, ayn\u0131 zamanda ger\u00e7ek hayata uygulanabilir beceriler kazand\u0131rarak onlar\u0131 ba\u015far\u0131l\u0131 bir gelecek i\u00e7in haz\u0131rlar.<\/p>\n\t\t\t\t\t\t\t\t\t\t\t\t\t\t\t\t\t\t\t<\/div>\n\t\t\t\t\t\t\t\t<\/div>\n\t\t\t\t\t\t\t\t\n\t\t\t\t\t\t\t\t\t\t\t\t\t\t\t\t\t<div class=\"icon-quote\">\n\t\t\t\t\t\t\t\t\t\t<span class=\"flaticon-left-quote-1\"><\/span>\n\t\t\t\t\t\t\t\t\t<\/div>\n\t\t\t\t\t\t\t\t\t\t\t\t\t\t\t<\/div>\n\t\t\t\t\t\t<\/div>\n\t\t\t\t\t\t\t\t\t<\/div>\n\t\t\t<\/section>\n\n\t\t\t\t\n\t\t\t\t\t\t<\/div>\n\t\t\t\t<\/div>\n\t\t\t\t\t<\/div>\n\t\t<\/div>\n\t\t\t\t\t<\/div>\n\t\t<\/section>\n\t\t\t\t<\/div>\n\t\t","protected":false},"excerpt":{"rendered":"<p>\u00d6\u011frenci Deneyimi T\u0131bbi e\u011fitim, yaln\u0131zca teorik bilgi ile s\u0131n\u0131rl\u0131 kalmaz; \u00f6\u011frencilerin ger\u00e7ek hayatta kar\u015f\u0131la\u015facaklar\u0131 durumlara haz\u0131rlanmalar\u0131 i\u00e7in pratik deneyim kazanmalar\u0131 da son derece \u00f6nemlidir. Bizim program\u0131m\u0131zda, \u00f6\u011frencilere geni\u015f kapsaml\u0131 bir deneyimler sunmak nh\u1eb1m\u0131na \u00f6zel olarak tasarlanm\u0131\u015f bir e\u011fitim anlay\u0131\u015f\u0131 benimsedik. Klinik Uygulamalar E\u011fitim s\u00fcresince \u00f6\u011frencilerimize verschilli klinik ortamlarda deneyim kazand\u0131rma f\u0131rsat\u0131 sunuyoruz. Hastanelerde ve sa\u011fl\u0131k [&hellip;]<\/p>\n","protected":false},"author":1,"featured_media":0,"parent":0,"menu_order":0,"comment_status":"closed","ping_status":"closed","template":"elementor_header_footer","meta":{"footnotes":""},"class_list":["post-5734","page","type-page","status-publish","hentry"],"_links":{"self":[{"href":"https:\/\/atauni.edu.tr\/dahili-tip-bilimleri\/wp-json\/wp\/v2\/pages\/5734","targetHints":{"allow":["GET"]}}],"collection":[{"href":"https:\/\/atauni.edu.tr\/dahili-tip-bilimleri\/wp-json\/wp\/v2\/pages"}],"about":[{"href":"https:\/\/atauni.edu.tr\/dahili-tip-bilimleri\/wp-json\/wp\/v2\/types\/page"}],"author":[{"embeddable":true,"href":"https:\/\/atauni.edu.tr\/dahili-tip-bilimleri\/wp-json\/wp\/v2\/users\/1"}],"replies":[{"embeddable":true,"href":"https:\/\/atauni.edu.tr\/dahili-tip-bilimleri\/wp-json\/wp\/v2\/comments?post=5734"}],"version-history":[{"count":20,"href":"https:\/\/atauni.edu.tr\/dahili-tip-bilimleri\/wp-json\/wp\/v2\/pages\/5734\/revisions"}],"predecessor-version":[{"id":6103,"href":"https:\/\/atauni.edu.tr\/dahili-tip-bilimleri\/wp-json\/wp\/v2\/pages\/5734\/revisions\/6103"}],"wp:attachment":[{"href":"https:\/\/atauni.edu.tr\/dahili-tip-bilimleri\/wp-json\/wp\/v2\/media?parent=5734"}],"curies":[{"name":"wp","href":"https:\/\/api.w.org\/{rel}","templated":true}]}}